{"id":862,"date":"2024-03-15T16:43:24","date_gmt":"2024-03-15T14:43:24","guid":{"rendered":"https:\/\/effik.ch\/gynakologie\/empfangnisverhutung\/"},"modified":"2024-06-17T10:34:58","modified_gmt":"2024-06-17T08:34:58","slug":"contraception","status":"publish","type":"page","link":"https:\/\/effik.ch\/fr\/gynecologie\/contraception\/","title":{"rendered":"Contraception"},"content":{"rendered":"<div id=\"block_15a22f685a353997ffab3375f84c8566\" class=\"hero-block alignfull\" style=\"background-image: url(https:\/\/effik.ch\/wp-content\/uploads\/2024\/03\/contraception.jpg)\">\n\t<div class=\"wrap\">\n\t\t\t\t<h1 class=\"entry-title\">Contraception<\/h1>\n\t\t\t<\/div>\n<\/div>\n\n\n<div id=\"block_d47f1260a4c04daa33543eacbfca5f4f\" class=\"secondary-menu-block alignfull\" style=\"\">\n<ul class=\"secondary-menu-container\">\n\t\t\t<li class=\"secondary-menu-item\">\n\t\t\t<a class=\"secondary-menu-item__content\" href=\"\"><\/a>\n\t\t<\/li>\n\t\t\t<\/ul>\n\t<\/div>\n\n\n<div id=\"block_de82d4e8898978a67c8003693c8f3bb9\" class=\"hero-text-block mbl-border-0 alignfull\" style=\"\">\n\t<div class=\"wrap\">\n\t\t\t\t<h2 class=\"section-title\" style=\"max-width: px;\">Des m\u00e9thodes de contraception adapt\u00e9es \u00e0 la femme<\/h2>\n\t\t\t\t\t\t\t<div class=\"hero-text\"><p><span style=\"font-weight: 400;\">Chaque femme est unique. Il nous tient \u00e0 c\u0153ur que chaque femme trouve la m\u00e9thode de contraception qui lui convient et qui correspond \u00e0 ses besoins. C\u2019est pourquoi EFFIK propose des contraceptifs oraux de deuxi\u00e8me g\u00e9n\u00e9ration en mettant l\u2019accent sur l\u2019efficacit\u00e9 et la tol\u00e9rance de ces m\u00e9thodes contraceptives.<\/span><\/p>\n<\/div>\n\t\t\t<\/div>\n<\/div>\n","protected":false},"excerpt":{"rendered":"","protected":false},"author":1,"featured_media":0,"parent":859,"menu_order":0,"comment_status":"closed","ping_status":"closed","template":"","meta":{"_acf_changed":false,"footnotes":""},"class_list":{"2":"type-page","4":"hentry"},"acf":[],"yoast_head":"<!-- This site is optimized with the Yoast SEO plugin v25.1 - https:\/\/yoast.com\/wordpress\/plugins\/seo\/ -->\n<title>Contraception - EFFIK<\/title>\n<meta name=\"robots\" content=\"index, follow, max-snippet:-1, max-image-preview:large, max-video-preview:-1\" \/>\n<link rel=\"canonical\" href=\"https:\/\/effik.ch\/fr\/gynecologie\/contraception\/\" \/>\n<meta property=\"og:locale\" content=\"fr_FR\" \/>\n<meta property=\"og:type\" content=\"article\" \/>\n<meta property=\"og:title\" content=\"Contraception - EFFIK\" \/>\n<meta property=\"og:url\" content=\"https:\/\/effik.ch\/fr\/gynecologie\/contraception\/\" \/>\n<meta property=\"og:site_name\" content=\"EFFIK\" \/>\n<meta property=\"article:modified_time\" content=\"2024-06-17T08:34:58+00:00\" \/>\n<meta name=\"twitter:card\" content=\"summary_large_image\" \/>\n<script type=\"application\/ld+json\" class=\"yoast-schema-graph\">{\"@context\":\"https:\/\/schema.org\",\"@graph\":[{\"@type\":\"WebPage\",\"@id\":\"https:\/\/effik.ch\/fr\/gynecologie\/contraception\/\",\"url\":\"https:\/\/effik.ch\/fr\/gynecologie\/contraception\/\",\"name\":\"Contraception - EFFIK\",\"isPartOf\":{\"@id\":\"https:\/\/effik.ch\/fr\/#website\"},\"datePublished\":\"2024-03-15T14:43:24+00:00\",\"dateModified\":\"2024-06-17T08:34:58+00:00\",\"breadcrumb\":{\"@id\":\"https:\/\/effik.ch\/fr\/gynecologie\/contraception\/#breadcrumb\"},\"inLanguage\":\"fr-FR\",\"potentialAction\":[{\"@type\":\"ReadAction\",\"target\":[\"https:\/\/effik.ch\/fr\/gynecologie\/contraception\/\"]}]},{\"@type\":\"BreadcrumbList\",\"@id\":\"https:\/\/effik.ch\/fr\/gynecologie\/contraception\/#breadcrumb\",\"itemListElement\":[{\"@type\":\"ListItem\",\"position\":1,\"name\":\"Home\",\"item\":\"https:\/\/effik.ch\/fr\/\"},{\"@type\":\"ListItem\",\"position\":2,\"name\":\"Gyn\u00e9cologie\",\"item\":\"https:\/\/effik.ch\/fr\/gynecologie\/\"},{\"@type\":\"ListItem\",\"position\":3,\"name\":\"Contraception\"}]},{\"@type\":\"WebSite\",\"@id\":\"https:\/\/effik.ch\/fr\/#website\",\"url\":\"https:\/\/effik.ch\/fr\/\",\"name\":\"EFFIK\",\"description\":\"\",\"potentialAction\":[{\"@type\":\"SearchAction\",\"target\":{\"@type\":\"EntryPoint\",\"urlTemplate\":\"https:\/\/effik.ch\/fr\/?s={search_term_string}\"},\"query-input\":{\"@type\":\"PropertyValueSpecification\",\"valueRequired\":true,\"valueName\":\"search_term_string\"}}],\"inLanguage\":\"fr-FR\"}]}<\/script>\n<!-- \/ Yoast SEO plugin. -->","yoast_head_json":{"title":"Contraception - EFFIK","robots":{"index":"index","follow":"follow","max-snippet":"max-snippet:-1","max-image-preview":"max-image-preview:large","max-video-preview":"max-video-preview:-1"},"canonical":"https:\/\/effik.ch\/fr\/gynecologie\/contraception\/","og_locale":"fr_FR","og_type":"article","og_title":"Contraception - EFFIK","og_url":"https:\/\/effik.ch\/fr\/gynecologie\/contraception\/","og_site_name":"EFFIK","article_modified_time":"2024-06-17T08:34:58+00:00","twitter_card":"summary_large_image","schema":{"@context":"https:\/\/schema.org","@graph":[{"@type":"WebPage","@id":"https:\/\/effik.ch\/fr\/gynecologie\/contraception\/","url":"https:\/\/effik.ch\/fr\/gynecologie\/contraception\/","name":"Contraception - EFFIK","isPartOf":{"@id":"https:\/\/effik.ch\/fr\/#website"},"datePublished":"2024-03-15T14:43:24+00:00","dateModified":"2024-06-17T08:34:58+00:00","breadcrumb":{"@id":"https:\/\/effik.ch\/fr\/gynecologie\/contraception\/#breadcrumb"},"inLanguage":"fr-FR","potentialAction":[{"@type":"ReadAction","target":["https:\/\/effik.ch\/fr\/gynecologie\/contraception\/"]}]},{"@type":"BreadcrumbList","@id":"https:\/\/effik.ch\/fr\/gynecologie\/contraception\/#breadcrumb","itemListElement":[{"@type":"ListItem","position":1,"name":"Home","item":"https:\/\/effik.ch\/fr\/"},{"@type":"ListItem","position":2,"name":"Gyn\u00e9cologie","item":"https:\/\/effik.ch\/fr\/gynecologie\/"},{"@type":"ListItem","position":3,"name":"Contraception"}]},{"@type":"WebSite","@id":"https:\/\/effik.ch\/fr\/#website","url":"https:\/\/effik.ch\/fr\/","name":"EFFIK","description":"","potentialAction":[{"@type":"SearchAction","target":{"@type":"EntryPoint","urlTemplate":"https:\/\/effik.ch\/fr\/?s={search_term_string}"},"query-input":{"@type":"PropertyValueSpecification","valueRequired":true,"valueName":"search_term_string"}}],"inLanguage":"fr-FR"}]}},"_links":{"self":[{"href":"https:\/\/effik.ch\/fr\/wp-json\/wp\/v2\/pages\/862","targetHints":{"allow":["GET"]}}],"collection":[{"href":"https:\/\/effik.ch\/fr\/wp-json\/wp\/v2\/pages"}],"about":[{"href":"https:\/\/effik.ch\/fr\/wp-json\/wp\/v2\/types\/page"}],"author":[{"embeddable":true,"href":"https:\/\/effik.ch\/fr\/wp-json\/wp\/v2\/users\/1"}],"replies":[{"embeddable":true,"href":"https:\/\/effik.ch\/fr\/wp-json\/wp\/v2\/comments?post=862"}],"version-history":[{"count":2,"href":"https:\/\/effik.ch\/fr\/wp-json\/wp\/v2\/pages\/862\/revisions"}],"predecessor-version":[{"id":1209,"href":"https:\/\/effik.ch\/fr\/wp-json\/wp\/v2\/pages\/862\/revisions\/1209"}],"up":[{"embeddable":true,"href":"https:\/\/effik.ch\/fr\/wp-json\/wp\/v2\/pages\/859"}],"wp:attachment":[{"href":"https:\/\/effik.ch\/fr\/wp-json\/wp\/v2\/media?parent=862"}],"curies":[{"name":"wp","href":"https:\/\/api.w.org\/{rel}","templated":true}]}}