{"id":865,"date":"2024-03-18T06:27:34","date_gmt":"2024-03-18T04:27:34","guid":{"rendered":"https:\/\/effik.ch\/gynecologie\/schwangerschaft-und-stillzeit\/"},"modified":"2024-06-17T10:42:57","modified_gmt":"2024-06-17T08:42:57","slug":"grossesse-et-allaitement","status":"publish","type":"page","link":"https:\/\/effik.ch\/fr\/gynecologie\/grossesse-et-allaitement\/","title":{"rendered":"Grossesse et allaitement"},"content":{"rendered":"<div id=\"block_c035301dabf376a401df410d9e57fb67\" class=\"hero-block alignfull\" style=\"background-image: url(https:\/\/effik.ch\/wp-content\/uploads\/2024\/03\/desire-of-child.jpg)\">\n\t<div class=\"wrap\">\n\t\t\t\t<h1 class=\"entry-title\">Grossesse et allaitement<\/h1>\n\t\t\t<\/div>\n<\/div>\n\n\n<div id=\"block_131e35071b200f6a22265b5a7ec7726b\" class=\"secondary-menu-block alignfull\" style=\"\">\n<ul class=\"secondary-menu-container\">\n\t\t\t<li class=\"secondary-menu-item\">\n\t\t\t<a class=\"secondary-menu-item__content\" href=\"#natalben\">La famille NATALBEN<sup>\u00ae<\/sup><\/a>\n\t\t<\/li>\n\t\t\t\t<li class=\"secondary-menu-item\">\n\t\t\t<a class=\"secondary-menu-item__content\" href=\"#fertifol\">Fertifol<sup>\u00ae<\/sup><\/a>\n\t\t<\/li>\n\t\t\t<\/ul>\n\t<\/div>\n\n\n<div id=\"block_8de9cdb4f7218b9b897dc0c57eae4c0a\" class=\"hero-text-block mbl-border-0 alignfull\" style=\"\">\n\t<div class=\"wrap\">\n\t\t\t\t<h2 class=\"section-title\" style=\"max-width: px;\">Devenir m\u00e8re<\/h2>\n\t\t\t\t\t\t\t<div class=\"hero-text\"><p><span style=\"font-weight: 400;\">Le d\u00e9sir d&rsquo;enfant est un th\u00e8me central pour de nombreuses femmes et la maternit\u00e9 est l\u2019une des exp\u00e9riences les plus importantes de la vie. C\u2019est une p\u00e9riode de grande joie, mais aussi empreinte de changements et de nouveaux d\u00e9fis. Nous soutenons les femmes dans cette voie, car une grossesse en bonne sant\u00e9 est essentielle pour le d\u00e9veloppement optimal de l\u2019enfant et le bien-\u00eatre de la m\u00e8re.<\/span><\/p>\n<\/div>\n\t\t\t<\/div>\n<\/div>\n\n\n<div id=\"natalben\" class=\"inner-hero-block spaced-p product-img-vertical-85 not-max-height alignfull hero-mbl-column\" style=\"background-image: url(https:\/\/effik.ch\/wp-content\/uploads\/2024\/03\/natalben-bg.svg)\">\n<div class=\"anchor-div\"><\/div>\n\n\t\t\t\n\t\t<div class=\"inner-hero-bg-mbl\" style=\"background-image: url(https:\/\/effik.ch\/wp-content\/uploads\/2024\/03\/natalben-bg.svg); aspect-ratio:393\/200; min-height:200px;\">\n\t\t<div class=\"img-gal-container\">\n\t\t\t<div class=\"swiper image-gallery\"><div class=\"swiper-wrapper\"><div class=\"swiper-slide\"><img loading=\"lazy\" decoding=\"async\" width=\"800\" height=\"556\" src=\"https:\/\/effik.ch\/wp-content\/uploads\/2024\/05\/Pre-natalben-pack-2022.png\" class=\"slide-image\" alt=\"EFFIK\" srcset=\"https:\/\/effik.ch\/wp-content\/uploads\/2024\/05\/Pre-natalben-pack-2022.png 800w, https:\/\/effik.ch\/wp-content\/uploads\/2024\/05\/Pre-natalben-pack-2022-300x209.png 300w, https:\/\/effik.ch\/wp-content\/uploads\/2024\/05\/Pre-natalben-pack-2022-768x534.png 768w\" sizes=\"auto, (max-width: 800px) 100vw, 800px\" \/><\/div><div class=\"swiper-slide\"><img loading=\"lazy\" decoding=\"async\" width=\"800\" height=\"590\" src=\"https:\/\/effik.ch\/wp-content\/uploads\/2024\/05\/Natalben-pluspack-2022.png\" class=\"slide-image\" alt=\"EFFIK\" srcset=\"https:\/\/effik.ch\/wp-content\/uploads\/2024\/05\/Natalben-pluspack-2022.png 800w, https:\/\/effik.ch\/wp-content\/uploads\/2024\/05\/Natalben-pluspack-2022-300x221.png 300w, https:\/\/effik.ch\/wp-content\/uploads\/2024\/05\/Natalben-pluspack-2022-768x566.png 768w\" sizes=\"auto, (max-width: 800px) 100vw, 800px\" \/><\/div><div class=\"swiper-slide\"><img loading=\"lazy\" decoding=\"async\" width=\"504\" height=\"481\" src=\"https:\/\/effik.ch\/wp-content\/uploads\/2024\/06\/Natalben-Oro-vegan.png\" class=\"slide-image\" alt=\"EFFIK\" srcset=\"https:\/\/effik.ch\/wp-content\/uploads\/2024\/06\/Natalben-Oro-vegan.png 504w, https:\/\/effik.ch\/wp-content\/uploads\/2024\/06\/Natalben-Oro-vegan-300x286.png 300w\" sizes=\"auto, (max-width: 504px) 100vw, 504px\" \/><\/div><div class=\"swiper-slide\"><img loading=\"lazy\" decoding=\"async\" width=\"800\" height=\"575\" src=\"https:\/\/effik.ch\/wp-content\/uploads\/2024\/05\/Natalben-mama-pack-2022.png\" class=\"slide-image\" alt=\"EFFIK\" srcset=\"https:\/\/effik.ch\/wp-content\/uploads\/2024\/05\/Natalben-mama-pack-2022.png 800w, https:\/\/effik.ch\/wp-content\/uploads\/2024\/05\/Natalben-mama-pack-2022-300x216.png 300w, https:\/\/effik.ch\/wp-content\/uploads\/2024\/05\/Natalben-mama-pack-2022-768x552.png 768w\" sizes=\"auto, (max-width: 800px) 100vw, 800px\" \/><\/div><\/div><div class=\"swiper-pagination-img-gallery\"><\/div><\/div>\t\t<\/div>\n\t\t\t\t\t\t<\/div>\n\t<div class=\"wrap\" style=\"flex-direction: row-reverse;\">\n\t<div class=\"swiper image-gallery\"><div class=\"swiper-wrapper\"><div class=\"swiper-slide\"><img loading=\"lazy\" decoding=\"async\" width=\"800\" height=\"556\" src=\"https:\/\/effik.ch\/wp-content\/uploads\/2024\/05\/Pre-natalben-pack-2022.png\" class=\"slide-image\" alt=\"EFFIK\" srcset=\"https:\/\/effik.ch\/wp-content\/uploads\/2024\/05\/Pre-natalben-pack-2022.png 800w, https:\/\/effik.ch\/wp-content\/uploads\/2024\/05\/Pre-natalben-pack-2022-300x209.png 300w, https:\/\/effik.ch\/wp-content\/uploads\/2024\/05\/Pre-natalben-pack-2022-768x534.png 768w\" sizes=\"auto, (max-width: 800px) 100vw, 800px\" \/><\/div><div class=\"swiper-slide\"><img loading=\"lazy\" decoding=\"async\" width=\"800\" height=\"590\" src=\"https:\/\/effik.ch\/wp-content\/uploads\/2024\/05\/Natalben-pluspack-2022.png\" class=\"slide-image\" alt=\"EFFIK\" srcset=\"https:\/\/effik.ch\/wp-content\/uploads\/2024\/05\/Natalben-pluspack-2022.png 800w, https:\/\/effik.ch\/wp-content\/uploads\/2024\/05\/Natalben-pluspack-2022-300x221.png 300w, https:\/\/effik.ch\/wp-content\/uploads\/2024\/05\/Natalben-pluspack-2022-768x566.png 768w\" sizes=\"auto, (max-width: 800px) 100vw, 800px\" \/><\/div><div class=\"swiper-slide\"><img loading=\"lazy\" decoding=\"async\" width=\"504\" height=\"481\" src=\"https:\/\/effik.ch\/wp-content\/uploads\/2024\/06\/Natalben-Oro-vegan.png\" class=\"slide-image\" alt=\"EFFIK\" srcset=\"https:\/\/effik.ch\/wp-content\/uploads\/2024\/06\/Natalben-Oro-vegan.png 504w, https:\/\/effik.ch\/wp-content\/uploads\/2024\/06\/Natalben-Oro-vegan-300x286.png 300w\" sizes=\"auto, (max-width: 504px) 100vw, 504px\" \/><\/div><div class=\"swiper-slide\"><img loading=\"lazy\" decoding=\"async\" width=\"800\" height=\"575\" src=\"https:\/\/effik.ch\/wp-content\/uploads\/2024\/05\/Natalben-mama-pack-2022.png\" class=\"slide-image\" alt=\"EFFIK\" srcset=\"https:\/\/effik.ch\/wp-content\/uploads\/2024\/05\/Natalben-mama-pack-2022.png 800w, https:\/\/effik.ch\/wp-content\/uploads\/2024\/05\/Natalben-mama-pack-2022-300x216.png 300w, https:\/\/effik.ch\/wp-content\/uploads\/2024\/05\/Natalben-mama-pack-2022-768x552.png 768w\" sizes=\"auto, (max-width: 800px) 100vw, 800px\" \/><\/div><\/div><div class=\"swiper-pagination-img-gallery\"><\/div><\/div>\t<div class=\"content-container\" style=\"text-align: left;\">\n\t\t\t\t\t\t<h2 class=\"section-title\">La famille NATALBEN<sup>\u00ae<\/sup><\/h2>\n\t\t\t\t\t\t\t\t\t<div class=\"section-content font-small\" style=\"max-width: 457px; align-self: flex-start;\"><p><b>Compl\u00e9ments pour les femmes enceintes et allaitantes<\/b><\/p>\n<p><span style=\"font-weight: 400;\">Une alimentation \u00e9quilibr\u00e9e pendant la grossesse est essentielle mais n\u2019est pas toujours suffisante pour couvrir les besoins nutritionnels accrus. Les compl\u00e9ments alimentaires peuvent donc jouer un r\u00f4le important pour garantir un apport suffisant en nutriments essentiels \u00e0 la future m\u00e8re et \u00e0 son enfant.\u00a0<\/span><\/p>\n<p><span style=\"font-weight: 400;\">Notre famille de produits NATALBEN<\/span><sup>\u00ae<\/sup><span style=\"font-weight: 400;\"> est con\u00e7ue pour accompagner les femmes depuis leur d\u00e9sir d\u2019enfant jusqu\u2019\u00e0 la p\u00e9riode d\u2019allaitement. Les compl\u00e9ments ont \u00e9t\u00e9 d\u00e9velopp\u00e9s conform\u00e9ment aux recommandations d\u2019experts suisses et \u00e0 l\u2019\u00e9tat actuel de la recherche scientifique pour r\u00e9pondre aux diff\u00e9rents besoins nutritionnels de la femme pendant ces trois phases. Tous les produits NATALBEN<\/span><span style=\"font-weight: 400;\"><sup>\u00ae<\/sup><\/span><span style=\"font-weight: 400;\"> contribuent ainsi au d\u00e9veloppement optimal de l\u2019enfant tout en favorisant le bien-\u00eatre de la m\u00e8re.<\/span><\/p>\n<p><span style=\"font-weight: 400;\">Sur notre site Internet <\/span><a href=\"https:\/\/natalben.ch\/\" target=\"_blank\" rel=\"noopener\"><i><span style=\"font-weight: 400;\">natalben.ch<\/span><\/i><\/a><span style=\"font-weight: 400;\">, vous trouverez un aper\u00e7u de nos compl\u00e9ments alimentaires sp\u00e9cialement d\u00e9velopp\u00e9s pour la Suisse ainsi que de nombreuses autres informations sur le th\u00e8me du d\u00e9sir d\u2019enfant, de la grossesse et de l\u2019allaitement.<\/span><\/p>\n<\/div>\n\t\t\t\t\t\t\t\t\t\t<a class=\"blue-button\" style=\"align-self: flex-start;\" href=\"https:\/\/natalben.ch\" target=\"_blank\">D\u00e9couvrez la famille NATALBEN<sup>\u00ae<\/sup><\/a>\n\t\t\t\t\t<\/div>\n\t<\/div>\n<\/div>\n<style>\n\t.inner-hero-block {\n\t\t@media (min-width: 768px) {\n\t\taspect-ratio:  \/ 655; \n\t\tmin-height: 655px;\n\t\t}\n\t}\n<\/style>\n\n\n<div id=\"fertifol\" class=\"inner-hero-block spaced-p product-img-vertical-85 alignfull hero-mbl-column\" style=\"background-image: url(https:\/\/effik.ch\/wp-content\/uploads\/2024\/03\/fertifol-bg.svg)\">\n<div class=\"anchor-div\"><\/div>\n\n\t\t\t<div class=\"inner-hero-bg-mbl\" style=\"background-image: url(https:\/\/effik.ch\/wp-content\/uploads\/2024\/03\/fertifol-bg.svg); aspect-ratio:393\/200; min-height:200px;\">\n\t<div class=\"img-container\"><img loading=\"lazy\" decoding=\"async\" width=\"400\" height=\"382\" src=\"https:\/\/effik.ch\/wp-content\/uploads\/2024\/03\/fertifol.png\" class=\"attachment-large size-large\" alt=\"\" srcset=\"https:\/\/effik.ch\/wp-content\/uploads\/2024\/03\/fertifol.png 400w, https:\/\/effik.ch\/wp-content\/uploads\/2024\/03\/fertifol-300x287.png 300w\" sizes=\"auto, (max-width: 400px) 100vw, 400px\" \/><\/div>\n\t\t\t\t\t<\/div>\n\t<div class=\"wrap\" style=\"flex-direction: row;\">\n\t\t<div class=\"img-container\" style=\"justify-content: flex-start; max-height: 552px; width: calc(100% - 455px);\"><img loading=\"lazy\" decoding=\"async\" width=\"400\" height=\"382\" src=\"https:\/\/effik.ch\/wp-content\/uploads\/2024\/03\/fertifol.png\" class=\"attachment-large size-large\" alt=\"\" srcset=\"https:\/\/effik.ch\/wp-content\/uploads\/2024\/03\/fertifol.png 400w, https:\/\/effik.ch\/wp-content\/uploads\/2024\/03\/fertifol-300x287.png 300w\" sizes=\"auto, (max-width: 400px) 100vw, 400px\" \/><\/div>\n\t\t\t<div class=\"content-container\" style=\"text-align: right;\">\n\t\t\t\t\t\t<h2 class=\"section-title\">Fertifol<sup>\u00ae<\/sup><\/h2>\n\t\t\t\t\t\t\t\t\t<div class=\"section-content font-small\" style=\"max-width: 455px; align-self: flex-end;\"><p><span style=\"font-weight: 400;\">En particulier les femmes qui planifient une grossesse et les femmes enceintes n\u00e9cessitent d&rsquo;un apport en acide folique suffisant pour le d\u00e9veloppement de l&rsquo;enfant. Une carence en acide folique dans les premi\u00e8res semaines de la grossesse peut conduire \u00e0 des malformations chez l&rsquo;enfant.\u00a0<\/span><\/p>\n<p><span style=\"font-weight: 400;\">Fertifol<sup>\u00ae<\/sup> est indiqu\u00e9 en cas d&rsquo;un besoin accru d&rsquo;acide folique pendant la grossesse et l&rsquo;allaitement.<\/span><\/p>\n<\/div>\n\t\t\t\t\t\t\t\t\t\t<a class=\"blue-button\" style=\"align-self: flex-end;\" href=\"https:\/\/www.swissmedicinfo.ch\/\" target=\"_blank\">D\u00e9couvrez Fertifol<sup>\u00ae<\/sup><\/a>\n\t\t\t\t\t<\/div>\n\t<\/div>\n<\/div>\n<style>\n\t.inner-hero-block {\n\t\t@media (min-width: 768px) {\n\t\taspect-ratio:  \/ 552; \n\t\tmin-height: 552px;\n\t\t}\n\t}\n<\/style>\n","protected":false},"excerpt":{"rendered":"","protected":false},"author":1,"featured_media":0,"parent":859,"menu_order":0,"comment_status":"closed","ping_status":"closed","template":"","meta":{"_acf_changed":false,"footnotes":""},"class_list":{"2":"type-page","4":"hentry"},"acf":[],"yoast_head":"<!-- This site is optimized with the Yoast SEO plugin v25.1 - https:\/\/yoast.com\/wordpress\/plugins\/seo\/ -->\n<title>Grossesse et allaitement - EFFIK<\/title>\n<meta name=\"robots\" content=\"index, follow, max-snippet:-1, max-image-preview:large, max-video-preview:-1\" \/>\n<link rel=\"canonical\" href=\"https:\/\/effik.ch\/fr\/gynecologie\/grossesse-et-allaitement\/\" \/>\n<meta property=\"og:locale\" content=\"fr_FR\" \/>\n<meta property=\"og:type\" content=\"article\" \/>\n<meta property=\"og:title\" content=\"Grossesse et allaitement - EFFIK\" \/>\n<meta property=\"og:url\" content=\"https:\/\/effik.ch\/fr\/gynecologie\/grossesse-et-allaitement\/\" \/>\n<meta property=\"og:site_name\" content=\"EFFIK\" \/>\n<meta property=\"article:modified_time\" content=\"2024-06-17T08:42:57+00:00\" \/>\n<meta name=\"twitter:card\" content=\"summary_large_image\" \/>\n<script type=\"application\/ld+json\" class=\"yoast-schema-graph\">{\"@context\":\"https:\/\/schema.org\",\"@graph\":[{\"@type\":\"WebPage\",\"@id\":\"https:\/\/effik.ch\/fr\/gynecologie\/grossesse-et-allaitement\/\",\"url\":\"https:\/\/effik.ch\/fr\/gynecologie\/grossesse-et-allaitement\/\",\"name\":\"Grossesse et allaitement - EFFIK\",\"isPartOf\":{\"@id\":\"https:\/\/effik.ch\/fr\/#website\"},\"datePublished\":\"2024-03-18T04:27:34+00:00\",\"dateModified\":\"2024-06-17T08:42:57+00:00\",\"breadcrumb\":{\"@id\":\"https:\/\/effik.ch\/fr\/gynecologie\/grossesse-et-allaitement\/#breadcrumb\"},\"inLanguage\":\"fr-FR\",\"potentialAction\":[{\"@type\":\"ReadAction\",\"target\":[\"https:\/\/effik.ch\/fr\/gynecologie\/grossesse-et-allaitement\/\"]}]},{\"@type\":\"BreadcrumbList\",\"@id\":\"https:\/\/effik.ch\/fr\/gynecologie\/grossesse-et-allaitement\/#breadcrumb\",\"itemListElement\":[{\"@type\":\"ListItem\",\"position\":1,\"name\":\"Home\",\"item\":\"https:\/\/effik.ch\/fr\/\"},{\"@type\":\"ListItem\",\"position\":2,\"name\":\"Gyn\u00e9cologie\",\"item\":\"https:\/\/effik.ch\/fr\/gynecologie\/\"},{\"@type\":\"ListItem\",\"position\":3,\"name\":\"Grossesse et allaitement\"}]},{\"@type\":\"WebSite\",\"@id\":\"https:\/\/effik.ch\/fr\/#website\",\"url\":\"https:\/\/effik.ch\/fr\/\",\"name\":\"EFFIK\",\"description\":\"\",\"potentialAction\":[{\"@type\":\"SearchAction\",\"target\":{\"@type\":\"EntryPoint\",\"urlTemplate\":\"https:\/\/effik.ch\/fr\/?s={search_term_string}\"},\"query-input\":{\"@type\":\"PropertyValueSpecification\",\"valueRequired\":true,\"valueName\":\"search_term_string\"}}],\"inLanguage\":\"fr-FR\"}]}<\/script>\n<!-- \/ Yoast SEO plugin. -->","yoast_head_json":{"title":"Grossesse et allaitement - EFFIK","robots":{"index":"index","follow":"follow","max-snippet":"max-snippet:-1","max-image-preview":"max-image-preview:large","max-video-preview":"max-video-preview:-1"},"canonical":"https:\/\/effik.ch\/fr\/gynecologie\/grossesse-et-allaitement\/","og_locale":"fr_FR","og_type":"article","og_title":"Grossesse et allaitement - EFFIK","og_url":"https:\/\/effik.ch\/fr\/gynecologie\/grossesse-et-allaitement\/","og_site_name":"EFFIK","article_modified_time":"2024-06-17T08:42:57+00:00","twitter_card":"summary_large_image","schema":{"@context":"https:\/\/schema.org","@graph":[{"@type":"WebPage","@id":"https:\/\/effik.ch\/fr\/gynecologie\/grossesse-et-allaitement\/","url":"https:\/\/effik.ch\/fr\/gynecologie\/grossesse-et-allaitement\/","name":"Grossesse et allaitement - EFFIK","isPartOf":{"@id":"https:\/\/effik.ch\/fr\/#website"},"datePublished":"2024-03-18T04:27:34+00:00","dateModified":"2024-06-17T08:42:57+00:00","breadcrumb":{"@id":"https:\/\/effik.ch\/fr\/gynecologie\/grossesse-et-allaitement\/#breadcrumb"},"inLanguage":"fr-FR","potentialAction":[{"@type":"ReadAction","target":["https:\/\/effik.ch\/fr\/gynecologie\/grossesse-et-allaitement\/"]}]},{"@type":"BreadcrumbList","@id":"https:\/\/effik.ch\/fr\/gynecologie\/grossesse-et-allaitement\/#breadcrumb","itemListElement":[{"@type":"ListItem","position":1,"name":"Home","item":"https:\/\/effik.ch\/fr\/"},{"@type":"ListItem","position":2,"name":"Gyn\u00e9cologie","item":"https:\/\/effik.ch\/fr\/gynecologie\/"},{"@type":"ListItem","position":3,"name":"Grossesse et allaitement"}]},{"@type":"WebSite","@id":"https:\/\/effik.ch\/fr\/#website","url":"https:\/\/effik.ch\/fr\/","name":"EFFIK","description":"","potentialAction":[{"@type":"SearchAction","target":{"@type":"EntryPoint","urlTemplate":"https:\/\/effik.ch\/fr\/?s={search_term_string}"},"query-input":{"@type":"PropertyValueSpecification","valueRequired":true,"valueName":"search_term_string"}}],"inLanguage":"fr-FR"}]}},"_links":{"self":[{"href":"https:\/\/effik.ch\/fr\/wp-json\/wp\/v2\/pages\/865","targetHints":{"allow":["GET"]}}],"collection":[{"href":"https:\/\/effik.ch\/fr\/wp-json\/wp\/v2\/pages"}],"about":[{"href":"https:\/\/effik.ch\/fr\/wp-json\/wp\/v2\/types\/page"}],"author":[{"embeddable":true,"href":"https:\/\/effik.ch\/fr\/wp-json\/wp\/v2\/users\/1"}],"replies":[{"embeddable":true,"href":"https:\/\/effik.ch\/fr\/wp-json\/wp\/v2\/comments?post=865"}],"version-history":[{"count":10,"href":"https:\/\/effik.ch\/fr\/wp-json\/wp\/v2\/pages\/865\/revisions"}],"predecessor-version":[{"id":1214,"href":"https:\/\/effik.ch\/fr\/wp-json\/wp\/v2\/pages\/865\/revisions\/1214"}],"up":[{"embeddable":true,"href":"https:\/\/effik.ch\/fr\/wp-json\/wp\/v2\/pages\/859"}],"wp:attachment":[{"href":"https:\/\/effik.ch\/fr\/wp-json\/wp\/v2\/media?parent=865"}],"curies":[{"name":"wp","href":"https:\/\/api.w.org\/{rel}","templated":true}]}}