{"id":873,"date":"2024-03-21T06:47:56","date_gmt":"2024-03-21T04:47:56","guid":{"rendered":"https:\/\/effik.ch\/gynecologie\/sante-vaginale\/scheidentrockenheit\/"},"modified":"2024-06-06T13:04:00","modified_gmt":"2024-06-06T11:04:00","slug":"la-secheresse-vaginale","status":"publish","type":"page","link":"https:\/\/effik.ch\/fr\/gynecologie\/sante-vaginale\/la-secheresse-vaginale\/","title":{"rendered":"La s\u00e9cheresse vaginale"},"content":{"rendered":"<div id=\"block_785ace7f7daac0b26660705e89bd6a05\" class=\"hero-block alignfull\" style=\"background-image: url(https:\/\/effik.ch\/wp-content\/uploads\/2024\/03\/vaginal-health-1.jpg)\">\n\t<div class=\"wrap\">\n\t\t\t\t<h1 class=\"entry-title\">La s\u00e9cheresse vaginale<\/h1>\n\t\t\t<\/div>\n<\/div>\n\n\n<div id=\"block_7a7b36f78590eb1fa705c71f4029e715\" class=\"secondary-menu-block alignfull\" style=\"\">\n<ul class=\"secondary-menu-container\">\n\t\t\t<li class=\"secondary-menu-item\">\n\t\t\t<a class=\"secondary-menu-item__content\" href=\"#ainara\">Ainara<sup>\u00ae<\/sup><\/a>\n\t\t<\/li>\n\t\t\t\t<li class=\"secondary-menu-item\">\n\t\t\t<a class=\"secondary-menu-item__content\" href=\"#packungsbeilage\">Notice d&rsquo;utilisation<\/a>\n\t\t<\/li>\n\t\t\t\t<li class=\"secondary-menu-item\">\n\t\t\t<a class=\"secondary-menu-item__content\" href=\"#scheidentrockenheit\">La s\u00e9cheresse vaginale   <\/a>\n\t\t<\/li>\n\t\t\t<\/ul>\n\t<\/div>\n\n\n<div id=\"ainara\" class=\"inner-hero-block spaced-p padding-36 border-0 mbl-border-0 product-section alignfull hero-mbl-column\" style=\"background-image: url(https:\/\/effik.ch\/wp-content\/uploads\/2024\/03\/ainara-bg-1.svg)\">\n<div class=\"anchor-div\"><\/div>\n\n\t\t\t<div class=\"inner-hero-bg-mbl\" style=\"background-image: url(https:\/\/effik.ch\/wp-content\/uploads\/2024\/03\/ainara-bg-1.svg); aspect-ratio:393\/200; min-height:200px;\">\n\t<div class=\"img-container\"><img loading=\"lazy\" decoding=\"async\" width=\"436\" height=\"218\" src=\"https:\/\/effik.ch\/wp-content\/uploads\/2024\/03\/ainara.png\" class=\"attachment-large size-large\" alt=\"\" srcset=\"https:\/\/effik.ch\/wp-content\/uploads\/2024\/03\/ainara.png 436w, https:\/\/effik.ch\/wp-content\/uploads\/2024\/03\/ainara-300x150.png 300w\" sizes=\"auto, (max-width: 436px) 100vw, 436px\" \/><\/div>\n\t\t\t\t\t<\/div>\n\t<div class=\"wrap\" style=\"flex-direction: row-reverse;\">\n\t\t<div class=\"img-container\" style=\"justify-content: flex-end; max-height: 350px; width: calc(100% - px);\"><img loading=\"lazy\" decoding=\"async\" width=\"436\" height=\"218\" src=\"https:\/\/effik.ch\/wp-content\/uploads\/2024\/03\/ainara.png\" class=\"attachment-large size-large\" alt=\"\" srcset=\"https:\/\/effik.ch\/wp-content\/uploads\/2024\/03\/ainara.png 436w, https:\/\/effik.ch\/wp-content\/uploads\/2024\/03\/ainara-300x150.png 300w\" sizes=\"auto, (max-width: 436px) 100vw, 436px\" \/><\/div>\n\t\t\t<div class=\"content-container\" style=\"text-align: left;\">\n\t\t\t\t\t\t\t\t\t<div class=\"section-content font-small\" style=\"max-width: px; align-self: flex-start;\"><p><img loading=\"lazy\" decoding=\"async\" class=\"aligncenter mbl-center size-full wp-image-475\" src=\"https:\/\/effik.ch\/wp-content\/uploads\/2024\/04\/ainara-icon.png\" alt=\"\" width=\"217\" height=\"78\" \/><\/p>\n<\/div>\n\t\t\t\t\t\t\t\t<\/div>\n\t<\/div>\n<\/div>\n<style>\n\t.inner-hero-block {\n\t\t@media (min-width: 768px) {\n\t\taspect-ratio:  \/ 350; \n\t\tmin-height: 350px;\n\t\t}\n\t}\n<\/style>\n\n\n<div id=\"block_167df805fc5f034ce964d72938ca7246\" class=\"product-content-block mbl-border-top-0 alignfull\" style=\"\">\n\t<div class=\"wrap\">\n\t\t<div class=\"product-left-content\">\n\t\t\t\t\t\t<h2 class=\"plc-title\">Vous souffrez de sechesse vaginale ?<\/h2>\n\t\t\t\t\t\t\t\t<\/div>\n\t\t<div class=\"product-right-content\">\n\t\t\t<p>AINARA<sup>\u00ae<\/sup>, gel vaginal SANS HORMONE mucoadh\u00e9sif (adh\u00e9sion \u00e0 la muqueuse vaginale) soulageant les sympt\u00f4mes de la s\u00e9cheresse vaginale, de l\u2019atrophie et de l\u2019inconfort associ\u00e9 et am\u00e9liorant ainsi la qualit\u00e9 de vie de la femme<\/p>\n<ul>\n<li>DIMINUE la s\u00e9cheresse vaginale<\/li>\n<li>SOULAGE les douleurs pendant les rapports sexuels<\/li>\n<li>R\u00c9DUIT les d\u00e9mangeaisons et les sensations de br\u00fblures<\/li>\n<\/ul>\n<p>Son efficacit\u00e9 a \u00e9t\u00e9 cliniquement prouv\u00e9e!<\/p>\n\t\t<\/div>\n\t<\/div>\n<\/div>\n\n\n<div id=\"packungsbeilage\" class=\"product-content-block alignfull\" style=\"\">\n\t<div class=\"wrap\">\n\t\t<div class=\"product-left-content\">\n\t\t\t\t\t\t<h2 class=\"plc-title\">Notice d&rsquo;utilisation<\/h2>\n\t\t\t\t\t\t\t\t<\/div>\n\t\t<div class=\"product-right-content\">\n\t\t\t<p>Posologie\u00a0:<\/p>\n<p>Appliquer AINARA<sup>\u00ae<\/sup> deux fois par semaine. Selon les besoins, AINARA<sup>\u00ae<\/sup> peut \u00eatre utilis\u00e9 quotidiennement jusqu\u2019\u00e0 12 semaines.<br \/>\nSi les sympt\u00f4mes persistent, consultez votre m\u00e9decin.<\/p>\n<p>Dosage pr\u00e9cis \u00e0 1 g avec 1 applicateur r\u00e9utilisable.<\/p>\n<p>Pr\u00e9sentation\u00a0:<\/p>\n<p>Un tube de 30 g avec 1 applicateur r\u00e9utilisable (suffisant pour 30 applications).<\/p>\n<p><strong><a href=\"https:\/\/effik.ch\/wp-content\/uploads\/2024\/05\/Ainara_Leaflet.pdf\" target=\"_blank\" rel=\"noopener\">TELECHARGER ICI LA NOTICE D\u2019UTILISATION (Dispositif m\u00e9dical : classe IIa)<\/a><\/strong><\/p>\n\t\t<\/div>\n\t<\/div>\n<\/div>\n\n\n<script>\n\/\/ \/\/Accordion.\n\/\/ jQuery( function( $ ) {\n\/\/ \tvar accItem = document.getElementsByClassName(\"accordion\");\n\/\/ \tvar accHD = document.getElementsByClassName(\"accordion-title\");\n\/\/ \tfor (i = 0; i < accHD.length; i++) {\n\/\/ \taccHD[i].addEventListener(\"click\", toggleItem, false);\n\/\/ \t}\n\/\/ \tfunction toggleItem() {\n\/\/ \tvar itemClass = this.parentNode.className;\n\/\/ \tfor (i = 0; i < accItem.length; i++) {\n\/\/ \t\taccItem[i].className = \"accordion close\";\n\/\/ \t}\n\/\/ \tif (\"accordion close\" == itemClass) {\n\/\/ \t\tthis.parentNode.className = \"accordion open\";\n\/\/ \t}\n\/\/ \t}        \n\/\/ });\n<\/script>\n\n<div id=\"scheidentrockenheit\" class=\"faqs-block alignfull\" style=\"\">\n<div class=\"wrap\">\n<h2 class=\"heading_40_semibold\">La s\u00e9cheresse vaginale<\/h2>\n<div class=\"accordion-container\">\n<li class=\"accordion open\">\t\t<div class=\"accordion-title\"><h3>L\u2019hydratation vaginale, comment \u00e7a marche ?<\/h3><div class=\"accordion-btn dsk-accordion-btn\"><\/div><\/div>\n\t\t<div class=\"accordion-content\">\n\t\t\t\t\t\t\t<div class=\"faqs-left-content\"><p>Durant toute la p\u00e9riode de fertilit\u00e9, le vagin est hydrat\u00e9 par la\u00a0<strong>glaire cervicale<\/strong>.<\/p>\n<p>La muqueuse vaginale est \u00e9galement hydrat\u00e9e par<strong>l\u2019humidit\u00e9 qui s\u2019\u00e9chappe des vaisseaux sanguins<\/strong>\u00a0qui la nourrissent. Ces conditions d\u2019hydratation permettent le maintien d\u2019une flore vaginale normale.<\/p>\n<p><strong>En cas d\u2019excitation sexuelle<\/strong>, les glandes vaginales produisent\u00a0<strong>davantage de secr\u00e9tions lubrifiantes<\/strong>\u00a0prot\u00e9geant ainsi la muqueuse vaginale et l&rsquo;entr\u00e9e du vagin lors des rapports sexuels.<\/p>\n<\/div>\n\t\t\t\t\t\t\t\t\t\t<div class=\"faqs-right-content\"><p><img loading=\"lazy\" decoding=\"async\" class=\"size-full wp-image-288 alignright\" src=\"https:\/\/effik.ch\/wp-content\/uploads\/2024\/03\/ainara-faq-1.jpg\" alt=\"\" width=\"274\" height=\"242\" \/><\/p>\n<\/div>\n\t\t\t\t\t<\/div>\n\t\t<div class=\"accordion-btn mbl-accordion-btn\"><\/div>\n\t\t<li class=\"accordion close\">\t\t<div class=\"accordion-title\"><h3>La s\u00e9cheresse vaginale, qu'est-ce que c'est ?<\/h3><div class=\"accordion-btn dsk-accordion-btn\"><\/div><\/div>\n\t\t<div class=\"accordion-content\">\n\t\t\t\t\t\t\t<div class=\"faqs-left-content\"><p>Il arrive que\u00a0<strong>l\u2019hydratation du vagin soit insuffisante\u00a0<\/strong>ou\u00a0<strong>ne s\u2019effectue pas correctement<\/strong>. On parle alors\u00a0de <strong>s\u00e9cheresse vaginale<\/strong>.<\/p>\n<p><strong>Une hydratation insuffisante entra\u00eene:<\/strong><\/p>\n<ul>\n<li>une diminution de la production des s\u00e9cr\u00e9tions lubrifiantes<\/li>\n<li>une sensation d\u2019inconfort<\/li>\n<li>une fragilisation de la muqueuse et donc un risque accru d\u2019infections<\/li>\n<\/ul>\n<p>&nbsp;<br \/>\n<strong>Les sympt\u00f4mes peuvent \u00eatre multiples\u00a0:<\/strong><\/p>\n<ul>\n<li>irritations<\/li>\n<li>d\u00e9mangeaisons<\/li>\n<li>br\u00fblures<\/li>\n<li>douleurs durant les rapports sexuels<\/li>\n<\/ul>\n<\/div>\n\t\t\t\t\t\t\t\t\t\t<div class=\"faqs-right-content\"><p><img loading=\"lazy\" decoding=\"async\" class=\"size-full wp-image-287 alignright\" src=\"https:\/\/effik.ch\/wp-content\/uploads\/2024\/03\/ainara-faq-2.jpg\" alt=\"\" width=\"274\" height=\"416\" srcset=\"https:\/\/effik.ch\/wp-content\/uploads\/2024\/03\/ainara-faq-2.jpg 274w, https:\/\/effik.ch\/wp-content\/uploads\/2024\/03\/ainara-faq-2-198x300.jpg 198w\" sizes=\"auto, (max-width: 274px) 100vw, 274px\" \/><\/p>\n<\/div>\n\t\t\t\t\t<\/div>\n\t\t<div class=\"accordion-btn mbl-accordion-btn\"><\/div>\n\t\t<li class=\"accordion close\">\t\t<div class=\"accordion-title\"><h3>Mais pourquoi moi ?<\/h3><div class=\"accordion-btn dsk-accordion-btn\"><\/div><\/div>\n\t\t<div class=\"accordion-content\">\n\t\t\t\t\t\t\t<div class=\"faqs-left-content\"><p><strong>La s\u00e9cheresse vaginale peut toucher toutes les femmes \u00e0 un moment ou \u00e0 un autre<\/strong>. Les causes sont nombreuses et interviennent \u00e0 diff\u00e9rentes p\u00e9riodes de la vie des femmes\u00a0:<\/p>\n<ul>\n<li>lors de changements hormonaux durant la <strong>m\u00e9nopause<\/strong>, apr\u00e8s <strong>l\u2019accouchement<\/strong> ou durant <strong>l\u2019allaitement<\/strong><\/li>\n<li>lors de la prise <strong>de certains contraceptifs hormonaux<\/strong>, autres m\u00e9dicaments tels que les antid\u00e9presseurs, chimioth\u00e9rapies ou radioth\u00e9rapies ou radioth\u00e9rapeutiques<\/li>\n<li>sous l&rsquo;effet d&rsquo;un stress intense<\/li>\n<li>le port de <strong>v\u00eatements inadapt\u00e9s<\/strong> (pantalons trop serr\u00e9s, sous-v\u00eatements en mati\u00e8res synth\u00e9tiques)<\/li>\n<li>une\u00a0t<strong>oilette intime excessive<\/strong>\u00a0(douches vaginales)\u00a0ou le\u00a0<strong>port prolong\u00e9 de tampons hygi\u00e9niques<\/strong><\/li>\n<\/ul>\n<p>&nbsp;<br \/>\n<a href=\"https:\/\/effik.ch\/wp-content\/uploads\/2024\/05\/Ainara19_Brochure_Patient_FR_final_March-2020.jpg\" class=\"glightbox\" style=\"color:#05306f;\"><\/p>\n<div class=\"mbl-center-featured\"><strong>DECOUVREZ ICI DES CONSEILS PRATIQUES POUR PREVENIR LA SECHERESSE VAGINALE<\/strong><\/div>\n<p><\/a><br \/>\n&nbsp;<\/p>\n<\/div>\n\t\t\t\t\t\t\t\t\t\t<div class=\"faqs-right-content\"><p><img loading=\"lazy\" decoding=\"async\" class=\"size-full wp-image-286 alignright\" src=\"https:\/\/effik.ch\/wp-content\/uploads\/2024\/03\/ainara-faq-3.jpg\" alt=\"\" width=\"274\" height=\"274\" srcset=\"https:\/\/effik.ch\/wp-content\/uploads\/2024\/03\/ainara-faq-3.jpg 274w, https:\/\/effik.ch\/wp-content\/uploads\/2024\/03\/ainara-faq-3-150x150.jpg 150w\" sizes=\"auto, (max-width: 274px) 100vw, 274px\" \/><\/p>\n<\/div>\n\t\t\t\t\t<\/div>\n\t\t<div class=\"accordion-btn mbl-accordion-btn\"><\/div>\n\t\t<\/div>\n<\/div><\/div>\n<style>\n\t.accordion.open .accordion-btn {\n\t\tbackground: url('https:\/\/effik.ch\/wp-content\/uploads\/2024\/05\/fermer-btn.svg')\n\t\t\tno-repeat center \/ contain;\n\t}\n\t.accordion.close .accordion-btn {\n\t\tbackground: url('https:\/\/effik.ch\/wp-content\/uploads\/2024\/05\/ouvrir-btn.svg')\n\t\t\tno-repeat center \/ contain;\n\t}\n<\/style>\n","protected":false},"excerpt":{"rendered":"","protected":false},"author":1,"featured_media":0,"parent":870,"menu_order":1,"comment_status":"closed","ping_status":"closed","template":"","meta":{"_acf_changed":false,"footnotes":""},"class_list":{"2":"type-page","4":"hentry"},"acf":[],"yoast_head":"<!-- This site is optimized with the Yoast SEO plugin v25.1 - https:\/\/yoast.com\/wordpress\/plugins\/seo\/ -->\n<title>La s\u00e9cheresse vaginale - EFFIK<\/title>\n<meta name=\"robots\" content=\"index, follow, max-snippet:-1, max-image-preview:large, max-video-preview:-1\" \/>\n<link rel=\"canonical\" href=\"https:\/\/effik.ch\/fr\/gynecologie\/sante-vaginale\/la-secheresse-vaginale\/\" \/>\n<meta property=\"og:locale\" content=\"fr_FR\" \/>\n<meta property=\"og:type\" content=\"article\" \/>\n<meta property=\"og:title\" content=\"La s\u00e9cheresse vaginale - EFFIK\" \/>\n<meta property=\"og:url\" content=\"https:\/\/effik.ch\/fr\/gynecologie\/sante-vaginale\/la-secheresse-vaginale\/\" \/>\n<meta property=\"og:site_name\" content=\"EFFIK\" \/>\n<meta property=\"article:modified_time\" content=\"2024-06-06T11:04:00+00:00\" \/>\n<meta name=\"twitter:card\" content=\"summary_large_image\" \/>\n<script type=\"application\/ld+json\" class=\"yoast-schema-graph\">{\"@context\":\"https:\/\/schema.org\",\"@graph\":[{\"@type\":\"WebPage\",\"@id\":\"https:\/\/effik.ch\/fr\/gynecologie\/sante-vaginale\/la-secheresse-vaginale\/\",\"url\":\"https:\/\/effik.ch\/fr\/gynecologie\/sante-vaginale\/la-secheresse-vaginale\/\",\"name\":\"La s\u00e9cheresse vaginale - EFFIK\",\"isPartOf\":{\"@id\":\"https:\/\/effik.ch\/fr\/#website\"},\"datePublished\":\"2024-03-21T04:47:56+00:00\",\"dateModified\":\"2024-06-06T11:04:00+00:00\",\"breadcrumb\":{\"@id\":\"https:\/\/effik.ch\/fr\/gynecologie\/sante-vaginale\/la-secheresse-vaginale\/#breadcrumb\"},\"inLanguage\":\"fr-FR\",\"potentialAction\":[{\"@type\":\"ReadAction\",\"target\":[\"https:\/\/effik.ch\/fr\/gynecologie\/sante-vaginale\/la-secheresse-vaginale\/\"]}]},{\"@type\":\"BreadcrumbList\",\"@id\":\"https:\/\/effik.ch\/fr\/gynecologie\/sante-vaginale\/la-secheresse-vaginale\/#breadcrumb\",\"itemListElement\":[{\"@type\":\"ListItem\",\"position\":1,\"name\":\"Home\",\"item\":\"https:\/\/effik.ch\/fr\/\"},{\"@type\":\"ListItem\",\"position\":2,\"name\":\"Gyn\u00e9cologie\",\"item\":\"https:\/\/effik.ch\/fr\/gynecologie\/\"},{\"@type\":\"ListItem\",\"position\":3,\"name\":\"Sant\u00e9 vaginale\",\"item\":\"https:\/\/effik.ch\/fr\/gynecologie\/sante-vaginale\/\"},{\"@type\":\"ListItem\",\"position\":4,\"name\":\"La s\u00e9cheresse vaginale\"}]},{\"@type\":\"WebSite\",\"@id\":\"https:\/\/effik.ch\/fr\/#website\",\"url\":\"https:\/\/effik.ch\/fr\/\",\"name\":\"EFFIK\",\"description\":\"\",\"potentialAction\":[{\"@type\":\"SearchAction\",\"target\":{\"@type\":\"EntryPoint\",\"urlTemplate\":\"https:\/\/effik.ch\/fr\/?s={search_term_string}\"},\"query-input\":{\"@type\":\"PropertyValueSpecification\",\"valueRequired\":true,\"valueName\":\"search_term_string\"}}],\"inLanguage\":\"fr-FR\"}]}<\/script>\n<!-- \/ Yoast SEO plugin. -->","yoast_head_json":{"title":"La s\u00e9cheresse vaginale - EFFIK","robots":{"index":"index","follow":"follow","max-snippet":"max-snippet:-1","max-image-preview":"max-image-preview:large","max-video-preview":"max-video-preview:-1"},"canonical":"https:\/\/effik.ch\/fr\/gynecologie\/sante-vaginale\/la-secheresse-vaginale\/","og_locale":"fr_FR","og_type":"article","og_title":"La s\u00e9cheresse vaginale - EFFIK","og_url":"https:\/\/effik.ch\/fr\/gynecologie\/sante-vaginale\/la-secheresse-vaginale\/","og_site_name":"EFFIK","article_modified_time":"2024-06-06T11:04:00+00:00","twitter_card":"summary_large_image","schema":{"@context":"https:\/\/schema.org","@graph":[{"@type":"WebPage","@id":"https:\/\/effik.ch\/fr\/gynecologie\/sante-vaginale\/la-secheresse-vaginale\/","url":"https:\/\/effik.ch\/fr\/gynecologie\/sante-vaginale\/la-secheresse-vaginale\/","name":"La s\u00e9cheresse vaginale - EFFIK","isPartOf":{"@id":"https:\/\/effik.ch\/fr\/#website"},"datePublished":"2024-03-21T04:47:56+00:00","dateModified":"2024-06-06T11:04:00+00:00","breadcrumb":{"@id":"https:\/\/effik.ch\/fr\/gynecologie\/sante-vaginale\/la-secheresse-vaginale\/#breadcrumb"},"inLanguage":"fr-FR","potentialAction":[{"@type":"ReadAction","target":["https:\/\/effik.ch\/fr\/gynecologie\/sante-vaginale\/la-secheresse-vaginale\/"]}]},{"@type":"BreadcrumbList","@id":"https:\/\/effik.ch\/fr\/gynecologie\/sante-vaginale\/la-secheresse-vaginale\/#breadcrumb","itemListElement":[{"@type":"ListItem","position":1,"name":"Home","item":"https:\/\/effik.ch\/fr\/"},{"@type":"ListItem","position":2,"name":"Gyn\u00e9cologie","item":"https:\/\/effik.ch\/fr\/gynecologie\/"},{"@type":"ListItem","position":3,"name":"Sant\u00e9 vaginale","item":"https:\/\/effik.ch\/fr\/gynecologie\/sante-vaginale\/"},{"@type":"ListItem","position":4,"name":"La s\u00e9cheresse vaginale"}]},{"@type":"WebSite","@id":"https:\/\/effik.ch\/fr\/#website","url":"https:\/\/effik.ch\/fr\/","name":"EFFIK","description":"","potentialAction":[{"@type":"SearchAction","target":{"@type":"EntryPoint","urlTemplate":"https:\/\/effik.ch\/fr\/?s={search_term_string}"},"query-input":{"@type":"PropertyValueSpecification","valueRequired":true,"valueName":"search_term_string"}}],"inLanguage":"fr-FR"}]}},"_links":{"self":[{"href":"https:\/\/effik.ch\/fr\/wp-json\/wp\/v2\/pages\/873","targetHints":{"allow":["GET"]}}],"collection":[{"href":"https:\/\/effik.ch\/fr\/wp-json\/wp\/v2\/pages"}],"about":[{"href":"https:\/\/effik.ch\/fr\/wp-json\/wp\/v2\/types\/page"}],"author":[{"embeddable":true,"href":"https:\/\/effik.ch\/fr\/wp-json\/wp\/v2\/users\/1"}],"replies":[{"embeddable":true,"href":"https:\/\/effik.ch\/fr\/wp-json\/wp\/v2\/comments?post=873"}],"version-history":[{"count":9,"href":"https:\/\/effik.ch\/fr\/wp-json\/wp\/v2\/pages\/873\/revisions"}],"predecessor-version":[{"id":1172,"href":"https:\/\/effik.ch\/fr\/wp-json\/wp\/v2\/pages\/873\/revisions\/1172"}],"up":[{"embeddable":true,"href":"https:\/\/effik.ch\/fr\/wp-json\/wp\/v2\/pages\/870"}],"wp:attachment":[{"href":"https:\/\/effik.ch\/fr\/wp-json\/wp\/v2\/media?parent=873"}],"curies":[{"name":"wp","href":"https:\/\/api.w.org\/{rel}","templated":true}]}}