{"id":882,"date":"2024-03-20T11:21:49","date_gmt":"2024-03-20T09:21:49","guid":{"rendered":"https:\/\/effik.ch\/gynecologie\/sante-vaginale\/bakterielle-vaginose\/"},"modified":"2024-06-17T10:59:51","modified_gmt":"2024-06-17T08:59:51","slug":"la-vaginose-bacterienne","status":"publish","type":"page","link":"https:\/\/effik.ch\/fr\/gynecologie\/sante-vaginale\/la-vaginose-bacterienne\/","title":{"rendered":"La vaginose bact\u00e9rienne"},"content":{"rendered":"<div id=\"block_9f6e06b206fa10b781d50ccabc8a9a2b\" class=\"hero-block alignfull\" style=\"background-image: url(https:\/\/effik.ch\/wp-content\/uploads\/2024\/03\/vaginal-health.jpg)\">\n\t<div class=\"wrap\">\n\t\t\t\t<h1 class=\"entry-title\">La vaginose bact\u00e9rienne<\/h1>\n\t\t\t<\/div>\n<\/div>\n\n\n<div id=\"block_beda308fc04a3eacf59579f81bbde01b\" class=\"secondary-menu-block alignfull\" style=\"\">\n<ul class=\"secondary-menu-container\">\n\t\t\t<li class=\"secondary-menu-item\">\n\t\t\t<a class=\"secondary-menu-item__content\" href=\"#polybactum\">Polybactum<sup>\u00ae<\/sup><\/a>\n\t\t<\/li>\n\t\t\t\t<li class=\"secondary-menu-item\">\n\t\t\t<a class=\"secondary-menu-item__content\" href=\"#anwendung\"> Application<\/a>\n\t\t<\/li>\n\t\t\t\t<li class=\"secondary-menu-item\">\n\t\t\t<a class=\"secondary-menu-item__content\" href=\"#packungsbeilage\">Notice d&rsquo;utilisation<\/a>\n\t\t<\/li>\n\t\t\t\t<li class=\"secondary-menu-item\">\n\t\t\t<a class=\"secondary-menu-item__content\" href=\"#bakterielle-vaginose\">La vaginose bact\u00e9rienne<\/a>\n\t\t<\/li>\n\t\t\t<\/ul>\n\t<\/div>\n\n\n<div id=\"polybactum\" class=\"inner-hero-block spaced-p padding-36 border-0 product-section alignfull hero-mbl-column\" style=\"background-image: url(https:\/\/effik.ch\/wp-content\/uploads\/2024\/03\/polybactum-page-bg.svg)\">\n<div class=\"anchor-div\"><\/div>\n\n\t\t\t<div class=\"inner-hero-bg-mbl\" style=\"background-image: url(https:\/\/effik.ch\/wp-content\/uploads\/2024\/03\/polybactum-page-bg.svg); aspect-ratio:393\/200; min-height:200px;\">\n\t<div class=\"img-container\"><img loading=\"lazy\" decoding=\"async\" width=\"406\" height=\"167\" src=\"https:\/\/effik.ch\/wp-content\/uploads\/2024\/03\/Image-packaging-Polybactum-2.png\" class=\"attachment-large size-large\" alt=\"\" srcset=\"https:\/\/effik.ch\/wp-content\/uploads\/2024\/03\/Image-packaging-Polybactum-2.png 406w, https:\/\/effik.ch\/wp-content\/uploads\/2024\/03\/Image-packaging-Polybactum-2-300x123.png 300w\" sizes=\"auto, (max-width: 406px) 100vw, 406px\" \/><\/div>\n\t\t\t\t\t<\/div>\n\t<div class=\"wrap\" style=\"flex-direction: row-reverse;\">\n\t\t<div class=\"img-container\" style=\"justify-content: flex-end; max-height: 350px; width: calc(100% - 550px);\"><img loading=\"lazy\" decoding=\"async\" width=\"406\" height=\"167\" src=\"https:\/\/effik.ch\/wp-content\/uploads\/2024\/03\/Image-packaging-Polybactum-2.png\" class=\"attachment-large size-large\" alt=\"\" srcset=\"https:\/\/effik.ch\/wp-content\/uploads\/2024\/03\/Image-packaging-Polybactum-2.png 406w, https:\/\/effik.ch\/wp-content\/uploads\/2024\/03\/Image-packaging-Polybactum-2-300x123.png 300w\" sizes=\"auto, (max-width: 406px) 100vw, 406px\" \/><\/div>\n\t\t\t<div class=\"content-container\" style=\"text-align: left;\">\n\t\t\t\t\t\t\t\t\t<div class=\"section-content font-small\" style=\"max-width: 550px; align-self: flex-start;\"><p><img loading=\"lazy\" decoding=\"async\" class=\"alignleft size-medium wp-image-208\" style=\"clear: both;\" role=\"img\" src=\"https:\/\/effik.ch\/wp-content\/uploads\/2024\/03\/Polybactum-1.svg\" alt=\"\" width=\"300\" height=\"300\" \/><\/p>\n<p><strong>Si vous pensez souffrir de vaginose bact\u00e9rienne, parlez-en \u00e0 votre gyn\u00e9cologue.<\/strong><\/p>\n<p>Polybactum<sup>\u00ae<\/sup> est une <strong>solution efficace et innovante<\/strong> pour lutter contre les r\u00e9cidives de vaginose bact\u00e9rienne suite \u00e0 un traitement antibiotique!<\/p>\n<\/div>\n\t\t\t\t\t\t\t\t<\/div>\n\t<\/div>\n<\/div>\n<style>\n\t.inner-hero-block {\n\t\t@media (min-width: 768px) {\n\t\taspect-ratio:  \/ 350; \n\t\tmin-height: 350px;\n\t\t}\n\t}\n<\/style>\n\n\n<div id=\"block_6f52f790331ae2124be996301f13ccd6\" class=\"product-content-block alignfull\" style=\"\">\n\t<div class=\"wrap\">\n\t\t<div class=\"product-left-content\">\n\t\t\t\t\t\t<h2 class=\"plc-title\">Efficacit\u00e9 cliniquement prouv\u00e9e: <\/h2>\n\t\t\t\t\t\t\t\t\t<div class=\"plc-content\"><p><img decoding=\"async\" class=\"alignleft size-medium\" role=\"img\" src=\"https:\/\/effik.ch\/wp-content\/uploads\/2024\/05\/Image-pour-polybactum-2.png\" alt=\"\" width=\"300\" height=\"auto\" \/><\/p>\n<\/div>\n\t\t\t\t\t<\/div>\n\t\t<div class=\"product-right-content\">\n\t\t\t<p>Une \u00e9tude r\u00e9cemment publi\u00e9e confirme que Polybactum<sup>\u00ae<\/sup> est un traitement s\u00fbr et efficace qui r\u00e9duit de mani\u00e8re significative le taux de r\u00e9cidive de la vaginose bact\u00e9rienne \u00e0 la suite d&rsquo;une antibioth\u00e9rapie. La tol\u00e9rance de Polybactum<sup>\u00ae<\/sup> \u00e9tait excellente.<sup>1<\/sup><\/p>\n<p>Polybactum<sup>\u00ae<\/sup> est en mesure, gr\u00e2ce \u00e0 sa <strong>TRIPLE ACTION<\/strong>:<\/p>\n<ol>\n<li>de <strong>limiter la croissance de \u00ab Gardnerella vaginalis \u00bb<\/strong> sans nuire \u00e0 la flore lactobacillaire<\/li>\n<li>d\u2019acidifier le milieu vaginal (abaisse le pH), favorisant la <strong>reconstruction de la flore lactobacillaire<\/strong><\/li>\n<li>d\u2019adh\u00e9rer \u00e0 la surface des cellules vaginales de mani\u00e8re \u00e0 emp\u00eacher que \u00ab Gardnerella vaginalis \u00bb ne se propage sur les parois vaginales et continue \u00e0 prolif\u00e9rer <strong>(effet barri\u00e8re)<\/strong><\/li>\n<\/ol>\n<p><img loading=\"lazy\" decoding=\"async\" class=\"aligncenter size-large wp-image-981\" src=\"https:\/\/effik.ch\/wp-content\/uploads\/2024\/05\/Image-pour-polybactum-1-1024x749.png\" alt=\"\" width=\"768\" height=\"562\" srcset=\"https:\/\/effik.ch\/wp-content\/uploads\/2024\/05\/Image-pour-polybactum-1-1024x749.png 1024w, https:\/\/effik.ch\/wp-content\/uploads\/2024\/05\/Image-pour-polybactum-1-300x219.png 300w, https:\/\/effik.ch\/wp-content\/uploads\/2024\/05\/Image-pour-polybactum-1-768x562.png 768w, https:\/\/effik.ch\/wp-content\/uploads\/2024\/05\/Image-pour-polybactum-1-1536x1123.png 1536w, https:\/\/effik.ch\/wp-content\/uploads\/2024\/05\/Image-pour-polybactum-1.png 1571w\" sizes=\"auto, (max-width: 768px) 100vw, 768px\" \/><\/p>\n<div class=\"body_16_medium\">\n&nbsp;<br \/>\nPolybactum<sup>\u00ae<\/sup>:<\/p>\n<ul>\n<li>Peut-\u00eatre utilis\u00e9 pendant la grossesse<\/li>\n<li>Sans hormone et sans parab\u00e8nes<\/li>\n<li>Compatible avec les pr\u00e9servatifs<\/li>\n<\/ul>\n<\/div>\n<div class=\"body_16_medium\">\n<p>Pr\u00e9sentation<\/p>\n<ul>\n<li>Boites de 9 ovules : 3 cycles de traitement (traitement complet)<\/li>\n<\/ul>\n<\/div>\n<div class=\"body_14_regular\">1. Murina F. et al. Efficacy and safety of a novel vaginal medical device in recurrent bacterial vaginosis: a multicenter clinical trial. Minerva Ginecol 2020;72:292-8. DOI: 10.23736\/S0026-4784.20.04661-4)<\/div>\n\t\t<\/div>\n\t<\/div>\n<\/div>\n\n\n<div id=\"anwendung\" class=\"product-content-block alignwide\" style=\"\">\n\t<div class=\"wrap\">\n\t\t<div class=\"product-left-content\">\n\t\t\t\t\t\t<h2 class=\"plc-title\">Comment utiliser les ovules vaginaux Polybactum<sup>\u00ae<\/sup> ?<\/h2>\n\t\t\t\t\t\t\t\t<\/div>\n\t\t<div class=\"product-right-content\">\n\t\t\t<p>Le traitement complet comprend la prise de 9 ovules vaginaux (3 cycles de traitement avec 3 ovules)<\/p>\n<div class=\"right-content-2cols\">\n<div class=\"col1\">\n<ul>\n<li>Commencez Polybactum<sup>\u00ae<\/sup> imm\u00e9diatement apr\u00e8s le traitement antibiotique. Attendre la fin des r\u00e8gles si n\u00e9cessaire.<\/li>\n<li>Appliquez 3 ovules vaginaux pendant une semaine (1 tous les 3 jours : jour 1, jour 4 et jour 7)<\/li>\n<li>Renouveler ce traitement pendant les 2 cycles suivants (3 cycles de traitement au total), c\u2019est-\u00e0-dire directement apr\u00e8s la fin de vos 2 prochaines menstruations<\/li>\n<\/ul>\n<\/div>\n<div class=\"col2\"><img loading=\"lazy\" decoding=\"async\" class=\"alignnone size-full wp-image-236\" src=\"https:\/\/effik.ch\/wp-content\/uploads\/2024\/03\/Polybactum-Cycle-DE-1.png\" alt=\"\" width=\"362\" height=\"199\" srcset=\"https:\/\/effik.ch\/wp-content\/uploads\/2024\/03\/Polybactum-Cycle-DE-1.png 362w, https:\/\/effik.ch\/wp-content\/uploads\/2024\/03\/Polybactum-Cycle-DE-1-300x165.png 300w\" sizes=\"auto, (max-width: 362px) 100vw, 362px\" \/><\/div>\n<\/div>\n<p><a class=\"glightbox\" href=\"https:\/\/effik.ch\/wp-content\/uploads\/2024\/05\/Polybactum-Application-FR.png\"><br \/>\n<img loading=\"lazy\" decoding=\"async\" class=\"alignnone size-full dsk-image\" src=\"https:\/\/effik.ch\/wp-content\/uploads\/2024\/05\/traitement-dsk.png\" alt=\"\" width=\"746\" height=\"218\" \/><br \/>\n<img loading=\"lazy\" decoding=\"async\" class=\"mbl-image\" src=\"https:\/\/effik.ch\/wp-content\/uploads\/2024\/05\/traitemente-mbl-FR.png\" alt=\"\" width=\"590\" height=\"1288\" \/><br \/>\n<\/a><\/p>\n<ul>\n<li>En cas d\u2019absence de r\u00e8gles, prenez Polybactum<sup>\u00ae<\/sup> 3 mois cons\u00e9cutifs toujours \u00e0 la m\u00eame date.<\/li>\n<\/ul>\n<div id=\"packungsbeilage\" class=\"body_16_medium\"><a href=\"https:\/\/effik.ch\/wp-content\/uploads\/2024\/05\/Polybactum_Leaflet.pdf\" target=\"_blank\" rel=\"noopener\"><strong>Plus d\u2019information concernant la posologie avec aide \u00e0 la prise de traitement ici (Dispositif m\u00e9dical : classe IIa)<\/strong><\/a><\/div>\n\t\t<\/div>\n\t<\/div>\n<\/div>\n\n\n<div id=\"block_ce17a45dafbbe1f98ded5a4fe9c098cd\" class=\"product-content-block alignfull\" style=\"\">\n\t<div class=\"wrap\">\n\t\t<div class=\"product-left-content\">\n\t\t\t\t\t\t<h2 class=\"plc-title\">Film sur la vaginose bact\u00e9rienne et Polybactum<sup>\u00ae<\/sup> <\/h2>\n\t\t\t\t\t\t\t\t<\/div>\n\t\t<div class=\"product-right-content\">\n\t\t\t<div style=\"width: 768px;\" class=\"wp-video\"><!--[if lt IE 9]><script>document.createElement('video');<\/script><![endif]-->\n<video class=\"wp-video-shortcode\" id=\"video-882-1\" width=\"768\" height=\"432\" preload=\"metadata\" controls=\"controls\"><source type=\"video\/mp4\" src=\"https:\/\/effik.ch\/wp-content\/uploads\/2024\/05\/Polybactum_FR.mp4?_=1\" \/><a href=\"https:\/\/effik.ch\/wp-content\/uploads\/2024\/05\/Polybactum_FR.mp4\">https:\/\/effik.ch\/wp-content\/uploads\/2024\/05\/Polybactum_FR.mp4<\/a><\/video><\/div>\n\t\t<\/div>\n\t<\/div>\n<\/div>\n\n\n<script>\n\/\/ \/\/Accordion.\n\/\/ jQuery( function( $ ) {\n\/\/ \tvar accItem = document.getElementsByClassName(\"accordion\");\n\/\/ \tvar accHD = document.getElementsByClassName(\"accordion-title\");\n\/\/ \tfor (i = 0; i < accHD.length; i++) {\n\/\/ \taccHD[i].addEventListener(\"click\", toggleItem, false);\n\/\/ \t}\n\/\/ \tfunction toggleItem() {\n\/\/ \tvar itemClass = this.parentNode.className;\n\/\/ \tfor (i = 0; i < accItem.length; i++) {\n\/\/ \t\taccItem[i].className = \"accordion close\";\n\/\/ \t}\n\/\/ \tif (\"accordion close\" == itemClass) {\n\/\/ \t\tthis.parentNode.className = \"accordion open\";\n\/\/ \t}\n\/\/ \t}        \n\/\/ });\n<\/script>\n\n<div id=\"bakterielle-vaginose\" class=\"faqs-block alignfull\" style=\"\">\n<div class=\"wrap\">\n<h2 class=\"heading_40_semibold\">La vaginose bact\u00e9rienne<\/h2>\n<div class=\"accordion-container\">\n<li class=\"accordion open\">\t\t<div class=\"accordion-title\"><h3>La vaginose d'origine bact\u00e9rienne, c\u2019est quoi ?<\/h3><div class=\"accordion-btn dsk-accordion-btn\"><\/div><\/div>\n\t\t<div class=\"accordion-content\">\n\t\t\t\t\t\t\t<div class=\"faqs-left-content\"><p>La vaginose d\u2019origine bact\u00e9rienne touche de nombreuses femmes. Environ 20 \u00e0 30 % des femmes en \u00e2ge de procr\u00e9er en sont atteintes. La vaginose bact\u00e9rienne r\u00e9sulte d\u2019un d\u00e9s\u00e9quilibre de la composition de la flore vaginale. Le milieu vaginal est colonis\u00e9 par un grand nombre de bact\u00e9ries diff\u00e9rentes. A l\u2019\u00e9tat normal, on trouve dans le vagin une majorit\u00e9 de lactobacilles (bact\u00e9ries lactiques). Les lactobacilles rendent le milieu vaginal acide et produisent des substances pr\u00e9sentant une action antibact\u00e9rienne qui interdisent la prolif\u00e9ration excessive d\u2019autres bact\u00e9ries.<\/p>\n<p>Lors d\u2019une <strong>vaginose bact\u00e9rienne<\/strong>, les lactobacilles sont compl\u00e8tement ou partiellement remplac\u00e9s par d\u2019autres types de bact\u00e9ries. Il s\u2019agit avant tout de Gardnerella vaginalis.<\/p>\n<\/div>\n\t\t\t\t\t\t\t\t<\/div>\n\t\t<div class=\"accordion-btn mbl-accordion-btn\"><\/div>\n\t\t<li class=\"accordion close\">\t\t<div class=\"accordion-title\"><h3>Quels sont les facteurs de risque ?<\/h3><div class=\"accordion-btn dsk-accordion-btn\"><\/div><\/div>\n\t\t<div class=\"accordion-content\">\n\t\t\t\t\t\t\t<div class=\"faqs-left-content\"><ul>\n<li style=\"font-weight: 400;\" aria-level=\"1\">une hygi\u00e8ne intime excessive (douches vaginales fr\u00e9quentes)<\/li>\n<li style=\"font-weight: 400;\" aria-level=\"1\">le faible taux d\u2019oestrog\u00e8nes4 (pendant les jours qui pr\u00e9c\u00e8dent ou suivent les r\u00e8gles, pendant la grossesse ou lors de la m\u00e9nopause)<\/li>\n<li style=\"font-weight: 400;\" aria-level=\"1\">le tabagisme<\/li>\n<li style=\"font-weight: 400;\" aria-level=\"1\">un changement fr\u00e9quent de partenaire sexuel<\/li>\n<li style=\"font-weight: 400;\" aria-level=\"1\">un stress prolong\u00e9<\/li>\n<li style=\"font-weight: 400;\" aria-level=\"1\">un syst\u00e8me immunitaire affaibli<\/li>\n<\/ul>\n<\/div>\n\t\t\t\t\t\t\t\t<\/div>\n\t\t<div class=\"accordion-btn mbl-accordion-btn\"><\/div>\n\t\t<li class=\"accordion close\">\t\t<div class=\"accordion-title\"><h3>Quels sont les sympt\u00f4mes ?<\/h3><div class=\"accordion-btn dsk-accordion-btn\"><\/div><\/div>\n\t\t<div class=\"accordion-content\">\n\t\t\t\t\t\t\t<div class=\"faqs-left-content\"><ul>\n<li><strong>Pertes vaginales anormales<\/strong>: plus abondantes que d\u2019habitude et malodorantes (odeur de poisson avari\u00e9), principalement apr\u00e8s les relations sexuelles ou pendant les r\u00e8gles.<\/li>\n<\/ul>\n<\/div>\n\t\t\t\t\t\t\t\t<\/div>\n\t\t<div class=\"accordion-btn mbl-accordion-btn\"><\/div>\n\t\t<li class=\"accordion close\">\t\t<div class=\"accordion-title\"><h3>Quels sont les risques entra\u00een\u00e9s par la vaginose bact\u00e9rienne ?<\/h3><div class=\"accordion-btn dsk-accordion-btn\"><\/div><\/div>\n\t\t<div class=\"accordion-content\">\n\t\t\t\t\t\t\t<div class=\"faqs-left-content\"><ul>\n<li>Des \u00e9pisodes r\u00e9currents de vaginose bact\u00e9rienne risquent de favoriser l\u2019apparition d\u2019infections de l\u2019ut\u00e9rus (endom\u00e9trite) ainsi qu\u2019aux trompes (maladie inflammatoire pelvienne). Surtout apr\u00e8s une op\u00e9ration de chirurgie du vagin.<\/li>\n<li>Pendant la <strong>grossesse<\/strong>, la vaginose bact\u00e9rienne peut \u00eatre un facteur de risque pour un accouchement pr\u00e9matur\u00e9.<\/li>\n<li>Le d\u00e9s\u00e9quilibre de la flore vaginale qui accompagne la vaginose bact\u00e9rienne est un facteur favorisant la contraction de maladies sexuellement transmissibles (gonorrh\u00e9e, infection \u00e0 chlamydia, herp\u00e8s g\u00e9nital et le VIH)<\/li>\n<\/ul>\n<\/div>\n\t\t\t\t\t\t\t\t<\/div>\n\t\t<div class=\"accordion-btn mbl-accordion-btn\"><\/div>\n\t\t<li class=\"accordion close\">\t\t<div class=\"accordion-title\"><h3>Les antibiotiques sont-ils efficaces \u00e0 long terme ?<\/h3><div class=\"accordion-btn dsk-accordion-btn\"><\/div><\/div>\n\t\t<div class=\"accordion-content\">\n\t\t\t\t\t\t\t<div class=\"faqs-left-content\"><p>En g\u00e9n\u00e9ral, la vaginose bact\u00e9rienne est trait\u00e9e avec un antibiotique adapt\u00e9. Cependant, ces derniers ne sont souvent efficaces qu\u2019\u00e0 court terme. <strong>En effet, 4 femmes sur 10 souffrent d\u2019une r\u00e9cidive 3 mois apr\u00e8s l\u2019arr\u00eat du traitement antibiotique<\/strong><sup>1<\/sup>.<\/p>\n<p>Les bact\u00e9ries <em>Gardnerella vaginalis<\/em> produisent un biofilm sur la muqueuse vaginale. L\u2019antibioth\u00e9rapie ne d\u00e9truit que partiellement ce biofilm. C\u2019est pourquoi l\u2019arr\u00eat du traitement peut alors entra\u00eener la reconstitution du biofilm favorisant ainsi les r\u00e9cidives de vaginose bact\u00e9rienne.<\/p>\n<p><img loading=\"lazy\" decoding=\"async\" class=\"dsk-image aligncenter size-full\" src=\"https:\/\/effik.ch\/wp-content\/uploads\/2024\/05\/gardnerella-FR.png\" alt=\"\" width=\"744\" height=\"299\" \/><br \/>\n<img loading=\"lazy\" decoding=\"async\" class=\"mbl-image\" src=\"https:\/\/effik.ch\/wp-content\/uploads\/2024\/04\/polybactum-faqs-mbl-img.png\" alt=\"\" width=\"541\" height=\"898\" \/><\/p>\n<p>Par cons\u00e9quent, nous vous recommandons d&rsquo;utiliser les ovules vaginaux <strong>Polybactum<sup>\u00ae<\/sup> imm\u00e9diatement apr\u00e8s le traitement antibiotique<\/strong>.\u00a0Gr\u00e2ce \u00e0 sa triple action, <strong>Polybactum<sup>\u00ae<\/sup> pr\u00e9vient les r\u00e9cidives de vaginose bact\u00e9rienne<\/strong>.<\/p>\n<div class=\"body_14_regular\">1. Austin MN, et al. Microbiologic response to treatment of bacterial vaginosis with topical clindamycin or metronidazole.<br \/>\nJ Clin Microbiol. 2005 Sep;43(9):4492-7<\/div>\n<\/div>\n\t\t\t\t\t\t\t\t<\/div>\n\t\t<div class=\"accordion-btn mbl-accordion-btn\"><\/div>\n\t\t<\/div>\n<\/div><\/div>\n<style>\n\t.accordion.open .accordion-btn {\n\t\tbackground: url('https:\/\/effik.ch\/wp-content\/uploads\/2024\/05\/fermer-btn.svg')\n\t\t\tno-repeat center \/ contain;\n\t}\n\t.accordion.close .accordion-btn {\n\t\tbackground: url('https:\/\/effik.ch\/wp-content\/uploads\/2024\/05\/ouvrir-btn.svg')\n\t\t\tno-repeat center \/ contain;\n\t}\n<\/style>\n","protected":false},"excerpt":{"rendered":"","protected":false},"author":1,"featured_media":0,"parent":870,"menu_order":2,"comment_status":"closed","ping_status":"closed","template":"","meta":{"_acf_changed":false,"footnotes":""},"class_list":{"2":"type-page","4":"hentry"},"acf":[],"yoast_head":"<!-- This site is optimized with the Yoast SEO plugin v25.1 - https:\/\/yoast.com\/wordpress\/plugins\/seo\/ -->\n<title>La vaginose bact\u00e9rienne - EFFIK<\/title>\n<meta name=\"robots\" content=\"index, follow, max-snippet:-1, max-image-preview:large, max-video-preview:-1\" \/>\n<link rel=\"canonical\" href=\"https:\/\/effik.ch\/fr\/gynecologie\/sante-vaginale\/la-vaginose-bacterienne\/\" \/>\n<meta property=\"og:locale\" content=\"fr_FR\" \/>\n<meta property=\"og:type\" content=\"article\" \/>\n<meta property=\"og:title\" content=\"La vaginose bact\u00e9rienne - EFFIK\" \/>\n<meta property=\"og:url\" content=\"https:\/\/effik.ch\/fr\/gynecologie\/sante-vaginale\/la-vaginose-bacterienne\/\" \/>\n<meta property=\"og:site_name\" content=\"EFFIK\" \/>\n<meta property=\"article:modified_time\" content=\"2024-06-17T08:59:51+00:00\" \/>\n<meta name=\"twitter:card\" content=\"summary_large_image\" \/>\n<script type=\"application\/ld+json\" class=\"yoast-schema-graph\">{\"@context\":\"https:\/\/schema.org\",\"@graph\":[{\"@type\":\"WebPage\",\"@id\":\"https:\/\/effik.ch\/fr\/gynecologie\/sante-vaginale\/la-vaginose-bacterienne\/\",\"url\":\"https:\/\/effik.ch\/fr\/gynecologie\/sante-vaginale\/la-vaginose-bacterienne\/\",\"name\":\"La vaginose bact\u00e9rienne - EFFIK\",\"isPartOf\":{\"@id\":\"https:\/\/effik.ch\/fr\/#website\"},\"datePublished\":\"2024-03-20T09:21:49+00:00\",\"dateModified\":\"2024-06-17T08:59:51+00:00\",\"breadcrumb\":{\"@id\":\"https:\/\/effik.ch\/fr\/gynecologie\/sante-vaginale\/la-vaginose-bacterienne\/#breadcrumb\"},\"inLanguage\":\"fr-FR\",\"potentialAction\":[{\"@type\":\"ReadAction\",\"target\":[\"https:\/\/effik.ch\/fr\/gynecologie\/sante-vaginale\/la-vaginose-bacterienne\/\"]}]},{\"@type\":\"BreadcrumbList\",\"@id\":\"https:\/\/effik.ch\/fr\/gynecologie\/sante-vaginale\/la-vaginose-bacterienne\/#breadcrumb\",\"itemListElement\":[{\"@type\":\"ListItem\",\"position\":1,\"name\":\"Home\",\"item\":\"https:\/\/effik.ch\/fr\/\"},{\"@type\":\"ListItem\",\"position\":2,\"name\":\"Gyn\u00e9cologie\",\"item\":\"https:\/\/effik.ch\/fr\/gynecologie\/\"},{\"@type\":\"ListItem\",\"position\":3,\"name\":\"Sant\u00e9 vaginale\",\"item\":\"https:\/\/effik.ch\/fr\/gynecologie\/sante-vaginale\/\"},{\"@type\":\"ListItem\",\"position\":4,\"name\":\"La vaginose bact\u00e9rienne\"}]},{\"@type\":\"WebSite\",\"@id\":\"https:\/\/effik.ch\/fr\/#website\",\"url\":\"https:\/\/effik.ch\/fr\/\",\"name\":\"EFFIK\",\"description\":\"\",\"potentialAction\":[{\"@type\":\"SearchAction\",\"target\":{\"@type\":\"EntryPoint\",\"urlTemplate\":\"https:\/\/effik.ch\/fr\/?s={search_term_string}\"},\"query-input\":{\"@type\":\"PropertyValueSpecification\",\"valueRequired\":true,\"valueName\":\"search_term_string\"}}],\"inLanguage\":\"fr-FR\"}]}<\/script>\n<!-- \/ Yoast SEO plugin. -->","yoast_head_json":{"title":"La vaginose bact\u00e9rienne - EFFIK","robots":{"index":"index","follow":"follow","max-snippet":"max-snippet:-1","max-image-preview":"max-image-preview:large","max-video-preview":"max-video-preview:-1"},"canonical":"https:\/\/effik.ch\/fr\/gynecologie\/sante-vaginale\/la-vaginose-bacterienne\/","og_locale":"fr_FR","og_type":"article","og_title":"La vaginose bact\u00e9rienne - EFFIK","og_url":"https:\/\/effik.ch\/fr\/gynecologie\/sante-vaginale\/la-vaginose-bacterienne\/","og_site_name":"EFFIK","article_modified_time":"2024-06-17T08:59:51+00:00","twitter_card":"summary_large_image","schema":{"@context":"https:\/\/schema.org","@graph":[{"@type":"WebPage","@id":"https:\/\/effik.ch\/fr\/gynecologie\/sante-vaginale\/la-vaginose-bacterienne\/","url":"https:\/\/effik.ch\/fr\/gynecologie\/sante-vaginale\/la-vaginose-bacterienne\/","name":"La vaginose bact\u00e9rienne - EFFIK","isPartOf":{"@id":"https:\/\/effik.ch\/fr\/#website"},"datePublished":"2024-03-20T09:21:49+00:00","dateModified":"2024-06-17T08:59:51+00:00","breadcrumb":{"@id":"https:\/\/effik.ch\/fr\/gynecologie\/sante-vaginale\/la-vaginose-bacterienne\/#breadcrumb"},"inLanguage":"fr-FR","potentialAction":[{"@type":"ReadAction","target":["https:\/\/effik.ch\/fr\/gynecologie\/sante-vaginale\/la-vaginose-bacterienne\/"]}]},{"@type":"BreadcrumbList","@id":"https:\/\/effik.ch\/fr\/gynecologie\/sante-vaginale\/la-vaginose-bacterienne\/#breadcrumb","itemListElement":[{"@type":"ListItem","position":1,"name":"Home","item":"https:\/\/effik.ch\/fr\/"},{"@type":"ListItem","position":2,"name":"Gyn\u00e9cologie","item":"https:\/\/effik.ch\/fr\/gynecologie\/"},{"@type":"ListItem","position":3,"name":"Sant\u00e9 vaginale","item":"https:\/\/effik.ch\/fr\/gynecologie\/sante-vaginale\/"},{"@type":"ListItem","position":4,"name":"La vaginose bact\u00e9rienne"}]},{"@type":"WebSite","@id":"https:\/\/effik.ch\/fr\/#website","url":"https:\/\/effik.ch\/fr\/","name":"EFFIK","description":"","potentialAction":[{"@type":"SearchAction","target":{"@type":"EntryPoint","urlTemplate":"https:\/\/effik.ch\/fr\/?s={search_term_string}"},"query-input":{"@type":"PropertyValueSpecification","valueRequired":true,"valueName":"search_term_string"}}],"inLanguage":"fr-FR"}]}},"_links":{"self":[{"href":"https:\/\/effik.ch\/fr\/wp-json\/wp\/v2\/pages\/882","targetHints":{"allow":["GET"]}}],"collection":[{"href":"https:\/\/effik.ch\/fr\/wp-json\/wp\/v2\/pages"}],"about":[{"href":"https:\/\/effik.ch\/fr\/wp-json\/wp\/v2\/types\/page"}],"author":[{"embeddable":true,"href":"https:\/\/effik.ch\/fr\/wp-json\/wp\/v2\/users\/1"}],"replies":[{"embeddable":true,"href":"https:\/\/effik.ch\/fr\/wp-json\/wp\/v2\/comments?post=882"}],"version-history":[{"count":19,"href":"https:\/\/effik.ch\/fr\/wp-json\/wp\/v2\/pages\/882\/revisions"}],"predecessor-version":[{"id":1217,"href":"https:\/\/effik.ch\/fr\/wp-json\/wp\/v2\/pages\/882\/revisions\/1217"}],"up":[{"embeddable":true,"href":"https:\/\/effik.ch\/fr\/wp-json\/wp\/v2\/pages\/870"}],"wp:attachment":[{"href":"https:\/\/effik.ch\/fr\/wp-json\/wp\/v2\/media?parent=882"}],"curies":[{"name":"wp","href":"https:\/\/api.w.org\/{rel}","templated":true}]}}