{"id":909,"date":"2024-03-18T07:03:38","date_gmt":"2024-03-18T05:03:38","guid":{"rendered":"https:\/\/effik.ch\/neurologie\/amyotrophe-lateralsklerose\/"},"modified":"2024-06-17T11:05:14","modified_gmt":"2024-06-17T09:05:14","slug":"sclerose-laterale-amyotrophique","status":"publish","type":"page","link":"https:\/\/effik.ch\/fr\/neurologie\/sclerose-laterale-amyotrophique\/","title":{"rendered":"Scl\u00e9rose lat\u00e9rale amyotrophique"},"content":{"rendered":"<div id=\"block_68af1d60ba0a01597d1e3ce20c04adee\" class=\"hero-block alignfull\" style=\"background-image: url(https:\/\/effik.ch\/wp-content\/uploads\/2024\/03\/amyotrophe.jpg)\">\n\t<div class=\"wrap\">\n\t\t\t\t<h1 class=\"entry-title\">Scl\u00e9rose lat\u00e9rale <br \/>\r\namyotrophique<\/h1>\n\t\t\t<\/div>\n<\/div>\n\n\n<div id=\"block_faab78cfc96383bd9b6cd6f823b7f149\" class=\"hero-text-block alignfull\" style=\"\">\n\t<div class=\"wrap\">\n\t\t\t\t\t\t\t<div class=\"hero-text\"><p>La scl\u00e9rose lat\u00e9rale amyotrophique (SLA) est une maladie neurod\u00e9g\u00e9n\u00e9rative progressive dans laquelle les cellules nerveuses responsables du contr\u00f4le des muscles et donc des mouvements sont endommag\u00e9es. L&rsquo;atrophie musculaire progressive et la perte de fonctions entra\u00eenent des difficult\u00e9s croissantes en termes de mobilit\u00e9, d&rsquo;\u00e9locution, de d\u00e9glutition et de respiration.<\/p>\n<p>D&rsquo;apr\u00e8s les donn\u00e9es de l&rsquo;Association SLA Suisse, entre 500 et 700 personnes vivent actuellement en Suisse avec la SLA, et chaque ann\u00e9e, entre 100 et 150 nouveaux cas sont identifi\u00e9s. L&rsquo;esp\u00e9rance de vie apr\u00e8s le diagnostic est de trois \u00e0 quatre ans, mais dans des cas rares (10%), elle peut d\u00e9passer dix ans<sup>1<\/sup>. Bien que la cause exacte de la maladie soit encore inconnue, il existe d\u00e9sormais plusieurs approches th\u00e9rapeutiques pour ralentir l&rsquo;\u00e9volution de la maladie et traiter les sympt\u00f4mes.<\/p>\n<p><a href=\"https:\/\/www.als-stiftung.ch\/fr\/quest-ce-que-la-sla\/\" target=\"_blank\" rel=\"noopener\">1. https:\/\/www.als-stiftung.ch\/fr\/quest-ce-que-la-sla\/<\/a><\/p>\n<\/div>\n\t\t\t<\/div>\n<\/div>\n","protected":false},"excerpt":{"rendered":"","protected":false},"author":1,"featured_media":0,"parent":905,"menu_order":0,"comment_status":"closed","ping_status":"closed","template":"","meta":{"_acf_changed":false,"footnotes":""},"class_list":{"2":"type-page","4":"hentry"},"acf":[],"yoast_head":"<!-- This site is optimized with the Yoast SEO plugin v25.1 - https:\/\/yoast.com\/wordpress\/plugins\/seo\/ -->\n<title>Scl\u00e9rose lat\u00e9rale amyotrophique - EFFIK<\/title>\n<meta name=\"robots\" content=\"index, follow, max-snippet:-1, max-image-preview:large, max-video-preview:-1\" \/>\n<link rel=\"canonical\" href=\"https:\/\/effik.ch\/fr\/neurologie\/sclerose-laterale-amyotrophique\/\" \/>\n<meta property=\"og:locale\" content=\"fr_FR\" \/>\n<meta property=\"og:type\" content=\"article\" \/>\n<meta property=\"og:title\" content=\"Scl\u00e9rose lat\u00e9rale amyotrophique - EFFIK\" \/>\n<meta property=\"og:url\" content=\"https:\/\/effik.ch\/fr\/neurologie\/sclerose-laterale-amyotrophique\/\" \/>\n<meta property=\"og:site_name\" content=\"EFFIK\" \/>\n<meta property=\"article:modified_time\" content=\"2024-06-17T09:05:14+00:00\" \/>\n<meta name=\"twitter:card\" content=\"summary_large_image\" \/>\n<script type=\"application\/ld+json\" class=\"yoast-schema-graph\">{\"@context\":\"https:\/\/schema.org\",\"@graph\":[{\"@type\":\"WebPage\",\"@id\":\"https:\/\/effik.ch\/fr\/neurologie\/sclerose-laterale-amyotrophique\/\",\"url\":\"https:\/\/effik.ch\/fr\/neurologie\/sclerose-laterale-amyotrophique\/\",\"name\":\"Scl\u00e9rose lat\u00e9rale amyotrophique - EFFIK\",\"isPartOf\":{\"@id\":\"https:\/\/effik.ch\/fr\/#website\"},\"datePublished\":\"2024-03-18T05:03:38+00:00\",\"dateModified\":\"2024-06-17T09:05:14+00:00\",\"breadcrumb\":{\"@id\":\"https:\/\/effik.ch\/fr\/neurologie\/sclerose-laterale-amyotrophique\/#breadcrumb\"},\"inLanguage\":\"fr-FR\",\"potentialAction\":[{\"@type\":\"ReadAction\",\"target\":[\"https:\/\/effik.ch\/fr\/neurologie\/sclerose-laterale-amyotrophique\/\"]}]},{\"@type\":\"BreadcrumbList\",\"@id\":\"https:\/\/effik.ch\/fr\/neurologie\/sclerose-laterale-amyotrophique\/#breadcrumb\",\"itemListElement\":[{\"@type\":\"ListItem\",\"position\":1,\"name\":\"Home\",\"item\":\"https:\/\/effik.ch\/fr\/\"},{\"@type\":\"ListItem\",\"position\":2,\"name\":\"Neurologie\",\"item\":\"https:\/\/effik.ch\/fr\/neurologie\/\"},{\"@type\":\"ListItem\",\"position\":3,\"name\":\"Scl\u00e9rose lat\u00e9rale amyotrophique\"}]},{\"@type\":\"WebSite\",\"@id\":\"https:\/\/effik.ch\/fr\/#website\",\"url\":\"https:\/\/effik.ch\/fr\/\",\"name\":\"EFFIK\",\"description\":\"\",\"potentialAction\":[{\"@type\":\"SearchAction\",\"target\":{\"@type\":\"EntryPoint\",\"urlTemplate\":\"https:\/\/effik.ch\/fr\/?s={search_term_string}\"},\"query-input\":{\"@type\":\"PropertyValueSpecification\",\"valueRequired\":true,\"valueName\":\"search_term_string\"}}],\"inLanguage\":\"fr-FR\"}]}<\/script>\n<!-- \/ Yoast SEO plugin. -->","yoast_head_json":{"title":"Scl\u00e9rose lat\u00e9rale amyotrophique - EFFIK","robots":{"index":"index","follow":"follow","max-snippet":"max-snippet:-1","max-image-preview":"max-image-preview:large","max-video-preview":"max-video-preview:-1"},"canonical":"https:\/\/effik.ch\/fr\/neurologie\/sclerose-laterale-amyotrophique\/","og_locale":"fr_FR","og_type":"article","og_title":"Scl\u00e9rose lat\u00e9rale amyotrophique - EFFIK","og_url":"https:\/\/effik.ch\/fr\/neurologie\/sclerose-laterale-amyotrophique\/","og_site_name":"EFFIK","article_modified_time":"2024-06-17T09:05:14+00:00","twitter_card":"summary_large_image","schema":{"@context":"https:\/\/schema.org","@graph":[{"@type":"WebPage","@id":"https:\/\/effik.ch\/fr\/neurologie\/sclerose-laterale-amyotrophique\/","url":"https:\/\/effik.ch\/fr\/neurologie\/sclerose-laterale-amyotrophique\/","name":"Scl\u00e9rose lat\u00e9rale amyotrophique - EFFIK","isPartOf":{"@id":"https:\/\/effik.ch\/fr\/#website"},"datePublished":"2024-03-18T05:03:38+00:00","dateModified":"2024-06-17T09:05:14+00:00","breadcrumb":{"@id":"https:\/\/effik.ch\/fr\/neurologie\/sclerose-laterale-amyotrophique\/#breadcrumb"},"inLanguage":"fr-FR","potentialAction":[{"@type":"ReadAction","target":["https:\/\/effik.ch\/fr\/neurologie\/sclerose-laterale-amyotrophique\/"]}]},{"@type":"BreadcrumbList","@id":"https:\/\/effik.ch\/fr\/neurologie\/sclerose-laterale-amyotrophique\/#breadcrumb","itemListElement":[{"@type":"ListItem","position":1,"name":"Home","item":"https:\/\/effik.ch\/fr\/"},{"@type":"ListItem","position":2,"name":"Neurologie","item":"https:\/\/effik.ch\/fr\/neurologie\/"},{"@type":"ListItem","position":3,"name":"Scl\u00e9rose lat\u00e9rale amyotrophique"}]},{"@type":"WebSite","@id":"https:\/\/effik.ch\/fr\/#website","url":"https:\/\/effik.ch\/fr\/","name":"EFFIK","description":"","potentialAction":[{"@type":"SearchAction","target":{"@type":"EntryPoint","urlTemplate":"https:\/\/effik.ch\/fr\/?s={search_term_string}"},"query-input":{"@type":"PropertyValueSpecification","valueRequired":true,"valueName":"search_term_string"}}],"inLanguage":"fr-FR"}]}},"_links":{"self":[{"href":"https:\/\/effik.ch\/fr\/wp-json\/wp\/v2\/pages\/909","targetHints":{"allow":["GET"]}}],"collection":[{"href":"https:\/\/effik.ch\/fr\/wp-json\/wp\/v2\/pages"}],"about":[{"href":"https:\/\/effik.ch\/fr\/wp-json\/wp\/v2\/types\/page"}],"author":[{"embeddable":true,"href":"https:\/\/effik.ch\/fr\/wp-json\/wp\/v2\/users\/1"}],"replies":[{"embeddable":true,"href":"https:\/\/effik.ch\/fr\/wp-json\/wp\/v2\/comments?post=909"}],"version-history":[{"count":7,"href":"https:\/\/effik.ch\/fr\/wp-json\/wp\/v2\/pages\/909\/revisions"}],"predecessor-version":[{"id":1230,"href":"https:\/\/effik.ch\/fr\/wp-json\/wp\/v2\/pages\/909\/revisions\/1230"}],"up":[{"embeddable":true,"href":"https:\/\/effik.ch\/fr\/wp-json\/wp\/v2\/pages\/905"}],"wp:attachment":[{"href":"https:\/\/effik.ch\/fr\/wp-json\/wp\/v2\/media?parent=909"}],"curies":[{"name":"wp","href":"https:\/\/api.w.org\/{rel}","templated":true}]}}