{"id":924,"date":"2024-03-21T07:42:43","date_gmt":"2024-03-21T05:42:43","guid":{"rendered":"https:\/\/effik.ch\/uber-uns\/"},"modified":"2025-05-23T06:41:29","modified_gmt":"2025-05-23T04:41:29","slug":"a-propos-de-nous","status":"publish","type":"page","link":"https:\/\/effik.ch\/fr\/a-propos-de-nous\/","title":{"rendered":"\u00c0 propos de nous"},"content":{"rendered":"<div id=\"block_0a883fe83333e1758ada7b122a3d4226\" class=\"hero-block alignfull\" style=\"background-image: url(https:\/\/effik.ch\/wp-content\/uploads\/2024\/03\/uber-uns.jpg)\">\n\t<div class=\"wrap\">\n\t\t\t\t<h1 class=\"entry-title\">\u00c0 propos de nous<\/h1>\n\t\t\t<\/div>\n<\/div>\n\n\n<div id=\"block_968524f7e5a6f6b7cc9fe5c1241f95dd\" class=\"secondary-menu-block alignfull\" style=\"\">\n<ul class=\"secondary-menu-container\">\n\t\t\t<li class=\"secondary-menu-item\">\n\t\t\t<a class=\"secondary-menu-item__content\" href=\"#EFFIK-Suisse\">EFFIK Suisse<\/a>\n\t\t<\/li>\n\t\t\t\t<li class=\"secondary-menu-item\">\n\t\t\t<a class=\"secondary-menu-item__content\" href=\"#EFFIK-ITF-Group\">EFFIK-ITALFARMACO Group<\/a>\n\t\t<\/li>\n\t\t\t\t<li class=\"secondary-menu-item\">\n\t\t\t<a class=\"secondary-menu-item__content\" href=\"#Unsere-Werte\">Nos valeurs<\/a>\n\t\t<\/li>\n\t\t\t<\/ul>\n\t<\/div>\n\n\n<div id=\"EFFIK-Suisse\" class=\"inner-hero-block border-0 hero-about-mbl alignfull hero-mbl-column\" style=\"background-image: url(https:\/\/effik.ch\/wp-content\/uploads\/2024\/03\/uber-uns-inner-hero-bg.svg)\">\n<div class=\"anchor-div\"><\/div>\n\n\t\t\t\t<div class=\"inner-hero-bg-mbl\" style=\"background-image: url(https:\/\/effik.ch\/wp-content\/uploads\/2024\/03\/uber-uns-inner-hero-bg.svg)\">\n\n\t\t\t\t\t\t<\/div>\n\t<div class=\"wrap\" style=\"flex-direction: row-reverse;\">\n\t\t<div class=\"content-container\" style=\"text-align: left;\">\n\t\t\t\t\t\t<h2 class=\"section-title\">EFFIK Suisse : <br \/>\r\nun engagement <br \/>\r\nenvers les patients<\/h2>\n\t\t\t\t\t\t\t\t\t\t\t<\/div>\n\t<\/div>\n<\/div>\n<style>\n\t.inner-hero-block {\n\t\t@media (min-width: 768px) {\n\t\taspect-ratio:  \/ 264; \n\t\tmin-height: 264px;\n\t\t}\n\t}\n<\/style>\n\n\n<div id=\"block_2487b705b87d76b701dc7dcc3e7ced10\" class=\"hero-text-block body_16_regular mbl-padding-top-0 alignfull\" style=\"\">\n\t<div class=\"wrap\">\n\t\t\t\t\t\t\t<div class=\"hero-text\"><div class=\"hero-text-cols2\">\n<div class=\"hero-text-col1\">\n<p class=\"p1\">EFFIK Suisse est une entreprise pharmaceutique familiale bas\u00e9e \u00e0 Nyon (Suisse) qui s\u2019engage pour le bien-\u00eatre des patients.<\/p>\n<p>Pr\u00e9sent en Suisse depuis 2006, EFFIK occupe une position de leader dans le domaine de la sant\u00e9 f\u00e9minine. L\u2019entreprise s\u2019efforce d\u2019innover et de d\u00e9velopper son expertise, notamment dans de\u00a0<b>nouveaux domaines th\u00e9rapeutiques tels que la neurologie ainsi que la prophylaxie et le traitement de la thrombose.<\/b><\/p>\n<p>Avec notre gamme de produits en constante \u00e9volution, nous nous concentrons sur des solutions pour r\u00e9pondre aux besoins vari\u00e9s des patients ainsi que des prestataires de soins de sant\u00e9, tout en b\u00e9n\u00e9ficiant des ressources et des comp\u00e9tences de notre soci\u00e9t\u00e9 m\u00e8re, <strong>ITALFARMACO<\/strong>, bas\u00e9e en Italie.<\/p>\n<\/div>\n<div class=\"hero-text-col2 col2-mbl-center\"><img decoding=\"async\" class=\"img-mbl-center aligncenter wp-image-550 size-medium\" role=\"img\" src=\"https:\/\/effik.ch\/wp-content\/uploads\/2024\/04\/EFFIK_ITALFARMACO_logo-300x232.png\" alt=\"\" width=\"250\" height=\"auto\" srcset=\"https:\/\/effik.ch\/wp-content\/uploads\/2024\/04\/EFFIK_ITALFARMACO_logo-300x232.png 300w, https:\/\/effik.ch\/wp-content\/uploads\/2024\/04\/EFFIK_ITALFARMACO_logo.png 620w\" sizes=\"(max-width: 300px) 100vw, 300px\" \/><\/div>\n<\/div>\n<p>EFFIK dispose d\u2019une longue expertise et d\u2019une gamme de produits \u00e9toff\u00e9e en gyn\u00e9cologie. Il s\u2019agit d\u2019une entreprise engag\u00e9e pour la sant\u00e9 et le bien-\u00eatre des femmes dans toutes les situations qu\u2019elles peuvent rencontrer au cours de leur vie. Notre gamme de produits s\u2019\u00e9tend des contraceptifs aux compl\u00e9ments alimentaires pour les femmes d\u00e9sirant avoir des enfants, pendant la grossesse et l\u2019allaitement jusqu\u2019aux produits pour la flore vaginale et la m\u00e9nopause. Nous proposons \u00e9galement des dispositifs m\u00e9dicaux pour le traitement de certains sympt\u00f4mes li\u00e9s aux infections bact\u00e9riennes ou \u00e0 l\u2019atrophie vaginale, l\u2019infection \u00e0 HPV, etc.<\/p>\n<p>Depuis 2018, EFFIK a \u00e9largi son portefeuille en int\u00e9grant dans le domaine de la neurologie un traitement pour une maladie rare : la scl\u00e9rose lat\u00e9rale amyotrophique (SLA).<\/p>\n<p>En 2022, EFFIK a lanc\u00e9 sur le march\u00e9 suisse un m\u00e9dicament biosimilaire \u00e0 base d\u2019\u00e9noxaparine sodique et est donc \u00e9galement actif dans les domaines th\u00e9rapeutiques de l\u2019h\u00e9matologie et de la cardiologie.<\/p>\n<div class=\"icon-text-2cols mt-36 mb-24\">\n<div class=\"icon-text\">\n<div class=\"icon-text-icon\"><img loading=\"lazy\" decoding=\"async\" class=\"alignleft size-full wp-image-314\" role=\"img\" src=\"https:\/\/effik.ch\/wp-content\/uploads\/2024\/03\/uber-uns-icon-1.svg\" alt=\"\" width=\"76\" height=\"65\" \/><\/div>\n<div class=\"icon-text-text\">Avec une \u00e9quipe dynamique, nous travaillons chaque jour avec passion et engagement pour am\u00e9liorer la vie des patients.<\/div>\n<\/div>\n<div class=\"icon-text\">\n<div class=\"icon-text-icon\"><img loading=\"lazy\" decoding=\"async\" class=\"alignleft size-full wp-image-313\" role=\"img\" src=\"https:\/\/effik.ch\/wp-content\/uploads\/2024\/03\/uber-uns-icon-2.svg\" alt=\"\" width=\"63\" height=\"65\" \/><\/div>\n<div class=\"icon-text-text\">La hi\u00e9rarchie horizontale et les processus d\u00e9cisionnels courts au sein de l\u2019entreprise permettent d\u2019agir de fa\u00e7on innovante et d\u2019\u00eatre \u00e0 la pointe du progr\u00e8s. La recherche et le d\u00e9veloppement sont effectu\u00e9es par ITALFARMACO, en innovant et en offrant des solutions adapt\u00e9es.<\/div>\n<\/div>\n<\/div>\n<div class=\"icon-text-2cols mb-36 mt-24\">\n<div class=\"icon-text\">\n<div class=\"icon-text-icon\"><img loading=\"lazy\" decoding=\"async\" class=\"alignleft size-full wp-image-312\" role=\"img\" src=\"https:\/\/effik.ch\/wp-content\/uploads\/2024\/03\/uber-uns-icon-3.svg\" alt=\"\" width=\"66\" height=\"65\" \/><\/div>\n<div class=\"icon-text-text\">Nous attachons une grande importance \u00e0 la mise en place d\u2019une \u00e9troite collaboration avec les m\u00e9decins suisses, car nous sommes convaincus que c\u2019est seulement gr\u00e2ce aux \u00e9changes avec des experts que nous pouvons garantir la qualit\u00e9 des produits et faire progresser la m\u00e9decine.<\/div>\n<\/div>\n<div class=\"icon-text\">\n<div class=\"icon-text-icon\"><img loading=\"lazy\" decoding=\"async\" class=\"alignleft size-full wp-image-311\" role=\"img\" src=\"https:\/\/effik.ch\/wp-content\/uploads\/2024\/03\/uber-uns-icon-4.svg\" alt=\"\" width=\"75\" height=\"65\" \/><\/div>\n<div class=\"icon-text-text\">Nous sommes par ailleurs pr\u00e9sents dans toutes les r\u00e9gions de Suisse avec une \u00e9quipe professionnelle et comp\u00e9tente pour assurer le suivi de nos clients.<\/div>\n<\/div>\n<\/div>\n<div class=\"cabin_24_bold\" style=\"text-align: center;\">La combinaison d\u2019un savoir-faire professionnel, d\u2019une collaboration \u00e9troite avec des professionnels de la sant\u00e9 et d\u2019une gamme de produits diversifi\u00e9e fait d\u2019EFFIK un acteur important dans le secteur de la sant\u00e9 en Suisse.<\/div>\n<\/div>\n\t\t\t<\/div>\n<\/div>\n\n\n<div id=\"EFFIK-ITF-Group\" class=\"inner-hero-block border-0 hero-about-mbl hero-mbl-padding-title alignfull hero-mbl-column\" style=\"background-image: url(https:\/\/effik.ch\/wp-content\/uploads\/2024\/03\/uber-uns-inner-hero-bg.svg)\">\n<div class=\"anchor-div\"><\/div>\n\n\t\t\t\t<div class=\"inner-hero-bg-mbl\" style=\"background-image: url(https:\/\/effik.ch\/wp-content\/uploads\/2024\/03\/uber-uns-inner-hero-bg.svg)\">\n\n\t\t\t\t\t\t<\/div>\n\t<div class=\"wrap\" style=\"flex-direction: row-reverse;\">\n\t\t<div class=\"content-container\" style=\"text-align: left;\">\n\t\t\t\t\t\t<h2 class=\"section-title\">EFFIK et ITALFARMACO :<br \/>\r\ndes partenaires forts, un r\u00e9seau mondial<br \/>\r\n<\/h2>\n\t\t\t\t\t\t\t\t\t<div class=\"section-content font-small\" style=\"max-width: 604px; align-self: flex-start;\"><div class=\"logos-wrapper-about\"><img decoding=\"async\" class=\"wp-image-653\" role=\"img\" src=\"https:\/\/effik.ch\/wp-content\/uploads\/2024\/05\/effik-logo.svg\" alt=\"\" width=\"120\" height=\"auto\" \/><br \/>\n<img loading=\"lazy\" decoding=\"async\" class=\"wp-image-654\" role=\"img\" src=\"https:\/\/effik.ch\/wp-content\/uploads\/2024\/05\/italfarmaco-logo.svg\" alt=\"\" width=\"231\" height=\"93\" \/><\/div>\n<\/div>\n\t\t\t\t\t\t\t\t<\/div>\n\t<\/div>\n<\/div>\n<style>\n\t.inner-hero-block {\n\t\t@media (min-width: 768px) {\n\t\taspect-ratio:  \/ 264; \n\t\tmin-height: 264px;\n\t\t}\n\t}\n<\/style>\n\n\n<div id=\"block_9912284a5537b49664b8be59c2c8c72d\" class=\"hero-text-block about-text-img alignfull\" style=\"\">\n\t<div class=\"wrap\">\n\t\t\t\t\t\t\t<div class=\"hero-text\"><p><img loading=\"lazy\" decoding=\"async\" class=\"alignleft size-full about-hide-dsk wp-image-309\" role=\"img\" src=\"https:\/\/effik.ch\/wp-content\/uploads\/2024\/03\/effik-italfarmaco-logo.svg\" alt=\"\" width=\"435\" height=\"106\" \/><\/p>\n<p style=\"text-align: center; max-width: 83%; margin: 0 auto 64px;\">Une \u00e9tape importante dans l\u2019histoire d\u2019EFFIK a \u00e9t\u00e9 franchie en 2015, lorsque l\u2019entreprise a rejoint le groupe<br \/>\ninternational ITALFARMACO.<br \/>\nCette d\u00e9cision strat\u00e9gique nous a permis de b\u00e9n\u00e9ficier de la vaste exp\u00e9rience et des ressources d\u2019une entreprise pharmaceutique op\u00e9rant \u00e0 l\u2019\u00e9chelle mondiale.<\/p>\n<p><strong>ITALFARMACO<\/strong>, connu pour son expertise dans un large \u00e9ventail de domaines th\u00e9rapeutiques tels que <strong>l\u2019h\u00e9matologie, la cardiologie, la neurologie, les maladies rares, l\u2019immuno-oncologie, la gyn\u00e9cologie et bien d\u2019autres<\/strong>, distribue plus de 50 sp\u00e9cialit\u00e9s dans plus de 90 pays \u00e0 travers le monde.<\/p>\n<p><img loading=\"lazy\" decoding=\"async\" class=\"about-hide-mbl aligncenter size-full\" style=\"margin: 64px auto;\" src=\"https:\/\/effik.ch\/wp-content\/uploads\/2025\/05\/specialites-pays.png\" alt=\"\" width=\"748\" height=\"179\" \/><br \/>\n<img loading=\"lazy\" decoding=\"async\" class=\"about-hide-dsk aligncenter size-full\" src=\"https:\/\/effik.ch\/wp-content\/uploads\/2025\/05\/specialites-pays-mbl-1.png\" alt=\"\" width=\"365\" height=\"459\" \/><\/p>\n<div class=\"heading_32_semibold\" style=\"text-align: center;\">La recherche et le d\u00e9veloppement \u00e9tant \u00e0 la base de l\u2019innovation.<\/div>\n<div class=\"icon-text-3cols\">\n<div class=\"icon-text-col\">\n<div class=\"icon-text-icon\"><img loading=\"lazy\" decoding=\"async\" class=\"aligncenter size-full wp-image-307\" role=\"img\" src=\"https:\/\/effik.ch\/wp-content\/uploads\/2024\/03\/uber-uns-icon-5.svg\" alt=\"\" width=\"101\" height=\"100\" \/><\/div>\n<div class=\"icon-text-text\">ITALFARMACO investit un pourcentage \u00e0 deux chiffres de son chiffre d\u2019affaires annuel dans le d\u00e9veloppement de nouvelles th\u00e9rapies. Cela souligne la d\u00e9termination de l\u2019entreprise \u00e0 rester \u00e0 la pointe de la recherche pharmaceutique et \u00e0 am\u00e9liorer en permanence le traitement des patients.<\/div>\n<\/div>\n<div class=\"icon-text-col\">\n<div class=\"icon-text-icon\"><img loading=\"lazy\" decoding=\"async\" class=\"aligncenter size-full wp-image-306\" role=\"img\" src=\"https:\/\/effik.ch\/wp-content\/uploads\/2024\/03\/uber-uns-icon-6.svg\" alt=\"\" width=\"100\" height=\"100\" \/><\/div>\n<div class=\"icon-text-text\">En tant que membre du groupe ITALFARMACO, EFFIK b\u00e9n\u00e9ficie d\u2019un r\u00e9seau \u00e9tendu d\u2019installations de production ultramodernes dans toute l\u2019Europe et en Am\u00e9rique du Sud, la cl\u00e9 de vo\u00fbte d\u2019une cha\u00eene d\u2019approvisionnement fiable.<\/div>\n<\/div>\n<div class=\"icon-text-col\">\n<div class=\"icon-text-icon\"><img loading=\"lazy\" decoding=\"async\" class=\"aligncenter size-full wp-image-305\" role=\"img\" src=\"https:\/\/effik.ch\/wp-content\/uploads\/2024\/03\/uber-uns-icon-7.svg\" alt=\"\" width=\"102\" height=\"101\" \/><\/div>\n<div class=\"icon-text-text\">L\u2019\u00e9quipe de plus de 3800 collaborateurs engag\u00e9s, dont plus de 300 sp\u00e9cialistes en Recherche et D\u00e9veloppement, est le plus grand atout d\u2019ITALFARMACO.<\/div>\n<\/div>\n<\/div>\n<\/div>\n\t\t\t<\/div>\n<\/div>\n\n\n<div id=\"Unsere-Werte\" class=\"inner-hero-block border-0 hero-about-mbl unsere-werte alignfull hero-mbl-column\" style=\"background-image: url(https:\/\/effik.ch\/wp-content\/uploads\/2024\/03\/uber-uns-inner-hero-bg.svg)\">\n<div class=\"anchor-div\"><\/div>\n\n\t\t\t\t<div class=\"inner-hero-bg-mbl\" style=\"background-image: url(https:\/\/effik.ch\/wp-content\/uploads\/2024\/03\/uber-uns-inner-hero-bg.svg)\">\n\n\t\t\t\t\t\t<\/div>\n\t<div class=\"wrap\" style=\"flex-direction: row-reverse;\">\n\t\t<div class=\"content-container\" style=\"text-align: left;\">\n\t\t\t\t\t\t<h2 class=\"section-title\">Nos valeurs<\/h2>\n\t\t\t\t\t\t\t\t\t\t\t<\/div>\n\t<\/div>\n<\/div>\n<style>\n\t.inner-hero-block {\n\t\t@media (min-width: 768px) {\n\t\taspect-ratio:  \/ 264; \n\t\tmin-height: 264px;\n\t\t}\n\t}\n<\/style>\n\n\n<div id=\"block_24712f08903bf1ac62de4927a0ccf388\" class=\"hero-text-block border-0 alignfull\" style=\"\">\n\t<div class=\"wrap\">\n\t\t\t\t\t\t\t<div class=\"hero-text\"><p style=\"text-align: center;\">Les valeurs d\u2019EFFIK constituent la base de notre action. Elles nous guident dans <strong>notre volont\u00e9 d\u2019offrir des solutions sur mesure \u00e0 nos patients<\/strong>, port\u00e9es par une culture de l\u2019attention, de <strong>l\u2019excellence et de l\u2019innovation<\/strong>.<\/p>\n<\/div>\n\t\t\t<\/div>\n<\/div>\n\n\n<div id=\"block_c574f582df987374b1fdd8ac4dbd0eae\" class=\"hero-text-block border-wrapped body_16_regular pt-20 pb-40 alignfull\" style=\"\">\n\t<div class=\"wrap\">\n\t\t\t\t<h2 class=\"section-title\" style=\"max-width: px;\">Attentionn\u00e9 et fiable<\/h2>\n\t\t\t\t\t\t\t<div class=\"hero-text\"><p>Cette qualit\u00e9 refl\u00e8te notre d\u00e9vouement et notre engagement envers l\u2019excellence. Nous sommes fiers de proposer des produits de haute qualit\u00e9, tels que les compl\u00e9ments alimentaires NATALBEN<sup>\u00ae<\/sup>, sp\u00e9cialement d\u00e9velopp\u00e9s pour le march\u00e9 suisse et r\u00e9guli\u00e8rement adapt\u00e9s aux recommandations en vigueur des experts suisses. Cela nous permet d\u2019offrir des solutions r\u00e9pondant aux besoins changeants de nos patientes et patients. Notre approche repose sur des ann\u00e9es de recherche et d\u2019expertise. Avec plus de 18 ans d\u2019exp\u00e9rience en gyn\u00e9cologie, 5 ans en neurologie, plus d\u2019un an en h\u00e9matologie\/cardiologie en Suisse et plus d\u2019une d\u00e9cennie dans le d\u00e9veloppement de l\u2019h\u00e9parine de faible poids mol\u00e9culaire (ITALFARMACO), nous offrons une prise en charge personnalis\u00e9e et des solutions sp\u00e9cialement adapt\u00e9es aux besoins de nos patients.<\/p>\n<\/div>\n\t\t\t<\/div>\n<\/div>\n\n\n<div id=\"block_81ae30275591d965cb8116a2650504ad\" class=\"hero-text-block border-wrapped body_16_regular pt-20 pb-40 alignfull\" style=\"\">\n\t<div class=\"wrap\">\n\t\t\t\t<h2 class=\"section-title\" style=\"max-width: px;\">Familial et flexible<\/h2>\n\t\t\t\t\t\t\t<div class=\"hero-text\"><p>En tant qu\u2019entreprise familiale, nous appr\u00e9cions la proximit\u00e9 avec nos collaborateurs et nos clientes\/clients. Notre hi\u00e9rarchie horizontale nous permet de r\u00e9agir rapidement et de mani\u00e8re flexible \u00e0 de nouvelles situations et de proposer des produits nouveaux et innovants.<\/p>\n<\/div>\n\t\t\t<\/div>\n<\/div>\n\n\n<div id=\"block_28e42a89ec4876a8451e0071a8dcfc85\" class=\"hero-text-block border-wrapped body_16_regular pt-20 pb-40 alignfull\" style=\"\">\n\t<div class=\"wrap\">\n\t\t\t\t<h2 class=\"section-title\" style=\"max-width: px;\">Innovant et curieux<\/h2>\n\t\t\t\t\t\t\t<div class=\"hero-text\"><p>EFFIK associe technologie et innovation pour proposer des solutions sur-mesure aux patients. Notre \u00e9troite collaboration avec ITALFARMACO nous permet de rester \u00e0 la pointe du progr\u00e8s, de remettre en question ce qui existe d\u00e9j\u00e0 et de d\u00e9velopper de nouveaux produits gr\u00e2ce \u00e0 notre capacit\u00e9 d\u2019innovation.<\/p>\n<\/div>\n\t\t\t<\/div>\n<\/div>\n\n\n<div id=\"block_ce0fa2b13a77690b78dee1663891d2a3\" class=\"hero-text-block border-wrapped body_16_regular pt-20 pb-40 alignfull\" style=\"\">\n\t<div class=\"wrap\">\n\t\t\t\t<h2 class=\"section-title\" style=\"max-width: px;\">Passionn\u00e9 et engag\u00e9<\/h2>\n\t\t\t\t\t\t\t<div class=\"hero-text\"><p>Notre principal objectif est de toujours \u00eatre aux c\u00f4t\u00e9s de nos clients, d&rsquo;identifier les besoins non-satisfaits des patients dans les diff\u00e9rents domaines th\u00e9rapeutiques o\u00f9 nous sommes pr\u00e9sents et de proposer des solutions adapt\u00e9es.<\/p>\n<\/div>\n\t\t\t<\/div>\n<\/div>\n\n\n<div id=\"block_1bda8ffd2a30a3fbeeaefe2f6ddb18a9\" class=\"hero-text-block borde-0 center-title p-80 alignfull\" style=\"\">\n\t<div class=\"wrap\">\n\t\t\t\t<h2 class=\"section-title\" style=\"max-width: px;\">EFFIK : recherche et innovation \r\nau plus pr\u00e8s des patients.<\/h2>\n\t\t\t\t\t<\/div>\n<\/div>\n","protected":false},"excerpt":{"rendered":"","protected":false},"author":1,"featured_media":0,"parent":0,"menu_order":0,"comment_status":"closed","ping_status":"closed","template":"","meta":{"_acf_changed":false,"footnotes":""},"class_list":{"2":"type-page","4":"hentry"},"acf":[],"yoast_head":"<!-- This site is optimized with the Yoast SEO plugin v25.1 - https:\/\/yoast.com\/wordpress\/plugins\/seo\/ -->\n<title>\u00c0 propos de nous - EFFIK<\/title>\n<meta name=\"robots\" content=\"index, follow, max-snippet:-1, max-image-preview:large, max-video-preview:-1\" \/>\n<link rel=\"canonical\" href=\"https:\/\/effik.ch\/fr\/a-propos-de-nous\/\" \/>\n<meta property=\"og:locale\" content=\"fr_FR\" \/>\n<meta property=\"og:type\" content=\"article\" \/>\n<meta property=\"og:title\" content=\"\u00c0 propos de nous - EFFIK\" \/>\n<meta property=\"og:url\" content=\"https:\/\/effik.ch\/fr\/a-propos-de-nous\/\" \/>\n<meta property=\"og:site_name\" content=\"EFFIK\" \/>\n<meta property=\"article:modified_time\" content=\"2025-05-23T04:41:29+00:00\" \/>\n<meta name=\"twitter:card\" content=\"summary_large_image\" \/>\n<script type=\"application\/ld+json\" class=\"yoast-schema-graph\">{\"@context\":\"https:\/\/schema.org\",\"@graph\":[{\"@type\":\"WebPage\",\"@id\":\"https:\/\/effik.ch\/fr\/a-propos-de-nous\/\",\"url\":\"https:\/\/effik.ch\/fr\/a-propos-de-nous\/\",\"name\":\"\u00c0 propos de nous - EFFIK\",\"isPartOf\":{\"@id\":\"https:\/\/effik.ch\/fr\/#website\"},\"datePublished\":\"2024-03-21T05:42:43+00:00\",\"dateModified\":\"2025-05-23T04:41:29+00:00\",\"breadcrumb\":{\"@id\":\"https:\/\/effik.ch\/fr\/a-propos-de-nous\/#breadcrumb\"},\"inLanguage\":\"fr-FR\",\"potentialAction\":[{\"@type\":\"ReadAction\",\"target\":[\"https:\/\/effik.ch\/fr\/a-propos-de-nous\/\"]}]},{\"@type\":\"BreadcrumbList\",\"@id\":\"https:\/\/effik.ch\/fr\/a-propos-de-nous\/#breadcrumb\",\"itemListElement\":[{\"@type\":\"ListItem\",\"position\":1,\"name\":\"Home\",\"item\":\"https:\/\/effik.ch\/fr\/\"},{\"@type\":\"ListItem\",\"position\":2,\"name\":\"\u00c0 propos de nous\"}]},{\"@type\":\"WebSite\",\"@id\":\"https:\/\/effik.ch\/fr\/#website\",\"url\":\"https:\/\/effik.ch\/fr\/\",\"name\":\"EFFIK\",\"description\":\"\",\"potentialAction\":[{\"@type\":\"SearchAction\",\"target\":{\"@type\":\"EntryPoint\",\"urlTemplate\":\"https:\/\/effik.ch\/fr\/?s={search_term_string}\"},\"query-input\":{\"@type\":\"PropertyValueSpecification\",\"valueRequired\":true,\"valueName\":\"search_term_string\"}}],\"inLanguage\":\"fr-FR\"}]}<\/script>\n<!-- \/ Yoast SEO plugin. -->","yoast_head_json":{"title":"\u00c0 propos de nous - EFFIK","robots":{"index":"index","follow":"follow","max-snippet":"max-snippet:-1","max-image-preview":"max-image-preview:large","max-video-preview":"max-video-preview:-1"},"canonical":"https:\/\/effik.ch\/fr\/a-propos-de-nous\/","og_locale":"fr_FR","og_type":"article","og_title":"\u00c0 propos de nous - EFFIK","og_url":"https:\/\/effik.ch\/fr\/a-propos-de-nous\/","og_site_name":"EFFIK","article_modified_time":"2025-05-23T04:41:29+00:00","twitter_card":"summary_large_image","schema":{"@context":"https:\/\/schema.org","@graph":[{"@type":"WebPage","@id":"https:\/\/effik.ch\/fr\/a-propos-de-nous\/","url":"https:\/\/effik.ch\/fr\/a-propos-de-nous\/","name":"\u00c0 propos de nous - EFFIK","isPartOf":{"@id":"https:\/\/effik.ch\/fr\/#website"},"datePublished":"2024-03-21T05:42:43+00:00","dateModified":"2025-05-23T04:41:29+00:00","breadcrumb":{"@id":"https:\/\/effik.ch\/fr\/a-propos-de-nous\/#breadcrumb"},"inLanguage":"fr-FR","potentialAction":[{"@type":"ReadAction","target":["https:\/\/effik.ch\/fr\/a-propos-de-nous\/"]}]},{"@type":"BreadcrumbList","@id":"https:\/\/effik.ch\/fr\/a-propos-de-nous\/#breadcrumb","itemListElement":[{"@type":"ListItem","position":1,"name":"Home","item":"https:\/\/effik.ch\/fr\/"},{"@type":"ListItem","position":2,"name":"\u00c0 propos de nous"}]},{"@type":"WebSite","@id":"https:\/\/effik.ch\/fr\/#website","url":"https:\/\/effik.ch\/fr\/","name":"EFFIK","description":"","potentialAction":[{"@type":"SearchAction","target":{"@type":"EntryPoint","urlTemplate":"https:\/\/effik.ch\/fr\/?s={search_term_string}"},"query-input":{"@type":"PropertyValueSpecification","valueRequired":true,"valueName":"search_term_string"}}],"inLanguage":"fr-FR"}]}},"_links":{"self":[{"href":"https:\/\/effik.ch\/fr\/wp-json\/wp\/v2\/pages\/924","targetHints":{"allow":["GET"]}}],"collection":[{"href":"https:\/\/effik.ch\/fr\/wp-json\/wp\/v2\/pages"}],"about":[{"href":"https:\/\/effik.ch\/fr\/wp-json\/wp\/v2\/types\/page"}],"author":[{"embeddable":true,"href":"https:\/\/effik.ch\/fr\/wp-json\/wp\/v2\/users\/1"}],"replies":[{"embeddable":true,"href":"https:\/\/effik.ch\/fr\/wp-json\/wp\/v2\/comments?post=924"}],"version-history":[{"count":20,"href":"https:\/\/effik.ch\/fr\/wp-json\/wp\/v2\/pages\/924\/revisions"}],"predecessor-version":[{"id":1299,"href":"https:\/\/effik.ch\/fr\/wp-json\/wp\/v2\/pages\/924\/revisions\/1299"}],"wp:attachment":[{"href":"https:\/\/effik.ch\/fr\/wp-json\/wp\/v2\/media?parent=924"}],"curies":[{"name":"wp","href":"https:\/\/api.w.org\/{rel}","templated":true}]}}