{"id":940,"date":"2024-03-26T18:20:10","date_gmt":"2024-03-26T16:20:10","guid":{"rendered":"https:\/\/effik.ch\/kontakt\/"},"modified":"2024-06-17T11:12:52","modified_gmt":"2024-06-17T09:12:52","slug":"contact","status":"publish","type":"page","link":"https:\/\/effik.ch\/fr\/contact\/","title":{"rendered":"Contact"},"content":{"rendered":"<div id=\"block_c6572268553176ea504cdca27c167e4b\" class=\"hero-block alignfull\" style=\"background-image: url(https:\/\/effik.ch\/wp-content\/uploads\/2024\/03\/uber-uns.jpg)\">\n\t<div class=\"wrap\">\n\t\t\t\t<h1 class=\"entry-title\">Contact<\/h1>\n\t\t\t<\/div>\n<\/div>\n\n\n\n<p class=\"padding-top-80 contact-text padding-bottom-60\">Pour signaler un \u00e9v\u00e8nement sanitaire ind\u00e9sirable suspect\u00e9 d\u2019\u00eatre d\u00fb \u00e0 un m\u00e9dicament, un dispositif m\u00e9dical ou un compl\u00e9ment alimentaire commercialis\u00e9 par EFFIK, vous pouvez nous joindre par t\u00e9l\u00e9phone au +41 22 994 39 39 ou par email : <a href=\"mailto:pharmacovigilance@effik.ch\">pharmacovigilance@effik.ch<\/a>.<\/p>\n\n\n<style id=\"wpforms-css-vars-root\">\n\t\t\t\t:root {\n\t\t\t\t\t--wpforms-field-border-radius: 3px;\n--wpforms-field-background-color: #ffffff;\n--wpforms-field-border-color: rgba( 0, 0, 0, 0.25 );\n--wpforms-field-text-color: rgba( 0, 0, 0, 0.7 );\n--wpforms-label-color: rgba( 0, 0, 0, 0.85 );\n--wpforms-label-sublabel-color: rgba( 0, 0, 0, 0.55 );\n--wpforms-label-error-color: #d63637;\n--wpforms-button-border-radius: 3px;\n--wpforms-button-background-color: #066aab;\n--wpforms-button-text-color: #ffffff;\n--wpforms-page-break-color: #066aab;\n--wpforms-field-size-input-height: 43px;\n--wpforms-field-size-input-spacing: 15px;\n--wpforms-field-size-font-size: 16px;\n--wpforms-field-size-line-height: 19px;\n--wpforms-field-size-padding-h: 14px;\n--wpforms-field-size-checkbox-size: 16px;\n--wpforms-field-size-sublabel-spacing: 5px;\n--wpforms-field-size-icon-size: 1;\n--wpforms-label-size-font-size: 16px;\n--wpforms-label-size-line-height: 19px;\n--wpforms-label-size-sublabel-font-size: 14px;\n--wpforms-label-size-sublabel-line-height: 17px;\n--wpforms-button-size-font-size: 17px;\n--wpforms-button-size-height: 41px;\n--wpforms-button-size-padding-h: 15px;\n--wpforms-button-size-margin-top: 10px;\n\n\t\t\t\t}\n\t\t\t<\/style><style id=\"wpforms-css-vars-947-block-b794c984-5f69-4e2a-9480-9cdfd84b30c3\">\n\t\t\t\t#wpforms-947.wpforms-block-b794c984-5f69-4e2a-9480-9cdfd84b30c3 {\n\t\t\t\t\t--wpforms-field-background-color: #FAFAFA;\n--wpforms-label-color: #05306F;\n--wpforms-button-background-color: #05306F;\n\n\t\t\t\t}\n\t\t\t<\/style><div class=\"wpforms-container wpforms-container-full wpforms-block wpforms-block-b794c984-5f69-4e2a-9480-9cdfd84b30c3 wpforms-render-modern\" id=\"wpforms-947\"><form id=\"wpforms-form-947\" class=\"wpforms-validate wpforms-form wpforms-ajax-form\" data-formid=\"947\" method=\"post\" enctype=\"multipart\/form-data\" action=\"\/fr\/wp-json\/wp\/v2\/pages\/940\" data-token=\"142da0baa215b1a69dd43777ffb9a2fe\"><noscript class=\"wpforms-error-noscript\">Veuillez activer JavaScript dans votre navigateur pour remplir ce formulaire.<\/noscript><div class=\"wpforms-hidden\" id=\"wpforms-error-noscript\">Veuillez activer JavaScript dans votre navigateur pour remplir ce formulaire.<\/div><div class=\"wpforms-field-container\"><div id=\"wpforms-947-field_0-container\" class=\"wpforms-field wpforms-field-name wpforms-one-half wpforms-first\" data-field-id=\"0\"><label class=\"wpforms-field-label\" for=\"wpforms-947-field_0\">Pr\u00e9nom <span class=\"wpforms-required-label\" aria-hidden=\"true\">*<\/span><\/label><input type=\"text\" id=\"wpforms-947-field_0\" class=\"wpforms-field-large wpforms-field-required\" name=\"wpforms[fields][0]\" placeholder=\"Veuillez entrer votre pr\u00e9nom\" aria-errormessage=\"wpforms-947-field_0-error\" required><\/div><div id=\"wpforms-947-field_3-container\" class=\"wpforms-field wpforms-field-name wpforms-one-half\" data-field-id=\"3\"><label class=\"wpforms-field-label\" for=\"wpforms-947-field_3\">Nom <span class=\"wpforms-required-label\" aria-hidden=\"true\">*<\/span><\/label><input type=\"text\" id=\"wpforms-947-field_3\" class=\"wpforms-field-large wpforms-field-required\" name=\"wpforms[fields][3]\" placeholder=\"Veuillez entrer votre nom de famille\" aria-errormessage=\"wpforms-947-field_3-error\" required><\/div><div id=\"wpforms-947-field_1-container\" class=\"wpforms-field wpforms-field-email wpforms-one-half wpforms-first\" data-field-id=\"1\"><label class=\"wpforms-field-label\" for=\"wpforms-947-field_1\">Adresse e-mail <span class=\"wpforms-required-label\" aria-hidden=\"true\">*<\/span><\/label><input type=\"email\" id=\"wpforms-947-field_1\" class=\"wpforms-field-large wpforms-field-required\" name=\"wpforms[fields][1]\" placeholder=\"Veuillez entrer votre adresse e-mail\" spellcheck=\"false\" aria-errormessage=\"wpforms-947-field_1-error\" required><\/div><div id=\"wpforms-947-field_4-container\" class=\"wpforms-field wpforms-field-text wpforms-one-half\" data-field-id=\"4\"><label class=\"wpforms-field-label\" for=\"wpforms-947-field_4\">T\u00e9l\u00e9phone (optionnel)<\/label><input type=\"text\" id=\"wpforms-947-field_4\" class=\"wpforms-field-large wpforms-limit-characters-enabled\" data-form-id=\"947\" data-field-id=\"4\" data-text-limit=\"20\" name=\"wpforms[fields][4]\" placeholder=\"Veuillez entrer votre num\u00e9ro de t\u00e9l\u00e9phone\" aria-errormessage=\"wpforms-947-field_4-error\" maxlength=\"20\" ><\/div><div id=\"wpforms-947-field_5-container\" class=\"wpforms-field wpforms-field-select wpforms-one-half wpforms-first wpforms-field-select-style-modern\" data-field-id=\"5\"><label class=\"wpforms-field-label\" for=\"wpforms-947-field_5\">Sujet<\/label><select id=\"wpforms-947-field_5\" class=\"wpforms-field-large choicesjs-select\" data-size-class=\"wpforms-field-row wpforms-field-large\" data-search-enabled=\"\" name=\"wpforms[fields][5]\"><option value=\"\" class=\"placeholder\" disabled  selected='selected'>Veuillez entrer le sujet<\/option><option value=\"Votre avis nous interesse\" >Votre avis nous interesse<\/option><option value=\"Demande d&#039;informations\" >Demande d&#039;informations<\/option><\/select><\/div><div id=\"wpforms-947-field_2-container\" class=\"wpforms-field wpforms-field-textarea wpforms-one-half\" data-field-id=\"2\"><label class=\"wpforms-field-label\" for=\"wpforms-947-field_2\">Message<\/label><textarea id=\"wpforms-947-field_2\" class=\"wpforms-field-large\" name=\"wpforms[fields][2]\" placeholder=\"Veuillez entrer votre message\" aria-errormessage=\"wpforms-947-field_2-error\" ><\/textarea><\/div><div id=\"wpforms-947-field_6-container\" class=\"wpforms-field wpforms-field-html\" data-field-id=\"6\"><div id=\"wpforms-947-field_6\" aria-errormessage=\"wpforms-947-field_6-error\"><p style=\"float:right;\">* champs obligatoires<\/p><\/div><\/div><\/div><!-- .wpforms-field-container --><div class=\"wpforms-submit-container\" ><input type=\"hidden\" name=\"wpforms[id]\" value=\"947\"><input type=\"hidden\" name=\"wpforms[author]\" value=\"1\"><button type=\"submit\" name=\"wpforms[submit]\" id=\"wpforms-submit-947\" class=\"wpforms-submit wp-block-button__link\" data-alt-text=\"Envoi en cours...\" data-submit-text=\"Envoyez votre demande\" aria-live=\"assertive\" value=\"wpforms-submit\">Envoyez votre demande<\/button><img loading=\"lazy\" decoding=\"async\" src=\"https:\/\/effik.ch\/wp-content\/plugins\/wpforms\/assets\/images\/submit-spin.svg\" class=\"wpforms-submit-spinner\" style=\"display: none;\" width=\"26\" height=\"26\" alt=\"Chargement en cours\"><\/div><\/form><\/div>  <!-- .wpforms-container -->\n\n\n<div class=\"wp-block-columns is-layout-flex wp-container-core-columns-is-layout-9d6595d7 wp-block-columns-is-layout-flex\">\n<div class=\"wp-block-column contact_address is-layout-flow wp-block-column-is-layout-flow\">\n<p><strong>EFFIK SA<br><\/strong>Rue du March\u00e9 10<br>1260 NYON<br>SWITZERLAND<br>t. +41 22 994 39 39<br>f. +41 22 994 39 29<br>info@effik.ch<\/p>\n<\/div>\n\n\n\n<div class=\"wp-block-column is-layout-flow wp-block-column-is-layout-flow\">\n<iframe src=\"https:\/\/www.google.com\/maps\/embed?pb=!1m18!1m12!1m3!1d2752.3574644658615!2d6.235516177638296!3d46.3821347711039!2m3!1f0!2f0!3f0!3m2!1i1024!2i768!4f13.1!3m3!1m2!1s0x478c439ca647fd89%3A0xb0b5c32ac1e27ca1!2sEffik%20SA!5e0!3m2!1ses!2ses!4v1713722522067!5m2!1sfr!2sch\" width=\"600\" height=\"600\" style=\"border:0;\" allowfullscreen=\"\" loading=\"lazy\" referrerpolicy=\"no-referrer-when-downgrade\"><\/iframe>\n<\/div>\n<\/div>\n","protected":false},"excerpt":{"rendered":"Pour signaler un \u00e9v\u00e8nement sanitaire ind\u00e9sirable suspect\u00e9 d\u2019\u00eatre d\u00fb \u00e0 un m\u00e9dicament, un dispositif m\u00e9dical ou un compl\u00e9ment alimentaire commercialis\u00e9 par EFFIK, vous pouvez nous joindre par t\u00e9l\u00e9phone au +41 22 994 39 39 ou par email : pharmacovigilance@effik.ch. EFFIK SARue du March\u00e9 101260 NYONSWITZERLANDt. +41 22 994 39 39f. +41 22 994 39 29info@effik.ch","protected":false},"author":1,"featured_media":0,"parent":0,"menu_order":0,"comment_status":"closed","ping_status":"closed","template":"","meta":{"_acf_changed":false,"footnotes":""},"class_list":{"2":"type-page","4":"hentry"},"acf":[],"yoast_head":"<!-- This site is optimized with the Yoast SEO plugin v25.1 - https:\/\/yoast.com\/wordpress\/plugins\/seo\/ -->\n<title>Contact - EFFIK<\/title>\n<meta name=\"robots\" content=\"index, follow, max-snippet:-1, max-image-preview:large, max-video-preview:-1\" \/>\n<link rel=\"canonical\" href=\"https:\/\/effik.ch\/fr\/contact\/\" \/>\n<meta property=\"og:locale\" content=\"fr_FR\" \/>\n<meta property=\"og:type\" content=\"article\" \/>\n<meta property=\"og:title\" content=\"Contact - EFFIK\" \/>\n<meta property=\"og:description\" content=\"Pour signaler un \u00e9v\u00e8nement sanitaire ind\u00e9sirable suspect\u00e9 d\u2019\u00eatre d\u00fb \u00e0 un m\u00e9dicament, un dispositif m\u00e9dical ou un compl\u00e9ment alimentaire commercialis\u00e9 par EFFIK, vous pouvez nous joindre par t\u00e9l\u00e9phone au +41 22 994 39 39 ou par email : pharmacovigilance@effik.ch. EFFIK SARue du March\u00e9 101260 NYONSWITZERLANDt. +41 22 994 39 39f. +41 22 994 39 29info@effik.ch\" \/>\n<meta property=\"og:url\" content=\"https:\/\/effik.ch\/fr\/contact\/\" \/>\n<meta property=\"og:site_name\" content=\"EFFIK\" \/>\n<meta property=\"article:modified_time\" content=\"2024-06-17T09:12:52+00:00\" \/>\n<meta name=\"twitter:card\" content=\"summary_large_image\" \/>\n<meta name=\"twitter:label1\" content=\"Dur\u00e9e de lecture estim\u00e9e\" \/>\n\t<meta name=\"twitter:data1\" content=\"1 minute\" \/>\n<script type=\"application\/ld+json\" class=\"yoast-schema-graph\">{\"@context\":\"https:\/\/schema.org\",\"@graph\":[{\"@type\":\"WebPage\",\"@id\":\"https:\/\/effik.ch\/fr\/contact\/\",\"url\":\"https:\/\/effik.ch\/fr\/contact\/\",\"name\":\"Contact - EFFIK\",\"isPartOf\":{\"@id\":\"https:\/\/effik.ch\/fr\/#website\"},\"datePublished\":\"2024-03-26T16:20:10+00:00\",\"dateModified\":\"2024-06-17T09:12:52+00:00\",\"breadcrumb\":{\"@id\":\"https:\/\/effik.ch\/fr\/contact\/#breadcrumb\"},\"inLanguage\":\"fr-FR\",\"potentialAction\":[{\"@type\":\"ReadAction\",\"target\":[\"https:\/\/effik.ch\/fr\/contact\/\"]}]},{\"@type\":\"BreadcrumbList\",\"@id\":\"https:\/\/effik.ch\/fr\/contact\/#breadcrumb\",\"itemListElement\":[{\"@type\":\"ListItem\",\"position\":1,\"name\":\"Home\",\"item\":\"https:\/\/effik.ch\/fr\/\"},{\"@type\":\"ListItem\",\"position\":2,\"name\":\"Contact\"}]},{\"@type\":\"WebSite\",\"@id\":\"https:\/\/effik.ch\/fr\/#website\",\"url\":\"https:\/\/effik.ch\/fr\/\",\"name\":\"EFFIK\",\"description\":\"\",\"potentialAction\":[{\"@type\":\"SearchAction\",\"target\":{\"@type\":\"EntryPoint\",\"urlTemplate\":\"https:\/\/effik.ch\/fr\/?s={search_term_string}\"},\"query-input\":{\"@type\":\"PropertyValueSpecification\",\"valueRequired\":true,\"valueName\":\"search_term_string\"}}],\"inLanguage\":\"fr-FR\"}]}<\/script>\n<!-- \/ Yoast SEO plugin. -->","yoast_head_json":{"title":"Contact - EFFIK","robots":{"index":"index","follow":"follow","max-snippet":"max-snippet:-1","max-image-preview":"max-image-preview:large","max-video-preview":"max-video-preview:-1"},"canonical":"https:\/\/effik.ch\/fr\/contact\/","og_locale":"fr_FR","og_type":"article","og_title":"Contact - EFFIK","og_description":"Pour signaler un \u00e9v\u00e8nement sanitaire ind\u00e9sirable suspect\u00e9 d\u2019\u00eatre d\u00fb \u00e0 un m\u00e9dicament, un dispositif m\u00e9dical ou un compl\u00e9ment alimentaire commercialis\u00e9 par EFFIK, vous pouvez nous joindre par t\u00e9l\u00e9phone au +41 22 994 39 39 ou par email : pharmacovigilance@effik.ch. EFFIK SARue du March\u00e9 101260 NYONSWITZERLANDt. +41 22 994 39 39f. +41 22 994 39 29info@effik.ch","og_url":"https:\/\/effik.ch\/fr\/contact\/","og_site_name":"EFFIK","article_modified_time":"2024-06-17T09:12:52+00:00","twitter_card":"summary_large_image","twitter_misc":{"Dur\u00e9e de lecture estim\u00e9e":"1 minute"},"schema":{"@context":"https:\/\/schema.org","@graph":[{"@type":"WebPage","@id":"https:\/\/effik.ch\/fr\/contact\/","url":"https:\/\/effik.ch\/fr\/contact\/","name":"Contact - EFFIK","isPartOf":{"@id":"https:\/\/effik.ch\/fr\/#website"},"datePublished":"2024-03-26T16:20:10+00:00","dateModified":"2024-06-17T09:12:52+00:00","breadcrumb":{"@id":"https:\/\/effik.ch\/fr\/contact\/#breadcrumb"},"inLanguage":"fr-FR","potentialAction":[{"@type":"ReadAction","target":["https:\/\/effik.ch\/fr\/contact\/"]}]},{"@type":"BreadcrumbList","@id":"https:\/\/effik.ch\/fr\/contact\/#breadcrumb","itemListElement":[{"@type":"ListItem","position":1,"name":"Home","item":"https:\/\/effik.ch\/fr\/"},{"@type":"ListItem","position":2,"name":"Contact"}]},{"@type":"WebSite","@id":"https:\/\/effik.ch\/fr\/#website","url":"https:\/\/effik.ch\/fr\/","name":"EFFIK","description":"","potentialAction":[{"@type":"SearchAction","target":{"@type":"EntryPoint","urlTemplate":"https:\/\/effik.ch\/fr\/?s={search_term_string}"},"query-input":{"@type":"PropertyValueSpecification","valueRequired":true,"valueName":"search_term_string"}}],"inLanguage":"fr-FR"}]}},"_links":{"self":[{"href":"https:\/\/effik.ch\/fr\/wp-json\/wp\/v2\/pages\/940","targetHints":{"allow":["GET"]}}],"collection":[{"href":"https:\/\/effik.ch\/fr\/wp-json\/wp\/v2\/pages"}],"about":[{"href":"https:\/\/effik.ch\/fr\/wp-json\/wp\/v2\/types\/page"}],"author":[{"embeddable":true,"href":"https:\/\/effik.ch\/fr\/wp-json\/wp\/v2\/users\/1"}],"replies":[{"embeddable":true,"href":"https:\/\/effik.ch\/fr\/wp-json\/wp\/v2\/comments?post=940"}],"version-history":[{"count":6,"href":"https:\/\/effik.ch\/fr\/wp-json\/wp\/v2\/pages\/940\/revisions"}],"predecessor-version":[{"id":1235,"href":"https:\/\/effik.ch\/fr\/wp-json\/wp\/v2\/pages\/940\/revisions\/1235"}],"wp:attachment":[{"href":"https:\/\/effik.ch\/fr\/wp-json\/wp\/v2\/media?parent=940"}],"curies":[{"name":"wp","href":"https:\/\/api.w.org\/{rel}","templated":true}]}}