{"id":1207,"date":"2024-03-15T16:43:24","date_gmt":"2024-03-15T14:43:24","guid":{"rendered":"https:\/\/effik.ch\/hcp\/?page_id=1207"},"modified":"2025-09-16T15:52:59","modified_gmt":"2025-09-16T13:52:59","slug":"contraception","status":"publish","type":"page","link":"https:\/\/effik.ch\/hcp\/fr\/gynecologie\/contraception\/","title":{"rendered":"Contraception"},"content":{"rendered":"<div id=\"block_ec5cb4bc205ccfa970c6fc5ba92af256\" class=\"hero-block alignfull\" style=\"background-image: url(https:\/\/effik.ch\/hcp\/wp-content\/uploads\/sites\/2\/2024\/03\/contraception.jpg)\">\n\t<div class=\"wrap\">\n\t\t\t\t<h1 class=\"entry-title\">Contraception<\/h1>\n\t\t\t<\/div>\n<\/div>\n\n\n<div id=\"block_88b970a1790af338c424062a7c10077b\" class=\"secondary-menu-block alignfull\" style=\"\">\n<ul class=\"secondary-menu-container\">\n\t\t\t<li class=\"secondary-menu-item\">\n\t\t\t<a class=\"secondary-menu-item__content\" href=\"#effilevo\">Effilevo<sup>\u00ae<\/sup><\/a>\n\t\t<\/li>\n\t\t\t\t<li class=\"secondary-menu-item\">\n\t\t\t<a class=\"secondary-menu-item__content\" href=\"#effilevo-conti\">Effilevo<sup>\u00ae<\/sup> Conti<\/a>\n\t\t<\/li>\n\t\t\t<\/ul>\n\t<\/div>\n\n\n<div id=\"block_d349b9f60136ef2b298f679dc161b7ee\" class=\"hero-text-block mbl-border-0 alignfull\" style=\"\">\n\t<div class=\"wrap\">\n\t\t\t\t<h2 class=\"section-title\" style=\"max-width: px;\">Des m\u00e9thodes de contraception adapt\u00e9es \u00e0 chaque femme<\/h2>\n\t\t\t\t\t\t\t<div class=\"hero-text\"><p><span style=\"font-weight: 400;\">Chaque femme est unique. Il nous tient \u00e0 c\u0153ur que chaque femme trouve la m\u00e9thode de contraception qui lui convient et qui correspond \u00e0 ses besoins. C\u2019est pourquoi EFFIK propose des contraceptifs oraux de deuxi\u00e8me g\u00e9n\u00e9ration en mettant l\u2019accent sur l\u2019efficacit\u00e9 et la tol\u00e9rance de ces m\u00e9thodes contraceptives.<\/span><\/p>\n<\/div>\n\t\t\t<\/div>\n<\/div>\n\n\n<div id=\"effilevo\" class=\"inner-hero-block product-img-vertical-85 alignfull hero-mbl-column\" style=\"background-image: url(https:\/\/effik.ch\/hcp\/wp-content\/uploads\/sites\/2\/2024\/03\/Effilevo\u00ae.svg)\">\n<div class=\"anchor-div\"><\/div>\n\n\t\t\t<div class=\"inner-hero-bg-mbl\" style=\"background-image: url(https:\/\/effik.ch\/hcp\/wp-content\/uploads\/sites\/2\/2024\/03\/Effilevo\u00ae.svg); aspect-ratio:393\/200; min-height:200px;\">\n\t<div class=\"img-container\"><img loading=\"lazy\" decoding=\"async\" width=\"496\" height=\"358\" src=\"https:\/\/effik.ch\/hcp\/wp-content\/uploads\/sites\/2\/2024\/03\/effilevo-img.png\" class=\"attachment-large size-large\" alt=\"\" srcset=\"https:\/\/effik.ch\/hcp\/wp-content\/uploads\/sites\/2\/2024\/03\/effilevo-img.png 496w, https:\/\/effik.ch\/hcp\/wp-content\/uploads\/sites\/2\/2024\/03\/effilevo-img-300x217.png 300w\" sizes=\"auto, (max-width: 496px) 100vw, 496px\" \/><\/div>\n\t\t\t\t\t<\/div>\n\t<div class=\"wrap\" style=\"flex-direction: row;\">\n\t\t<div class=\"img-container\" style=\"justify-content: flex-start; max-height: 552px; width: calc(100% - px);\"><img loading=\"lazy\" decoding=\"async\" width=\"496\" height=\"358\" src=\"https:\/\/effik.ch\/hcp\/wp-content\/uploads\/sites\/2\/2024\/03\/effilevo-img.png\" class=\"attachment-large size-large\" alt=\"\" srcset=\"https:\/\/effik.ch\/hcp\/wp-content\/uploads\/sites\/2\/2024\/03\/effilevo-img.png 496w, https:\/\/effik.ch\/hcp\/wp-content\/uploads\/sites\/2\/2024\/03\/effilevo-img-300x217.png 300w\" sizes=\"auto, (max-width: 496px) 100vw, 496px\" \/><\/div>\n\t\t\t<div class=\"content-container\" style=\"text-align: right;\">\n\t\t\t\t\t\t<h2 class=\"section-title\">Effilevo<sup>\u00ae<\/sup><\/h2>\n\t\t\t\t\t\t\t\t\t\t\t\t\t<a class=\"blue-button\" style=\"align-self: flex-end;\" href=\"https:\/\/effik.ch\/hcp\/fr\/gynecologie\/contraception\/effilevo\/\" target=\"_self\">D\u00e9couvrez Effilevo<sup>\u00ae<\/sup><\/a>\n\t\t\t\t\t<\/div>\n\t<\/div>\n<\/div>\n<style>\n\t.inner-hero-block {\n\t\t@media (min-width: 768px) {\n\t\taspect-ratio:  \/ 552; \n\t\tmin-height: 552px;\n\t\t}\n\t}\n<\/style>\n\n\n<div id=\"effilevo-conti\" class=\"inner-hero-block product-img-vertical-85 alignfull hero-mbl-column\" style=\"background-image: url(https:\/\/effik.ch\/hcp\/wp-content\/uploads\/sites\/2\/2024\/03\/Effilevo-Conti.svg)\">\n<div class=\"anchor-div\"><\/div>\n\n\t\t\t<div class=\"inner-hero-bg-mbl\" style=\"background-image: url(https:\/\/effik.ch\/hcp\/wp-content\/uploads\/sites\/2\/2024\/03\/Effilevo-Conti.svg); aspect-ratio:393\/200; min-height:200px;\">\n\t<div class=\"img-container\"><img loading=\"lazy\" decoding=\"async\" width=\"481\" height=\"367\" src=\"https:\/\/effik.ch\/hcp\/wp-content\/uploads\/sites\/2\/2024\/03\/effilevo-conti-img.png\" class=\"attachment-large size-large\" alt=\"\" srcset=\"https:\/\/effik.ch\/hcp\/wp-content\/uploads\/sites\/2\/2024\/03\/effilevo-conti-img.png 481w, https:\/\/effik.ch\/hcp\/wp-content\/uploads\/sites\/2\/2024\/03\/effilevo-conti-img-300x229.png 300w\" sizes=\"auto, (max-width: 481px) 100vw, 481px\" \/><\/div>\n\t\t\t\t\t<\/div>\n\t<div class=\"wrap\" style=\"flex-direction: row-reverse;\">\n\t\t<div class=\"img-container\" style=\"justify-content: flex-end; max-height: 552px; width: calc(100% - px);\"><img loading=\"lazy\" decoding=\"async\" width=\"481\" height=\"367\" src=\"https:\/\/effik.ch\/hcp\/wp-content\/uploads\/sites\/2\/2024\/03\/effilevo-conti-img.png\" class=\"attachment-large size-large\" alt=\"\" srcset=\"https:\/\/effik.ch\/hcp\/wp-content\/uploads\/sites\/2\/2024\/03\/effilevo-conti-img.png 481w, https:\/\/effik.ch\/hcp\/wp-content\/uploads\/sites\/2\/2024\/03\/effilevo-conti-img-300x229.png 300w\" sizes=\"auto, (max-width: 481px) 100vw, 481px\" \/><\/div>\n\t\t\t<div class=\"content-container\" style=\"text-align: left;\">\n\t\t\t\t\t\t<h2 class=\"section-title\">Effilevo<sup>\u00ae<\/sup> Conti<\/h2>\n\t\t\t\t\t\t\t\t\t\t\t\t\t<a class=\"blue-button\" style=\"align-self: flex-start;\" href=\"https:\/\/effik.ch\/hcp\/fr\/gynecologie\/contraception\/effilevo\/\" target=\"_self\">D\u00e9couvrez Effilevo<sup>\u00ae<\/sup> Conti<\/a>\n\t\t\t\t\t<\/div>\n\t<\/div>\n<\/div>\n<style>\n\t.inner-hero-block {\n\t\t@media (min-width: 768px) {\n\t\taspect-ratio:  \/ 552; \n\t\tmin-height: 552px;\n\t\t}\n\t}\n<\/style>\n","protected":false},"excerpt":{"rendered":"","protected":false},"author":1,"featured_media":0,"parent":859,"menu_order":0,"comment_status":"closed","ping_status":"closed","template":"","meta":{"_acf_changed":false,"footnotes":""},"class_list":{"2":"type-page","4":"hentry"},"acf":[],"yoast_head":"<!-- This site is optimized with the Yoast SEO plugin v25.1 - https:\/\/yoast.com\/wordpress\/plugins\/seo\/ -->\n<title>Contraception - EFFIK HCP<\/title>\n<meta name=\"robots\" content=\"index, follow, max-snippet:-1, max-image-preview:large, max-video-preview:-1\" \/>\n<link rel=\"canonical\" href=\"https:\/\/effik.ch\/hcp\/fr\/gynecologie\/contraception\/\" \/>\n<meta property=\"og:locale\" content=\"fr_FR\" \/>\n<meta property=\"og:type\" content=\"article\" \/>\n<meta property=\"og:title\" content=\"Contraception - EFFIK HCP\" \/>\n<meta property=\"og:url\" content=\"https:\/\/effik.ch\/hcp\/fr\/gynecologie\/contraception\/\" \/>\n<meta property=\"og:site_name\" content=\"EFFIK HCP\" \/>\n<meta property=\"article:modified_time\" content=\"2025-09-16T13:52:59+00:00\" \/>\n<meta name=\"twitter:card\" content=\"summary_large_image\" \/>\n<script type=\"application\/ld+json\" class=\"yoast-schema-graph\">{\"@context\":\"https:\/\/schema.org\",\"@graph\":[{\"@type\":\"WebPage\",\"@id\":\"https:\/\/effik.ch\/hcp\/fr\/gynecologie\/contraception\/\",\"url\":\"https:\/\/effik.ch\/hcp\/fr\/gynecologie\/contraception\/\",\"name\":\"Contraception - EFFIK HCP\",\"isPartOf\":{\"@id\":\"https:\/\/effik.ch\/hcp\/fr\/#website\"},\"datePublished\":\"2024-03-15T14:43:24+00:00\",\"dateModified\":\"2025-09-16T13:52:59+00:00\",\"breadcrumb\":{\"@id\":\"https:\/\/effik.ch\/hcp\/fr\/gynecologie\/contraception\/#breadcrumb\"},\"inLanguage\":\"fr-FR\",\"potentialAction\":[{\"@type\":\"ReadAction\",\"target\":[\"https:\/\/effik.ch\/hcp\/fr\/gynecologie\/contraception\/\"]}]},{\"@type\":\"BreadcrumbList\",\"@id\":\"https:\/\/effik.ch\/hcp\/fr\/gynecologie\/contraception\/#breadcrumb\",\"itemListElement\":[{\"@type\":\"ListItem\",\"position\":1,\"name\":\"Home\",\"item\":\"https:\/\/effik.ch\/hcp\/fr\/\"},{\"@type\":\"ListItem\",\"position\":2,\"name\":\"Contraception\"}]},{\"@type\":\"WebSite\",\"@id\":\"https:\/\/effik.ch\/hcp\/fr\/#website\",\"url\":\"https:\/\/effik.ch\/hcp\/fr\/\",\"name\":\"EFFIK HCP\",\"description\":\"\",\"potentialAction\":[{\"@type\":\"SearchAction\",\"target\":{\"@type\":\"EntryPoint\",\"urlTemplate\":\"https:\/\/effik.ch\/hcp\/fr\/?s={search_term_string}\"},\"query-input\":{\"@type\":\"PropertyValueSpecification\",\"valueRequired\":true,\"valueName\":\"search_term_string\"}}],\"inLanguage\":\"fr-FR\"}]}<\/script>\n<!-- \/ Yoast SEO plugin. -->","yoast_head_json":{"title":"Contraception - EFFIK HCP","robots":{"index":"index","follow":"follow","max-snippet":"max-snippet:-1","max-image-preview":"max-image-preview:large","max-video-preview":"max-video-preview:-1"},"canonical":"https:\/\/effik.ch\/hcp\/fr\/gynecologie\/contraception\/","og_locale":"fr_FR","og_type":"article","og_title":"Contraception - EFFIK HCP","og_url":"https:\/\/effik.ch\/hcp\/fr\/gynecologie\/contraception\/","og_site_name":"EFFIK HCP","article_modified_time":"2025-09-16T13:52:59+00:00","twitter_card":"summary_large_image","schema":{"@context":"https:\/\/schema.org","@graph":[{"@type":"WebPage","@id":"https:\/\/effik.ch\/hcp\/fr\/gynecologie\/contraception\/","url":"https:\/\/effik.ch\/hcp\/fr\/gynecologie\/contraception\/","name":"Contraception - EFFIK HCP","isPartOf":{"@id":"https:\/\/effik.ch\/hcp\/fr\/#website"},"datePublished":"2024-03-15T14:43:24+00:00","dateModified":"2025-09-16T13:52:59+00:00","breadcrumb":{"@id":"https:\/\/effik.ch\/hcp\/fr\/gynecologie\/contraception\/#breadcrumb"},"inLanguage":"fr-FR","potentialAction":[{"@type":"ReadAction","target":["https:\/\/effik.ch\/hcp\/fr\/gynecologie\/contraception\/"]}]},{"@type":"BreadcrumbList","@id":"https:\/\/effik.ch\/hcp\/fr\/gynecologie\/contraception\/#breadcrumb","itemListElement":[{"@type":"ListItem","position":1,"name":"Home","item":"https:\/\/effik.ch\/hcp\/fr\/"},{"@type":"ListItem","position":2,"name":"Contraception"}]},{"@type":"WebSite","@id":"https:\/\/effik.ch\/hcp\/fr\/#website","url":"https:\/\/effik.ch\/hcp\/fr\/","name":"EFFIK HCP","description":"","potentialAction":[{"@type":"SearchAction","target":{"@type":"EntryPoint","urlTemplate":"https:\/\/effik.ch\/hcp\/fr\/?s={search_term_string}"},"query-input":{"@type":"PropertyValueSpecification","valueRequired":true,"valueName":"search_term_string"}}],"inLanguage":"fr-FR"}]}},"_links":{"self":[{"href":"https:\/\/effik.ch\/hcp\/fr\/wp-json\/wp\/v2\/pages\/1207","targetHints":{"allow":["GET"]}}],"collection":[{"href":"https:\/\/effik.ch\/hcp\/fr\/wp-json\/wp\/v2\/pages"}],"about":[{"href":"https:\/\/effik.ch\/hcp\/fr\/wp-json\/wp\/v2\/types\/page"}],"author":[{"embeddable":true,"href":"https:\/\/effik.ch\/hcp\/fr\/wp-json\/wp\/v2\/users\/1"}],"replies":[{"embeddable":true,"href":"https:\/\/effik.ch\/hcp\/fr\/wp-json\/wp\/v2\/comments?post=1207"}],"version-history":[{"count":3,"href":"https:\/\/effik.ch\/hcp\/fr\/wp-json\/wp\/v2\/pages\/1207\/revisions"}],"predecessor-version":[{"id":2377,"href":"https:\/\/effik.ch\/hcp\/fr\/wp-json\/wp\/v2\/pages\/1207\/revisions\/2377"}],"up":[{"embeddable":true,"href":"https:\/\/effik.ch\/hcp\/fr\/wp-json\/wp\/v2\/pages\/859"}],"wp:attachment":[{"href":"https:\/\/effik.ch\/hcp\/fr\/wp-json\/wp\/v2\/media?parent=1207"}],"curies":[{"name":"wp","href":"https:\/\/api.w.org\/{rel}","templated":true}]}}