{"id":1224,"date":"2024-03-18T06:56:10","date_gmt":"2024-03-18T04:56:10","guid":{"rendered":"https:\/\/effik.ch\/hcp\/?page_id=1224"},"modified":"2025-09-16T16:41:54","modified_gmt":"2025-09-16T14:41:54","slug":"menopause","status":"publish","type":"page","link":"https:\/\/effik.ch\/hcp\/fr\/gynecologie\/menopause\/","title":{"rendered":"M\u00e9nopause"},"content":{"rendered":"<div id=\"block_f57f0047695d0d903d31db0a2e791bbe\" class=\"hero-block alignfull\" style=\"background-image: url(https:\/\/effik.ch\/hcp\/wp-content\/uploads\/sites\/2\/2024\/03\/menopause-1.jpg)\">\n\t<div class=\"wrap\">\n\t\t\t\t<h1 class=\"entry-title\">M\u00e9nopause<\/h1>\n\t\t\t<\/div>\n<\/div>\n\n\n<div id=\"block_8f410239e5915cdae854e5c05b8acec3\" class=\"secondary-menu-block alignfull\" style=\"\">\n<ul class=\"secondary-menu-container\">\n\t\t\t<li class=\"secondary-menu-item\">\n\t\t\t<a class=\"secondary-menu-item__content\" href=\"#blisell\">Blissel<sup>\u00ae<\/sup><\/a>\n\t\t<\/li>\n\t\t\t\t<li class=\"secondary-menu-item\">\n\t\t\t<a class=\"secondary-menu-item__content\" href=\"#natecal\">Natecal<sup>\u00ae<\/sup> D<\/a>\n\t\t<\/li>\n\t\t\t<\/ul>\n\t<\/div>\n\n\n<div id=\"block_382627e14751e6d6f1763856a8db1218\" class=\"hero-text-block mbl-border-0 alignfull\" style=\"\">\n\t<div class=\"wrap\">\n\t\t\t\t\t\t\t<div class=\"hero-text\"><p>La m\u00e9nopause commence g\u00e9n\u00e9ralement vers l\u2019\u00e2ge de 50 ans et entra\u00eene une s\u00e9rie de changements physiques et psychologiques. Si ce changement hormonal est physiquement et \u00e9motionnellement \u00e9prouvant, il existe toutefois quelques options pour att\u00e9nuer les sympt\u00f4mes. EFFIK s\u2019engage \u00e9galement pour le bien-\u00eatre et la qualit\u00e9 de vie des femmes \u00e0 cette p\u00e9riode de leur vie.<\/p>\n<\/div>\n\t\t\t<\/div>\n<\/div>\n\n\n<div id=\"blisell\" class=\"inner-hero-block product-img-vertical-85 alignfull hero-mbl-column\" style=\"background-image: url(https:\/\/effik.ch\/hcp\/wp-content\/uploads\/sites\/2\/2024\/03\/blisell-bg.svg)\">\n<div class=\"anchor-div\"><\/div>\n\n\t\t\t<div class=\"inner-hero-bg-mbl\" style=\"background-image: url(https:\/\/effik.ch\/hcp\/wp-content\/uploads\/sites\/2\/2024\/03\/blisell-bg.svg); aspect-ratio:393\/200; min-height:200px;\">\n\t<div class=\"img-container\"><img loading=\"lazy\" decoding=\"async\" width=\"453\" height=\"391\" src=\"https:\/\/effik.ch\/hcp\/wp-content\/uploads\/sites\/2\/2024\/05\/blissel-FR.png\" class=\"attachment-large size-large\" alt=\"\" srcset=\"https:\/\/effik.ch\/hcp\/wp-content\/uploads\/sites\/2\/2024\/05\/blissel-FR.png 453w, https:\/\/effik.ch\/hcp\/wp-content\/uploads\/sites\/2\/2024\/05\/blissel-FR-300x259.png 300w\" sizes=\"auto, (max-width: 453px) 100vw, 453px\" \/><\/div>\n\t\t\t\t\t<\/div>\n\t<div class=\"wrap\" style=\"flex-direction: row;\">\n\t\t<div class=\"img-container\" style=\"justify-content: flex-start; max-height: 552px; width: calc(100% - px);\"><img loading=\"lazy\" decoding=\"async\" width=\"453\" height=\"391\" src=\"https:\/\/effik.ch\/hcp\/wp-content\/uploads\/sites\/2\/2024\/05\/blissel-FR.png\" class=\"attachment-large size-large\" alt=\"\" srcset=\"https:\/\/effik.ch\/hcp\/wp-content\/uploads\/sites\/2\/2024\/05\/blissel-FR.png 453w, https:\/\/effik.ch\/hcp\/wp-content\/uploads\/sites\/2\/2024\/05\/blissel-FR-300x259.png 300w\" sizes=\"auto, (max-width: 453px) 100vw, 453px\" \/><\/div>\n\t\t\t<div class=\"content-container\" style=\"text-align: right;\">\n\t\t\t\t\t\t<h2 class=\"section-title\">Blissel<sup>\u00ae<\/sup><\/h2>\n\t\t\t\t\t\t\t\t\t\t\t\t\t<a class=\"blue-button\" style=\"align-self: flex-end;\" href=\"https:\/\/effik.ch\/hcp\/fr\/gynecologie\/menopause\/blissel\/\" target=\"_self\">D\u00e9couvrez Blissel<sup>\u00ae<\/sup><\/a>\n\t\t\t\t\t<\/div>\n\t<\/div>\n<\/div>\n<style>\n\t.inner-hero-block {\n\t\t@media (min-width: 768px) {\n\t\taspect-ratio:  \/ 552; \n\t\tmin-height: 552px;\n\t\t}\n\t}\n<\/style>\n\n\n<div id=\"natecal\" class=\"inner-hero-block product-img-vertical-85 alignfull hero-mbl-column\" style=\"background-image: url(https:\/\/effik.ch\/hcp\/wp-content\/uploads\/sites\/2\/2024\/03\/Natecal-bg.svg)\">\n<div class=\"anchor-div\"><\/div>\n\n\t\t\t<div class=\"inner-hero-bg-mbl\" style=\"background-image: url(https:\/\/effik.ch\/hcp\/wp-content\/uploads\/sites\/2\/2024\/03\/Natecal-bg.svg); aspect-ratio:393\/200; min-height:200px;\">\n\t<div class=\"img-container\"><img loading=\"lazy\" decoding=\"async\" width=\"213\" height=\"322\" src=\"https:\/\/effik.ch\/hcp\/wp-content\/uploads\/sites\/2\/2024\/03\/natecal.png\" class=\"attachment-large size-large\" alt=\"\" srcset=\"https:\/\/effik.ch\/hcp\/wp-content\/uploads\/sites\/2\/2024\/03\/natecal.png 213w, https:\/\/effik.ch\/hcp\/wp-content\/uploads\/sites\/2\/2024\/03\/natecal-198x300.png 198w\" sizes=\"auto, (max-width: 213px) 100vw, 213px\" \/><\/div>\n\t\t\t\t\t<\/div>\n\t<div class=\"wrap\" style=\"flex-direction: row-reverse;\">\n\t\t<div class=\"img-container\" style=\"justify-content: flex-end; max-height: 552px; width: calc(100% - px);\"><img loading=\"lazy\" decoding=\"async\" width=\"213\" height=\"322\" src=\"https:\/\/effik.ch\/hcp\/wp-content\/uploads\/sites\/2\/2024\/03\/natecal.png\" class=\"attachment-large size-large\" alt=\"\" srcset=\"https:\/\/effik.ch\/hcp\/wp-content\/uploads\/sites\/2\/2024\/03\/natecal.png 213w, https:\/\/effik.ch\/hcp\/wp-content\/uploads\/sites\/2\/2024\/03\/natecal-198x300.png 198w\" sizes=\"auto, (max-width: 213px) 100vw, 213px\" \/><\/div>\n\t\t\t<div class=\"content-container\" style=\"text-align: left;\">\n\t\t\t\t\t\t<h2 class=\"section-title\">Natecal<sup>\u00ae<\/sup> D<\/h2>\n\t\t\t\t\t\t\t\t\t\t\t\t\t<a class=\"blue-button\" style=\"align-self: flex-start;\" href=\"https:\/\/effik.ch\/hcp\/fr\/gynecologie\/menopause\/natecal-d\/\" target=\"_self\">D\u00e9couvrez Natecal<sup>\u00ae<\/sup> D<\/a>\n\t\t\t\t\t<\/div>\n\t<\/div>\n<\/div>\n<style>\n\t.inner-hero-block {\n\t\t@media (min-width: 768px) {\n\t\taspect-ratio:  \/ 552; \n\t\tmin-height: 552px;\n\t\t}\n\t}\n<\/style>\n","protected":false},"excerpt":{"rendered":"","protected":false},"author":1,"featured_media":0,"parent":859,"menu_order":0,"comment_status":"closed","ping_status":"closed","template":"","meta":{"_acf_changed":false,"footnotes":""},"class_list":{"2":"type-page","4":"hentry"},"acf":[],"yoast_head":"<!-- This site is optimized with the Yoast SEO plugin v25.1 - https:\/\/yoast.com\/wordpress\/plugins\/seo\/ -->\n<title>M\u00e9nopause - EFFIK HCP<\/title>\n<meta name=\"robots\" content=\"index, follow, max-snippet:-1, max-image-preview:large, max-video-preview:-1\" \/>\n<link rel=\"canonical\" href=\"https:\/\/effik.ch\/hcp\/fr\/gynecologie\/menopause\/\" \/>\n<meta property=\"og:locale\" content=\"fr_FR\" \/>\n<meta property=\"og:type\" content=\"article\" \/>\n<meta property=\"og:title\" content=\"M\u00e9nopause - EFFIK HCP\" \/>\n<meta property=\"og:url\" content=\"https:\/\/effik.ch\/hcp\/fr\/gynecologie\/menopause\/\" \/>\n<meta property=\"og:site_name\" content=\"EFFIK HCP\" \/>\n<meta property=\"article:modified_time\" content=\"2025-09-16T14:41:54+00:00\" \/>\n<meta name=\"twitter:card\" content=\"summary_large_image\" \/>\n<script type=\"application\/ld+json\" class=\"yoast-schema-graph\">{\"@context\":\"https:\/\/schema.org\",\"@graph\":[{\"@type\":\"WebPage\",\"@id\":\"https:\/\/effik.ch\/hcp\/fr\/gynecologie\/menopause\/\",\"url\":\"https:\/\/effik.ch\/hcp\/fr\/gynecologie\/menopause\/\",\"name\":\"M\u00e9nopause - EFFIK HCP\",\"isPartOf\":{\"@id\":\"https:\/\/effik.ch\/hcp\/fr\/#website\"},\"datePublished\":\"2024-03-18T04:56:10+00:00\",\"dateModified\":\"2025-09-16T14:41:54+00:00\",\"breadcrumb\":{\"@id\":\"https:\/\/effik.ch\/hcp\/fr\/gynecologie\/menopause\/#breadcrumb\"},\"inLanguage\":\"fr-FR\",\"potentialAction\":[{\"@type\":\"ReadAction\",\"target\":[\"https:\/\/effik.ch\/hcp\/fr\/gynecologie\/menopause\/\"]}]},{\"@type\":\"BreadcrumbList\",\"@id\":\"https:\/\/effik.ch\/hcp\/fr\/gynecologie\/menopause\/#breadcrumb\",\"itemListElement\":[{\"@type\":\"ListItem\",\"position\":1,\"name\":\"Home\",\"item\":\"https:\/\/effik.ch\/hcp\/fr\/\"},{\"@type\":\"ListItem\",\"position\":2,\"name\":\"M\u00e9nopause\"}]},{\"@type\":\"WebSite\",\"@id\":\"https:\/\/effik.ch\/hcp\/fr\/#website\",\"url\":\"https:\/\/effik.ch\/hcp\/fr\/\",\"name\":\"EFFIK HCP\",\"description\":\"\",\"potentialAction\":[{\"@type\":\"SearchAction\",\"target\":{\"@type\":\"EntryPoint\",\"urlTemplate\":\"https:\/\/effik.ch\/hcp\/fr\/?s={search_term_string}\"},\"query-input\":{\"@type\":\"PropertyValueSpecification\",\"valueRequired\":true,\"valueName\":\"search_term_string\"}}],\"inLanguage\":\"fr-FR\"}]}<\/script>\n<!-- \/ Yoast SEO plugin. -->","yoast_head_json":{"title":"M\u00e9nopause - EFFIK HCP","robots":{"index":"index","follow":"follow","max-snippet":"max-snippet:-1","max-image-preview":"max-image-preview:large","max-video-preview":"max-video-preview:-1"},"canonical":"https:\/\/effik.ch\/hcp\/fr\/gynecologie\/menopause\/","og_locale":"fr_FR","og_type":"article","og_title":"M\u00e9nopause - EFFIK HCP","og_url":"https:\/\/effik.ch\/hcp\/fr\/gynecologie\/menopause\/","og_site_name":"EFFIK HCP","article_modified_time":"2025-09-16T14:41:54+00:00","twitter_card":"summary_large_image","schema":{"@context":"https:\/\/schema.org","@graph":[{"@type":"WebPage","@id":"https:\/\/effik.ch\/hcp\/fr\/gynecologie\/menopause\/","url":"https:\/\/effik.ch\/hcp\/fr\/gynecologie\/menopause\/","name":"M\u00e9nopause - EFFIK HCP","isPartOf":{"@id":"https:\/\/effik.ch\/hcp\/fr\/#website"},"datePublished":"2024-03-18T04:56:10+00:00","dateModified":"2025-09-16T14:41:54+00:00","breadcrumb":{"@id":"https:\/\/effik.ch\/hcp\/fr\/gynecologie\/menopause\/#breadcrumb"},"inLanguage":"fr-FR","potentialAction":[{"@type":"ReadAction","target":["https:\/\/effik.ch\/hcp\/fr\/gynecologie\/menopause\/"]}]},{"@type":"BreadcrumbList","@id":"https:\/\/effik.ch\/hcp\/fr\/gynecologie\/menopause\/#breadcrumb","itemListElement":[{"@type":"ListItem","position":1,"name":"Home","item":"https:\/\/effik.ch\/hcp\/fr\/"},{"@type":"ListItem","position":2,"name":"M\u00e9nopause"}]},{"@type":"WebSite","@id":"https:\/\/effik.ch\/hcp\/fr\/#website","url":"https:\/\/effik.ch\/hcp\/fr\/","name":"EFFIK HCP","description":"","potentialAction":[{"@type":"SearchAction","target":{"@type":"EntryPoint","urlTemplate":"https:\/\/effik.ch\/hcp\/fr\/?s={search_term_string}"},"query-input":{"@type":"PropertyValueSpecification","valueRequired":true,"valueName":"search_term_string"}}],"inLanguage":"fr-FR"}]}},"_links":{"self":[{"href":"https:\/\/effik.ch\/hcp\/fr\/wp-json\/wp\/v2\/pages\/1224","targetHints":{"allow":["GET"]}}],"collection":[{"href":"https:\/\/effik.ch\/hcp\/fr\/wp-json\/wp\/v2\/pages"}],"about":[{"href":"https:\/\/effik.ch\/hcp\/fr\/wp-json\/wp\/v2\/types\/page"}],"author":[{"embeddable":true,"href":"https:\/\/effik.ch\/hcp\/fr\/wp-json\/wp\/v2\/users\/1"}],"replies":[{"embeddable":true,"href":"https:\/\/effik.ch\/hcp\/fr\/wp-json\/wp\/v2\/comments?post=1224"}],"version-history":[{"count":4,"href":"https:\/\/effik.ch\/hcp\/fr\/wp-json\/wp\/v2\/pages\/1224\/revisions"}],"predecessor-version":[{"id":2402,"href":"https:\/\/effik.ch\/hcp\/fr\/wp-json\/wp\/v2\/pages\/1224\/revisions\/2402"}],"up":[{"embeddable":true,"href":"https:\/\/effik.ch\/hcp\/fr\/wp-json\/wp\/v2\/pages\/859"}],"wp:attachment":[{"href":"https:\/\/effik.ch\/hcp\/fr\/wp-json\/wp\/v2\/media?parent=1224"}],"curies":[{"name":"wp","href":"https:\/\/api.w.org\/{rel}","templated":true}]}}