{"id":1232,"date":"2024-03-18T07:15:59","date_gmt":"2024-03-18T05:15:59","guid":{"rendered":"https:\/\/effik.ch\/hcp\/?page_id=1232"},"modified":"2025-09-16T16:50:51","modified_gmt":"2025-09-16T14:50:51","slug":"prophylaxie-et-traitement-de-la-thrombose","status":"publish","type":"page","link":"https:\/\/effik.ch\/hcp\/fr\/hematologie-et-cardiologie\/prophylaxie-et-traitement-de-la-thrombose\/","title":{"rendered":"Prophylaxie et traitement de la thrombose"},"content":{"rendered":"<div id=\"block_91b4adf09ec5c9887b99bc937b17add4\" class=\"hero-block alignfull\" style=\"background-image: url(https:\/\/effik.ch\/hcp\/wp-content\/uploads\/sites\/2\/2024\/05\/Hero-section.jpg)\">\n\t<div class=\"wrap\">\n\t\t\t\t<h1 class=\"entry-title\">Prophylaxie et traitement <br \/>\r\nde la thrombose<\/h1>\n\t\t\t<\/div>\n<\/div>\n\n\n<div id=\"block_e8e4aede23ffe8ced3fdafccb45e2bab\" class=\"hero-text-block alignfull\" style=\"\">\n\t<div class=\"wrap\">\n\t\t\t\t\t\t\t<div class=\"hero-text\"><p>Les thromboses sont des pathologies fr\u00e9quentes. Chaque ann\u00e9e, en Europe d\u00e9c\u00e8dent jusqu&rsquo;\u00e0 500 000 personnes des suites d&rsquo;une thrombose.<\/p>\n<p>La prophylaxie et le traitement de la thrombose comprennent diverses mesures, notamment des m\u00e9dicaments anticoagulants et des interventions chirurgicales, dans le but de pr\u00e9venir la formation de caillots sanguins et de r\u00e9duire le risque de complications.<\/p>\n<\/div>\n\t\t\t<\/div>\n<\/div>\n\n\n<div id=\"block_04dc6b0f2700ab6c0dcadd1c0ab9ecbf\" class=\"inner-hero-block product-img-vertical-85 alignfull hero-mbl-column\" style=\"background-image: url(https:\/\/effik.ch\/hcp\/wp-content\/uploads\/sites\/2\/2024\/03\/hepaxane-bg.svg)\">\n<div class=\"anchor-div\"><\/div>\n\n\t\t\t\n\t\t<div class=\"inner-hero-bg-mbl\" style=\"background-image: url(https:\/\/effik.ch\/hcp\/wp-content\/uploads\/sites\/2\/2024\/03\/hepaxane-bg.svg); aspect-ratio:393\/200; min-height:200px;\">\n\t\t<div class=\"img-gal-container\">\n\t\t\t<div class=\"swiper image-gallery\"><div class=\"swiper-wrapper\"><div class=\"swiper-slide\"><img loading=\"lazy\" decoding=\"async\" width=\"610\" height=\"656\" src=\"https:\/\/effik.ch\/hcp\/wp-content\/uploads\/sites\/2\/2024\/05\/Hepaxane-20@2x.png\" class=\"slide-image\" alt=\"EFFIK\" srcset=\"https:\/\/effik.ch\/hcp\/wp-content\/uploads\/sites\/2\/2024\/05\/Hepaxane-20@2x.png 610w, https:\/\/effik.ch\/hcp\/wp-content\/uploads\/sites\/2\/2024\/05\/Hepaxane-20@2x-279x300.png 279w\" sizes=\"auto, (max-width: 610px) 100vw, 610px\" \/><\/div><div class=\"swiper-slide\"><img loading=\"lazy\" decoding=\"async\" width=\"610\" height=\"656\" src=\"https:\/\/effik.ch\/hcp\/wp-content\/uploads\/sites\/2\/2024\/05\/Hepaxane-40@2x.png\" class=\"slide-image\" alt=\"EFFIK\" srcset=\"https:\/\/effik.ch\/hcp\/wp-content\/uploads\/sites\/2\/2024\/05\/Hepaxane-40@2x.png 610w, https:\/\/effik.ch\/hcp\/wp-content\/uploads\/sites\/2\/2024\/05\/Hepaxane-40@2x-279x300.png 279w\" sizes=\"auto, (max-width: 610px) 100vw, 610px\" \/><\/div><div class=\"swiper-slide\"><img loading=\"lazy\" decoding=\"async\" width=\"610\" height=\"656\" src=\"https:\/\/effik.ch\/hcp\/wp-content\/uploads\/sites\/2\/2024\/05\/Hepaxane-60@2x.png\" class=\"slide-image\" alt=\"EFFIK\" srcset=\"https:\/\/effik.ch\/hcp\/wp-content\/uploads\/sites\/2\/2024\/05\/Hepaxane-60@2x.png 610w, https:\/\/effik.ch\/hcp\/wp-content\/uploads\/sites\/2\/2024\/05\/Hepaxane-60@2x-279x300.png 279w\" sizes=\"auto, (max-width: 610px) 100vw, 610px\" \/><\/div><div class=\"swiper-slide\"><img loading=\"lazy\" decoding=\"async\" width=\"610\" height=\"656\" src=\"https:\/\/effik.ch\/hcp\/wp-content\/uploads\/sites\/2\/2024\/05\/Hepaxane-80@2x.png\" class=\"slide-image\" alt=\"EFFIK\" srcset=\"https:\/\/effik.ch\/hcp\/wp-content\/uploads\/sites\/2\/2024\/05\/Hepaxane-80@2x.png 610w, https:\/\/effik.ch\/hcp\/wp-content\/uploads\/sites\/2\/2024\/05\/Hepaxane-80@2x-279x300.png 279w\" sizes=\"auto, (max-width: 610px) 100vw, 610px\" \/><\/div><\/div><div class=\"swiper-pagination-img-gallery\"><\/div><\/div>\t\t<\/div>\n\t\t\t\t\t\t<\/div>\n\t<div class=\"wrap\" style=\"flex-direction: row-reverse;\">\n\t<div class=\"swiper image-gallery\"><div class=\"swiper-wrapper\"><div class=\"swiper-slide\"><img loading=\"lazy\" decoding=\"async\" width=\"610\" height=\"656\" src=\"https:\/\/effik.ch\/hcp\/wp-content\/uploads\/sites\/2\/2024\/05\/Hepaxane-20@2x.png\" class=\"slide-image\" alt=\"EFFIK\" srcset=\"https:\/\/effik.ch\/hcp\/wp-content\/uploads\/sites\/2\/2024\/05\/Hepaxane-20@2x.png 610w, https:\/\/effik.ch\/hcp\/wp-content\/uploads\/sites\/2\/2024\/05\/Hepaxane-20@2x-279x300.png 279w\" sizes=\"auto, (max-width: 610px) 100vw, 610px\" \/><\/div><div class=\"swiper-slide\"><img loading=\"lazy\" decoding=\"async\" width=\"610\" height=\"656\" src=\"https:\/\/effik.ch\/hcp\/wp-content\/uploads\/sites\/2\/2024\/05\/Hepaxane-40@2x.png\" class=\"slide-image\" alt=\"EFFIK\" srcset=\"https:\/\/effik.ch\/hcp\/wp-content\/uploads\/sites\/2\/2024\/05\/Hepaxane-40@2x.png 610w, https:\/\/effik.ch\/hcp\/wp-content\/uploads\/sites\/2\/2024\/05\/Hepaxane-40@2x-279x300.png 279w\" sizes=\"auto, (max-width: 610px) 100vw, 610px\" \/><\/div><div class=\"swiper-slide\"><img loading=\"lazy\" decoding=\"async\" width=\"610\" height=\"656\" src=\"https:\/\/effik.ch\/hcp\/wp-content\/uploads\/sites\/2\/2024\/05\/Hepaxane-60@2x.png\" class=\"slide-image\" alt=\"EFFIK\" srcset=\"https:\/\/effik.ch\/hcp\/wp-content\/uploads\/sites\/2\/2024\/05\/Hepaxane-60@2x.png 610w, https:\/\/effik.ch\/hcp\/wp-content\/uploads\/sites\/2\/2024\/05\/Hepaxane-60@2x-279x300.png 279w\" sizes=\"auto, (max-width: 610px) 100vw, 610px\" \/><\/div><div class=\"swiper-slide\"><img loading=\"lazy\" decoding=\"async\" width=\"610\" height=\"656\" src=\"https:\/\/effik.ch\/hcp\/wp-content\/uploads\/sites\/2\/2024\/05\/Hepaxane-80@2x.png\" class=\"slide-image\" alt=\"EFFIK\" srcset=\"https:\/\/effik.ch\/hcp\/wp-content\/uploads\/sites\/2\/2024\/05\/Hepaxane-80@2x.png 610w, https:\/\/effik.ch\/hcp\/wp-content\/uploads\/sites\/2\/2024\/05\/Hepaxane-80@2x-279x300.png 279w\" sizes=\"auto, (max-width: 610px) 100vw, 610px\" \/><\/div><\/div><div class=\"swiper-pagination-img-gallery\"><\/div><\/div>\t<div class=\"content-container\" style=\"text-align: left;\">\n\t\t\t\t\t\t<h2 class=\"section-title\">Hepaxane<sup>\u00ae<\/sup><\/h2>\n\t\t\t\t\t\t\t\t\t\t\t\t\t<a class=\"blue-button\" style=\"align-self: flex-start;\" href=\"https:\/\/effik.ch\/hcp\/fr\/hematologie-et-cardiologie\/prophylaxie-et-traitement-de-la-thrombose\/hepaxane\/\" target=\"_self\">D\u00e9couvrez Hepaxane<sup>\u00ae<\/sup><\/a>\n\t\t\t\t\t<\/div>\n\t<\/div>\n<\/div>\n<style>\n\t.inner-hero-block {\n\t\t@media (min-width: 768px) {\n\t\taspect-ratio:  \/ 600; \n\t\tmin-height: 600px;\n\t\t}\n\t}\n<\/style>\n","protected":false},"excerpt":{"rendered":"","protected":false},"author":1,"featured_media":0,"parent":915,"menu_order":0,"comment_status":"closed","ping_status":"closed","template":"","meta":{"_acf_changed":false,"footnotes":""},"class_list":{"2":"type-page","4":"hentry"},"acf":[],"yoast_head":"<!-- This site is optimized with the Yoast SEO plugin v25.1 - https:\/\/yoast.com\/wordpress\/plugins\/seo\/ -->\n<title>Prophylaxie et traitement de la thrombose - EFFIK HCP<\/title>\n<meta name=\"robots\" content=\"index, follow, max-snippet:-1, max-image-preview:large, max-video-preview:-1\" \/>\n<link rel=\"canonical\" href=\"https:\/\/effik.ch\/hcp\/fr\/hematologie-et-cardiologie\/prophylaxie-et-traitement-de-la-thrombose\/\" \/>\n<meta property=\"og:locale\" content=\"fr_FR\" \/>\n<meta property=\"og:type\" content=\"article\" \/>\n<meta property=\"og:title\" content=\"Prophylaxie et traitement de la thrombose - EFFIK HCP\" \/>\n<meta property=\"og:url\" content=\"https:\/\/effik.ch\/hcp\/fr\/hematologie-et-cardiologie\/prophylaxie-et-traitement-de-la-thrombose\/\" \/>\n<meta property=\"og:site_name\" content=\"EFFIK HCP\" \/>\n<meta property=\"article:modified_time\" content=\"2025-09-16T14:50:51+00:00\" \/>\n<meta name=\"twitter:card\" content=\"summary_large_image\" \/>\n<script type=\"application\/ld+json\" class=\"yoast-schema-graph\">{\"@context\":\"https:\/\/schema.org\",\"@graph\":[{\"@type\":\"WebPage\",\"@id\":\"https:\/\/effik.ch\/hcp\/fr\/hematologie-et-cardiologie\/prophylaxie-et-traitement-de-la-thrombose\/\",\"url\":\"https:\/\/effik.ch\/hcp\/fr\/hematologie-et-cardiologie\/prophylaxie-et-traitement-de-la-thrombose\/\",\"name\":\"Prophylaxie et traitement de la thrombose - EFFIK HCP\",\"isPartOf\":{\"@id\":\"https:\/\/effik.ch\/hcp\/fr\/#website\"},\"datePublished\":\"2024-03-18T05:15:59+00:00\",\"dateModified\":\"2025-09-16T14:50:51+00:00\",\"breadcrumb\":{\"@id\":\"https:\/\/effik.ch\/hcp\/fr\/hematologie-et-cardiologie\/prophylaxie-et-traitement-de-la-thrombose\/#breadcrumb\"},\"inLanguage\":\"fr-FR\",\"potentialAction\":[{\"@type\":\"ReadAction\",\"target\":[\"https:\/\/effik.ch\/hcp\/fr\/hematologie-et-cardiologie\/prophylaxie-et-traitement-de-la-thrombose\/\"]}]},{\"@type\":\"BreadcrumbList\",\"@id\":\"https:\/\/effik.ch\/hcp\/fr\/hematologie-et-cardiologie\/prophylaxie-et-traitement-de-la-thrombose\/#breadcrumb\",\"itemListElement\":[{\"@type\":\"ListItem\",\"position\":1,\"name\":\"Home\",\"item\":\"https:\/\/effik.ch\/hcp\/fr\/\"},{\"@type\":\"ListItem\",\"position\":2,\"name\":\"Prophylaxie et traitement de la thrombose\"}]},{\"@type\":\"WebSite\",\"@id\":\"https:\/\/effik.ch\/hcp\/fr\/#website\",\"url\":\"https:\/\/effik.ch\/hcp\/fr\/\",\"name\":\"EFFIK HCP\",\"description\":\"\",\"potentialAction\":[{\"@type\":\"SearchAction\",\"target\":{\"@type\":\"EntryPoint\",\"urlTemplate\":\"https:\/\/effik.ch\/hcp\/fr\/?s={search_term_string}\"},\"query-input\":{\"@type\":\"PropertyValueSpecification\",\"valueRequired\":true,\"valueName\":\"search_term_string\"}}],\"inLanguage\":\"fr-FR\"}]}<\/script>\n<!-- \/ Yoast SEO plugin. -->","yoast_head_json":{"title":"Prophylaxie et traitement de la thrombose - EFFIK HCP","robots":{"index":"index","follow":"follow","max-snippet":"max-snippet:-1","max-image-preview":"max-image-preview:large","max-video-preview":"max-video-preview:-1"},"canonical":"https:\/\/effik.ch\/hcp\/fr\/hematologie-et-cardiologie\/prophylaxie-et-traitement-de-la-thrombose\/","og_locale":"fr_FR","og_type":"article","og_title":"Prophylaxie et traitement de la thrombose - EFFIK HCP","og_url":"https:\/\/effik.ch\/hcp\/fr\/hematologie-et-cardiologie\/prophylaxie-et-traitement-de-la-thrombose\/","og_site_name":"EFFIK HCP","article_modified_time":"2025-09-16T14:50:51+00:00","twitter_card":"summary_large_image","schema":{"@context":"https:\/\/schema.org","@graph":[{"@type":"WebPage","@id":"https:\/\/effik.ch\/hcp\/fr\/hematologie-et-cardiologie\/prophylaxie-et-traitement-de-la-thrombose\/","url":"https:\/\/effik.ch\/hcp\/fr\/hematologie-et-cardiologie\/prophylaxie-et-traitement-de-la-thrombose\/","name":"Prophylaxie et traitement de la thrombose - EFFIK HCP","isPartOf":{"@id":"https:\/\/effik.ch\/hcp\/fr\/#website"},"datePublished":"2024-03-18T05:15:59+00:00","dateModified":"2025-09-16T14:50:51+00:00","breadcrumb":{"@id":"https:\/\/effik.ch\/hcp\/fr\/hematologie-et-cardiologie\/prophylaxie-et-traitement-de-la-thrombose\/#breadcrumb"},"inLanguage":"fr-FR","potentialAction":[{"@type":"ReadAction","target":["https:\/\/effik.ch\/hcp\/fr\/hematologie-et-cardiologie\/prophylaxie-et-traitement-de-la-thrombose\/"]}]},{"@type":"BreadcrumbList","@id":"https:\/\/effik.ch\/hcp\/fr\/hematologie-et-cardiologie\/prophylaxie-et-traitement-de-la-thrombose\/#breadcrumb","itemListElement":[{"@type":"ListItem","position":1,"name":"Home","item":"https:\/\/effik.ch\/hcp\/fr\/"},{"@type":"ListItem","position":2,"name":"Prophylaxie et traitement de la thrombose"}]},{"@type":"WebSite","@id":"https:\/\/effik.ch\/hcp\/fr\/#website","url":"https:\/\/effik.ch\/hcp\/fr\/","name":"EFFIK HCP","description":"","potentialAction":[{"@type":"SearchAction","target":{"@type":"EntryPoint","urlTemplate":"https:\/\/effik.ch\/hcp\/fr\/?s={search_term_string}"},"query-input":{"@type":"PropertyValueSpecification","valueRequired":true,"valueName":"search_term_string"}}],"inLanguage":"fr-FR"}]}},"_links":{"self":[{"href":"https:\/\/effik.ch\/hcp\/fr\/wp-json\/wp\/v2\/pages\/1232","targetHints":{"allow":["GET"]}}],"collection":[{"href":"https:\/\/effik.ch\/hcp\/fr\/wp-json\/wp\/v2\/pages"}],"about":[{"href":"https:\/\/effik.ch\/hcp\/fr\/wp-json\/wp\/v2\/types\/page"}],"author":[{"embeddable":true,"href":"https:\/\/effik.ch\/hcp\/fr\/wp-json\/wp\/v2\/users\/1"}],"replies":[{"embeddable":true,"href":"https:\/\/effik.ch\/hcp\/fr\/wp-json\/wp\/v2\/comments?post=1232"}],"version-history":[{"count":4,"href":"https:\/\/effik.ch\/hcp\/fr\/wp-json\/wp\/v2\/pages\/1232\/revisions"}],"predecessor-version":[{"id":2405,"href":"https:\/\/effik.ch\/hcp\/fr\/wp-json\/wp\/v2\/pages\/1232\/revisions\/2405"}],"up":[{"embeddable":true,"href":"https:\/\/effik.ch\/hcp\/fr\/wp-json\/wp\/v2\/pages\/915"}],"wp:attachment":[{"href":"https:\/\/effik.ch\/hcp\/fr\/wp-json\/wp\/v2\/media?parent=1232"}],"curies":[{"name":"wp","href":"https:\/\/api.w.org\/{rel}","templated":true}]}}