{"id":1326,"date":"2024-03-15T16:43:24","date_gmt":"2024-03-15T14:43:24","guid":{"rendered":"https:\/\/effik.ch\/hcp\/?page_id=1326"},"modified":"2025-11-10T16:11:29","modified_gmt":"2025-11-10T14:11:29","slug":"effilevo","status":"publish","type":"page","link":"https:\/\/effik.ch\/hcp\/fr\/gynecologie\/contraception\/effilevo\/","title":{"rendered":"Effilevo"},"content":{"rendered":"<div id=\"block_62d88cbe6d9991311bf9ab6c8a486112\" class=\"hero-block alignfull\" style=\"background-image: url(https:\/\/effik.ch\/hcp\/wp-content\/uploads\/sites\/2\/2024\/03\/contraception.jpg)\">\n\t<div class=\"wrap\">\n\t\t\t\t<h1 class=\"entry-title\">Effilevo<sup>\u00ae<\/sup><br \/>\r\nEffilevo<sup>\u00ae<\/sup> Conti<\/h1>\n\t\t\t<\/div>\n<\/div>\n\n\n<div id=\"block_6b8fea46391472c85f66b6e1f5351175\" class=\"secondary-menu-block alignfull\" style=\"\">\n<ul class=\"secondary-menu-container\">\n\t\t\t<li class=\"secondary-menu-item\">\n\t\t\t<a class=\"secondary-menu-item__content\" href=\"#product\">Effilevo<sup>\u00ae<\/sup> et Effilevo<sup>\u00ae<\/sup> Conti<\/a>\n\t\t<\/li>\n\t\t\t\t<li class=\"secondary-menu-item\">\n\t\t\t<a class=\"secondary-menu-item__content\" href=\"#notice\">Notice d\u2019utilisation<\/a>\n\t\t<\/li>\n\t\t\t<\/ul>\n\t<\/div>\n\n\n<div id=\"effilevo-conti\" class=\"inner-hero-block product-img-vertical-85 spaced-p alignfull hero-mbl-column\" style=\"background-image: url(https:\/\/effik.ch\/hcp\/wp-content\/uploads\/sites\/2\/2025\/05\/Effilevo-pack-bg-right.svg)\">\n<div class=\"anchor-div\"><\/div>\n\n\t\t\t<div class=\"inner-hero-bg-mbl\" style=\"background-image: url(https:\/\/effik.ch\/hcp\/wp-content\/uploads\/sites\/2\/2025\/05\/Effilevo-pack-bg-right.svg); aspect-ratio:393\/200; min-height:200px;\">\n\t<div class=\"img-container\"><img loading=\"lazy\" decoding=\"async\" width=\"315\" height=\"240\" src=\"https:\/\/effik.ch\/hcp\/wp-content\/uploads\/sites\/2\/2025\/05\/Effilevo-pack.png\" class=\"attachment-large size-large\" alt=\"\" srcset=\"https:\/\/effik.ch\/hcp\/wp-content\/uploads\/sites\/2\/2025\/05\/Effilevo-pack.png 315w, https:\/\/effik.ch\/hcp\/wp-content\/uploads\/sites\/2\/2025\/05\/Effilevo-pack-300x229.png 300w\" sizes=\"auto, (max-width: 315px) 100vw, 315px\" \/><\/div>\n\t\t\t\t\t<\/div>\n\t<div class=\"wrap\" style=\"flex-direction: row-reverse;\">\n\t\t<div class=\"img-container\" style=\"justify-content: flex-end; max-height: 328px; width: calc(100% - 549px);\"><img loading=\"lazy\" decoding=\"async\" width=\"315\" height=\"240\" src=\"https:\/\/effik.ch\/hcp\/wp-content\/uploads\/sites\/2\/2025\/05\/Effilevo-pack.png\" class=\"attachment-large size-large\" alt=\"\" srcset=\"https:\/\/effik.ch\/hcp\/wp-content\/uploads\/sites\/2\/2025\/05\/Effilevo-pack.png 315w, https:\/\/effik.ch\/hcp\/wp-content\/uploads\/sites\/2\/2025\/05\/Effilevo-pack-300x229.png 300w\" sizes=\"auto, (max-width: 315px) 100vw, 315px\" \/><\/div>\n\t\t\t<div class=\"content-container\" style=\"text-align: left;\">\n\t\t\t\t\t\t\t\t\t<div class=\"section-content font-medium\" style=\"max-width: 549px; align-self: flex-start;\"><p>Effilevo<sup>\u00ae<\/sup> et Effilevo<sup>\u00ae<\/sup> Conti sont des contraceptifs hormonaux combin\u00e9s (CHC). Ils contiennent en faible quantit\u00e9 deux hormones : le l\u00e9vonorgestrel, un progestatif et l&rsquo;\u00e9thinylestradiol, un \u0153strog\u00e8ne.<\/p>\n<p>Gr\u00e2ce \u00e0 leurs doses r\u00e9duites en hormones, Effilevo<sup>\u00ae<\/sup> et Effilevo<sup>\u00ae<\/sup> Conti sont qualifi\u00e9s de \u00ab micropilules \u00bb.<\/p>\n<\/div>\n\t\t\t\t\t\t\t\t<\/div>\n\t<\/div>\n<\/div>\n<style>\n\t.inner-hero-block {\n\t\t@media (min-width: 768px) {\n\t\taspect-ratio: 1440 \/ 328; \n\t\tmin-height: 328px;\n\t\t}\n\t}\n<\/style>\n\n\n<div id=\"block_eb89f0c35a707796def37407e3e9ced4\" class=\"featured-text-block\">\n\t<div class=\"wrap\">\t\t<div class=\"featured-box\" style=\"background:; box-shadow:;\"><h2 class=\"featured-title\">Contraceptifs oraux de 2\u00e8me g\u00e9n\u00e9ration (Liste B)<\/h2><div class=\"featured-text\"><p>Les CHC<sup>*<\/sup> contenant du l\u00e9vonorgestrel pr\u00e9sentent un risque de TEV<sup>*<\/sup> plus faible que les CHC de 3<sup>\u00e8me<\/sup> et 4<sup>\u00e8me<\/sup> g\u00e9neration<sup>1<\/sup>.<\/p>\n<\/div><\/div><div class=\"small-text\"><sup>*<\/sup> CHC = Contraceptif Hormonal Combin\u00e9, TEV = Thromboembolies veineuses.<\/div>\t<\/div>\n<\/div>\n\n\n<div id=\"block_5c629404bd3b69181d305b277625f3cc\" class=\"effilevo-block\" style=\"\">\n\t<div class=\"wrap\">\n\t\t<div id=\"product\" class=\"product-box-container\"><div class=\"product-box product-box--image-center\"><div class=\"product-box__left\"><h2 class=\"product-title\">Effilevo<sup>\u00ae<\/sup><\/h2><div class=\"product-composition\"><p>Levonogestrel 0,10 mg +<br \/>\nEthinylestradiol 0,02 mg<\/p>\n<\/div><\/div><div class=\"product-box__center\"><img loading=\"lazy\" decoding=\"async\" width=\"600\" height=\"599\" src=\"https:\/\/effik.ch\/hcp\/wp-content\/uploads\/sites\/2\/2025\/05\/effilevo-product.png\" class=\"attachment-large size-large\" alt=\"Effilevo&lt;sup&gt;\u00ae&lt;\/sup&gt;\" srcset=\"https:\/\/effik.ch\/hcp\/wp-content\/uploads\/sites\/2\/2025\/05\/effilevo-product.png 600w, https:\/\/effik.ch\/hcp\/wp-content\/uploads\/sites\/2\/2025\/05\/effilevo-product-300x300.png 300w, https:\/\/effik.ch\/hcp\/wp-content\/uploads\/sites\/2\/2025\/05\/effilevo-product-150x150.png 150w\" sizes=\"auto, (max-width: 600px) 100vw, 600px\" \/><\/div><div class=\"product-box__right\"><div class=\"product-description\"><p><b>Avec interruption de prise\u00a0<\/b><br \/>\n(7 jours d\u2019interruption)<\/p>\n<\/div><\/div><\/div><div class=\"product-box product-box--image-center\"><div class=\"product-box__left\"><h2 class=\"product-title\">Effilevo<sup>\u00ae<\/sup> Conti<\/h2><div class=\"product-composition\"><p>Levonogestrel 0,10 mg +<br \/>\nEthinylestradiol 0,02 mg<\/p>\n<\/div><\/div><div class=\"product-box__center\"><img loading=\"lazy\" decoding=\"async\" width=\"600\" height=\"599\" src=\"https:\/\/effik.ch\/hcp\/wp-content\/uploads\/sites\/2\/2025\/05\/effilevo-conti-product.png\" class=\"attachment-large size-large\" alt=\"Effilevo&lt;sup&gt;\u00ae&lt;\/sup&gt; Conti\" srcset=\"https:\/\/effik.ch\/hcp\/wp-content\/uploads\/sites\/2\/2025\/05\/effilevo-conti-product.png 600w, https:\/\/effik.ch\/hcp\/wp-content\/uploads\/sites\/2\/2025\/05\/effilevo-conti-product-300x300.png 300w, https:\/\/effik.ch\/hcp\/wp-content\/uploads\/sites\/2\/2025\/05\/effilevo-conti-product-150x150.png 150w\" sizes=\"auto, (max-width: 600px) 100vw, 600px\" \/><\/div><div class=\"product-box__right\"><div class=\"product-description\"><p><strong>Sans interruption de prise<\/strong><br \/>\n(Contient 7 comprim\u00e9s pellicul\u00e9s blancs \u00ab\u202fplacebo\u202f\u00bb, sans principes actifs)<\/p>\n<p>Une continuit\u00e9 du traitement sans interruption gr\u00e2ce aux 7 comprim\u00e9s \u00ab\u00a0placebo\u00a0\u00bb a d\u00e9montr\u00e9 une meilleure observance th\u00e9rapeutique, surtout chez les jeunes patientes<sup>2<\/sup>.<\/p>\n<\/div><\/div><\/div><div class=\"product-info\"><p>Effilevo<sup>\u00ae<\/sup> et Effilevo<sup>\u00ae<\/sup> Conti sont des pr\u00e9parations dites monophasiques car tous les comprim\u00e9s pellicul\u00e9s contiennent la m\u00eame quantit\u00e9 des deux hormones.<\/p>\n<\/div><\/div><div id=\"notice\" class=\"leaflet-container\"><div class=\"leaflet-item\"><div class=\"leaflet-title\">Information professionnelle abr\u00e9g\u00e9e Effilevo<sup>\u00ae<\/sup>, comprim\u00e9s pellicul\u00e9s (Levonorgestrel 0.10mg \/ Ethinylestradiol 0.020mg)<\/div><a class=\"blue-button\" href=\"https:\/\/effik.ch\/hcp\/wp-content\/uploads\/sites\/2\/2025\/09\/Effilevo_Short-SmPC_FR_clean_rev10012025.pdf\">T\u00e9l\u00e9charger ici<\/a><\/div><div class=\"leaflet-item\"><div class=\"leaflet-title\">Information professionnelle abr\u00e9g\u00e9e Effilevo<sup>\u00ae<\/sup> Conti, comprim\u00e9s pellicul\u00e9s (Levonorgestrel 0.10mg \/ Ethinylestradiol 0.020mg).<\/div><a class=\"blue-button\" href=\"https:\/\/effik.ch\/hcp\/wp-content\/uploads\/sites\/2\/2025\/09\/Effilevo-Conti_ShortSmPC_FR_Clean_reviewed10012025.pdf\">T\u00e9l\u00e9charger ici<\/a><\/div><div class=\"disclaimer\"><p><b>POUR DE PLUS AMPLES INFORMATIONS, CONSULTER L\u2019INFORMATION PROFESSIONNELLE SUR <\/b><u><b><i><a href=\"http:\/\/www.swissmedicinfo.ch\/\">WWW.SWISSMEDICINFO.CH<\/a><\/i><\/b><\/u><b>.\u00a0<\/b><\/p>\n<p><b>Titulaire de l\u2019autorisation\u202f: EFFIK SA, 1260 NYON. Version ao\u00fbt 2021<\/b><\/p>\n<\/div><\/div><div class=\"references\"><p>1. <a href=\"https:\/\/www.swissmedic.ch\/swissmedic\/fr\/home\/medicaments-a-usage-humain\/surveillance-du-marche\/health-professional-communication--hpc-\/archive\/risque-de-thrombose-veineuse-et-dembolie-pulmonaire-sous-contrac.html\">https:\/\/www.swissmedic.ch\/swissmedic\/fr\/home\/medicaments-a-usage-humain\/surveillance-du-marche\/health-professional-communication&#8211;hpc-\/archive\/risque-de-thrombose-veineuse-et-dembolie-pulmonaire-sous-contrac.html<\/a><br \/>\n2. Aubeny E. et al, Oral contraception: patterns of non-compliance. The Coraliance study, Eur J Contracept Reprod Health Care. 2002 Sep;7(3):155-61.<\/p>\n<\/div>\t<\/div>\n<\/div>\n","protected":false},"excerpt":{"rendered":"","protected":false},"author":1,"featured_media":0,"parent":1207,"menu_order":0,"comment_status":"closed","ping_status":"closed","template":"","meta":{"_acf_changed":false,"footnotes":""},"class_list":{"2":"type-page","4":"hentry"},"acf":[],"yoast_head":"<!-- This site is optimized with the Yoast SEO plugin v25.1 - https:\/\/yoast.com\/wordpress\/plugins\/seo\/ -->\n<title>Effilevo - EFFIK HCP<\/title>\n<meta name=\"robots\" content=\"index, follow, max-snippet:-1, max-image-preview:large, max-video-preview:-1\" \/>\n<link rel=\"canonical\" href=\"https:\/\/effik.ch\/hcp\/fr\/gynecologie\/contraception\/effilevo\/\" \/>\n<meta property=\"og:locale\" content=\"fr_FR\" \/>\n<meta property=\"og:type\" content=\"article\" \/>\n<meta property=\"og:title\" content=\"Effilevo - EFFIK HCP\" \/>\n<meta property=\"og:url\" content=\"https:\/\/effik.ch\/hcp\/fr\/gynecologie\/contraception\/effilevo\/\" \/>\n<meta property=\"og:site_name\" content=\"EFFIK HCP\" \/>\n<meta property=\"article:modified_time\" content=\"2025-11-10T14:11:29+00:00\" \/>\n<meta name=\"twitter:card\" content=\"summary_large_image\" \/>\n<script type=\"application\/ld+json\" class=\"yoast-schema-graph\">{\"@context\":\"https:\/\/schema.org\",\"@graph\":[{\"@type\":\"WebPage\",\"@id\":\"https:\/\/effik.ch\/hcp\/fr\/gynecologie\/contraception\/effilevo\/\",\"url\":\"https:\/\/effik.ch\/hcp\/fr\/gynecologie\/contraception\/effilevo\/\",\"name\":\"Effilevo - EFFIK HCP\",\"isPartOf\":{\"@id\":\"https:\/\/effik.ch\/hcp\/fr\/#website\"},\"datePublished\":\"2024-03-15T14:43:24+00:00\",\"dateModified\":\"2025-11-10T14:11:29+00:00\",\"breadcrumb\":{\"@id\":\"https:\/\/effik.ch\/hcp\/fr\/gynecologie\/contraception\/effilevo\/#breadcrumb\"},\"inLanguage\":\"fr-FR\",\"potentialAction\":[{\"@type\":\"ReadAction\",\"target\":[\"https:\/\/effik.ch\/hcp\/fr\/gynecologie\/contraception\/effilevo\/\"]}]},{\"@type\":\"BreadcrumbList\",\"@id\":\"https:\/\/effik.ch\/hcp\/fr\/gynecologie\/contraception\/effilevo\/#breadcrumb\",\"itemListElement\":[{\"@type\":\"ListItem\",\"position\":1,\"name\":\"Home\",\"item\":\"https:\/\/effik.ch\/hcp\/fr\/\"},{\"@type\":\"ListItem\",\"position\":2,\"name\":\"Effilevo\"}]},{\"@type\":\"WebSite\",\"@id\":\"https:\/\/effik.ch\/hcp\/fr\/#website\",\"url\":\"https:\/\/effik.ch\/hcp\/fr\/\",\"name\":\"EFFIK HCP\",\"description\":\"\",\"potentialAction\":[{\"@type\":\"SearchAction\",\"target\":{\"@type\":\"EntryPoint\",\"urlTemplate\":\"https:\/\/effik.ch\/hcp\/fr\/?s={search_term_string}\"},\"query-input\":{\"@type\":\"PropertyValueSpecification\",\"valueRequired\":true,\"valueName\":\"search_term_string\"}}],\"inLanguage\":\"fr-FR\"}]}<\/script>\n<!-- \/ Yoast SEO plugin. -->","yoast_head_json":{"title":"Effilevo - EFFIK HCP","robots":{"index":"index","follow":"follow","max-snippet":"max-snippet:-1","max-image-preview":"max-image-preview:large","max-video-preview":"max-video-preview:-1"},"canonical":"https:\/\/effik.ch\/hcp\/fr\/gynecologie\/contraception\/effilevo\/","og_locale":"fr_FR","og_type":"article","og_title":"Effilevo - EFFIK HCP","og_url":"https:\/\/effik.ch\/hcp\/fr\/gynecologie\/contraception\/effilevo\/","og_site_name":"EFFIK HCP","article_modified_time":"2025-11-10T14:11:29+00:00","twitter_card":"summary_large_image","schema":{"@context":"https:\/\/schema.org","@graph":[{"@type":"WebPage","@id":"https:\/\/effik.ch\/hcp\/fr\/gynecologie\/contraception\/effilevo\/","url":"https:\/\/effik.ch\/hcp\/fr\/gynecologie\/contraception\/effilevo\/","name":"Effilevo - EFFIK HCP","isPartOf":{"@id":"https:\/\/effik.ch\/hcp\/fr\/#website"},"datePublished":"2024-03-15T14:43:24+00:00","dateModified":"2025-11-10T14:11:29+00:00","breadcrumb":{"@id":"https:\/\/effik.ch\/hcp\/fr\/gynecologie\/contraception\/effilevo\/#breadcrumb"},"inLanguage":"fr-FR","potentialAction":[{"@type":"ReadAction","target":["https:\/\/effik.ch\/hcp\/fr\/gynecologie\/contraception\/effilevo\/"]}]},{"@type":"BreadcrumbList","@id":"https:\/\/effik.ch\/hcp\/fr\/gynecologie\/contraception\/effilevo\/#breadcrumb","itemListElement":[{"@type":"ListItem","position":1,"name":"Home","item":"https:\/\/effik.ch\/hcp\/fr\/"},{"@type":"ListItem","position":2,"name":"Effilevo"}]},{"@type":"WebSite","@id":"https:\/\/effik.ch\/hcp\/fr\/#website","url":"https:\/\/effik.ch\/hcp\/fr\/","name":"EFFIK HCP","description":"","potentialAction":[{"@type":"SearchAction","target":{"@type":"EntryPoint","urlTemplate":"https:\/\/effik.ch\/hcp\/fr\/?s={search_term_string}"},"query-input":{"@type":"PropertyValueSpecification","valueRequired":true,"valueName":"search_term_string"}}],"inLanguage":"fr-FR"}]}},"_links":{"self":[{"href":"https:\/\/effik.ch\/hcp\/fr\/wp-json\/wp\/v2\/pages\/1326","targetHints":{"allow":["GET"]}}],"collection":[{"href":"https:\/\/effik.ch\/hcp\/fr\/wp-json\/wp\/v2\/pages"}],"about":[{"href":"https:\/\/effik.ch\/hcp\/fr\/wp-json\/wp\/v2\/types\/page"}],"author":[{"embeddable":true,"href":"https:\/\/effik.ch\/hcp\/fr\/wp-json\/wp\/v2\/users\/1"}],"replies":[{"embeddable":true,"href":"https:\/\/effik.ch\/hcp\/fr\/wp-json\/wp\/v2\/comments?post=1326"}],"version-history":[{"count":20,"href":"https:\/\/effik.ch\/hcp\/fr\/wp-json\/wp\/v2\/pages\/1326\/revisions"}],"predecessor-version":[{"id":2515,"href":"https:\/\/effik.ch\/hcp\/fr\/wp-json\/wp\/v2\/pages\/1326\/revisions\/2515"}],"up":[{"embeddable":true,"href":"https:\/\/effik.ch\/hcp\/fr\/wp-json\/wp\/v2\/pages\/1207"}],"wp:attachment":[{"href":"https:\/\/effik.ch\/hcp\/fr\/wp-json\/wp\/v2\/media?parent=1326"}],"curies":[{"name":"wp","href":"https:\/\/api.w.org\/{rel}","templated":true}]}}