{"id":1382,"date":"2024-03-15T16:43:24","date_gmt":"2024-03-15T14:43:24","guid":{"rendered":"https:\/\/effik.ch\/hcp\/?page_id=1382"},"modified":"2025-11-10T16:53:44","modified_gmt":"2025-11-10T14:53:44","slug":"fertifol","status":"publish","type":"page","link":"https:\/\/effik.ch\/hcp\/fr\/gynecologie\/grossesse-et-allaitement\/fertifol\/","title":{"rendered":"Fertifol"},"content":{"rendered":"<div id=\"block_897337fab96e3f91e85710fae8b3925b\" class=\"hero-block alignfull\" style=\"background-image: url(https:\/\/effik.ch\/hcp\/wp-content\/uploads\/sites\/2\/2024\/03\/desire-of-child.jpg)\">\n\t<div class=\"wrap\">\n\t\t\t\t<h1 class=\"entry-title\">Fertifol<sup>\u00ae<\/sup><\/h1>\n\t\t\t<\/div>\n<\/div>\n\n\n<div id=\"block_b5526da50618158b27c07bf8a9923bb5\" class=\"secondary-menu-block alignfull\" style=\"\">\n<ul class=\"secondary-menu-container\">\n\t\t\t<li class=\"secondary-menu-item\">\n\t\t\t<a class=\"secondary-menu-item__content\" href=\"#fertifol\">Fertifol<sup>\u00ae<\/sup><\/a>\n\t\t<\/li>\n\t\t\t\t<li class=\"secondary-menu-item\">\n\t\t\t<a class=\"secondary-menu-item__content\" href=\"#notice\">Notice d\u2019utilisation<\/a>\n\t\t<\/li>\n\t\t\t<\/ul>\n\t<\/div>\n\n\n<div id=\"effilevo-conti\" class=\"inner-hero-block product-img-vertical-85 spaced-p alignfull hero-mbl-column\" style=\"background-image: url(https:\/\/effik.ch\/hcp\/wp-content\/uploads\/sites\/2\/2025\/05\/fertifol-bg.svg)\">\n<div class=\"anchor-div\"><\/div>\n\n\t\t\t<div class=\"inner-hero-bg-mbl\" style=\"background-image: url(https:\/\/effik.ch\/hcp\/wp-content\/uploads\/sites\/2\/2025\/05\/fertifol-bg.svg); aspect-ratio:393\/200; min-height:200px;\">\n\t<div class=\"img-container\"><img loading=\"lazy\" decoding=\"async\" width=\"400\" height=\"382\" src=\"https:\/\/effik.ch\/hcp\/wp-content\/uploads\/sites\/2\/2024\/03\/fertifol.png\" class=\"attachment-large size-large\" alt=\"\" srcset=\"https:\/\/effik.ch\/hcp\/wp-content\/uploads\/sites\/2\/2024\/03\/fertifol.png 400w, https:\/\/effik.ch\/hcp\/wp-content\/uploads\/sites\/2\/2024\/03\/fertifol-300x287.png 300w\" sizes=\"auto, (max-width: 400px) 100vw, 400px\" \/><\/div>\n\t\t\t\t\t<\/div>\n\t<div class=\"wrap\" style=\"flex-direction: row-reverse;\">\n\t\t<div class=\"img-container\" style=\"justify-content: flex-end; max-height: 376px; width: calc(100% - 549px);\"><img loading=\"lazy\" decoding=\"async\" width=\"400\" height=\"382\" src=\"https:\/\/effik.ch\/hcp\/wp-content\/uploads\/sites\/2\/2024\/03\/fertifol.png\" class=\"attachment-large size-large\" alt=\"\" srcset=\"https:\/\/effik.ch\/hcp\/wp-content\/uploads\/sites\/2\/2024\/03\/fertifol.png 400w, https:\/\/effik.ch\/hcp\/wp-content\/uploads\/sites\/2\/2024\/03\/fertifol-300x287.png 300w\" sizes=\"auto, (max-width: 400px) 100vw, 400px\" \/><\/div>\n\t\t\t<div class=\"content-container\" style=\"text-align: left;\">\n\t\t\t\t\t\t\t\t\t<div class=\"section-content font-medium\" style=\"max-width: 549px; align-self: flex-start;\"><p>L&rsquo;apport d&rsquo;acide folique intervient dans le processus de renouvellement cellulaire et est indispensable pour le corps humain. En particulier, les femmes qui planifient une grossesse et les femmes enceintes ont besoin d&rsquo;un apport satisfaisant en acide folique pour le d\u00e9veloppement de l&rsquo;enfant.<\/p>\n<p><b>Fertifol<sup>\u00ae<\/sup> est indiqu\u00e9 en cas de besoin accru en acide folique \u00e0 partir de quatre semaines avant la conception, pendant la grossesse et l&rsquo;allaitement.<\/b><\/p>\n<\/div>\n\t\t\t\t\t\t\t\t<\/div>\n\t<\/div>\n<\/div>\n<style>\n\t.inner-hero-block {\n\t\t@media (min-width: 768px) {\n\t\taspect-ratio:  \/ 376; \n\t\tmin-height: 376px;\n\t\t}\n\t}\n<\/style>\n\n\n<div id=\"fertifol\" class=\"featured-text-block\">\n\t<div class=\"wrap\">\t\t<div class=\"featured-box\" style=\"background:#ff8752; box-shadow:10px 10px 0px 0px rgba(255, 135, 82, 0.30);\"><h2 class=\"featured-title\">Fertifol<sup>\u00ae<\/sup> prot\u00e8ge du risque de carence en folates en fournissant \r\n100% des apports journaliers recommand\u00e9s (0.4 mg par jour).\r\n<\/h2><\/div>\t<\/div>\n<\/div>\n\n\n<div id=\"block_b05c87d35a523f91d69247c1768aaa1b\" class=\"effilevo-block\" style=\"\">\n\t<div class=\"wrap\">\n\t\t<div id=\"product\" class=\"product-box-container\"><div class=\"product-box product-box--image-center\"><div class=\"product-box__left\"><h2 class=\"product-title\">Spina bifida<br>(dos ouvert)\r\n<\/h2><div class=\"product-composition\"><\/div><\/div><div class=\"product-box__center\"><img loading=\"lazy\" decoding=\"async\" width=\"600\" height=\"536\" src=\"https:\/\/effik.ch\/hcp\/wp-content\/uploads\/sites\/2\/2025\/05\/SPINA-BIFIDA-2.png\" class=\"attachment-large size-large\" alt=\"Spina bifida&lt;br&gt;(dos ouvert)\r\n\" srcset=\"https:\/\/effik.ch\/hcp\/wp-content\/uploads\/sites\/2\/2025\/05\/SPINA-BIFIDA-2.png 600w, https:\/\/effik.ch\/hcp\/wp-content\/uploads\/sites\/2\/2025\/05\/SPINA-BIFIDA-2-300x268.png 300w\" sizes=\"auto, (max-width: 600px) 100vw, 600px\" \/><\/div><div class=\"product-box__right\"><div class=\"product-description\"><ul>\n<li>L&rsquo;acide folique est une vitamine importante pour le d\u00e9veloppement de l&rsquo;enfant \u00e0 na\u00eetre.<\/li>\n<li>Une carence en acide folique dans les premi\u00e8res semaines de la grossesse peut conduire \u00e0 des malformations chez l&rsquo;enfant.<\/li>\n<li>Les malformations les plus courantes sont un dos ouvert <b>(\u00ab spina bifida \u00bb)<\/b> et\u00a0 l\u2019 absence de cerveau ou bo\u00eete cr\u00e2nienne ouverte <b>(\u00ab\u202fanenc\u00e9phalie\u202f\u00bb).<\/b><\/li>\n<\/ul>\n<\/div><\/div><\/div><div class=\"product-info\"><p>Fertifol<sup>\u00ae<\/sup> est rembours\u00e9 par les caisses d&rsquo;assurance maladie m\u00eame avant la conception (m\u00e9dicament sous cat\u00e9gorie de remise D, <u>rembours\u00e9<\/u> LS) .<\/p>\n<\/div><\/div><div id=\"notice\" class=\"leaflet-container\"><div class=\"leaflet-item\"><div class=\"leaflet-title\">Information professionnelle abr\u00e9g\u00e9e <b>Fertifol<\/b><sup>\u00ae <\/sup>(Acide folique).\r\n\r\n<sup>\u00a0<\/sup><\/div><a class=\"blue-button\" href=\"https:\/\/effik.ch\/hcp\/wp-content\/uploads\/sites\/2\/2025\/07\/RCP_Fertifol_FR.pdf\">T\u00e9l\u00e9charger ici<\/a><\/div><div class=\"disclaimer\"><p><b>POUR DE PLUS AMPLES INFORMATIONS, CONSULTER L\u2019INFORMATION PROFESSIONNELLE SUR <\/b><a href=\"https:\/\/WWW.SWISSMEDICINFO.CH\" target=\"_blank\" rel=\"noopener\"><u><b><i>WWW.SWISSMEDICINFO.CH<\/i><\/b><\/u><\/a><b>.\u00a0<\/b><\/p>\n<p><b>Titulaire de l\u2019autorisation\u202f: EFFIK SA, 1260 NYON. Version novembre 2024<\/b><\/p>\n<\/div><\/div><div class=\"references\"><\/div>\t<\/div>\n<\/div>\n","protected":false},"excerpt":{"rendered":"","protected":false},"author":1,"featured_media":0,"parent":1211,"menu_order":0,"comment_status":"closed","ping_status":"closed","template":"","meta":{"_acf_changed":false,"footnotes":""},"class_list":{"2":"type-page","4":"hentry"},"acf":[],"yoast_head":"<!-- This site is optimized with the Yoast SEO plugin v25.1 - https:\/\/yoast.com\/wordpress\/plugins\/seo\/ -->\n<title>Fertifol - EFFIK HCP<\/title>\n<meta name=\"robots\" content=\"index, follow, max-snippet:-1, max-image-preview:large, max-video-preview:-1\" \/>\n<link rel=\"canonical\" href=\"https:\/\/effik.ch\/hcp\/fr\/gynecologie\/grossesse-et-allaitement\/fertifol\/\" \/>\n<meta property=\"og:locale\" content=\"fr_FR\" \/>\n<meta property=\"og:type\" content=\"article\" \/>\n<meta property=\"og:title\" content=\"Fertifol - EFFIK HCP\" \/>\n<meta property=\"og:url\" content=\"https:\/\/effik.ch\/hcp\/fr\/gynecologie\/grossesse-et-allaitement\/fertifol\/\" \/>\n<meta property=\"og:site_name\" content=\"EFFIK HCP\" \/>\n<meta property=\"article:modified_time\" content=\"2025-11-10T14:53:44+00:00\" \/>\n<meta name=\"twitter:card\" content=\"summary_large_image\" \/>\n<script type=\"application\/ld+json\" class=\"yoast-schema-graph\">{\"@context\":\"https:\/\/schema.org\",\"@graph\":[{\"@type\":\"WebPage\",\"@id\":\"https:\/\/effik.ch\/hcp\/fr\/gynecologie\/grossesse-et-allaitement\/fertifol\/\",\"url\":\"https:\/\/effik.ch\/hcp\/fr\/gynecologie\/grossesse-et-allaitement\/fertifol\/\",\"name\":\"Fertifol - EFFIK HCP\",\"isPartOf\":{\"@id\":\"https:\/\/effik.ch\/hcp\/fr\/#website\"},\"datePublished\":\"2024-03-15T14:43:24+00:00\",\"dateModified\":\"2025-11-10T14:53:44+00:00\",\"breadcrumb\":{\"@id\":\"https:\/\/effik.ch\/hcp\/fr\/gynecologie\/grossesse-et-allaitement\/fertifol\/#breadcrumb\"},\"inLanguage\":\"fr-FR\",\"potentialAction\":[{\"@type\":\"ReadAction\",\"target\":[\"https:\/\/effik.ch\/hcp\/fr\/gynecologie\/grossesse-et-allaitement\/fertifol\/\"]}]},{\"@type\":\"BreadcrumbList\",\"@id\":\"https:\/\/effik.ch\/hcp\/fr\/gynecologie\/grossesse-et-allaitement\/fertifol\/#breadcrumb\",\"itemListElement\":[{\"@type\":\"ListItem\",\"position\":1,\"name\":\"Home\",\"item\":\"https:\/\/effik.ch\/hcp\/fr\/\"},{\"@type\":\"ListItem\",\"position\":2,\"name\":\"Fertifol\"}]},{\"@type\":\"WebSite\",\"@id\":\"https:\/\/effik.ch\/hcp\/fr\/#website\",\"url\":\"https:\/\/effik.ch\/hcp\/fr\/\",\"name\":\"EFFIK HCP\",\"description\":\"\",\"potentialAction\":[{\"@type\":\"SearchAction\",\"target\":{\"@type\":\"EntryPoint\",\"urlTemplate\":\"https:\/\/effik.ch\/hcp\/fr\/?s={search_term_string}\"},\"query-input\":{\"@type\":\"PropertyValueSpecification\",\"valueRequired\":true,\"valueName\":\"search_term_string\"}}],\"inLanguage\":\"fr-FR\"}]}<\/script>\n<!-- \/ Yoast SEO plugin. -->","yoast_head_json":{"title":"Fertifol - EFFIK HCP","robots":{"index":"index","follow":"follow","max-snippet":"max-snippet:-1","max-image-preview":"max-image-preview:large","max-video-preview":"max-video-preview:-1"},"canonical":"https:\/\/effik.ch\/hcp\/fr\/gynecologie\/grossesse-et-allaitement\/fertifol\/","og_locale":"fr_FR","og_type":"article","og_title":"Fertifol - EFFIK HCP","og_url":"https:\/\/effik.ch\/hcp\/fr\/gynecologie\/grossesse-et-allaitement\/fertifol\/","og_site_name":"EFFIK HCP","article_modified_time":"2025-11-10T14:53:44+00:00","twitter_card":"summary_large_image","schema":{"@context":"https:\/\/schema.org","@graph":[{"@type":"WebPage","@id":"https:\/\/effik.ch\/hcp\/fr\/gynecologie\/grossesse-et-allaitement\/fertifol\/","url":"https:\/\/effik.ch\/hcp\/fr\/gynecologie\/grossesse-et-allaitement\/fertifol\/","name":"Fertifol - EFFIK HCP","isPartOf":{"@id":"https:\/\/effik.ch\/hcp\/fr\/#website"},"datePublished":"2024-03-15T14:43:24+00:00","dateModified":"2025-11-10T14:53:44+00:00","breadcrumb":{"@id":"https:\/\/effik.ch\/hcp\/fr\/gynecologie\/grossesse-et-allaitement\/fertifol\/#breadcrumb"},"inLanguage":"fr-FR","potentialAction":[{"@type":"ReadAction","target":["https:\/\/effik.ch\/hcp\/fr\/gynecologie\/grossesse-et-allaitement\/fertifol\/"]}]},{"@type":"BreadcrumbList","@id":"https:\/\/effik.ch\/hcp\/fr\/gynecologie\/grossesse-et-allaitement\/fertifol\/#breadcrumb","itemListElement":[{"@type":"ListItem","position":1,"name":"Home","item":"https:\/\/effik.ch\/hcp\/fr\/"},{"@type":"ListItem","position":2,"name":"Fertifol"}]},{"@type":"WebSite","@id":"https:\/\/effik.ch\/hcp\/fr\/#website","url":"https:\/\/effik.ch\/hcp\/fr\/","name":"EFFIK HCP","description":"","potentialAction":[{"@type":"SearchAction","target":{"@type":"EntryPoint","urlTemplate":"https:\/\/effik.ch\/hcp\/fr\/?s={search_term_string}"},"query-input":{"@type":"PropertyValueSpecification","valueRequired":true,"valueName":"search_term_string"}}],"inLanguage":"fr-FR"}]}},"_links":{"self":[{"href":"https:\/\/effik.ch\/hcp\/fr\/wp-json\/wp\/v2\/pages\/1382","targetHints":{"allow":["GET"]}}],"collection":[{"href":"https:\/\/effik.ch\/hcp\/fr\/wp-json\/wp\/v2\/pages"}],"about":[{"href":"https:\/\/effik.ch\/hcp\/fr\/wp-json\/wp\/v2\/types\/page"}],"author":[{"embeddable":true,"href":"https:\/\/effik.ch\/hcp\/fr\/wp-json\/wp\/v2\/users\/1"}],"replies":[{"embeddable":true,"href":"https:\/\/effik.ch\/hcp\/fr\/wp-json\/wp\/v2\/comments?post=1382"}],"version-history":[{"count":16,"href":"https:\/\/effik.ch\/hcp\/fr\/wp-json\/wp\/v2\/pages\/1382\/revisions"}],"predecessor-version":[{"id":2519,"href":"https:\/\/effik.ch\/hcp\/fr\/wp-json\/wp\/v2\/pages\/1382\/revisions\/2519"}],"up":[{"embeddable":true,"href":"https:\/\/effik.ch\/hcp\/fr\/wp-json\/wp\/v2\/pages\/1211"}],"wp:attachment":[{"href":"https:\/\/effik.ch\/hcp\/fr\/wp-json\/wp\/v2\/media?parent=1382"}],"curies":[{"name":"wp","href":"https:\/\/api.w.org\/{rel}","templated":true}]}}