{"id":1485,"date":"2025-05-26T11:01:34","date_gmt":"2025-05-26T09:01:34","guid":{"rendered":"https:\/\/effik.ch\/hcp\/?page_id=1485"},"modified":"2025-11-10T17:02:15","modified_gmt":"2025-11-10T15:02:15","slug":"natecal-d","status":"publish","type":"page","link":"https:\/\/effik.ch\/hcp\/fr\/gynecologie\/menopause\/natecal-d\/","title":{"rendered":"Natecal\u00ae D"},"content":{"rendered":"<div id=\"block_f916cb8e35535d5be67fd46726711449\" class=\"hero-block alignfull\" style=\"background-image: url(https:\/\/effik.ch\/hcp\/wp-content\/uploads\/sites\/2\/2024\/03\/menopause.jpg)\">\n\t<div class=\"wrap\">\n\t\t\t\t<h1 class=\"entry-title\">Natecal<sup>\u00ae<\/sup> D<\/h1>\n\t\t\t<\/div>\n<\/div>\n\n\n<div id=\"block_41231cd54feb7f96e29f76aab502e48e\" class=\"secondary-menu-block alignfull\" style=\"\">\n<ul class=\"secondary-menu-container\">\n\t\t\t<li class=\"secondary-menu-item\">\n\t\t\t<a class=\"secondary-menu-item__content\" href=\"#natecal-d\">Natecal<sup>\u00ae<\/sup> D<\/a>\n\t\t<\/li>\n\t\t\t\t<li class=\"secondary-menu-item\">\n\t\t\t<a class=\"secondary-menu-item__content\" href=\"#notice\">Notice d\u2019utilisation<\/a>\n\t\t<\/li>\n\t\t\t<\/ul>\n\t<\/div>\n\n\n<div id=\"block_83f14f5c0867665e1c2e37539f1e5b59\" class=\"inner-hero-block product-img-vertical-85 spaced-p alignfull hero-mbl-column\" style=\"background-image: url(https:\/\/effik.ch\/hcp\/wp-content\/uploads\/sites\/2\/2025\/05\/Natecal-hero-bg.svg)\">\n<div class=\"anchor-div\"><\/div>\n\n\t\t\t<div class=\"inner-hero-bg-mbl\" style=\"background-image: url(https:\/\/effik.ch\/hcp\/wp-content\/uploads\/sites\/2\/2025\/05\/Natecal-hero-bg.svg); aspect-ratio:393\/200; min-height:200px;\">\n\t<div class=\"img-container\"><img loading=\"lazy\" decoding=\"async\" width=\"213\" height=\"322\" src=\"https:\/\/effik.ch\/hcp\/wp-content\/uploads\/sites\/2\/2024\/03\/natecal.png\" class=\"attachment-large size-large\" alt=\"\" srcset=\"https:\/\/effik.ch\/hcp\/wp-content\/uploads\/sites\/2\/2024\/03\/natecal.png 213w, https:\/\/effik.ch\/hcp\/wp-content\/uploads\/sites\/2\/2024\/03\/natecal-198x300.png 198w\" sizes=\"auto, (max-width: 213px) 100vw, 213px\" \/><\/div>\n\t\t\t\t\t<\/div>\n\t<div class=\"wrap\" style=\"flex-direction: row-reverse;\">\n\t\t<div class=\"img-container\" style=\"justify-content: flex-end; max-height: 376px; width: calc(100% - 549px);\"><img loading=\"lazy\" decoding=\"async\" width=\"213\" height=\"322\" src=\"https:\/\/effik.ch\/hcp\/wp-content\/uploads\/sites\/2\/2024\/03\/natecal.png\" class=\"attachment-large size-large\" alt=\"\" srcset=\"https:\/\/effik.ch\/hcp\/wp-content\/uploads\/sites\/2\/2024\/03\/natecal.png 213w, https:\/\/effik.ch\/hcp\/wp-content\/uploads\/sites\/2\/2024\/03\/natecal-198x300.png 198w\" sizes=\"auto, (max-width: 213px) 100vw, 213px\" \/><\/div>\n\t\t\t<div class=\"content-container\" style=\"text-align: left;\">\n\t\t\t\t\t\t\t\t\t<div class=\"section-content font-medium\" style=\"max-width: 549px; align-self: flex-start;\"><p>Le <b>calcium<\/b> est essentiel pour la formation et le maintien des os, tandis que la <b>vitamine D<\/b> facilite son absorption par l&rsquo;organisme \u00e0 partir des aliments et en favorise son utilisation.<\/p>\n<p>La <b>carence en calcium et en vitamine D<\/b> peut entra\u00eener diverses complications telles que <b>l&rsquo;ost\u00e9oporose<\/b>, un risque accru de <b>fractures<\/b> et une <b>diminution de la densit\u00e9 min\u00e9rale osseuse.<\/b><\/p>\n<\/div>\n\t\t\t\t\t\t\t\t<\/div>\n\t<\/div>\n<\/div>\n<style>\n\t.inner-hero-block {\n\t\t@media (min-width: 768px) {\n\t\taspect-ratio:  \/ 376; \n\t\tmin-height: 376px;\n\t\t}\n\t}\n<\/style>\n\n\n<div id=\"fertifol\" class=\"featured-text-block\">\n\t<div class=\"wrap\">\t\t<div class=\"featured-box\" style=\"background:#7dcac5; box-shadow:10px 10px 0px 0px rgba(137, 208, 203, 0.50);\"><h2 class=\"featured-title\">Natecal<sup>\u00ae<\/sup> D, une association de calcium + vitamin D3 sous forme de comprim\u00e9 orodispersible\r\n<\/h2><\/div>\t<\/div>\n<\/div>\n\n\n<div id=\"natecal-d\" class=\"product-content-2cols-block\" style=\"\">\n\t<div class=\"wrap\">\t\t<div class=\"product-left-content left-width-\">\n\t\t\t\t\t\t\t<h2>Natecal<sup>\u00ae<\/sup> D est une combinaison de calcium (sous forme de carbonate de calcium) et de vitamine D3\u202f(chol\u00e9calcif\u00e9rol) indiqu\u00e9 en tant que compl\u00e9ment calcique et vitaminique D\u202f:<\/h2>\n\t\t\t\t\t<\/div>\n\t\t<div class=\"product-right-content left-width-\">\n\t\t\t<div class=\"background-box-natecal\">\n<ul>\n<li>Chez les personnes \u00e2g\u00e9es pr\u00e9sentant une <b>carence en calcium et en vitamine D<\/b> ou dans le cas d&rsquo;un risque \u00e9lev\u00e9 de carence (par exemple lors de consommation insuffisante de produits laitiers, lors d&rsquo;exposition solaire insuffisante).<\/li>\n<\/ul>\n<\/div>\n<div class=\"background-box-natecal\">\n<ul>\n<li>Comme <b>support d&rsquo;un traitement cibl\u00e9 de l&rsquo;ost\u00e9oporose<\/b> chez des patients pr\u00e9sentant un risque prouv\u00e9 ou \u00e9lev\u00e9 de carence en calcium et en m\u00eame temps en vitamine D.<\/li>\n<\/ul>\n<\/div>\n\t\t<\/div>\n\t\t\t<\/div>\n<\/div>\n\n\n<div id=\"block_6587b5b3b1b2c8a4a8930ab2be6ad0e6\" class=\"effilevo-block\" style=\"\">\n\t<div class=\"wrap\">\n\t\t<div id=\"product\" class=\"product-box-container\"><div class=\"product-box product-box--image-right\"><div class=\"product-box__left\"><h2 class=\"product-title\">Les avantages de Natecal<sup>\u00ae<\/sup> D\u202f:\u00a0\r\n<\/h2><div class=\"product-composition\"><\/div><\/div><div class=\"product-box__center\"><img loading=\"lazy\" decoding=\"async\" width=\"674\" height=\"390\" src=\"https:\/\/effik.ch\/hcp\/wp-content\/uploads\/sites\/2\/2025\/05\/Natecal24_Schema_1_FR.png\" class=\"attachment-large size-large\" alt=\"Les avantages de Natecal&lt;sup&gt;\u00ae&lt;\/sup&gt; D\u202f:\u00a0\r\n\" srcset=\"https:\/\/effik.ch\/hcp\/wp-content\/uploads\/sites\/2\/2025\/05\/Natecal24_Schema_1_FR.png 674w, https:\/\/effik.ch\/hcp\/wp-content\/uploads\/sites\/2\/2025\/05\/Natecal24_Schema_1_FR-300x174.png 300w\" sizes=\"auto, (max-width: 674px) 100vw, 674px\" \/><\/div><div class=\"product-box__right\"><div class=\"product-description\"><ul>\n<li><b>Dissolution rapide dans la bouche sans eau, en moins de 3 min\u202f!<\/b><\/li>\n<li><b>Pratique et maniable<\/b><\/li>\n<li>Dosage de <b>600 mg de calcium<\/b> et de <b>400 UI de vitamine D3<\/b><\/li>\n<li><b>Go\u00fbt orange<\/b><\/li>\n<li><b>Sans sel<\/b><\/li>\n<\/ul>\n<\/div><\/div><\/div><div class=\"product-info\"><p>Natecal<sup>\u00ae<\/sup> D est rembours\u00e9 par les caisses d&rsquo;assurance maladie (m\u00e9dicament sous cat\u00e9gorie de remise D, rembours\u00e9 LS).<\/p>\n<\/div><\/div><div id=\"notice\" class=\"leaflet-container\"><div class=\"leaflet-item\"><div class=\"leaflet-title\">Information professionnelle abr\u00e9g\u00e9e Natecal<sup>\u00ae<\/sup> D (Calcii carbonas + Cholecalciferolum (Vit. D3)).\r\n\r\n<sup>\u00a0<\/sup><\/div><a class=\"blue-button\" href=\"https:\/\/effik.ch\/hcp\/wp-content\/uploads\/sites\/2\/2025\/07\/RCP_Natecal_FR.pdf\">T\u00e9l\u00e9charger ici<\/a><\/div><div class=\"disclaimer\"><p><b>POUR DE PLUS AMPLES INFORMATIONS, CONSULTER L\u2019INFORMATION PROFESSIONNELLE SUR <\/b><u><b><i><a href=\"http:\/\/www.swissmedicinfo.ch\/\" target=\"_blank\" rel=\"noopener\">WWW.SWISSMEDICINFO.CH<\/a><\/i><\/b><\/u><b>.\u00a0<\/b><\/p>\n<p><b>Titulaire de l\u2019autorisation\u202f: EFFIK SA, 1260 NYON. Version septembre 2023<\/b><\/p>\n<\/div><\/div><div class=\"references\"><\/div>\t<\/div>\n<\/div>\n","protected":false},"excerpt":{"rendered":"","protected":false},"author":1,"featured_media":0,"parent":1224,"menu_order":0,"comment_status":"closed","ping_status":"closed","template":"","meta":{"_acf_changed":false,"footnotes":""},"class_list":{"2":"type-page","4":"hentry"},"acf":[],"yoast_head":"<!-- This site is optimized with the Yoast SEO plugin v25.1 - https:\/\/yoast.com\/wordpress\/plugins\/seo\/ -->\n<title>Natecal\u00ae D - EFFIK HCP<\/title>\n<meta name=\"robots\" content=\"index, follow, max-snippet:-1, max-image-preview:large, max-video-preview:-1\" \/>\n<link rel=\"canonical\" href=\"https:\/\/effik.ch\/hcp\/fr\/gynecologie\/menopause\/natecal-d\/\" \/>\n<meta property=\"og:locale\" content=\"fr_FR\" \/>\n<meta property=\"og:type\" content=\"article\" \/>\n<meta property=\"og:title\" content=\"Natecal\u00ae D - EFFIK HCP\" \/>\n<meta property=\"og:url\" content=\"https:\/\/effik.ch\/hcp\/fr\/gynecologie\/menopause\/natecal-d\/\" \/>\n<meta property=\"og:site_name\" content=\"EFFIK HCP\" \/>\n<meta property=\"article:modified_time\" content=\"2025-11-10T15:02:15+00:00\" \/>\n<meta name=\"twitter:card\" content=\"summary_large_image\" \/>\n<script type=\"application\/ld+json\" class=\"yoast-schema-graph\">{\"@context\":\"https:\/\/schema.org\",\"@graph\":[{\"@type\":\"WebPage\",\"@id\":\"https:\/\/effik.ch\/hcp\/fr\/gynecologie\/menopause\/natecal-d\/\",\"url\":\"https:\/\/effik.ch\/hcp\/fr\/gynecologie\/menopause\/natecal-d\/\",\"name\":\"Natecal\u00ae D - EFFIK HCP\",\"isPartOf\":{\"@id\":\"https:\/\/effik.ch\/hcp\/fr\/#website\"},\"datePublished\":\"2025-05-26T09:01:34+00:00\",\"dateModified\":\"2025-11-10T15:02:15+00:00\",\"breadcrumb\":{\"@id\":\"https:\/\/effik.ch\/hcp\/fr\/gynecologie\/menopause\/natecal-d\/#breadcrumb\"},\"inLanguage\":\"fr-FR\",\"potentialAction\":[{\"@type\":\"ReadAction\",\"target\":[\"https:\/\/effik.ch\/hcp\/fr\/gynecologie\/menopause\/natecal-d\/\"]}]},{\"@type\":\"BreadcrumbList\",\"@id\":\"https:\/\/effik.ch\/hcp\/fr\/gynecologie\/menopause\/natecal-d\/#breadcrumb\",\"itemListElement\":[{\"@type\":\"ListItem\",\"position\":1,\"name\":\"Home\",\"item\":\"https:\/\/effik.ch\/hcp\/fr\/\"},{\"@type\":\"ListItem\",\"position\":2,\"name\":\"Natecal\u00ae D\"}]},{\"@type\":\"WebSite\",\"@id\":\"https:\/\/effik.ch\/hcp\/fr\/#website\",\"url\":\"https:\/\/effik.ch\/hcp\/fr\/\",\"name\":\"EFFIK HCP\",\"description\":\"\",\"potentialAction\":[{\"@type\":\"SearchAction\",\"target\":{\"@type\":\"EntryPoint\",\"urlTemplate\":\"https:\/\/effik.ch\/hcp\/fr\/?s={search_term_string}\"},\"query-input\":{\"@type\":\"PropertyValueSpecification\",\"valueRequired\":true,\"valueName\":\"search_term_string\"}}],\"inLanguage\":\"fr-FR\"}]}<\/script>\n<!-- \/ Yoast SEO plugin. -->","yoast_head_json":{"title":"Natecal\u00ae D - EFFIK HCP","robots":{"index":"index","follow":"follow","max-snippet":"max-snippet:-1","max-image-preview":"max-image-preview:large","max-video-preview":"max-video-preview:-1"},"canonical":"https:\/\/effik.ch\/hcp\/fr\/gynecologie\/menopause\/natecal-d\/","og_locale":"fr_FR","og_type":"article","og_title":"Natecal\u00ae D - EFFIK HCP","og_url":"https:\/\/effik.ch\/hcp\/fr\/gynecologie\/menopause\/natecal-d\/","og_site_name":"EFFIK HCP","article_modified_time":"2025-11-10T15:02:15+00:00","twitter_card":"summary_large_image","schema":{"@context":"https:\/\/schema.org","@graph":[{"@type":"WebPage","@id":"https:\/\/effik.ch\/hcp\/fr\/gynecologie\/menopause\/natecal-d\/","url":"https:\/\/effik.ch\/hcp\/fr\/gynecologie\/menopause\/natecal-d\/","name":"Natecal\u00ae D - EFFIK HCP","isPartOf":{"@id":"https:\/\/effik.ch\/hcp\/fr\/#website"},"datePublished":"2025-05-26T09:01:34+00:00","dateModified":"2025-11-10T15:02:15+00:00","breadcrumb":{"@id":"https:\/\/effik.ch\/hcp\/fr\/gynecologie\/menopause\/natecal-d\/#breadcrumb"},"inLanguage":"fr-FR","potentialAction":[{"@type":"ReadAction","target":["https:\/\/effik.ch\/hcp\/fr\/gynecologie\/menopause\/natecal-d\/"]}]},{"@type":"BreadcrumbList","@id":"https:\/\/effik.ch\/hcp\/fr\/gynecologie\/menopause\/natecal-d\/#breadcrumb","itemListElement":[{"@type":"ListItem","position":1,"name":"Home","item":"https:\/\/effik.ch\/hcp\/fr\/"},{"@type":"ListItem","position":2,"name":"Natecal\u00ae D"}]},{"@type":"WebSite","@id":"https:\/\/effik.ch\/hcp\/fr\/#website","url":"https:\/\/effik.ch\/hcp\/fr\/","name":"EFFIK HCP","description":"","potentialAction":[{"@type":"SearchAction","target":{"@type":"EntryPoint","urlTemplate":"https:\/\/effik.ch\/hcp\/fr\/?s={search_term_string}"},"query-input":{"@type":"PropertyValueSpecification","valueRequired":true,"valueName":"search_term_string"}}],"inLanguage":"fr-FR"}]}},"_links":{"self":[{"href":"https:\/\/effik.ch\/hcp\/fr\/wp-json\/wp\/v2\/pages\/1485","targetHints":{"allow":["GET"]}}],"collection":[{"href":"https:\/\/effik.ch\/hcp\/fr\/wp-json\/wp\/v2\/pages"}],"about":[{"href":"https:\/\/effik.ch\/hcp\/fr\/wp-json\/wp\/v2\/types\/page"}],"author":[{"embeddable":true,"href":"https:\/\/effik.ch\/hcp\/fr\/wp-json\/wp\/v2\/users\/1"}],"replies":[{"embeddable":true,"href":"https:\/\/effik.ch\/hcp\/fr\/wp-json\/wp\/v2\/comments?post=1485"}],"version-history":[{"count":19,"href":"https:\/\/effik.ch\/hcp\/fr\/wp-json\/wp\/v2\/pages\/1485\/revisions"}],"predecessor-version":[{"id":2524,"href":"https:\/\/effik.ch\/hcp\/fr\/wp-json\/wp\/v2\/pages\/1485\/revisions\/2524"}],"up":[{"embeddable":true,"href":"https:\/\/effik.ch\/hcp\/fr\/wp-json\/wp\/v2\/pages\/1224"}],"wp:attachment":[{"href":"https:\/\/effik.ch\/hcp\/fr\/wp-json\/wp\/v2\/media?parent=1485"}],"curies":[{"name":"wp","href":"https:\/\/api.w.org\/{rel}","templated":true}]}}