{"id":1576,"date":"2025-05-26T19:09:30","date_gmt":"2025-05-26T17:09:30","guid":{"rendered":"https:\/\/effik.ch\/hcp\/?page_id=1576"},"modified":"2025-11-10T17:10:04","modified_gmt":"2025-11-10T15:10:04","slug":"hepaxane","status":"publish","type":"page","link":"https:\/\/effik.ch\/hcp\/fr\/hematologie-et-cardiologie\/prophylaxie-et-traitement-de-la-thrombose\/hepaxane\/","title":{"rendered":"Hepaxane"},"content":{"rendered":"<div id=\"block_498e35a9fcf8dc490f3a2aa0cf6be249\" class=\"hero-block alignfull\" style=\"background-image: url(https:\/\/effik.ch\/hcp\/wp-content\/uploads\/sites\/2\/2024\/05\/Hero-section.jpg)\">\n\t<div class=\"wrap\">\n\t\t\t\t<h1 class=\"entry-title\">Hepaxane<sup>\u00ae<\/sup><\/h1>\n\t\t\t<\/div>\n<\/div>\n\n\n<div id=\"block_7227eb53d79d5cfc8c8b7d365966cc13\" class=\"secondary-menu-block alignfull\" style=\"\">\n<ul class=\"secondary-menu-container\">\n\t\t\t<li class=\"secondary-menu-item\">\n\t\t\t<a class=\"secondary-menu-item__content\" href=\"#hepaxane\">Hepaxane<sup>\u00ae<\/sup><\/a>\n\t\t<\/li>\n\t\t\t\t<li class=\"secondary-menu-item\">\n\t\t\t<a class=\"secondary-menu-item__content\" href=\"#notice\">Notice d\u2019utilisation<\/a>\n\t\t<\/li>\n\t\t\t<\/ul>\n\t<\/div>\n\n\n<div id=\"block_cd133464f6f82bd1429fb7eb19ab1cfa\" class=\"inner-hero-block product-img-vertical-85 alignfull hero-mbl-column\" style=\"background-image: url(https:\/\/effik.ch\/hcp\/wp-content\/uploads\/sites\/2\/2024\/03\/hepaxane-bg.svg)\">\n<div class=\"anchor-div\"><\/div>\n\n\t\t\t\n\t\t<div class=\"inner-hero-bg-mbl\" style=\"background-image: url(https:\/\/effik.ch\/hcp\/wp-content\/uploads\/sites\/2\/2024\/03\/hepaxane-bg.svg); aspect-ratio:393\/200; min-height:200px;\">\n\t\t<div class=\"img-gal-container\">\n\t\t\t<div class=\"swiper image-gallery\"><div class=\"swiper-wrapper\"><div class=\"swiper-slide\"><img loading=\"lazy\" decoding=\"async\" width=\"610\" height=\"656\" src=\"https:\/\/effik.ch\/hcp\/wp-content\/uploads\/sites\/2\/2024\/05\/Hepaxane-20@2x.png\" class=\"slide-image\" alt=\"EFFIK\" srcset=\"https:\/\/effik.ch\/hcp\/wp-content\/uploads\/sites\/2\/2024\/05\/Hepaxane-20@2x.png 610w, https:\/\/effik.ch\/hcp\/wp-content\/uploads\/sites\/2\/2024\/05\/Hepaxane-20@2x-279x300.png 279w\" sizes=\"auto, (max-width: 610px) 100vw, 610px\" \/><\/div><div class=\"swiper-slide\"><img loading=\"lazy\" decoding=\"async\" width=\"610\" height=\"656\" src=\"https:\/\/effik.ch\/hcp\/wp-content\/uploads\/sites\/2\/2024\/05\/Hepaxane-40@2x.png\" class=\"slide-image\" alt=\"EFFIK\" srcset=\"https:\/\/effik.ch\/hcp\/wp-content\/uploads\/sites\/2\/2024\/05\/Hepaxane-40@2x.png 610w, https:\/\/effik.ch\/hcp\/wp-content\/uploads\/sites\/2\/2024\/05\/Hepaxane-40@2x-279x300.png 279w\" sizes=\"auto, (max-width: 610px) 100vw, 610px\" \/><\/div><div class=\"swiper-slide\"><img loading=\"lazy\" decoding=\"async\" width=\"610\" height=\"656\" src=\"https:\/\/effik.ch\/hcp\/wp-content\/uploads\/sites\/2\/2024\/05\/Hepaxane-60@2x.png\" class=\"slide-image\" alt=\"EFFIK\" srcset=\"https:\/\/effik.ch\/hcp\/wp-content\/uploads\/sites\/2\/2024\/05\/Hepaxane-60@2x.png 610w, https:\/\/effik.ch\/hcp\/wp-content\/uploads\/sites\/2\/2024\/05\/Hepaxane-60@2x-279x300.png 279w\" sizes=\"auto, (max-width: 610px) 100vw, 610px\" \/><\/div><div class=\"swiper-slide\"><img loading=\"lazy\" decoding=\"async\" width=\"610\" height=\"656\" src=\"https:\/\/effik.ch\/hcp\/wp-content\/uploads\/sites\/2\/2024\/05\/Hepaxane-80@2x.png\" class=\"slide-image\" alt=\"EFFIK\" srcset=\"https:\/\/effik.ch\/hcp\/wp-content\/uploads\/sites\/2\/2024\/05\/Hepaxane-80@2x.png 610w, https:\/\/effik.ch\/hcp\/wp-content\/uploads\/sites\/2\/2024\/05\/Hepaxane-80@2x-279x300.png 279w\" sizes=\"auto, (max-width: 610px) 100vw, 610px\" \/><\/div><\/div><div class=\"swiper-pagination-img-gallery\"><\/div><\/div>\t\t<\/div>\n\t\t\t\t\t\t<\/div>\n\t<div class=\"wrap\" style=\"flex-direction: row-reverse;\">\n\t<div class=\"swiper image-gallery\"><div class=\"swiper-wrapper\"><div class=\"swiper-slide\"><img loading=\"lazy\" decoding=\"async\" width=\"610\" height=\"656\" src=\"https:\/\/effik.ch\/hcp\/wp-content\/uploads\/sites\/2\/2024\/05\/Hepaxane-20@2x.png\" class=\"slide-image\" alt=\"EFFIK\" srcset=\"https:\/\/effik.ch\/hcp\/wp-content\/uploads\/sites\/2\/2024\/05\/Hepaxane-20@2x.png 610w, https:\/\/effik.ch\/hcp\/wp-content\/uploads\/sites\/2\/2024\/05\/Hepaxane-20@2x-279x300.png 279w\" sizes=\"auto, (max-width: 610px) 100vw, 610px\" \/><\/div><div class=\"swiper-slide\"><img loading=\"lazy\" decoding=\"async\" width=\"610\" height=\"656\" src=\"https:\/\/effik.ch\/hcp\/wp-content\/uploads\/sites\/2\/2024\/05\/Hepaxane-40@2x.png\" class=\"slide-image\" alt=\"EFFIK\" srcset=\"https:\/\/effik.ch\/hcp\/wp-content\/uploads\/sites\/2\/2024\/05\/Hepaxane-40@2x.png 610w, https:\/\/effik.ch\/hcp\/wp-content\/uploads\/sites\/2\/2024\/05\/Hepaxane-40@2x-279x300.png 279w\" sizes=\"auto, (max-width: 610px) 100vw, 610px\" \/><\/div><div class=\"swiper-slide\"><img loading=\"lazy\" decoding=\"async\" width=\"610\" height=\"656\" src=\"https:\/\/effik.ch\/hcp\/wp-content\/uploads\/sites\/2\/2024\/05\/Hepaxane-60@2x.png\" class=\"slide-image\" alt=\"EFFIK\" srcset=\"https:\/\/effik.ch\/hcp\/wp-content\/uploads\/sites\/2\/2024\/05\/Hepaxane-60@2x.png 610w, https:\/\/effik.ch\/hcp\/wp-content\/uploads\/sites\/2\/2024\/05\/Hepaxane-60@2x-279x300.png 279w\" sizes=\"auto, (max-width: 610px) 100vw, 610px\" \/><\/div><div class=\"swiper-slide\"><img loading=\"lazy\" decoding=\"async\" width=\"610\" height=\"656\" src=\"https:\/\/effik.ch\/hcp\/wp-content\/uploads\/sites\/2\/2024\/05\/Hepaxane-80@2x.png\" class=\"slide-image\" alt=\"EFFIK\" srcset=\"https:\/\/effik.ch\/hcp\/wp-content\/uploads\/sites\/2\/2024\/05\/Hepaxane-80@2x.png 610w, https:\/\/effik.ch\/hcp\/wp-content\/uploads\/sites\/2\/2024\/05\/Hepaxane-80@2x-279x300.png 279w\" sizes=\"auto, (max-width: 610px) 100vw, 610px\" \/><\/div><\/div><div class=\"swiper-pagination-img-gallery\"><\/div><\/div>\t<div class=\"content-container\" style=\"text-align: left;\">\n\t\t\t\t\t\t\t\t\t<div class=\"section-content font-medium\" style=\"max-width: 550px; align-self: flex-start;\"><p><b>Apr\u00e8s une intervention chirurgicale ou en cas d&rsquo;alitement, il existe un risque accru de thrombose veineuse profonde de la jambe et d\u2019embolie pulmonaire.\u00a0<\/b><br \/>\n&nbsp;<br \/>\n<b>Hepaxane<sup>\u00ae<\/sup> est utilis\u00e9 pour pr\u00e9venir la formation de thromboses.<\/b> L&rsquo;\u00e9noxaparine, principe actif d\u2019Hepaxane<sup>\u00ae<\/sup>, est une <b>h\u00e9parine de bas poids mol\u00e9culaire qui freine le processus de la coagulation sanguine et contrecarre ainsi la formation de caillots<\/b>.<\/p>\n<\/div>\n\t\t\t\t\t\t\t\t<\/div>\n\t<\/div>\n<\/div>\n<style>\n\t.inner-hero-block {\n\t\t@media (min-width: 768px) {\n\t\taspect-ratio: 1440 \/ 390; \n\t\tmin-height: 390px;\n\t\t}\n\t}\n<\/style>\n\n\n<div id=\"hepaxane\" class=\"featured-text-block\">\n\t<div class=\"wrap\">\t\t<div class=\"featured-box\" style=\"background:#9a000c; box-shadow:10px 10px 0px 0px rgba(154, 0, 12, 0.30);\"><h2 class=\"featured-title\">Hepaxane<sup>\u00ae<\/sup>: votre \u00e9noxaparine biosimilaire pour la pr\u00e9vention et le traitement de la thrombose <\/h2><\/div>\t<\/div>\n<\/div>\n\n\n<div id=\"block_1335c9bc83ed3ea8fc733d7d5d05a193\" class=\"product-content-2cols-block\" style=\"\">\n\t<div class=\"wrap\">\t\t<div class=\"product-left-content left-width-one-third\">\n\t\t\t\t\t\t\t<p>Hepaxane<sup>\u00ae<\/sup> est indiqu\u00e9 dans<\/p>\n\t\t\t\t\t<\/div>\n\t\t<div class=\"product-right-content left-width-one-third\">\n\t\t\t<div class=\"hepaxane-table\">\n<div class=\"hepaxane-table-row\"><strong>Le traitement prophylactique de la maladie thrombo-embolique d\u2018origine veineuse<\/strong> notamment en chirurgie orthop\u00e9dique et en chirurgie g\u00e9n\u00e9rale.<\/div>\n<div class=\"hepaxane-table-row\">\n<p><strong>Le traitement prophylactique des maladies thrombo-emboliques d\u2018origine veineuse<\/strong> chez les patients alit\u00e9s pour une affection m\u00e9dicale aigu\u00eb :<\/p>\n<ul>\n<li>Insuffisance cardiaque de stade III ou IV de la classification NYHA.<\/li>\n<li>Insuffisance respiratoire aigu\u00eb.<\/li>\n<li>Un \u00e9pisode d\u2018infection aigu\u00eb ou d\u2018affection rhumatologique aigu\u00eb associ\u00e9 \u00e0 au moins un autre facteur de risque thrombo-embolique.<\/li>\n<\/ul>\n<\/div>\n<div class=\"hepaxane-table-row\"><strong>Le traitement de l\u2018angine<\/strong> de poitrine instable et de l\u2018infarctus du myocarde sans onde Q en association avec l\u2018acide ac\u00e9tylsalicylique.<\/div>\n<div class=\"hepaxane-table-row\"><strong>Le traitement de l\u2019infarctus du myocarde<\/strong> aigu avec \u00e9l\u00e9vation du segment ST (STEMI).<\/div>\n<div class=\"hepaxane-table-row\"><strong>Le traitement de la thrombose veineuse<\/strong> profonde avec ou sans embolie pulmonaire associ\u00e9e.<\/div>\n<div class=\"hepaxane-table-row\"><strong>La pr\u00e9vention de la coagulation<\/strong> du circuit de circulation extra-corporelle dans l\u2019h\u00e9modialyse.<\/div>\n<\/div>\n\t\t<\/div>\n\t\t\t<\/div>\n<\/div>\n\n\n<div id=\"block_bd4c4d37e1d4d2152803df93f667dee3\" class=\"product-content-2cols-block\" style=\"\">\n\t<div class=\"wrap has-noborder\">\t\t<div class=\"product-left-content left-width-one-third\">\n\t\t\t\t\t\t\t<p>La seringue d\u2019Hepaxane<sup>\u00ae<\/sup><\/p>\n\t\t\t\t\t<\/div>\n\t\t<div class=\"product-right-content left-width-one-third\">\n\t\t\t<div class=\"right-content-nocolumns body_16_regular pt0\">\n<ul>\n<li><b>Seringue pr\u00e9remplie<\/b> pratique <b>avec protection d\u2019aiguille<\/b> manuelle.<\/li>\n<li>L\u2019avance manuelle emp\u00eache une d\u00e9faillance du <b>m\u00e9canisme de s\u00e9curit\u00e9<\/b>.<\/li>\n<\/ul>\n<\/div>\n<div class=\"right-content-nocolumns\"><img decoding=\"async\" class=\"alignleft size-large wp-image-1583\" src=\"https:\/\/effik.ch\/hcp\/wp-content\/uploads\/sites\/2\/2025\/05\/Hepaxane-Injection-FR-1024x348.png\" alt=\"\" width=\"100%\" height=\"auto\" srcset=\"https:\/\/effik.ch\/hcp\/wp-content\/uploads\/sites\/2\/2025\/05\/Hepaxane-Injection-FR-1024x348.png 1024w, https:\/\/effik.ch\/hcp\/wp-content\/uploads\/sites\/2\/2025\/05\/Hepaxane-Injection-FR-300x102.png 300w, https:\/\/effik.ch\/hcp\/wp-content\/uploads\/sites\/2\/2025\/05\/Hepaxane-Injection-FR-768x261.png 768w, https:\/\/effik.ch\/hcp\/wp-content\/uploads\/sites\/2\/2025\/05\/Hepaxane-Injection-FR-1536x523.png 1536w, https:\/\/effik.ch\/hcp\/wp-content\/uploads\/sites\/2\/2025\/05\/Hepaxane-Injection-FR-2048x697.png 2048w\" sizes=\"(max-width: 1024px) 100vw, 1024px\" \/><\/div>\n<div class=\"right-content-half-columns\">\n<div class=\"right-content-half-columns-left\">\n<p>Algorithmes de dosage pour l&rsquo;administration d&rsquo;Hepaxane<sup>\u00ae<\/sup>.<\/p>\n<p><a class=\"blue-button\" href=\"https:\/\/effik.ch\/hcp\/wp-content\/uploads\/sites\/2\/2025\/05\/Hepaxane23_Dosing_Card_FR.pdf\" target=\"_blank\" rel=\"noopener\">T\u00e9l\u00e9charger ici<\/a><\/p>\n<\/div>\n<div class=\"right-content-half-columns-right\">\n<p>Instructions d&rsquo;utilisation pour les patients.<\/p>\n<p><a class=\"blue-button\" href=\"https:\/\/effik.ch\/hcp\/wp-content\/uploads\/sites\/2\/2025\/05\/Hepaxane23_Patient_Bloc_FR.pdf\" target=\"_blank\" rel=\"noopener\">T\u00e9l\u00e9charger ici<\/a><\/p>\n<\/div>\n<\/div>\n\t\t<\/div>\n\t\t\t<\/div>\n<\/div>\n\n\n\n<p class=\"heading_28_semibold mtb48\">Les avantages d&rsquo;Hepaxane<sup>\u00ae<\/sup><\/p>\n\n\n<div id=\"block_cb4bb6f98148f8201b7fffea5502c9df\" class=\"product-content-2cols-block\" style=\"\">\n\t<div class=\"wrap\">\t\t<div class=\"product-left-content left-width-one-third\">\n\t\t\t\t\t\t\t<ol>\n<li><b> <\/b>L\u2019\u00e9noxaparine <b>biosimilaire<\/b> a une <b>biodisponibilit\u00e9 comparable au produit de r\u00e9f\u00e9rence \u00e0 un co\u00fbt inf\u00e9rieur.<\/b><sup>1<\/sup><\/li>\n<\/ol>\n\t\t\t\t\t<\/div>\n\t\t<div class=\"product-right-content left-width-one-third\">\n\t\t\t<div class=\"right-content-nocolumns body_16_regular pt0\">\n<p><b>Les<\/b> <b>biosimilaires<\/b>, produits m\u00e9dicamenteux biologiques similaires aux produits de r\u00e9f\u00e9rence autoris\u00e9s par Swissmedic, ont g\u00e9n\u00e9ralement une structure prot\u00e9ique et sont fabriqu\u00e9s \u00e0 l&rsquo;aide d&rsquo;organismes vivants. Ils <b>offrent plusieurs avantages :<\/b><\/p>\n<ul>\n<li><b>Accessibilit\u00e9 \u00e9conomique<\/b> : r\u00e9duction des co\u00fbts de traitement.<\/li>\n<li><b>Efficacit\u00e9 et s\u00e9curit\u00e9 :<\/b> bio\u00e9quivalence d\u00e9montr\u00e9e par rapport au m\u00e9dicament de r\u00e9f\u00e9rence.<\/li>\n<li><b>Normes de qualit\u00e9 \u00e9lev\u00e9es<\/b> : soumis \u00e0 des contr\u00f4les qualit\u00e9 rigoureux<\/li>\n<\/ul>\n<\/div>\n<div class=\"right-content-nocolumns body_16_regular\"><img decoding=\"async\" class=\"alignleft size-large wp-image-1602\" src=\"https:\/\/effik.ch\/hcp\/wp-content\/uploads\/sites\/2\/2025\/05\/Hepaxane-Graph-FR-1024x392.png\" alt=\"\" width=\"100%\" height=\"auto\" srcset=\"https:\/\/effik.ch\/hcp\/wp-content\/uploads\/sites\/2\/2025\/05\/Hepaxane-Graph-FR-1024x392.png 1024w, https:\/\/effik.ch\/hcp\/wp-content\/uploads\/sites\/2\/2025\/05\/Hepaxane-Graph-FR-300x115.png 300w, https:\/\/effik.ch\/hcp\/wp-content\/uploads\/sites\/2\/2025\/05\/Hepaxane-Graph-FR-768x294.png 768w, https:\/\/effik.ch\/hcp\/wp-content\/uploads\/sites\/2\/2025\/05\/Hepaxane-Graph-FR-1536x588.png 1536w, https:\/\/effik.ch\/hcp\/wp-content\/uploads\/sites\/2\/2025\/05\/Hepaxane-Graph-FR-2048x784.png 2048w\" sizes=\"(max-width: 1024px) 100vw, 1024px\" \/><\/div>\n\t\t<\/div>\n\t\t\t<\/div>\n<\/div>\n\n\n<div id=\"block_1e9057f8c76eec3b52c53bf1d8de279c\" class=\"product-content-2cols-block\" style=\"\">\n\t<div class=\"wrap\">\t\t<div class=\"product-left-content left-width-one-third\">\n\t\t\t\t\t\t\t<ol start=\"2\">\n<li><b> Avantage du prix <\/b>pour les patients et le syst\u00e8me de sant\u00e9 publique<\/li>\n<\/ol>\n\t\t\t\t\t<\/div>\n\t\t<div class=\"product-right-content left-width-one-third\">\n\t\t\t<div class=\"right-content-nocolumns body_16_regular pt0\">\n<ul>\n<li>Hepaxane<sup>\u00ae<\/sup>: Prix Publique (PP) en comparaison de l&rsquo;\u00e9noxaparine de r\u00e9f\u00e9rence.<\/li>\n<\/ul>\n<\/div>\n<div class=\"right-content-nocolumns body_16_regular\"><img decoding=\"async\" class=\"alignleft size-large wp-image-1608\" src=\"https:\/\/effik.ch\/hcp\/wp-content\/uploads\/sites\/2\/2025\/05\/Hepaxane-price-FR-1024x377.png\" alt=\"\" width=\"100%\" height=\"auto\" srcset=\"https:\/\/effik.ch\/hcp\/wp-content\/uploads\/sites\/2\/2025\/05\/Hepaxane-price-FR-1024x377.png 1024w, https:\/\/effik.ch\/hcp\/wp-content\/uploads\/sites\/2\/2025\/05\/Hepaxane-price-FR-300x110.png 300w, https:\/\/effik.ch\/hcp\/wp-content\/uploads\/sites\/2\/2025\/05\/Hepaxane-price-FR-768x282.png 768w, https:\/\/effik.ch\/hcp\/wp-content\/uploads\/sites\/2\/2025\/05\/Hepaxane-price-FR-1536x565.png 1536w, https:\/\/effik.ch\/hcp\/wp-content\/uploads\/sites\/2\/2025\/05\/Hepaxane-price-FR-2048x753.png 2048w\" sizes=\"(max-width: 1024px) 100vw, 1024px\" \/><\/div>\n<div class=\"right-content-nocolumns body_16_regular\">\n<ul>\n<li>All\u00e8gement \u00e9conomique pour les patients et le syst\u00e8me de sant\u00e9 suisse.<\/li>\n<\/ul>\n<\/div>\n\t\t<\/div>\n\t\t\t\t\t<div class=\"full-width-bottom-text\">\n\t\t\t\t<p>* prix unitaire des seringues par lot de 10<br \/>\n** prix unitaire des seringues par lot de 50<\/p>\n\t\t\t<\/div>\n\t\t\t<\/div>\n<\/div>\n\n\n<div id=\"block_8ac21447d68a93d582d00076f64c535d\" class=\"product-content-2cols-block\" style=\"\">\n\t<div class=\"wrap\">\t\t<div class=\"product-left-content left-width-one-third\">\n\t\t\t\t\t\t\t<ol start=\"3\">\n<li><b> Moindre risque de p\u00e9nurie<\/b> gr\u00e2ce aux diff\u00e9rents fournisseurs du principe actif et \u00e0 la production en Italie<\/li>\n<\/ol>\n\t\t\t\t\t<\/div>\n\t\t<div class=\"product-right-content left-width-one-third\">\n\t\t\t<div class=\"right-content-columns pt0\">\n<div class=\"right-content-left-col body_16_regular pt0\">\n<p><b>Hepaxane<sup>\u00ae<\/sup>\u202f: un partenaire fiable dans la pr\u00e9vention et le traitement de la thrombose.<\/b><\/p>\n<ul>\n<li>Aucune interruption depuis le d\u00e9but de la production d\u2019\u00e9noxaparine (2006).<\/li>\n<li>&gt; 300 millions de seringues d&rsquo;\u00e9noxaparine sodique de Chemi vendues dans le monde entier ***.<\/li>\n<\/ul>\n<p>Chemi\/Italfarmaco \u00e0 Milan, en Italie, assure le contr\u00f4le de qualit\u00e9 et le conditionnement de l\u2019\u00e9noxaparine sodique.<\/p>\n<\/div>\n<div class=\"right-content-right-col body_16_regular pt0\"><img decoding=\"async\" class=\"alignleft size-full wp-image-1028\" src=\"https:\/\/effik.ch\/hcp\/wp-content\/uploads\/sites\/2\/2024\/05\/Hepaxane-40@2x.png\" alt=\"\" width=\"100%\" height=\"auto\" srcset=\"https:\/\/effik.ch\/hcp\/wp-content\/uploads\/sites\/2\/2024\/05\/Hepaxane-40@2x.png 610w, https:\/\/effik.ch\/hcp\/wp-content\/uploads\/sites\/2\/2024\/05\/Hepaxane-40@2x-279x300.png 279w\" sizes=\"(max-width: 610px) 100vw, 610px\" \/><\/div>\n<\/div>\n\t\t<\/div>\n\t\t\t\t\t<div class=\"full-width-bottom-text\">\n\t\t\t\t<p>*** Le principe actif contenu dans Hepaxane<sup>\u00ae<\/sup>, l&rsquo;\u00e9noxaparine sodique, est produit par Chemi, Italfarmaco. Plus de 314&rsquo;058&rsquo;310 seringues d&rsquo;\u00e9noxaparine sodique fabriqu\u00e9es par Chemi ont d\u00e9j\u00e0 \u00e9t\u00e9 prescrites dans le monde entier sur la p\u00e9riode 2006-2024 (\u00e9tat au 03.04.2024).<\/p>\n\t\t\t<\/div>\n\t\t\t<\/div>\n<\/div>\n\n\n<div id=\"block_0ca8ad2ebce40b336d5d554218f94d61\" class=\"effilevo-block\" style=\"\">\n\t<div class=\"wrap\">\n\t\t<div id=\"product\" class=\"product-box-container\"><div class=\"product-info\"><p><img decoding=\"async\" class=\"size-large wp-image-1627 aligncenter\" src=\"https:\/\/effik.ch\/hcp\/wp-content\/uploads\/sites\/2\/2025\/05\/Hepaxane-Dose-FR-1024x703.jpg\" alt=\"\" width=\"100%\" height=\"auto\" srcset=\"https:\/\/effik.ch\/hcp\/wp-content\/uploads\/sites\/2\/2025\/05\/Hepaxane-Dose-FR-1024x703.jpg 1024w, https:\/\/effik.ch\/hcp\/wp-content\/uploads\/sites\/2\/2025\/05\/Hepaxane-Dose-FR-300x206.jpg 300w, https:\/\/effik.ch\/hcp\/wp-content\/uploads\/sites\/2\/2025\/05\/Hepaxane-Dose-FR-768x527.jpg 768w, https:\/\/effik.ch\/hcp\/wp-content\/uploads\/sites\/2\/2025\/05\/Hepaxane-Dose-FR-1536x1054.jpg 1536w, https:\/\/effik.ch\/hcp\/wp-content\/uploads\/sites\/2\/2025\/05\/Hepaxane-Dose-FR.jpg 1718w\" sizes=\"(max-width: 1024px) 100vw, 1024px\" \/><\/p>\n<p class=\"body_16_regular\" style=\"text-align: center;\">Les codes couleurs sont adapt\u00e9s \u00e0 chaque dosage.<\/p>\n<\/div><\/div><div id=\"notice\" class=\"leaflet-container\"><div class=\"leaflet-item\"><div class=\"leaflet-title\">Information professionnelle abr\u00e9g\u00e9e Hepaxane<sup>\u00ae<\/sup>, seringue pr\u00e9remplie. <\/div><a class=\"blue-button\" href=\"https:\/\/effik.ch\/hcp\/wp-content\/uploads\/sites\/2\/2025\/05\/RCP_Hepaxane_FR.pdf\">T\u00e9l\u00e9charger ici<\/a><\/div><div class=\"disclaimer\"><p><b>POUR DE PLUS AMPLES INFORMATIONS, CONSULTER L\u2019INFORMATION PROFESSIONNELLE SUR <\/b><u><b><i><a href=\"https:\/\/www.swissmedicinfo.ch\" target=\"_blank\" rel=\"noopener\">WWW.SWISSMEDICINFO.CH<\/a><\/i><\/b><\/u><b>.\u00a0<\/b><\/p>\n<p><b>Titulaire de l\u2019autorisation\u202f: EFFIK SA, 1260 NYON. <\/b><\/p>\n<\/div><\/div><div class=\"references\"><p>1. Febbraro S, et al. Bioavailability study of Enoxaparin Sodium Chemi (80 mg\/0.8 mL) and Clexane (80 mg\/0.8 mL) subcutaneous injection in healthy adults. Int J Clin Pharmacol Ther. 2021 Nov;59(11):734-744.<\/p>\n<\/div>\t<\/div>\n<\/div>\n","protected":false},"excerpt":{"rendered":"Les avantages d&rsquo;Hepaxane\u00ae","protected":false},"author":1,"featured_media":0,"parent":1232,"menu_order":0,"comment_status":"closed","ping_status":"closed","template":"","meta":{"_acf_changed":false,"footnotes":""},"class_list":{"2":"type-page","4":"hentry"},"acf":[],"yoast_head":"<!-- This site is optimized with the Yoast SEO plugin v25.1 - https:\/\/yoast.com\/wordpress\/plugins\/seo\/ -->\n<title>Hepaxane - EFFIK HCP<\/title>\n<meta name=\"robots\" content=\"index, follow, max-snippet:-1, max-image-preview:large, max-video-preview:-1\" \/>\n<link rel=\"canonical\" href=\"https:\/\/effik.ch\/hcp\/fr\/hematologie-et-cardiologie\/prophylaxie-et-traitement-de-la-thrombose\/hepaxane\/\" \/>\n<meta property=\"og:locale\" content=\"fr_FR\" \/>\n<meta property=\"og:type\" content=\"article\" \/>\n<meta property=\"og:title\" content=\"Hepaxane - EFFIK HCP\" \/>\n<meta property=\"og:description\" content=\"Les avantages d&rsquo;Hepaxane\u00ae\" \/>\n<meta property=\"og:url\" content=\"https:\/\/effik.ch\/hcp\/fr\/hematologie-et-cardiologie\/prophylaxie-et-traitement-de-la-thrombose\/hepaxane\/\" \/>\n<meta property=\"og:site_name\" content=\"EFFIK HCP\" \/>\n<meta property=\"article:modified_time\" content=\"2025-11-10T15:10:04+00:00\" \/>\n<meta name=\"twitter:card\" content=\"summary_large_image\" \/>\n<meta name=\"twitter:label1\" content=\"Dur\u00e9e de lecture estim\u00e9e\" \/>\n\t<meta name=\"twitter:data1\" content=\"1 minute\" \/>\n<script type=\"application\/ld+json\" class=\"yoast-schema-graph\">{\"@context\":\"https:\/\/schema.org\",\"@graph\":[{\"@type\":\"WebPage\",\"@id\":\"https:\/\/effik.ch\/hcp\/fr\/hematologie-et-cardiologie\/prophylaxie-et-traitement-de-la-thrombose\/hepaxane\/\",\"url\":\"https:\/\/effik.ch\/hcp\/fr\/hematologie-et-cardiologie\/prophylaxie-et-traitement-de-la-thrombose\/hepaxane\/\",\"name\":\"Hepaxane - EFFIK HCP\",\"isPartOf\":{\"@id\":\"https:\/\/effik.ch\/hcp\/fr\/#website\"},\"datePublished\":\"2025-05-26T17:09:30+00:00\",\"dateModified\":\"2025-11-10T15:10:04+00:00\",\"breadcrumb\":{\"@id\":\"https:\/\/effik.ch\/hcp\/fr\/hematologie-et-cardiologie\/prophylaxie-et-traitement-de-la-thrombose\/hepaxane\/#breadcrumb\"},\"inLanguage\":\"fr-FR\",\"potentialAction\":[{\"@type\":\"ReadAction\",\"target\":[\"https:\/\/effik.ch\/hcp\/fr\/hematologie-et-cardiologie\/prophylaxie-et-traitement-de-la-thrombose\/hepaxane\/\"]}]},{\"@type\":\"BreadcrumbList\",\"@id\":\"https:\/\/effik.ch\/hcp\/fr\/hematologie-et-cardiologie\/prophylaxie-et-traitement-de-la-thrombose\/hepaxane\/#breadcrumb\",\"itemListElement\":[{\"@type\":\"ListItem\",\"position\":1,\"name\":\"Home\",\"item\":\"https:\/\/effik.ch\/hcp\/fr\/\"},{\"@type\":\"ListItem\",\"position\":2,\"name\":\"Hepaxane\"}]},{\"@type\":\"WebSite\",\"@id\":\"https:\/\/effik.ch\/hcp\/fr\/#website\",\"url\":\"https:\/\/effik.ch\/hcp\/fr\/\",\"name\":\"EFFIK HCP\",\"description\":\"\",\"potentialAction\":[{\"@type\":\"SearchAction\",\"target\":{\"@type\":\"EntryPoint\",\"urlTemplate\":\"https:\/\/effik.ch\/hcp\/fr\/?s={search_term_string}\"},\"query-input\":{\"@type\":\"PropertyValueSpecification\",\"valueRequired\":true,\"valueName\":\"search_term_string\"}}],\"inLanguage\":\"fr-FR\"}]}<\/script>\n<!-- \/ Yoast SEO plugin. -->","yoast_head_json":{"title":"Hepaxane - EFFIK HCP","robots":{"index":"index","follow":"follow","max-snippet":"max-snippet:-1","max-image-preview":"max-image-preview:large","max-video-preview":"max-video-preview:-1"},"canonical":"https:\/\/effik.ch\/hcp\/fr\/hematologie-et-cardiologie\/prophylaxie-et-traitement-de-la-thrombose\/hepaxane\/","og_locale":"fr_FR","og_type":"article","og_title":"Hepaxane - EFFIK HCP","og_description":"Les avantages d&rsquo;Hepaxane\u00ae","og_url":"https:\/\/effik.ch\/hcp\/fr\/hematologie-et-cardiologie\/prophylaxie-et-traitement-de-la-thrombose\/hepaxane\/","og_site_name":"EFFIK HCP","article_modified_time":"2025-11-10T15:10:04+00:00","twitter_card":"summary_large_image","twitter_misc":{"Dur\u00e9e de lecture estim\u00e9e":"1 minute"},"schema":{"@context":"https:\/\/schema.org","@graph":[{"@type":"WebPage","@id":"https:\/\/effik.ch\/hcp\/fr\/hematologie-et-cardiologie\/prophylaxie-et-traitement-de-la-thrombose\/hepaxane\/","url":"https:\/\/effik.ch\/hcp\/fr\/hematologie-et-cardiologie\/prophylaxie-et-traitement-de-la-thrombose\/hepaxane\/","name":"Hepaxane - EFFIK HCP","isPartOf":{"@id":"https:\/\/effik.ch\/hcp\/fr\/#website"},"datePublished":"2025-05-26T17:09:30+00:00","dateModified":"2025-11-10T15:10:04+00:00","breadcrumb":{"@id":"https:\/\/effik.ch\/hcp\/fr\/hematologie-et-cardiologie\/prophylaxie-et-traitement-de-la-thrombose\/hepaxane\/#breadcrumb"},"inLanguage":"fr-FR","potentialAction":[{"@type":"ReadAction","target":["https:\/\/effik.ch\/hcp\/fr\/hematologie-et-cardiologie\/prophylaxie-et-traitement-de-la-thrombose\/hepaxane\/"]}]},{"@type":"BreadcrumbList","@id":"https:\/\/effik.ch\/hcp\/fr\/hematologie-et-cardiologie\/prophylaxie-et-traitement-de-la-thrombose\/hepaxane\/#breadcrumb","itemListElement":[{"@type":"ListItem","position":1,"name":"Home","item":"https:\/\/effik.ch\/hcp\/fr\/"},{"@type":"ListItem","position":2,"name":"Hepaxane"}]},{"@type":"WebSite","@id":"https:\/\/effik.ch\/hcp\/fr\/#website","url":"https:\/\/effik.ch\/hcp\/fr\/","name":"EFFIK HCP","description":"","potentialAction":[{"@type":"SearchAction","target":{"@type":"EntryPoint","urlTemplate":"https:\/\/effik.ch\/hcp\/fr\/?s={search_term_string}"},"query-input":{"@type":"PropertyValueSpecification","valueRequired":true,"valueName":"search_term_string"}}],"inLanguage":"fr-FR"}]}},"_links":{"self":[{"href":"https:\/\/effik.ch\/hcp\/fr\/wp-json\/wp\/v2\/pages\/1576","targetHints":{"allow":["GET"]}}],"collection":[{"href":"https:\/\/effik.ch\/hcp\/fr\/wp-json\/wp\/v2\/pages"}],"about":[{"href":"https:\/\/effik.ch\/hcp\/fr\/wp-json\/wp\/v2\/types\/page"}],"author":[{"embeddable":true,"href":"https:\/\/effik.ch\/hcp\/fr\/wp-json\/wp\/v2\/users\/1"}],"replies":[{"embeddable":true,"href":"https:\/\/effik.ch\/hcp\/fr\/wp-json\/wp\/v2\/comments?post=1576"}],"version-history":[{"count":38,"href":"https:\/\/effik.ch\/hcp\/fr\/wp-json\/wp\/v2\/pages\/1576\/revisions"}],"predecessor-version":[{"id":2532,"href":"https:\/\/effik.ch\/hcp\/fr\/wp-json\/wp\/v2\/pages\/1576\/revisions\/2532"}],"up":[{"embeddable":true,"href":"https:\/\/effik.ch\/hcp\/fr\/wp-json\/wp\/v2\/pages\/1232"}],"wp:attachment":[{"href":"https:\/\/effik.ch\/hcp\/fr\/wp-json\/wp\/v2\/media?parent=1576"}],"curies":[{"name":"wp","href":"https:\/\/api.w.org\/{rel}","templated":true}]}}