{"id":859,"date":"2024-03-14T18:04:45","date_gmt":"2024-03-14T16:04:45","guid":{"rendered":"https:\/\/effik.ch\/hcp\/gynakologie\/"},"modified":"2025-05-23T06:53:17","modified_gmt":"2025-05-23T04:53:17","slug":"gynecologie","status":"publish","type":"page","link":"https:\/\/effik.ch\/hcp\/fr\/gynecologie\/","title":{"rendered":"Gyn\u00e9cologie"},"content":{"rendered":"<div id=\"block_9aefc8d77db7fb2bb236e84f14bc2538\" class=\"hero-block alignfull\" style=\"background-image: url(https:\/\/effik.ch\/hcp\/wp-content\/uploads\/sites\/2\/2024\/03\/gyn-hero-bg.jpg)\">\n\t<div class=\"wrap\">\n\t\t<img loading=\"lazy\" decoding=\"async\" width=\"97\" height=\"97\" src=\"https:\/\/effik.ch\/hcp\/wp-content\/uploads\/sites\/2\/2024\/03\/Ginecology-icon.svg\" class=\"hero-icon \" alt=\"\" \/>\t\t<h1 class=\"entry-title\">Gyn\u00e9cologie<\/h1>\n\t\t\t<\/div>\n<\/div>\n\n\n<div id=\"block_0566da547f791df7c3ac08b5ff3e3281\" class=\"secondary-menu-block alignfull\" style=\"\">\n<ul class=\"secondary-menu-container\">\n\t\t\t<li class=\"secondary-menu-item\">\n\t\t\t<a class=\"secondary-menu-item__content\" href=\"#empfangnisverhutun\">Contraception<\/a>\n\t\t<\/li>\n\t\t\t\t<li class=\"secondary-menu-item\">\n\t\t\t<a class=\"secondary-menu-item__content\" href=\"#schwangerschaft\">Grossesse et allaitement<\/a>\n\t\t<\/li>\n\t\t\t\t<li class=\"secondary-menu-item\">\n\t\t\t<a class=\"secondary-menu-item__content\" href=\"#vaginale-gesundheit\">Sant\u00e9 vaginale<\/a>\n\t\t<\/li>\n\t\t\t\t<li class=\"secondary-menu-item\">\n\t\t\t<a class=\"secondary-menu-item__content\" href=\"#wechseljahre\">M\u00e9nopause<\/a>\n\t\t<\/li>\n\t\t\t<\/ul>\n\t<\/div>\n\n\n<div id=\"block_a042e053008e2f85407d80f2c22e6e27\" class=\"hero-text-block mbl-wrapped-border alignfull\" style=\"\">\n\t<div class=\"wrap\">\n\t\t\t\t<h2 class=\"section-title\" style=\"max-width: 820px;\">Sant\u00e9 et bien-\u00eatre dans toutes les phases de la vie d\u2019une femme<\/h2>\n\t\t\t\t\t\t\t<div class=\"hero-text\"><p><span style=\"font-weight: 400;\">De la pubert\u00e9 jusqu\u2019\u00e0 la m\u00e9nopause : le corps f\u00e9minin change plusieurs fois. Et les changements hormonaux affectent non seulement le corps, mais influencent \u00e9galement le psychisme. <\/span><\/p>\n<p><span style=\"font-weight: 400;\">Chez EFFIK, nous accordons une grande importance \u00e0 accompagner les femmes tout au long de leur vie et proposons des options de traitement adapt\u00e9es, car nous nous engageons pour la sant\u00e9 des femmes : contraception et sant\u00e9 vaginale, en cas de d\u00e9sir d\u2019enfant, durant la grossesse et l\u2019allaitement ainsi que pendant la m\u00e9nopause.<\/span><\/p>\n<\/div>\n\t\t\t<\/div>\n<\/div>\n\n\n<div id=\"empfangnisverhutun\" class=\"inner-hero-block alignfull hero-mbl-column\" style=\"background-image: url(https:\/\/effik.ch\/hcp\/wp-content\/uploads\/sites\/2\/2024\/03\/gyn-section1.jpg)\">\n<div class=\"anchor-div\"><\/div>\n\n\t\t\t\t<div class=\"inner-hero-bg-mbl\" style=\"background-image: url(https:\/\/effik.ch\/hcp\/wp-content\/uploads\/sites\/2\/2024\/03\/gyn-section1.jpg)\">\n\n\t\t\t\t\t\t<\/div>\n\t<div class=\"wrap\" style=\"flex-direction: row;\">\n\t\t<div class=\"content-container\" style=\"text-align: right;\">\n\t\t\t\t\t\t<h2 class=\"section-title\">Contraception<\/h2>\n\t\t\t\t\t\t\t\t\t<div class=\"section-content font-small\" style=\"max-width: 473px; align-self: flex-end;\"><p><span style=\"font-weight: 400;\">Chaque femme est unique. Il nous tient \u00e0 c\u0153ur que chaque femme trouve la m\u00e9thode de contraception qui lui convient et qui r\u00e9pond \u00e0 ses besoins. EFFIK propose des contraceptifs oraux de deuxi\u00e8me g\u00e9n\u00e9ration.<\/span><\/p>\n<\/div>\n\t\t\t\t\t\t\t\t\t\t<a class=\"blue-button\" style=\"align-self: flex-end;\" href=\"https:\/\/effik.ch\/hcp\/fr\/gynecologie\/contraception\/\" target=\"_self\">En savoir plus<\/a>\n\t\t\t\t\t<\/div>\n\t<\/div>\n<\/div>\n<style>\n\t.inner-hero-block {\n\t\t@media (min-width: 768px) {\n\t\taspect-ratio: 1440 \/ 429; \n\t\tmin-height: 429px;\n\t\t}\n\t}\n<\/style>\n\n\n<div id=\"schwangerschaft\" class=\"inner-hero-block alignfull hero-mbl-column\" style=\"background-image: url(https:\/\/effik.ch\/hcp\/wp-content\/uploads\/sites\/2\/2024\/03\/gyn-section2.jpg)\">\n<div class=\"anchor-div\"><\/div>\n\n\t\t\t\t<div class=\"inner-hero-bg-mbl\" style=\"background-image: url(https:\/\/effik.ch\/hcp\/wp-content\/uploads\/sites\/2\/2024\/03\/gyn-section2.jpg)\">\n\n\t\t\t\t\t\t<\/div>\n\t<div class=\"wrap\" style=\"flex-direction: row-reverse;\">\n\t\t<div class=\"content-container\" style=\"text-align: left;\">\n\t\t\t\t\t\t<h2 class=\"section-title\">Grossesse et allaitement<\/h2>\n\t\t\t\t\t\t\t\t\t<div class=\"section-content font-small\" style=\"max-width: 430px; align-self: flex-start;\"><p><span style=\"font-weight: 400;\">Le d\u00e9sir d&rsquo;enfant est un th\u00e8me central pour de nombreuses femmes et la maternit\u00e9 est l\u2019une des exp\u00e9riences les plus importantes de la vie. C\u2019est une p\u00e9riode de grande joie, mais aussi empreinte de changements et de nouveaux d\u00e9fis. Nous soutenons les femmes dans cette voie.<\/span><\/p>\n<\/div>\n\t\t\t\t\t\t\t\t\t\t<a class=\"blue-button\" style=\"align-self: flex-start;\" href=\"https:\/\/effik.ch\/hcp\/fr\/gynecologie\/grossesse-et-allaitement\/\" target=\"_self\">En savoir plus<\/a>\n\t\t\t\t\t<\/div>\n\t<\/div>\n<\/div>\n<style>\n\t.inner-hero-block {\n\t\t@media (min-width: 768px) {\n\t\taspect-ratio: 1440 \/ 429; \n\t\tmin-height: 429px;\n\t\t}\n\t}\n<\/style>\n\n\n<div id=\"vaginale-gesundheit\" class=\"inner-hero-block alignfull hero-mbl-column\" style=\"background-image: url(https:\/\/effik.ch\/hcp\/wp-content\/uploads\/sites\/2\/2024\/03\/gyn-section3.jpg)\">\n<div class=\"anchor-div\"><\/div>\n\n\t\t\t\t<div class=\"inner-hero-bg-mbl\" style=\"background-image: url(https:\/\/effik.ch\/hcp\/wp-content\/uploads\/sites\/2\/2024\/03\/gyn-section3.jpg)\">\n\n\t\t\t\t\t\t<\/div>\n\t<div class=\"wrap\" style=\"flex-direction: row;\">\n\t\t<div class=\"content-container\" style=\"text-align: right;\">\n\t\t\t\t\t\t<h2 class=\"section-title\">Sant\u00e9 vaginale<\/h2>\n\t\t\t\t\t\t\t\t\t<div class=\"section-content font-small\" style=\"max-width: 473px; align-self: flex-end;\"><p>D\u00e9mangeaisons, sensations de br\u00fblure, pertes anormales ou odeur d\u00e9sagr\u00e9able ? Ces sympt\u00f4mes peuvent indiquer un d\u00e9s\u00e9quilibre de la flore vaginale ou une infection vaginale. La sant\u00e9 vaginale joue un r\u00f4le d\u00e9cisif dans le bien-\u00eatre g\u00e9n\u00e9ral d\u2019une femme et m\u00e9rite une attention particuli\u00e8re en pratique gyn\u00e9cologique.<\/p>\n<\/div>\n\t\t\t\t\t\t\t\t\t\t<a class=\"blue-button\" style=\"align-self: flex-end;\" href=\"https:\/\/effik.ch\/hcp\/fr\/gynecologie\/sante-vaginale\/\" target=\"_self\">En savoir plus<\/a>\n\t\t\t\t\t<\/div>\n\t<\/div>\n<\/div>\n<style>\n\t.inner-hero-block {\n\t\t@media (min-width: 768px) {\n\t\taspect-ratio: 1440 \/ 429; \n\t\tmin-height: 429px;\n\t\t}\n\t}\n<\/style>\n\n\n<div id=\"wechseljahre\" class=\"inner-hero-block alignfull hero-mbl-column\" style=\"background-image: url(https:\/\/effik.ch\/hcp\/wp-content\/uploads\/sites\/2\/2024\/03\/gyn-section4.jpg)\">\n<div class=\"anchor-div\"><\/div>\n\n\t\t\t\t<div class=\"inner-hero-bg-mbl\" style=\"background-image: url(https:\/\/effik.ch\/hcp\/wp-content\/uploads\/sites\/2\/2024\/03\/gyn-section4.jpg)\">\n\n\t\t\t\t\t\t<\/div>\n\t<div class=\"wrap\" style=\"flex-direction: row-reverse;\">\n\t\t<div class=\"content-container\" style=\"text-align: left;\">\n\t\t\t\t\t\t<h2 class=\"section-title\">M\u00e9nopause<\/h2>\n\t\t\t\t\t\t\t\t\t<div class=\"section-content font-small\" style=\"max-width: 430px; align-self: flex-start;\"><p><span style=\"font-weight: 400;\">La m\u00e9nopause commence g\u00e9n\u00e9ralement vers l\u2019\u00e2ge de 50\u00a0ans et entra\u00eene une s\u00e9rie de changements physiques et psychologiques. EFFIK s\u2019engage \u00e9galement pour le bien-\u00eatre et la qualit\u00e9 de vie des femmes \u00e0 cette p\u00e9riode de leur vie.<\/span><\/p>\n<\/div>\n\t\t\t\t\t\t\t\t\t\t<a class=\"blue-button\" style=\"align-self: flex-start;\" href=\"https:\/\/effik.ch\/hcp\/fr\/gynecologie\/menopause\/\" target=\"_self\">En savoir plus<\/a>\n\t\t\t\t\t<\/div>\n\t<\/div>\n<\/div>\n<style>\n\t.inner-hero-block {\n\t\t@media (min-width: 768px) {\n\t\taspect-ratio: 1440 \/ 429; \n\t\tmin-height: 429px;\n\t\t}\n\t}\n<\/style>\n","protected":false},"excerpt":{"rendered":"","protected":false},"author":1,"featured_media":0,"parent":0,"menu_order":0,"comment_status":"closed","ping_status":"closed","template":"","meta":{"_acf_changed":false,"footnotes":""},"class_list":{"2":"type-page","4":"hentry"},"acf":[],"yoast_head":"<!-- This site is optimized with the Yoast SEO plugin v25.1 - https:\/\/yoast.com\/wordpress\/plugins\/seo\/ -->\n<title>Gyn\u00e9cologie - EFFIK HCP<\/title>\n<meta name=\"robots\" content=\"index, follow, max-snippet:-1, max-image-preview:large, max-video-preview:-1\" \/>\n<link rel=\"canonical\" href=\"https:\/\/effik.ch\/hcp\/fr\/gynecologie\/\" \/>\n<meta property=\"og:locale\" content=\"fr_FR\" \/>\n<meta property=\"og:type\" content=\"article\" \/>\n<meta property=\"og:title\" content=\"Gyn\u00e9cologie - EFFIK HCP\" \/>\n<meta property=\"og:url\" content=\"https:\/\/effik.ch\/hcp\/fr\/gynecologie\/\" \/>\n<meta property=\"og:site_name\" content=\"EFFIK HCP\" \/>\n<meta property=\"article:modified_time\" content=\"2025-05-23T04:53:17+00:00\" \/>\n<meta name=\"twitter:card\" content=\"summary_large_image\" \/>\n<script type=\"application\/ld+json\" class=\"yoast-schema-graph\">{\"@context\":\"https:\/\/schema.org\",\"@graph\":[{\"@type\":\"WebPage\",\"@id\":\"https:\/\/effik.ch\/hcp\/fr\/gynecologie\/\",\"url\":\"https:\/\/effik.ch\/hcp\/fr\/gynecologie\/\",\"name\":\"Gyn\u00e9cologie - EFFIK HCP\",\"isPartOf\":{\"@id\":\"https:\/\/effik.ch\/hcp\/fr\/#website\"},\"datePublished\":\"2024-03-14T16:04:45+00:00\",\"dateModified\":\"2025-05-23T04:53:17+00:00\",\"breadcrumb\":{\"@id\":\"https:\/\/effik.ch\/hcp\/fr\/gynecologie\/#breadcrumb\"},\"inLanguage\":\"fr-FR\",\"potentialAction\":[{\"@type\":\"ReadAction\",\"target\":[\"https:\/\/effik.ch\/hcp\/fr\/gynecologie\/\"]}]},{\"@type\":\"BreadcrumbList\",\"@id\":\"https:\/\/effik.ch\/hcp\/fr\/gynecologie\/#breadcrumb\",\"itemListElement\":[{\"@type\":\"ListItem\",\"position\":1,\"name\":\"Home\",\"item\":\"https:\/\/effik.ch\/hcp\/fr\/\"},{\"@type\":\"ListItem\",\"position\":2,\"name\":\"Gyn\u00e9cologie\"}]},{\"@type\":\"WebSite\",\"@id\":\"https:\/\/effik.ch\/hcp\/fr\/#website\",\"url\":\"https:\/\/effik.ch\/hcp\/fr\/\",\"name\":\"EFFIK HCP\",\"description\":\"\",\"potentialAction\":[{\"@type\":\"SearchAction\",\"target\":{\"@type\":\"EntryPoint\",\"urlTemplate\":\"https:\/\/effik.ch\/hcp\/fr\/?s={search_term_string}\"},\"query-input\":{\"@type\":\"PropertyValueSpecification\",\"valueRequired\":true,\"valueName\":\"search_term_string\"}}],\"inLanguage\":\"fr-FR\"}]}<\/script>\n<!-- \/ Yoast SEO plugin. -->","yoast_head_json":{"title":"Gyn\u00e9cologie - EFFIK HCP","robots":{"index":"index","follow":"follow","max-snippet":"max-snippet:-1","max-image-preview":"max-image-preview:large","max-video-preview":"max-video-preview:-1"},"canonical":"https:\/\/effik.ch\/hcp\/fr\/gynecologie\/","og_locale":"fr_FR","og_type":"article","og_title":"Gyn\u00e9cologie - EFFIK HCP","og_url":"https:\/\/effik.ch\/hcp\/fr\/gynecologie\/","og_site_name":"EFFIK HCP","article_modified_time":"2025-05-23T04:53:17+00:00","twitter_card":"summary_large_image","schema":{"@context":"https:\/\/schema.org","@graph":[{"@type":"WebPage","@id":"https:\/\/effik.ch\/hcp\/fr\/gynecologie\/","url":"https:\/\/effik.ch\/hcp\/fr\/gynecologie\/","name":"Gyn\u00e9cologie - EFFIK HCP","isPartOf":{"@id":"https:\/\/effik.ch\/hcp\/fr\/#website"},"datePublished":"2024-03-14T16:04:45+00:00","dateModified":"2025-05-23T04:53:17+00:00","breadcrumb":{"@id":"https:\/\/effik.ch\/hcp\/fr\/gynecologie\/#breadcrumb"},"inLanguage":"fr-FR","potentialAction":[{"@type":"ReadAction","target":["https:\/\/effik.ch\/hcp\/fr\/gynecologie\/"]}]},{"@type":"BreadcrumbList","@id":"https:\/\/effik.ch\/hcp\/fr\/gynecologie\/#breadcrumb","itemListElement":[{"@type":"ListItem","position":1,"name":"Home","item":"https:\/\/effik.ch\/hcp\/fr\/"},{"@type":"ListItem","position":2,"name":"Gyn\u00e9cologie"}]},{"@type":"WebSite","@id":"https:\/\/effik.ch\/hcp\/fr\/#website","url":"https:\/\/effik.ch\/hcp\/fr\/","name":"EFFIK HCP","description":"","potentialAction":[{"@type":"SearchAction","target":{"@type":"EntryPoint","urlTemplate":"https:\/\/effik.ch\/hcp\/fr\/?s={search_term_string}"},"query-input":{"@type":"PropertyValueSpecification","valueRequired":true,"valueName":"search_term_string"}}],"inLanguage":"fr-FR"}]}},"_links":{"self":[{"href":"https:\/\/effik.ch\/hcp\/fr\/wp-json\/wp\/v2\/pages\/859","targetHints":{"allow":["GET"]}}],"collection":[{"href":"https:\/\/effik.ch\/hcp\/fr\/wp-json\/wp\/v2\/pages"}],"about":[{"href":"https:\/\/effik.ch\/hcp\/fr\/wp-json\/wp\/v2\/types\/page"}],"author":[{"embeddable":true,"href":"https:\/\/effik.ch\/hcp\/fr\/wp-json\/wp\/v2\/users\/1"}],"replies":[{"embeddable":true,"href":"https:\/\/effik.ch\/hcp\/fr\/wp-json\/wp\/v2\/comments?post=859"}],"version-history":[{"count":5,"href":"https:\/\/effik.ch\/hcp\/fr\/wp-json\/wp\/v2\/pages\/859\/revisions"}],"predecessor-version":[{"id":1322,"href":"https:\/\/effik.ch\/hcp\/fr\/wp-json\/wp\/v2\/pages\/859\/revisions\/1322"}],"wp:attachment":[{"href":"https:\/\/effik.ch\/hcp\/fr\/wp-json\/wp\/v2\/media?parent=859"}],"curies":[{"name":"wp","href":"https:\/\/api.w.org\/{rel}","templated":true}]}}