{"id":873,"date":"2024-03-21T06:47:56","date_gmt":"2024-03-21T04:47:56","guid":{"rendered":"https:\/\/effik.ch\/hcp\/gynecologie\/sante-vaginale\/scheidentrockenheit\/"},"modified":"2025-05-23T17:03:17","modified_gmt":"2025-05-23T15:03:17","slug":"ainara","status":"publish","type":"page","link":"https:\/\/effik.ch\/hcp\/fr\/gynecologie\/sante-vaginale\/ainara\/","title":{"rendered":"Ainara"},"content":{"rendered":"<div id=\"block_da132795fc31bc825c73fa4416d7c6a6\" class=\"hero-block alignfull\" style=\"background-image: url(https:\/\/effik.ch\/hcp\/wp-content\/uploads\/sites\/2\/2024\/03\/vaginal-health-1.jpg)\">\n\t<div class=\"wrap\">\n\t\t\t\t<h1 class=\"entry-title\">Ainara<sup>\u00ae<\/sup><\/h1>\n\t\t\t<\/div>\n<\/div>\n\n\n<div id=\"block_7bb9784788f5381f7f73aeac257c9e1f\" class=\"secondary-menu-block alignfull\" style=\"\">\n<ul class=\"secondary-menu-container\">\n\t\t\t<li class=\"secondary-menu-item\">\n\t\t\t<a class=\"secondary-menu-item__content\" href=\"#ainara\">Ainara<sup>\u00ae<\/sup><\/a>\n\t\t<\/li>\n\t\t\t\t<li class=\"secondary-menu-item\">\n\t\t\t<a class=\"secondary-menu-item__content\" href=\"#notice\">Notice d&rsquo;utilisation<\/a>\n\t\t<\/li>\n\t\t\t<\/ul>\n\t<\/div>\n\n\n<div id=\"ainara\" class=\"inner-hero-block spaced-p padding-36 border-0 mbl-border-0 product-section alignfull hero-mbl-column\" style=\"background-image: url(https:\/\/effik.ch\/hcp\/wp-content\/uploads\/sites\/2\/2024\/03\/ainara-bg-1.svg)\">\n<div class=\"anchor-div\"><\/div>\n\n\t\t\t<div class=\"inner-hero-bg-mbl\" style=\"background-image: url(https:\/\/effik.ch\/hcp\/wp-content\/uploads\/sites\/2\/2024\/03\/ainara-bg-1.svg); aspect-ratio:393\/200; min-height:200px;\">\n\t<div class=\"img-container\"><img loading=\"lazy\" decoding=\"async\" width=\"436\" height=\"218\" src=\"https:\/\/effik.ch\/hcp\/wp-content\/uploads\/sites\/2\/2024\/03\/ainara.png\" class=\"attachment-large size-large\" alt=\"\" srcset=\"https:\/\/effik.ch\/hcp\/wp-content\/uploads\/sites\/2\/2024\/03\/ainara.png 436w, https:\/\/effik.ch\/hcp\/wp-content\/uploads\/sites\/2\/2024\/03\/ainara-300x150.png 300w\" sizes=\"auto, (max-width: 436px) 100vw, 436px\" \/><\/div>\n\t\t\t\t\t<\/div>\n\t<div class=\"wrap\" style=\"flex-direction: row-reverse;\">\n\t\t<div class=\"img-container\" style=\"justify-content: flex-end; max-height: 350px; width: calc(100% - px);\"><img loading=\"lazy\" decoding=\"async\" width=\"436\" height=\"218\" src=\"https:\/\/effik.ch\/hcp\/wp-content\/uploads\/sites\/2\/2024\/03\/ainara.png\" class=\"attachment-large size-large\" alt=\"\" srcset=\"https:\/\/effik.ch\/hcp\/wp-content\/uploads\/sites\/2\/2024\/03\/ainara.png 436w, https:\/\/effik.ch\/hcp\/wp-content\/uploads\/sites\/2\/2024\/03\/ainara-300x150.png 300w\" sizes=\"auto, (max-width: 436px) 100vw, 436px\" \/><\/div>\n\t\t\t<div class=\"content-container\" style=\"text-align: left;\">\n\t\t\t\t\t\t\t\t\t\t\t<\/div>\n\t<\/div>\n<\/div>\n<style>\n\t.inner-hero-block {\n\t\t@media (min-width: 768px) {\n\t\taspect-ratio:  \/ 350; \n\t\tmin-height: 350px;\n\t\t}\n\t}\n<\/style>\n\n\n<div id=\"block_7c57827f9b966edd0a304e960994416d\" class=\"product-content-block mbl-border-top-0 alignfull\" style=\"\">\n\t<div class=\"wrap\">\n\t\t<div class=\"product-left-content\">\n\t\t\t\t\t\t<h2 class=\"plc-title\">Vos patientes<br\/>souffrent-elles de s\u00e9cheresse vaginale ?\r\n<\/h2>\n\t\t\t\t\t\t\t\t<\/div>\n\t\t<div class=\"product-right-content\">\n\t\t\t<p>AINARA<sup>\u00ae<\/sup>, gel vaginal SANS HORMONE mucoadh\u00e9sif (adh\u00e9sion \u00e0 la muqueuse vaginale) soulageant les sympt\u00f4mes de la s\u00e9cheresse vaginale, de l\u2019atrophie et de l\u2019inconfort associ\u00e9 et am\u00e9liorant ainsi la qualit\u00e9 de vie de la femme<\/p>\n<ul>\n<li>DIMINUE la s\u00e9cheresse vaginale<\/li>\n<li>SOULAGE les douleurs pendant les rapports sexuels<\/li>\n<li>R\u00c9DUIT les d\u00e9mangeaisons et les sensations de br\u00fblures<\/li>\n<\/ul>\n<p>Son efficacit\u00e9 a \u00e9t\u00e9 cliniquement prouv\u00e9e<sup>1<\/sup>!<\/p>\n<p><img loading=\"lazy\" decoding=\"async\" class=\"aligncenter size-large wp-image-1429\" src=\"https:\/\/effik.ch\/hcp\/wp-content\/uploads\/sites\/2\/2025\/05\/Ainara25_Graph_FR-2-1024x702.png\" alt=\"\" width=\"768\" height=\"527\" srcset=\"https:\/\/effik.ch\/hcp\/wp-content\/uploads\/sites\/2\/2025\/05\/Ainara25_Graph_FR-2-1024x702.png 1024w, https:\/\/effik.ch\/hcp\/wp-content\/uploads\/sites\/2\/2025\/05\/Ainara25_Graph_FR-2-300x206.png 300w, https:\/\/effik.ch\/hcp\/wp-content\/uploads\/sites\/2\/2025\/05\/Ainara25_Graph_FR-2-768x526.png 768w, https:\/\/effik.ch\/hcp\/wp-content\/uploads\/sites\/2\/2025\/05\/Ainara25_Graph_FR-2-1536x1052.png 1536w, https:\/\/effik.ch\/hcp\/wp-content\/uploads\/sites\/2\/2025\/05\/Ainara25_Graph_FR-2-2048x1403.png 2048w\" sizes=\"auto, (max-width: 768px) 100vw, 768px\" \/><\/p>\n<div class=\"body_14_regular\">1. Estevez J. et al. Efficacy and acceptability of a new non-hormonal mucoadhesive vaginal moisturizing gel for the management of vaginal atrophy. Giorn. It. Ost. Gin. 2012. Vol.34(1):171-2<\/div>\n\t\t<\/div>\n\t<\/div>\n<\/div>\n\n\n<div id=\"notice\" class=\"product-content-block alignfull\" style=\"\">\n\t<div class=\"wrap\">\n\t\t<div class=\"product-left-content\">\n\t\t\t\t\t\t<h2 class=\"plc-title\">Notice d&rsquo;utilisation<\/h2>\n\t\t\t\t\t\t\t\t<\/div>\n\t\t<div class=\"product-right-content\">\n\t\t\t<p>Posologie\u00a0:<\/p>\n<p>Appliquer AINARA<sup>\u00ae<\/sup> deux fois par semaine. Selon les besoins, AINARA<sup>\u00ae<\/sup> peut \u00eatre utilis\u00e9 quotidiennement jusqu\u2019\u00e0 12 semaines.<\/p>\n<p>Dosage pr\u00e9cis \u00e0 1 g avec 1 applicateur r\u00e9utilisable.<\/p>\n<p>Pr\u00e9sentation\u00a0:<\/p>\n<p>Un tube de 30 g avec 1 applicateur r\u00e9utilisable (suffisant pour 30 applications).<\/p>\n<p><strong><a href=\"https:\/\/effik.ch\/hcp\/wp-content\/uploads\/sites\/2\/2025\/05\/Ainara_Leaflet.pdf\" target=\"_blank\" rel=\"noopener\">TELECHARGER ICI LA NOTICE D\u2019UTILISATION (Dispositif m\u00e9dical : classe IIa)<\/a><\/strong><\/p>\n\t\t<\/div>\n\t<\/div>\n<\/div>\n\n\n\n<div style=\"height:80px\" aria-hidden=\"true\" class=\"wp-block-spacer\"><\/div>\n","protected":false},"excerpt":{"rendered":"","protected":false},"author":1,"featured_media":0,"parent":870,"menu_order":1,"comment_status":"closed","ping_status":"closed","template":"","meta":{"_acf_changed":false,"footnotes":""},"class_list":{"2":"type-page","4":"hentry"},"acf":[],"yoast_head":"<!-- This site is optimized with the Yoast SEO plugin v25.1 - https:\/\/yoast.com\/wordpress\/plugins\/seo\/ -->\n<title>Ainara - EFFIK HCP<\/title>\n<meta name=\"robots\" content=\"index, follow, max-snippet:-1, max-image-preview:large, max-video-preview:-1\" \/>\n<link rel=\"canonical\" href=\"https:\/\/effik.ch\/hcp\/fr\/gynecologie\/sante-vaginale\/ainara\/\" \/>\n<meta property=\"og:locale\" content=\"fr_FR\" \/>\n<meta property=\"og:type\" content=\"article\" \/>\n<meta property=\"og:title\" content=\"Ainara - EFFIK HCP\" \/>\n<meta property=\"og:url\" content=\"https:\/\/effik.ch\/hcp\/fr\/gynecologie\/sante-vaginale\/ainara\/\" \/>\n<meta property=\"og:site_name\" content=\"EFFIK HCP\" \/>\n<meta property=\"article:modified_time\" content=\"2025-05-23T15:03:17+00:00\" \/>\n<meta name=\"twitter:card\" content=\"summary_large_image\" \/>\n<script type=\"application\/ld+json\" class=\"yoast-schema-graph\">{\"@context\":\"https:\/\/schema.org\",\"@graph\":[{\"@type\":\"WebPage\",\"@id\":\"https:\/\/effik.ch\/hcp\/fr\/gynecologie\/sante-vaginale\/ainara\/\",\"url\":\"https:\/\/effik.ch\/hcp\/fr\/gynecologie\/sante-vaginale\/ainara\/\",\"name\":\"Ainara - EFFIK HCP\",\"isPartOf\":{\"@id\":\"https:\/\/effik.ch\/hcp\/fr\/#website\"},\"datePublished\":\"2024-03-21T04:47:56+00:00\",\"dateModified\":\"2025-05-23T15:03:17+00:00\",\"breadcrumb\":{\"@id\":\"https:\/\/effik.ch\/hcp\/fr\/gynecologie\/sante-vaginale\/ainara\/#breadcrumb\"},\"inLanguage\":\"fr-FR\",\"potentialAction\":[{\"@type\":\"ReadAction\",\"target\":[\"https:\/\/effik.ch\/hcp\/fr\/gynecologie\/sante-vaginale\/ainara\/\"]}]},{\"@type\":\"BreadcrumbList\",\"@id\":\"https:\/\/effik.ch\/hcp\/fr\/gynecologie\/sante-vaginale\/ainara\/#breadcrumb\",\"itemListElement\":[{\"@type\":\"ListItem\",\"position\":1,\"name\":\"Home\",\"item\":\"https:\/\/effik.ch\/hcp\/fr\/\"},{\"@type\":\"ListItem\",\"position\":2,\"name\":\"Gyn\u00e9cologie\",\"item\":\"https:\/\/effik.ch\/hcp\/fr\/gynecologie\/\"},{\"@type\":\"ListItem\",\"position\":3,\"name\":\"Sant\u00e9 vaginale\",\"item\":\"https:\/\/effik.ch\/hcp\/fr\/gynecologie\/sante-vaginale\/\"},{\"@type\":\"ListItem\",\"position\":4,\"name\":\"Ainara\"}]},{\"@type\":\"WebSite\",\"@id\":\"https:\/\/effik.ch\/hcp\/fr\/#website\",\"url\":\"https:\/\/effik.ch\/hcp\/fr\/\",\"name\":\"EFFIK HCP\",\"description\":\"\",\"potentialAction\":[{\"@type\":\"SearchAction\",\"target\":{\"@type\":\"EntryPoint\",\"urlTemplate\":\"https:\/\/effik.ch\/hcp\/fr\/?s={search_term_string}\"},\"query-input\":{\"@type\":\"PropertyValueSpecification\",\"valueRequired\":true,\"valueName\":\"search_term_string\"}}],\"inLanguage\":\"fr-FR\"}]}<\/script>\n<!-- \/ Yoast SEO plugin. -->","yoast_head_json":{"title":"Ainara - EFFIK HCP","robots":{"index":"index","follow":"follow","max-snippet":"max-snippet:-1","max-image-preview":"max-image-preview:large","max-video-preview":"max-video-preview:-1"},"canonical":"https:\/\/effik.ch\/hcp\/fr\/gynecologie\/sante-vaginale\/ainara\/","og_locale":"fr_FR","og_type":"article","og_title":"Ainara - EFFIK HCP","og_url":"https:\/\/effik.ch\/hcp\/fr\/gynecologie\/sante-vaginale\/ainara\/","og_site_name":"EFFIK HCP","article_modified_time":"2025-05-23T15:03:17+00:00","twitter_card":"summary_large_image","schema":{"@context":"https:\/\/schema.org","@graph":[{"@type":"WebPage","@id":"https:\/\/effik.ch\/hcp\/fr\/gynecologie\/sante-vaginale\/ainara\/","url":"https:\/\/effik.ch\/hcp\/fr\/gynecologie\/sante-vaginale\/ainara\/","name":"Ainara - EFFIK HCP","isPartOf":{"@id":"https:\/\/effik.ch\/hcp\/fr\/#website"},"datePublished":"2024-03-21T04:47:56+00:00","dateModified":"2025-05-23T15:03:17+00:00","breadcrumb":{"@id":"https:\/\/effik.ch\/hcp\/fr\/gynecologie\/sante-vaginale\/ainara\/#breadcrumb"},"inLanguage":"fr-FR","potentialAction":[{"@type":"ReadAction","target":["https:\/\/effik.ch\/hcp\/fr\/gynecologie\/sante-vaginale\/ainara\/"]}]},{"@type":"BreadcrumbList","@id":"https:\/\/effik.ch\/hcp\/fr\/gynecologie\/sante-vaginale\/ainara\/#breadcrumb","itemListElement":[{"@type":"ListItem","position":1,"name":"Home","item":"https:\/\/effik.ch\/hcp\/fr\/"},{"@type":"ListItem","position":2,"name":"Gyn\u00e9cologie","item":"https:\/\/effik.ch\/hcp\/fr\/gynecologie\/"},{"@type":"ListItem","position":3,"name":"Sant\u00e9 vaginale","item":"https:\/\/effik.ch\/hcp\/fr\/gynecologie\/sante-vaginale\/"},{"@type":"ListItem","position":4,"name":"Ainara"}]},{"@type":"WebSite","@id":"https:\/\/effik.ch\/hcp\/fr\/#website","url":"https:\/\/effik.ch\/hcp\/fr\/","name":"EFFIK HCP","description":"","potentialAction":[{"@type":"SearchAction","target":{"@type":"EntryPoint","urlTemplate":"https:\/\/effik.ch\/hcp\/fr\/?s={search_term_string}"},"query-input":{"@type":"PropertyValueSpecification","valueRequired":true,"valueName":"search_term_string"}}],"inLanguage":"fr-FR"}]}},"_links":{"self":[{"href":"https:\/\/effik.ch\/hcp\/fr\/wp-json\/wp\/v2\/pages\/873","targetHints":{"allow":["GET"]}}],"collection":[{"href":"https:\/\/effik.ch\/hcp\/fr\/wp-json\/wp\/v2\/pages"}],"about":[{"href":"https:\/\/effik.ch\/hcp\/fr\/wp-json\/wp\/v2\/types\/page"}],"author":[{"embeddable":true,"href":"https:\/\/effik.ch\/hcp\/fr\/wp-json\/wp\/v2\/users\/1"}],"replies":[{"embeddable":true,"href":"https:\/\/effik.ch\/hcp\/fr\/wp-json\/wp\/v2\/comments?post=873"}],"version-history":[{"count":16,"href":"https:\/\/effik.ch\/hcp\/fr\/wp-json\/wp\/v2\/pages\/873\/revisions"}],"predecessor-version":[{"id":1443,"href":"https:\/\/effik.ch\/hcp\/fr\/wp-json\/wp\/v2\/pages\/873\/revisions\/1443"}],"up":[{"embeddable":true,"href":"https:\/\/effik.ch\/hcp\/fr\/wp-json\/wp\/v2\/pages\/870"}],"wp:attachment":[{"href":"https:\/\/effik.ch\/hcp\/fr\/wp-json\/wp\/v2\/media?parent=873"}],"curies":[{"name":"wp","href":"https:\/\/api.w.org\/{rel}","templated":true}]}}