{"id":896,"date":"2024-03-21T06:18:23","date_gmt":"2024-03-21T04:18:23","guid":{"rendered":"https:\/\/effik.ch\/hcp\/gynecologie\/sante-vaginale\/ungleichgewicht-der-vaginalflora\/"},"modified":"2025-06-19T16:33:29","modified_gmt":"2025-06-19T14:33:29","slug":"geliofil","status":"publish","type":"page","link":"https:\/\/effik.ch\/hcp\/fr\/gynecologie\/sante-vaginale\/geliofil\/","title":{"rendered":"Geliofil"},"content":{"rendered":"<div id=\"block_f4c12018b27b16f5b4474414eaabdfe6\" class=\"hero-block alignfull\" style=\"background-image: url(https:\/\/effik.ch\/hcp\/wp-content\/uploads\/sites\/2\/2024\/03\/vaginal-health-1.jpg)\">\n\t<div class=\"wrap\">\n\t\t\t\t<h1 class=\"entry-title\">Geliofil<sup>\u00ae<\/sup> Protect<\/h1>\n\t\t\t<\/div>\n<\/div>\n\n\n<div id=\"block_442a4cbfc8804beb4d7c365675b31f96\" class=\"secondary-menu-block alignfull\" style=\"\">\n<ul class=\"secondary-menu-container\">\n\t\t\t<li class=\"secondary-menu-item\">\n\t\t\t<a class=\"secondary-menu-item__content\" href=\"#geliofil-protect\">Geliofil<sup>\u00ae<\/sup> Protect<\/a>\n\t\t<\/li>\n\t\t\t\t<li class=\"secondary-menu-item\">\n\t\t\t<a class=\"secondary-menu-item__content\" href=\"#notice\">Notice d&rsquo;utilisation<\/a>\n\t\t<\/li>\n\t\t\t<\/ul>\n\t<\/div>\n\n\n<div id=\"geliofil-protect\" class=\"inner-hero-block spaced-p padding-36 border-0 mbl-border-0 product-section alignfull hero-mbl-column\" style=\"background-image: url(https:\/\/effik.ch\/hcp\/wp-content\/uploads\/sites\/2\/2024\/03\/geliofil-bg-1.svg)\">\n<div class=\"anchor-div\"><\/div>\n\n\t\t\t<div class=\"inner-hero-bg-mbl\" style=\"background-image: url(https:\/\/effik.ch\/hcp\/wp-content\/uploads\/sites\/2\/2024\/03\/geliofil-bg-1.svg); aspect-ratio:393\/200; min-height:200px;\">\n\t<div class=\"img-container\"><img loading=\"lazy\" decoding=\"async\" width=\"417\" height=\"379\" src=\"https:\/\/effik.ch\/hcp\/wp-content\/uploads\/sites\/2\/2024\/06\/Geliofil.png\" class=\"attachment-large size-large\" alt=\"\" srcset=\"https:\/\/effik.ch\/hcp\/wp-content\/uploads\/sites\/2\/2024\/06\/Geliofil.png 417w, https:\/\/effik.ch\/hcp\/wp-content\/uploads\/sites\/2\/2024\/06\/Geliofil-300x273.png 300w\" sizes=\"auto, (max-width: 417px) 100vw, 417px\" \/><\/div>\n\t\t\t\t\t<\/div>\n\t<div class=\"wrap\" style=\"flex-direction: row-reverse;\">\n\t\t<div class=\"img-container\" style=\"justify-content: flex-end; max-height: 350px; width: calc(100% - 460px);\"><img loading=\"lazy\" decoding=\"async\" width=\"417\" height=\"379\" src=\"https:\/\/effik.ch\/hcp\/wp-content\/uploads\/sites\/2\/2024\/06\/Geliofil.png\" class=\"attachment-large size-large\" alt=\"\" srcset=\"https:\/\/effik.ch\/hcp\/wp-content\/uploads\/sites\/2\/2024\/06\/Geliofil.png 417w, https:\/\/effik.ch\/hcp\/wp-content\/uploads\/sites\/2\/2024\/06\/Geliofil-300x273.png 300w\" sizes=\"auto, (max-width: 417px) 100vw, 417px\" \/><\/div>\n\t\t\t<div class=\"content-container\" style=\"text-align: left;\">\n\t\t\t\t\t\t\t\t\t<div class=\"section-content font-small\" style=\"max-width: 460px; align-self: flex-start;\"><p>&nbsp;<\/p>\n<p><strong>Geliofil<sup>\u00ae<\/sup> Protect<\/strong> r\u00e9tablit et pr\u00e9serve l&rsquo;\u00e9quilibre naturel du pH dans le vagin.<\/p>\n<\/div>\n\t\t\t\t\t\t\t\t<\/div>\n\t<\/div>\n<\/div>\n<style>\n\t.inner-hero-block {\n\t\t@media (min-width: 768px) {\n\t\taspect-ratio:  \/ 350; \n\t\tmin-height: 350px;\n\t\t}\n\t}\n<\/style>\n\n\n<div id=\"block_992359a3c85eb42627f6fee2d5dc6cd8\" class=\"hero-text-block body_16_regular border-wrapped mbl-wrapped-0 alignfull\" style=\"\">\n\t<div class=\"wrap\">\n\t\t\t\t\t\t\t<div class=\"hero-text\"><p><strong>Geliofil<sup>\u00ae<\/sup> Protect<\/strong> est un gel vaginal contenant du glycog\u00e8ne et de l&rsquo;acide lactique.<\/p>\n<p><strong>Geliofil<sup>\u00ae<\/sup> Protect<\/strong> cr\u00e9e une barri\u00e8re filmog\u00e8ne sur la muqueuse vaginale, cette barri\u00e8re adh\u00e8re et forme une couche protectrice. Il agit en limitant l&rsquo;adh\u00e9rence des bact\u00e9ries et micro-organismes nocifs \u00e0 la muqueuse et en cr\u00e9ant un environnement vaginal d\u00e9favorable pour eux.<\/p>\n<p><strong>Geliofil<sup>\u00ae<\/sup> Protect<\/strong> contient de l\u2019acide lactique qui neutralise efficacement les odeurs et r\u00e9tablit le pH physiologique du vagin. Lorsque le pH est normal et que les nutriments sont suffisants, les bact\u00e9ries lactiques protectrices se d\u00e9veloppent et l\u2019\u00e9quilibre vaginal naturel est r\u00e9tabli, ce qui permet de soulager les pertes anormales et l\u2019inconfort et d\u2019\u00e9viter l\u2019apparition d\u2019odeurs d\u00e9sagr\u00e9ables.<\/p>\n<\/div>\n\t\t\t<\/div>\n<\/div>\n\n\n<div id=\"block_2a2a4f2693d75ce385ea6ffb55fc9bb8\" class=\"product-content-block alignfull\" style=\"\">\n\t<div class=\"wrap\">\n\t\t<div class=\"product-left-content\">\n\t\t\t\t\t\t<h2 class=\"plc-title\">Quand utiliser Geliofil<sup>\u00ae<\/sup> Protect ?<\/h2>\n\t\t\t\t\t\t\t\t<\/div>\n\t\t<div class=\"product-right-content\">\n\t\t\t<p><strong>Geliofil<sup>\u00ae<\/sup> Protect <\/strong>neutralise les mauvaises odeurs, r\u00e9tablit le pH physiologique, soulage l\u2019inconfort vaginal, dont la vaginose bact\u00e9rienne ferait partie et restaure la flore vaginale li\u00e9e aux troubles vaginaux.<\/p>\n\t\t<\/div>\n\t<\/div>\n<\/div>\n\n\n<div id=\"anwendung\" class=\"product-content-block alignfull\" style=\"\">\n\t<div class=\"wrap\">\n\t\t<div class=\"product-left-content\">\n\t\t\t\t\t\t<h2 class=\"plc-title\">Comment utiliser le Geliofil<sup>\u00ae<\/sup> Protect ?\r\n<\/h2>\n\t\t\t\t\t\t\t\t<\/div>\n\t\t<div class=\"product-right-content\">\n\t\t\t<p><strong>Geliofil<sup>\u00ae<\/sup> Protect <\/strong>est un gel mucoadh\u00e9sif pour l\u2019administration par voie intravaginale. Chaque tube contient un applicateur correspondant \u00e0 une dose unique.<\/p>\n<p><b>Le traitement consiste <\/b>\u00e0 utiliser 1 applicateur par jour pendant 7 jours avant le coucher.<\/p>\n<p><b>Pour l\u2019entretien, <\/b>Geliofil<sup>\u00ae<\/sup> Protect peut \u00eatre utilis\u00e9 en cas de r\u00e9apparition des sympt\u00f4mes, afin de r\u00e9tablir le pH normal et la flore vaginale. Dans ce cas, le traitement doit \u00eatre r\u00e9p\u00e9t\u00e9 en utilisant un applicateur par jour pendant 7 jours.<\/p>\n<p><b>Geliofil<sup>\u00ae<\/sup>\u00a0Protect peut \u00eatre utilis\u00e9 pendant la grossesse.<\/b><\/p>\n<p><b>Pr\u00e9sentation<\/b>\u00a0:<\/p>\n<p>7 tubes applicateurs unidoses (5ml)<\/p>\n\t\t<\/div>\n\t<\/div>\n<\/div>\n\n\n<div id=\"notice\" class=\"product-content-block alignfull\" style=\"\">\n\t<div class=\"wrap\">\n\t\t<div class=\"product-left-content\">\n\t\t\t\t\t\t<h2 class=\"plc-title\">Geliofil<sup>\u00ae<\/sup> Protect est facile \u00e0 utiliser<\/h2>\n\t\t\t\t\t\t\t\t<\/div>\n\t\t<div class=\"product-right-content\">\n\t\t\t<p><strong>Geliofil<sup>\u00ae<\/sup> Protect<\/strong> peut provoquer des picotements en cas d\u2019infections fongiques en cours (par exemple, une candidose) ou en raison de fissures dans la muqueuse vaginale. Cette sensation dispara\u00eet rapidement.<\/p>\n<p><a href=\"https:\/\/effik.ch\/hcp\/wp-content\/uploads\/sites\/2\/2025\/05\/Geliofil_Protect_Leaflet.pdf\" target=\"_blank\" rel=\"noopener\"><strong>VOUS POUVEZ T\u00c9L\u00c9CHARGER ICI LA NOTICE D&rsquo;EMBALLAGE (DISPOSITIF M\u00c9DICAL : CLASSE IIA)<\/strong><\/a><\/p>\n\t\t<\/div>\n\t<\/div>\n<\/div>\n\n\n\n<div style=\"height:80px\" aria-hidden=\"true\" class=\"wp-block-spacer\"><\/div>\n\n\n\n<p><\/p>\n","protected":false},"excerpt":{"rendered":"","protected":false},"author":1,"featured_media":0,"parent":870,"menu_order":3,"comment_status":"closed","ping_status":"closed","template":"","meta":{"_acf_changed":false,"footnotes":""},"class_list":{"2":"type-page","4":"hentry"},"acf":[],"yoast_head":"<!-- This site is optimized with the Yoast SEO plugin v25.1 - https:\/\/yoast.com\/wordpress\/plugins\/seo\/ -->\n<title>Geliofil - EFFIK HCP<\/title>\n<meta name=\"robots\" content=\"index, follow, max-snippet:-1, max-image-preview:large, max-video-preview:-1\" \/>\n<link rel=\"canonical\" href=\"https:\/\/effik.ch\/hcp\/fr\/gynecologie\/sante-vaginale\/geliofil\/\" \/>\n<meta property=\"og:locale\" content=\"fr_FR\" \/>\n<meta property=\"og:type\" content=\"article\" \/>\n<meta property=\"og:title\" content=\"Geliofil - EFFIK HCP\" \/>\n<meta property=\"og:url\" content=\"https:\/\/effik.ch\/hcp\/fr\/gynecologie\/sante-vaginale\/geliofil\/\" \/>\n<meta property=\"og:site_name\" content=\"EFFIK HCP\" \/>\n<meta property=\"article:modified_time\" content=\"2025-06-19T14:33:29+00:00\" \/>\n<meta name=\"twitter:card\" content=\"summary_large_image\" \/>\n<script type=\"application\/ld+json\" class=\"yoast-schema-graph\">{\"@context\":\"https:\/\/schema.org\",\"@graph\":[{\"@type\":\"WebPage\",\"@id\":\"https:\/\/effik.ch\/hcp\/fr\/gynecologie\/sante-vaginale\/geliofil\/\",\"url\":\"https:\/\/effik.ch\/hcp\/fr\/gynecologie\/sante-vaginale\/geliofil\/\",\"name\":\"Geliofil - EFFIK HCP\",\"isPartOf\":{\"@id\":\"https:\/\/effik.ch\/hcp\/fr\/#website\"},\"datePublished\":\"2024-03-21T04:18:23+00:00\",\"dateModified\":\"2025-06-19T14:33:29+00:00\",\"breadcrumb\":{\"@id\":\"https:\/\/effik.ch\/hcp\/fr\/gynecologie\/sante-vaginale\/geliofil\/#breadcrumb\"},\"inLanguage\":\"fr-FR\",\"potentialAction\":[{\"@type\":\"ReadAction\",\"target\":[\"https:\/\/effik.ch\/hcp\/fr\/gynecologie\/sante-vaginale\/geliofil\/\"]}]},{\"@type\":\"BreadcrumbList\",\"@id\":\"https:\/\/effik.ch\/hcp\/fr\/gynecologie\/sante-vaginale\/geliofil\/#breadcrumb\",\"itemListElement\":[{\"@type\":\"ListItem\",\"position\":1,\"name\":\"Home\",\"item\":\"https:\/\/effik.ch\/hcp\/fr\/\"},{\"@type\":\"ListItem\",\"position\":2,\"name\":\"Gyn\u00e9cologie\",\"item\":\"https:\/\/effik.ch\/hcp\/fr\/gynecologie\/\"},{\"@type\":\"ListItem\",\"position\":3,\"name\":\"Sant\u00e9 vaginale\",\"item\":\"https:\/\/effik.ch\/hcp\/fr\/gynecologie\/sante-vaginale\/\"},{\"@type\":\"ListItem\",\"position\":4,\"name\":\"Geliofil\"}]},{\"@type\":\"WebSite\",\"@id\":\"https:\/\/effik.ch\/hcp\/fr\/#website\",\"url\":\"https:\/\/effik.ch\/hcp\/fr\/\",\"name\":\"EFFIK HCP\",\"description\":\"\",\"potentialAction\":[{\"@type\":\"SearchAction\",\"target\":{\"@type\":\"EntryPoint\",\"urlTemplate\":\"https:\/\/effik.ch\/hcp\/fr\/?s={search_term_string}\"},\"query-input\":{\"@type\":\"PropertyValueSpecification\",\"valueRequired\":true,\"valueName\":\"search_term_string\"}}],\"inLanguage\":\"fr-FR\"}]}<\/script>\n<!-- \/ Yoast SEO plugin. -->","yoast_head_json":{"title":"Geliofil - EFFIK HCP","robots":{"index":"index","follow":"follow","max-snippet":"max-snippet:-1","max-image-preview":"max-image-preview:large","max-video-preview":"max-video-preview:-1"},"canonical":"https:\/\/effik.ch\/hcp\/fr\/gynecologie\/sante-vaginale\/geliofil\/","og_locale":"fr_FR","og_type":"article","og_title":"Geliofil - EFFIK HCP","og_url":"https:\/\/effik.ch\/hcp\/fr\/gynecologie\/sante-vaginale\/geliofil\/","og_site_name":"EFFIK HCP","article_modified_time":"2025-06-19T14:33:29+00:00","twitter_card":"summary_large_image","schema":{"@context":"https:\/\/schema.org","@graph":[{"@type":"WebPage","@id":"https:\/\/effik.ch\/hcp\/fr\/gynecologie\/sante-vaginale\/geliofil\/","url":"https:\/\/effik.ch\/hcp\/fr\/gynecologie\/sante-vaginale\/geliofil\/","name":"Geliofil - EFFIK HCP","isPartOf":{"@id":"https:\/\/effik.ch\/hcp\/fr\/#website"},"datePublished":"2024-03-21T04:18:23+00:00","dateModified":"2025-06-19T14:33:29+00:00","breadcrumb":{"@id":"https:\/\/effik.ch\/hcp\/fr\/gynecologie\/sante-vaginale\/geliofil\/#breadcrumb"},"inLanguage":"fr-FR","potentialAction":[{"@type":"ReadAction","target":["https:\/\/effik.ch\/hcp\/fr\/gynecologie\/sante-vaginale\/geliofil\/"]}]},{"@type":"BreadcrumbList","@id":"https:\/\/effik.ch\/hcp\/fr\/gynecologie\/sante-vaginale\/geliofil\/#breadcrumb","itemListElement":[{"@type":"ListItem","position":1,"name":"Home","item":"https:\/\/effik.ch\/hcp\/fr\/"},{"@type":"ListItem","position":2,"name":"Gyn\u00e9cologie","item":"https:\/\/effik.ch\/hcp\/fr\/gynecologie\/"},{"@type":"ListItem","position":3,"name":"Sant\u00e9 vaginale","item":"https:\/\/effik.ch\/hcp\/fr\/gynecologie\/sante-vaginale\/"},{"@type":"ListItem","position":4,"name":"Geliofil"}]},{"@type":"WebSite","@id":"https:\/\/effik.ch\/hcp\/fr\/#website","url":"https:\/\/effik.ch\/hcp\/fr\/","name":"EFFIK HCP","description":"","potentialAction":[{"@type":"SearchAction","target":{"@type":"EntryPoint","urlTemplate":"https:\/\/effik.ch\/hcp\/fr\/?s={search_term_string}"},"query-input":{"@type":"PropertyValueSpecification","valueRequired":true,"valueName":"search_term_string"}}],"inLanguage":"fr-FR"}]}},"_links":{"self":[{"href":"https:\/\/effik.ch\/hcp\/fr\/wp-json\/wp\/v2\/pages\/896","targetHints":{"allow":["GET"]}}],"collection":[{"href":"https:\/\/effik.ch\/hcp\/fr\/wp-json\/wp\/v2\/pages"}],"about":[{"href":"https:\/\/effik.ch\/hcp\/fr\/wp-json\/wp\/v2\/types\/page"}],"author":[{"embeddable":true,"href":"https:\/\/effik.ch\/hcp\/fr\/wp-json\/wp\/v2\/users\/1"}],"replies":[{"embeddable":true,"href":"https:\/\/effik.ch\/hcp\/fr\/wp-json\/wp\/v2\/comments?post=896"}],"version-history":[{"count":15,"href":"https:\/\/effik.ch\/hcp\/fr\/wp-json\/wp\/v2\/pages\/896\/revisions"}],"predecessor-version":[{"id":2255,"href":"https:\/\/effik.ch\/hcp\/fr\/wp-json\/wp\/v2\/pages\/896\/revisions\/2255"}],"up":[{"embeddable":true,"href":"https:\/\/effik.ch\/hcp\/fr\/wp-json\/wp\/v2\/pages\/870"}],"wp:attachment":[{"href":"https:\/\/effik.ch\/hcp\/fr\/wp-json\/wp\/v2\/media?parent=896"}],"curies":[{"name":"wp","href":"https:\/\/api.w.org\/{rel}","templated":true}]}}