{"id":905,"date":"2024-03-14T19:08:42","date_gmt":"2024-03-14T17:08:42","guid":{"rendered":"https:\/\/effik.ch\/hcp\/neurologie\/"},"modified":"2024-05-11T15:28:48","modified_gmt":"2024-05-11T13:28:48","slug":"neurologie","status":"publish","type":"page","link":"https:\/\/effik.ch\/hcp\/fr\/neurologie\/","title":{"rendered":"Neurologie"},"content":{"rendered":"<div id=\"block_cea90954e30cd7d9b4e31290d61f8c41\" class=\"hero-block alignfull\" style=\"background-image: url(https:\/\/effik.ch\/hcp\/wp-content\/uploads\/sites\/2\/2024\/03\/neuro-hero-bg.jpg)\">\n\t<div class=\"wrap\">\n\t\t<img loading=\"lazy\" decoding=\"async\" width=\"100\" height=\"100\" src=\"https:\/\/effik.ch\/hcp\/wp-content\/uploads\/sites\/2\/2024\/03\/neuro-icon.svg\" class=\"hero-icon \" alt=\"\" \/>\t\t<h1 class=\"entry-title\">Neurologie<\/h1>\n\t\t\t<\/div>\n<\/div>\n\n\n<div id=\"block_8385f754906da3ba53ef08b71f69aee4\" class=\"hero-text-block mbl-border-0 alignfull\" style=\"\">\n\t<div class=\"wrap\">\n\t\t\t\t\t\t\t<div class=\"hero-text\"><p>La neurologie s\u2019attache \u00e0 la compr\u00e9hension et au traitement des maladies li\u00e9es au syst\u00e8me nerveux.<\/p>\n<p>Dans ce domaine, les maladies neurod\u00e9g\u00e9n\u00e9ratives telles que la maladie d&rsquo;Alzheimer, la maladie de Parkinson et la scl\u00e9rose lat\u00e9rale amyotrophique (SLA) constituent l&rsquo;un des principaux d\u00e9fis. Ces maladies se caract\u00e9risent par une perte continue de cellules nerveuses (neurod\u00e9g\u00e9n\u00e9rescence), conduisant \u00e0 des sympt\u00f4mes graves.<\/p>\n<p>Bien qu&rsquo;il n&rsquo;y ait actuellement aucun rem\u00e8de pour ces maladies, les neurologues ont \u00e0 leur disposition diverses strat\u00e9gies pour ralentir l&rsquo;\u00e9volution de la maladie ou traiter les sympt\u00f4mes. Pour choisir la meilleure option th\u00e9rapeutique possible, un dialogue ouvert et des soins centr\u00e9s sur le patient, tenant compte de ses besoins individuels, sont essentiels.<\/p>\n<\/div>\n\t\t\t<\/div>\n<\/div>\n\n\n<div id=\"block_7f468e2fa5db2737f08ba11f94cd694a\" class=\"inner-hero-block mbl-big-bg-left alignfull hero-mbl-column\" style=\"background-image: url(https:\/\/effik.ch\/hcp\/wp-content\/uploads\/sites\/2\/2024\/03\/neuro-section1.jpg)\">\n<div class=\"anchor-div\"><\/div>\n\n\t\t\t\t<div class=\"inner-hero-bg-mbl\" style=\"background-image: url(https:\/\/effik.ch\/hcp\/wp-content\/uploads\/sites\/2\/2024\/03\/neuro-section1.jpg)\">\n\n\t\t\t\t\t\t<\/div>\n\t<div class=\"wrap\" style=\"flex-direction: row;\">\n\t\t<div class=\"content-container\" style=\"text-align: right;\">\n\t\t\t\t\t\t<h2 class=\"section-title\">Scl\u00e9rose lat\u00e9rale <br \/>\r\namyotrophique<\/h2>\n\t\t\t\t\t\t\t\t\t<div class=\"section-content font-medium\" style=\"max-width: 473px; align-self: flex-end;\"><p>La scl\u00e9rose lat\u00e9rale amyotrophique (SLA) est une maladie neurod\u00e9g\u00e9n\u00e9rative progressive dans laquelle les cellules nerveuses responsables du contr\u00f4le des muscles et donc des mouvements sont endommag\u00e9es.<\/p>\n<\/div>\n\t\t\t\t\t\t\t\t\t\t<a class=\"blue-button\" style=\"align-self: flex-end;\" href=\"https:\/\/effik.ch\/hcp\/fr\/neurologie\/sclerose-laterale-amyotrophique\/\" target=\"_self\">En savoir plus<\/a>\n\t\t\t\t\t<\/div>\n\t<\/div>\n<\/div>\n<style>\n\t.inner-hero-block {\n\t\t@media (min-width: 768px) {\n\t\taspect-ratio: 1440 \/ 499; \n\t\tmin-height: 499px;\n\t\t}\n\t}\n<\/style>\n","protected":false},"excerpt":{"rendered":"","protected":false},"author":1,"featured_media":0,"parent":0,"menu_order":0,"comment_status":"closed","ping_status":"closed","template":"","meta":{"_acf_changed":false,"footnotes":""},"class_list":{"2":"type-page","4":"hentry"},"acf":[],"yoast_head":"<!-- This site is optimized with the Yoast SEO plugin v25.1 - https:\/\/yoast.com\/wordpress\/plugins\/seo\/ -->\n<title>Neurologie - EFFIK HCP<\/title>\n<meta name=\"robots\" content=\"index, follow, max-snippet:-1, max-image-preview:large, max-video-preview:-1\" \/>\n<link rel=\"canonical\" href=\"https:\/\/effik.ch\/hcp\/fr\/neurologie\/\" \/>\n<meta property=\"og:locale\" content=\"fr_FR\" \/>\n<meta property=\"og:type\" content=\"article\" \/>\n<meta property=\"og:title\" content=\"Neurologie - EFFIK HCP\" \/>\n<meta property=\"og:url\" content=\"https:\/\/effik.ch\/hcp\/fr\/neurologie\/\" \/>\n<meta property=\"og:site_name\" content=\"EFFIK HCP\" \/>\n<meta property=\"article:modified_time\" content=\"2024-05-11T13:28:48+00:00\" \/>\n<meta name=\"twitter:card\" content=\"summary_large_image\" \/>\n<script type=\"application\/ld+json\" class=\"yoast-schema-graph\">{\"@context\":\"https:\/\/schema.org\",\"@graph\":[{\"@type\":\"WebPage\",\"@id\":\"https:\/\/effik.ch\/hcp\/fr\/neurologie\/\",\"url\":\"https:\/\/effik.ch\/hcp\/fr\/neurologie\/\",\"name\":\"Neurologie - EFFIK HCP\",\"isPartOf\":{\"@id\":\"https:\/\/effik.ch\/hcp\/fr\/#website\"},\"datePublished\":\"2024-03-14T17:08:42+00:00\",\"dateModified\":\"2024-05-11T13:28:48+00:00\",\"breadcrumb\":{\"@id\":\"https:\/\/effik.ch\/hcp\/fr\/neurologie\/#breadcrumb\"},\"inLanguage\":\"fr-FR\",\"potentialAction\":[{\"@type\":\"ReadAction\",\"target\":[\"https:\/\/effik.ch\/hcp\/fr\/neurologie\/\"]}]},{\"@type\":\"BreadcrumbList\",\"@id\":\"https:\/\/effik.ch\/hcp\/fr\/neurologie\/#breadcrumb\",\"itemListElement\":[{\"@type\":\"ListItem\",\"position\":1,\"name\":\"Home\",\"item\":\"https:\/\/effik.ch\/hcp\/fr\/\"},{\"@type\":\"ListItem\",\"position\":2,\"name\":\"Neurologie\"}]},{\"@type\":\"WebSite\",\"@id\":\"https:\/\/effik.ch\/hcp\/fr\/#website\",\"url\":\"https:\/\/effik.ch\/hcp\/fr\/\",\"name\":\"EFFIK HCP\",\"description\":\"\",\"potentialAction\":[{\"@type\":\"SearchAction\",\"target\":{\"@type\":\"EntryPoint\",\"urlTemplate\":\"https:\/\/effik.ch\/hcp\/fr\/?s={search_term_string}\"},\"query-input\":{\"@type\":\"PropertyValueSpecification\",\"valueRequired\":true,\"valueName\":\"search_term_string\"}}],\"inLanguage\":\"fr-FR\"}]}<\/script>\n<!-- \/ Yoast SEO plugin. -->","yoast_head_json":{"title":"Neurologie - EFFIK HCP","robots":{"index":"index","follow":"follow","max-snippet":"max-snippet:-1","max-image-preview":"max-image-preview:large","max-video-preview":"max-video-preview:-1"},"canonical":"https:\/\/effik.ch\/hcp\/fr\/neurologie\/","og_locale":"fr_FR","og_type":"article","og_title":"Neurologie - EFFIK HCP","og_url":"https:\/\/effik.ch\/hcp\/fr\/neurologie\/","og_site_name":"EFFIK HCP","article_modified_time":"2024-05-11T13:28:48+00:00","twitter_card":"summary_large_image","schema":{"@context":"https:\/\/schema.org","@graph":[{"@type":"WebPage","@id":"https:\/\/effik.ch\/hcp\/fr\/neurologie\/","url":"https:\/\/effik.ch\/hcp\/fr\/neurologie\/","name":"Neurologie - EFFIK HCP","isPartOf":{"@id":"https:\/\/effik.ch\/hcp\/fr\/#website"},"datePublished":"2024-03-14T17:08:42+00:00","dateModified":"2024-05-11T13:28:48+00:00","breadcrumb":{"@id":"https:\/\/effik.ch\/hcp\/fr\/neurologie\/#breadcrumb"},"inLanguage":"fr-FR","potentialAction":[{"@type":"ReadAction","target":["https:\/\/effik.ch\/hcp\/fr\/neurologie\/"]}]},{"@type":"BreadcrumbList","@id":"https:\/\/effik.ch\/hcp\/fr\/neurologie\/#breadcrumb","itemListElement":[{"@type":"ListItem","position":1,"name":"Home","item":"https:\/\/effik.ch\/hcp\/fr\/"},{"@type":"ListItem","position":2,"name":"Neurologie"}]},{"@type":"WebSite","@id":"https:\/\/effik.ch\/hcp\/fr\/#website","url":"https:\/\/effik.ch\/hcp\/fr\/","name":"EFFIK HCP","description":"","potentialAction":[{"@type":"SearchAction","target":{"@type":"EntryPoint","urlTemplate":"https:\/\/effik.ch\/hcp\/fr\/?s={search_term_string}"},"query-input":{"@type":"PropertyValueSpecification","valueRequired":true,"valueName":"search_term_string"}}],"inLanguage":"fr-FR"}]}},"_links":{"self":[{"href":"https:\/\/effik.ch\/hcp\/fr\/wp-json\/wp\/v2\/pages\/905","targetHints":{"allow":["GET"]}}],"collection":[{"href":"https:\/\/effik.ch\/hcp\/fr\/wp-json\/wp\/v2\/pages"}],"about":[{"href":"https:\/\/effik.ch\/hcp\/fr\/wp-json\/wp\/v2\/types\/page"}],"author":[{"embeddable":true,"href":"https:\/\/effik.ch\/hcp\/fr\/wp-json\/wp\/v2\/users\/1"}],"replies":[{"embeddable":true,"href":"https:\/\/effik.ch\/hcp\/fr\/wp-json\/wp\/v2\/comments?post=905"}],"version-history":[{"count":3,"href":"https:\/\/effik.ch\/hcp\/fr\/wp-json\/wp\/v2\/pages\/905\/revisions"}],"predecessor-version":[{"id":990,"href":"https:\/\/effik.ch\/hcp\/fr\/wp-json\/wp\/v2\/pages\/905\/revisions\/990"}],"wp:attachment":[{"href":"https:\/\/effik.ch\/hcp\/fr\/wp-json\/wp\/v2\/media?parent=905"}],"curies":[{"name":"wp","href":"https:\/\/api.w.org\/{rel}","templated":true}]}}