{"id":940,"date":"2024-03-26T18:20:10","date_gmt":"2024-03-26T16:20:10","guid":{"rendered":"https:\/\/effik.ch\/hcp\/kontakt\/"},"modified":"2025-11-11T17:05:39","modified_gmt":"2025-11-11T15:05:39","slug":"contact","status":"publish","type":"page","link":"https:\/\/effik.ch\/hcp\/fr\/contact\/","title":{"rendered":"Contact et demandes"},"content":{"rendered":"<div id=\"block_5251bfa7a872d55750efcdcaf6de8128\" class=\"hero-block alignfull\" style=\"background-image: url(https:\/\/effik.ch\/hcp\/wp-content\/uploads\/sites\/2\/2024\/03\/uber-uns.jpg)\">\n\t<div class=\"wrap\">\n\t\t\t\t<h1 class=\"entry-title\">Contact et demandes<\/h1>\n\t\t\t<\/div>\n<\/div>\n\n\n\n<p class=\"padding-top-80 contact-text padding-bottom-60\">Pour signaler un \u00e9v\u00e8nement sanitaire ind\u00e9sirable suspect\u00e9 d\u2019\u00eatre d\u00fb \u00e0 un m\u00e9dicament, un dispositif m\u00e9dical ou un compl\u00e9ment alimentaire commercialis\u00e9 par EFFIK, vous pouvez nous joindre par t\u00e9l\u00e9phone au +41 22 994 39 39 ou par email : <a href=\"mailto:pharmacovigilance@effik.ch\">pharmacovigilance@effik.ch<\/a>.<\/p>\n\n\n<style id=\"wpforms-css-vars-root\">\n\t\t\t\t:root {\n\t\t\t\t\t--wpforms-field-border-radius: 3px;\n--wpforms-field-background-color: #ffffff;\n--wpforms-field-border-color: rgba( 0, 0, 0, 0.25 );\n--wpforms-field-text-color: rgba( 0, 0, 0, 0.7 );\n--wpforms-label-color: rgba( 0, 0, 0, 0.85 );\n--wpforms-label-sublabel-color: rgba( 0, 0, 0, 0.55 );\n--wpforms-label-error-color: #d63637;\n--wpforms-button-border-radius: 3px;\n--wpforms-button-background-color: #066aab;\n--wpforms-button-text-color: #ffffff;\n--wpforms-page-break-color: #066aab;\n--wpforms-field-size-input-height: 43px;\n--wpforms-field-size-input-spacing: 15px;\n--wpforms-field-size-font-size: 16px;\n--wpforms-field-size-line-height: 19px;\n--wpforms-field-size-padding-h: 14px;\n--wpforms-field-size-checkbox-size: 16px;\n--wpforms-field-size-sublabel-spacing: 5px;\n--wpforms-field-size-icon-size: 1;\n--wpforms-label-size-font-size: 16px;\n--wpforms-label-size-line-height: 19px;\n--wpforms-label-size-sublabel-font-size: 14px;\n--wpforms-label-size-sublabel-line-height: 17px;\n--wpforms-button-size-font-size: 17px;\n--wpforms-button-size-height: 41px;\n--wpforms-button-size-padding-h: 15px;\n--wpforms-button-size-margin-top: 10px;\n\n\t\t\t\t}\n\t\t\t<\/style><style id=\"wpforms-css-vars-947-block-b794c984-5f69-4e2a-9480-9cdfd84b30c3\">\n\t\t\t\t#wpforms-947.wpforms-block-b794c984-5f69-4e2a-9480-9cdfd84b30c3 {\n\t\t\t\t\t--wpforms-field-background-color: #FAFAFA;\n--wpforms-label-color: #05306F;\n--wpforms-button-background-color: #05306F;\n\n\t\t\t\t}\n\t\t\t<\/style><div class=\"wpforms-container wpforms-container-full wpforms-block wpforms-block-b794c984-5f69-4e2a-9480-9cdfd84b30c3 wpforms-render-modern\" id=\"wpforms-947\"><form id=\"wpforms-form-947\" class=\"wpforms-validate wpforms-form wpforms-ajax-form\" data-formid=\"947\" method=\"post\" enctype=\"multipart\/form-data\" action=\"\/hcp\/fr\/wp-json\/wp\/v2\/pages\/940\" data-token=\"6ae8784c03e4e7ecefbeb303c8bbd5bc\"><noscript class=\"wpforms-error-noscript\">Veuillez activer JavaScript dans votre navigateur pour remplir ce formulaire.<\/noscript><div class=\"wpforms-hidden\" id=\"wpforms-error-noscript\">Veuillez activer JavaScript dans votre navigateur pour remplir ce formulaire.<\/div><div class=\"wpforms-field-container\"><div id=\"wpforms-947-field_0-container\" class=\"wpforms-field wpforms-field-name wpforms-one-half wpforms-first\" data-field-id=\"0\"><label class=\"wpforms-field-label\" for=\"wpforms-947-field_0\">Pr\u00e9nom <span class=\"wpforms-required-label\" aria-hidden=\"true\">*<\/span><\/label><input type=\"text\" id=\"wpforms-947-field_0\" class=\"wpforms-field-large wpforms-field-required\" name=\"wpforms[fields][0]\" placeholder=\"Veuillez entrer votre pr\u00e9nom\" aria-errormessage=\"wpforms-947-field_0-error\" required><\/div><div id=\"wpforms-947-field_3-container\" class=\"wpforms-field wpforms-field-name wpforms-one-half\" data-field-id=\"3\"><label class=\"wpforms-field-label\" for=\"wpforms-947-field_3\">Nom <span class=\"wpforms-required-label\" aria-hidden=\"true\">*<\/span><\/label><input type=\"text\" id=\"wpforms-947-field_3\" class=\"wpforms-field-large wpforms-field-required\" name=\"wpforms[fields][3]\" placeholder=\"Veuillez entrer votre nom\" aria-errormessage=\"wpforms-947-field_3-error\" required><\/div><div id=\"wpforms-947-field_1-container\" class=\"wpforms-field wpforms-field-email wpforms-one-half wpforms-first\" data-field-id=\"1\"><label class=\"wpforms-field-label\" for=\"wpforms-947-field_1\">Adresse e-mail <span class=\"wpforms-required-label\" aria-hidden=\"true\">*<\/span><\/label><input type=\"email\" id=\"wpforms-947-field_1\" class=\"wpforms-field-large wpforms-field-required\" name=\"wpforms[fields][1]\" placeholder=\"Veuillez entrer votre adresse e-mail\" spellcheck=\"false\" aria-errormessage=\"wpforms-947-field_1-error\" required><\/div><div id=\"wpforms-947-field_4-container\" class=\"wpforms-field wpforms-field-text wpforms-one-half\" data-field-id=\"4\"><label class=\"wpforms-field-label\" for=\"wpforms-947-field_4\">T\u00e9l\u00e9phone (optionnel)<\/label><input type=\"text\" id=\"wpforms-947-field_4\" class=\"wpforms-field-large wpforms-limit-characters-enabled\" data-form-id=\"947\" data-field-id=\"4\" data-text-limit=\"20\" name=\"wpforms[fields][4]\" placeholder=\"Veuillez entrer votre num\u00e9ro de t\u00e9l\u00e9phone\" aria-errormessage=\"wpforms-947-field_4-error\" maxlength=\"20\" ><\/div><div id=\"wpforms-947-field_5-container\" class=\"wpforms-field wpforms-field-select wpforms-one-half wpforms-first wpforms-conditional-trigger wpforms-field-select-style-modern\" data-field-id=\"5\"><label class=\"wpforms-field-label\" for=\"wpforms-947-field_5\">Sujet<\/label><select id=\"wpforms-947-field_5\" class=\"wpforms-field-large choicesjs-select\" data-size-class=\"wpforms-field-row wpforms-field-large\" data-search-enabled=\"\" name=\"wpforms[fields][5]\"><option value=\"\" class=\"placeholder\" disabled  selected='selected'>Veuillez entrer le sujet<\/option><option value=\"Votre avis nous interesse\" >Votre avis nous interesse<\/option><option value=\"Demande d&#039;informations\" >Demande d&#039;informations<\/option><option value=\"Demande d&#039;\u00e9chantillon\" >Demande d&#039;\u00e9chantillon<\/option><\/select><\/div><div id=\"wpforms-947-field_7-container\" class=\"wpforms-field wpforms-field-checkbox wpforms-one-half wpforms-first wpforms-list-2-columns wpforms-conditional-field wpforms-conditional-show\" data-field-id=\"7\" style=\"display:none;\"><fieldset><legend class=\"wpforms-field-label\">Veuillez choisir le(s) produit(s) souhait\u00e9(s) <span class=\"wpforms-required-label\" aria-hidden=\"true\">*<\/span><\/legend><ul id=\"wpforms-947-field_7\" class=\"wpforms-field-required\"><li class=\"choice-1 depth-1\"><input type=\"checkbox\" id=\"wpforms-947-field_7_1\" name=\"wpforms[fields][7][]\" value=\"Pre Natalben\u00ae\" aria-errormessage=\"wpforms-947-field_7_1-error\" required ><label class=\"wpforms-field-label-inline\" for=\"wpforms-947-field_7_1\">Pre Natalben\u00ae<\/label><\/li><li class=\"choice-5 depth-1\"><input type=\"checkbox\" id=\"wpforms-947-field_7_5\" name=\"wpforms[fields][7][]\" value=\"Natalben\u00ae Plus\" aria-errormessage=\"wpforms-947-field_7_5-error\" required ><label class=\"wpforms-field-label-inline\" for=\"wpforms-947-field_7_5\">Natalben\u00ae Plus<\/label><\/li><li class=\"choice-2 depth-1\"><input type=\"checkbox\" id=\"wpforms-947-field_7_2\" name=\"wpforms[fields][7][]\" value=\"Natalben\u00ae Oro\" aria-errormessage=\"wpforms-947-field_7_2-error\" required ><label class=\"wpforms-field-label-inline\" for=\"wpforms-947-field_7_2\">Natalben\u00ae Oro<\/label><\/li><li class=\"choice-6 depth-1\"><input type=\"checkbox\" id=\"wpforms-947-field_7_6\" name=\"wpforms[fields][7][]\" value=\"Natalben\u00ae Mama\" aria-errormessage=\"wpforms-947-field_7_6-error\" required ><label class=\"wpforms-field-label-inline\" for=\"wpforms-947-field_7_6\">Natalben\u00ae Mama<\/label><\/li><li class=\"choice-3 depth-1\"><input type=\"checkbox\" id=\"wpforms-947-field_7_3\" name=\"wpforms[fields][7][]\" value=\"Ainara\u00ae\" aria-errormessage=\"wpforms-947-field_7_3-error\" required ><label class=\"wpforms-field-label-inline\" for=\"wpforms-947-field_7_3\">Ainara\u00ae<\/label><\/li><li class=\"choice-7 depth-1\"><input type=\"checkbox\" id=\"wpforms-947-field_7_7\" name=\"wpforms[fields][7][]\" value=\"Colpofix\u00ae\" aria-errormessage=\"wpforms-947-field_7_7-error\" required ><label class=\"wpforms-field-label-inline\" for=\"wpforms-947-field_7_7\">Colpofix\u00ae<\/label><\/li><li class=\"choice-4 depth-1\"><input type=\"checkbox\" id=\"wpforms-947-field_7_4\" name=\"wpforms[fields][7][]\" value=\"Polybactum\u00ae\" aria-errormessage=\"wpforms-947-field_7_4-error\" required ><label class=\"wpforms-field-label-inline\" for=\"wpforms-947-field_7_4\">Polybactum\u00ae<\/label><\/li><li class=\"choice-8 depth-1\"><input type=\"checkbox\" id=\"wpforms-947-field_7_8\" name=\"wpforms[fields][7][]\" value=\"Autre (veuillez indiquer le nom du produit dans le champ \u00ab\u202fMessage\u202f\u00bb)\" aria-errormessage=\"wpforms-947-field_7_8-error\" required ><label class=\"wpforms-field-label-inline\" for=\"wpforms-947-field_7_8\">Autre (veuillez indiquer le nom du produit dans le champ \u00ab\u202fMessage\u202f\u00bb)<\/label><\/li><\/ul><\/fieldset><\/div><div id=\"wpforms-947-field_2-container\" class=\"wpforms-field wpforms-field-textarea wpforms-one-half\" data-field-id=\"2\"><label class=\"wpforms-field-label\" for=\"wpforms-947-field_2\">Message<\/label><textarea id=\"wpforms-947-field_2\" class=\"wpforms-field-large\" name=\"wpforms[fields][2]\" placeholder=\"Veuillez entrer votre message\" aria-errormessage=\"wpforms-947-field_2-error\" ><\/textarea><\/div><div id=\"wpforms-947-field_6-container\" class=\"wpforms-field wpforms-field-html\" data-field-id=\"6\"><div id=\"wpforms-947-field_6\" aria-errormessage=\"wpforms-947-field_6-error\"><p style=\"float:right;\">* champs obligatoires<\/p><\/div><\/div><\/div><!-- .wpforms-field-container --><div class=\"wpforms-submit-container\" ><input type=\"hidden\" name=\"wpforms[id]\" value=\"947\"><input type=\"hidden\" name=\"wpforms[author]\" value=\"1\"><button type=\"submit\" name=\"wpforms[submit]\" id=\"wpforms-submit-947\" class=\"wpforms-submit wp-block-button__link\" data-alt-text=\"Envoi en cours...\" data-submit-text=\"Envoyez votre demande\" aria-live=\"assertive\" value=\"wpforms-submit\">Envoyez votre demande<\/button><img loading=\"lazy\" decoding=\"async\" src=\"https:\/\/effik.ch\/hcp\/wp-content\/plugins\/wpforms\/assets\/images\/submit-spin.svg\" class=\"wpforms-submit-spinner\" style=\"display: none;\" width=\"26\" height=\"26\" alt=\"Chargement en cours\"><\/div><\/form><\/div>  <!-- .wpforms-container -->\n\n\n<div class=\"wp-block-columns is-layout-flex wp-container-core-columns-is-layout-9d6595d7 wp-block-columns-is-layout-flex\">\n<div class=\"wp-block-column contact_address is-layout-flow wp-block-column-is-layout-flow\">\n<p><strong>EFFIK SA<br><\/strong>Rue du March\u00e9 10<br>1260 NYON<br>SWITZERLAND<br>t. +41 22 994 39 39<br>f. +41 22 994 39 29<br>info@effik.ch<\/p>\n<\/div>\n\n\n\n<div class=\"wp-block-column is-layout-flow wp-block-column-is-layout-flow\">\n<iframe src=\"https:\/\/www.google.com\/maps\/embed?pb=!1m18!1m12!1m3!1d2752.3574644658615!2d6.235516177638296!3d46.3821347711039!2m3!1f0!2f0!3f0!3m2!1i1024!2i768!4f13.1!3m3!1m2!1s0x478c439ca647fd89%3A0xb0b5c32ac1e27ca1!2sEffik%20SA!5e0!3m2!1ses!2ses!4v1713722522067!5m2!1sfr!2sch\" width=\"600\" height=\"600\" style=\"border:0;\" allowfullscreen=\"\" loading=\"lazy\" referrerpolicy=\"no-referrer-when-downgrade\"><\/iframe>\n<\/div>\n<\/div>\n\n\n<script>\n\/\/ Variables PHP convertidas a JavaScript\nconst FORM_ID = '947';\nconst FIELD_ID = '5';\nconst TRIGGER_VALUE = 'Demande d\\'\u00e9chantillon';\nconst POPUP_CONTENT = \"<p style=\\\"text-align: center;\\\">Votre demande a bien \\u00e9t\\u00e9 enregistr\\u00e9e. Veuillez noter qu\\u2019un nombre limit\\u00e9 d\\u2019\\u00e9chantillons de m\\u00e9dicaments peut \\u00eatre distribu\\u00e9 par professionnel et par an (art. 10 de l\\u2019Ordonnance sur la publicit\\u00e9 pour les m\\u00e9dicaments [OPuM] du 17 octobre 2001).<br \\\/>\\nNos d\\u00e9l\\u00e9gu\\u00e9s m\\u00e9dicaux se chargeront de la distribution de ces \\u00e9chantillons tout en tenant une comptabilit\\u00e9 des produits remis. En effet, pour les m\\u00e9dicaments soumis \\u00e0 prescription m\\u00e9dicale, un maximum de cinq \\u00e9chantillons peut \\u00eatre distribu\\u00e9 par ann\\u00e9e civile aux professionnels de la sant\\u00e9 pendant les deux premi\\u00e8res ann\\u00e9es de commercialisation. Par la suite, seuls deux \\u00e9chantillons peuvent \\u00eatre remis \\u00e0 partir de la troisi\\u00e8me ann\\u00e9e de commercialisation (extrait du Journal officiel de Swissmedic 01\\\/2010)..<\\\/p>\\n\";\nconst BUTTON_TEXT = 'Fermer';\n\n\n\/\/ Variable global para guardar si debe mostrar popup\nwindow.deberMostrarPopup = false;\n\n\/\/ Funci\u00f3n principal que se ejecuta cuando la p\u00e1gina est\u00e1 ready\nfunction inicializar() {\n\t\/\/ Buscar formulario usando la variable PHP\n\tconst formulario = document.querySelector(`#wpforms-${FORM_ID}, .wpforms-form-${FORM_ID}`);\n\t\n\tif (!formulario) {\n\t\tsetTimeout(inicializar, 2000);\n\t\treturn;\n\t}\n\t\n\t\n\t\/\/ Buscar campo usando la variable PHP\n\tconst dropdown = formulario.querySelector(`#wpforms-${FORM_ID}-field_${FIELD_ID}`) ||\n\t\t\t\t\tformulario.querySelector(`select[name=\"wpforms[fields][${FIELD_ID}]\"]`);\n\t\n\tif (!dropdown) {\n\n\t\tsetTimeout(inicializar, 2000);\n\t\treturn;\n\t}\n\t\n\n\t\n\t\/\/ Configurar interceptor del formulario\n\tformulario.addEventListener('submit', function(event) {\n\n\t\t\n\t\t\/\/ Verificar valor despu\u00e9s de un peque\u00f1o delay\n\t\tsetTimeout(() => {\n\t\t\tconst valorActual = dropdown.value;\n\n\t\t\t\n\t\t\t\/\/ Verificar si coincide con el valor trigger\n\t\t\tif (valorActual === TRIGGER_VALUE || \n\t\t\t\tvalorActual.includes(TRIGGER_VALUE) ||\n\t\t\t\tdropdown.options[dropdown.selectedIndex]?.text?.includes(TRIGGER_VALUE)) {\n\t\t\t\t\n\t\t\t\n\t\t\t\twindow.deberMostrarPopup = true;\n\t\t\t} else {\n\t\t\t\n\t\t\t\twindow.deberMostrarPopup = false;\n\t\t\t}\n\t\t}, 100);\n\t}, true);\n\t\n\t\/\/ Configurar observer para detectar mensaje de confirmaci\u00f3n\n\tconst observer = new MutationObserver(function(mutations) {\n\t\tmutations.forEach(function(mutation) {\n\t\t\tmutation.addedNodes.forEach(function(node) {\n\t\t\t\tif (node.nodeType === 1 && \n\t\t\t\t\t(node.classList?.contains('wpforms-confirmation-container-full') ||\n\t\t\t\t\tnode.querySelector?.('.wpforms-confirmation-container-full'))) {\n\t\t\t\t\t\n\t\t\t\t\n\t\t\t\t\t\n\t\t\t\t\tif (window.deberMostrarPopup) {\n\t\t\t\t\t\n\t\t\t\t\t\tsetTimeout(mostrarPopup, 1000);\n\t\t\t\t\t\twindow.deberMostrarPopup = false;\n\t\t\t\t\t} else {\n\t\t\t\t\t\t\/\/ Verificaci\u00f3n de emergencia\n\t\t\t\t\t\tconst dropdownEmergencia = document.querySelector(`#wpforms-${FORM_ID}-field_${FIELD_ID}`);\n\t\t\t\t\t\tif (dropdownEmergencia && \n\t\t\t\t\t\t\t(dropdownEmergencia.value === TRIGGER_VALUE || \n\t\t\t\t\t\t\tdropdownEmergencia.value.includes(TRIGGER_VALUE))) {\n\t\t\t\t\t\t\n\t\t\t\t\t\t\tsetTimeout(mostrarPopup, 1000);\n\t\t\t\t\t\t}\n\t\t\t\t\t}\n\t\t\t\t}\n\t\t\t});\n\t\t});\n\t});\n\t\n\tobserver.observe(formulario, {\n\t\tchildList: true,\n\t\tsubtree: true\n\t});\n\t\n\n}\n\n\/\/ Funci\u00f3n para mostrar el popup usando las clases CSS\nfunction mostrarPopup() {\n\n\t\n\t\/\/ Crear overlay con clase CSS\n\tconst overlay = document.createElement('div');\n\toverlay.className = 'wpforms-popup-overlay';\n\t\n\t\/\/ Crear contenedor del popup con clase CSS\n\tconst popup = document.createElement('div');\n\tpopup.className = 'wpforms-popup-container';\n\t\n\t\/\/ Crear contenido usando las clases CSS\n\tpopup.innerHTML = `\n\t\t<div class=\"wpforms-popup-content\">${POPUP_CONTENT}<\/div>\n\t\t<button class=\"wpforms-popup-button\" onclick=\"cerrarPopup()\">\n\t\t\t${BUTTON_TEXT}\n\t\t<\/button>\n\t`;\n\t\n\toverlay.appendChild(popup);\n\tdocument.body.appendChild(overlay);\n\t\n\twindow.popupActual = overlay;\n\t\n\t\/\/ Cerrar con click fuera\n\toverlay.addEventListener('click', function(e) {\n\t\tif (e.target === overlay) {\n\t\t\tcerrarPopup();\n\t\t}\n\t});\n\t\n\t\/\/ Cerrar con ESC\n\tdocument.addEventListener('keydown', function(e) {\n\t\tif (e.key === 'Escape') {\n\t\t\tcerrarPopup();\n\t\t}\n\t});\n}\n\n\/\/ Funci\u00f3n para cerrar popup\nfunction cerrarPopup() {\n\tif (window.popupActual) {\n\t\twindow.popupActual.style.animation = 'wpforms-popup-fadeOut 0.3s ease-in forwards';\n\t\tsetTimeout(() => {\n\t\t\tif (window.popupActual && window.popupActual.parentNode) {\n\t\t\t\twindow.popupActual.parentNode.removeChild(window.popupActual);\n\t\t\t\twindow.popupActual = null;\n\t\t\t}\n\t\t}, 300);\n\t}\n}\n\n\/\/ Inicializar cuando est\u00e9 listo\nif (document.readyState === 'loading') {\n\tdocument.addEventListener('DOMContentLoaded', inicializar);\n} else {\n\tinicializar();\n}\n\n\/\/ Tambi\u00e9n intentar despu\u00e9s de 3 segundos por si acaso\nsetTimeout(inicializar, 3000);\n<\/script>\n\t","protected":false},"excerpt":{"rendered":"Pour signaler un \u00e9v\u00e8nement sanitaire ind\u00e9sirable suspect\u00e9 d\u2019\u00eatre d\u00fb \u00e0 un m\u00e9dicament, un dispositif m\u00e9dical ou un compl\u00e9ment alimentaire commercialis\u00e9 par EFFIK, vous pouvez nous joindre par t\u00e9l\u00e9phone au +41 22 994 39 39 ou par email : pharmacovigilance@effik.ch. EFFIK SARue du March\u00e9 101260 NYONSWITZERLANDt. +41 22 994 39 39f. +41 22 994 39 29info@effik.ch","protected":false},"author":1,"featured_media":0,"parent":0,"menu_order":0,"comment_status":"closed","ping_status":"closed","template":"","meta":{"_acf_changed":false,"footnotes":""},"class_list":{"2":"type-page","4":"hentry"},"acf":[],"yoast_head":"<!-- This site is optimized with the Yoast SEO plugin v25.1 - https:\/\/yoast.com\/wordpress\/plugins\/seo\/ -->\n<title>Contact et demandes - EFFIK HCP<\/title>\n<meta name=\"robots\" content=\"index, follow, max-snippet:-1, max-image-preview:large, max-video-preview:-1\" \/>\n<link rel=\"canonical\" href=\"https:\/\/effik.ch\/hcp\/fr\/contact\/\" \/>\n<meta property=\"og:locale\" content=\"fr_FR\" \/>\n<meta property=\"og:type\" content=\"article\" \/>\n<meta property=\"og:title\" content=\"Contact et demandes - EFFIK HCP\" \/>\n<meta property=\"og:description\" content=\"Pour signaler un \u00e9v\u00e8nement sanitaire ind\u00e9sirable suspect\u00e9 d\u2019\u00eatre d\u00fb \u00e0 un m\u00e9dicament, un dispositif m\u00e9dical ou un compl\u00e9ment alimentaire commercialis\u00e9 par EFFIK, vous pouvez nous joindre par t\u00e9l\u00e9phone au +41 22 994 39 39 ou par email : pharmacovigilance@effik.ch. EFFIK SARue du March\u00e9 101260 NYONSWITZERLANDt. +41 22 994 39 39f. +41 22 994 39 29info@effik.ch\" \/>\n<meta property=\"og:url\" content=\"https:\/\/effik.ch\/hcp\/fr\/contact\/\" \/>\n<meta property=\"og:site_name\" content=\"EFFIK HCP\" \/>\n<meta property=\"article:modified_time\" content=\"2025-11-11T15:05:39+00:00\" \/>\n<meta name=\"twitter:card\" content=\"summary_large_image\" \/>\n<meta name=\"twitter:label1\" content=\"Dur\u00e9e de lecture estim\u00e9e\" \/>\n\t<meta name=\"twitter:data1\" content=\"1 minute\" \/>\n<script type=\"application\/ld+json\" class=\"yoast-schema-graph\">{\"@context\":\"https:\/\/schema.org\",\"@graph\":[{\"@type\":\"WebPage\",\"@id\":\"https:\/\/effik.ch\/hcp\/fr\/contact\/\",\"url\":\"https:\/\/effik.ch\/hcp\/fr\/contact\/\",\"name\":\"Contact et demandes - EFFIK HCP\",\"isPartOf\":{\"@id\":\"https:\/\/effik.ch\/hcp\/fr\/#website\"},\"datePublished\":\"2024-03-26T16:20:10+00:00\",\"dateModified\":\"2025-11-11T15:05:39+00:00\",\"breadcrumb\":{\"@id\":\"https:\/\/effik.ch\/hcp\/fr\/contact\/#breadcrumb\"},\"inLanguage\":\"fr-FR\",\"potentialAction\":[{\"@type\":\"ReadAction\",\"target\":[\"https:\/\/effik.ch\/hcp\/fr\/contact\/\"]}]},{\"@type\":\"BreadcrumbList\",\"@id\":\"https:\/\/effik.ch\/hcp\/fr\/contact\/#breadcrumb\",\"itemListElement\":[{\"@type\":\"ListItem\",\"position\":1,\"name\":\"Home\",\"item\":\"https:\/\/effik.ch\/hcp\/fr\/\"},{\"@type\":\"ListItem\",\"position\":2,\"name\":\"Contact et demandes\"}]},{\"@type\":\"WebSite\",\"@id\":\"https:\/\/effik.ch\/hcp\/fr\/#website\",\"url\":\"https:\/\/effik.ch\/hcp\/fr\/\",\"name\":\"EFFIK HCP\",\"description\":\"\",\"potentialAction\":[{\"@type\":\"SearchAction\",\"target\":{\"@type\":\"EntryPoint\",\"urlTemplate\":\"https:\/\/effik.ch\/hcp\/fr\/?s={search_term_string}\"},\"query-input\":{\"@type\":\"PropertyValueSpecification\",\"valueRequired\":true,\"valueName\":\"search_term_string\"}}],\"inLanguage\":\"fr-FR\"}]}<\/script>\n<!-- \/ Yoast SEO plugin. -->","yoast_head_json":{"title":"Contact et demandes - EFFIK HCP","robots":{"index":"index","follow":"follow","max-snippet":"max-snippet:-1","max-image-preview":"max-image-preview:large","max-video-preview":"max-video-preview:-1"},"canonical":"https:\/\/effik.ch\/hcp\/fr\/contact\/","og_locale":"fr_FR","og_type":"article","og_title":"Contact et demandes - EFFIK HCP","og_description":"Pour signaler un \u00e9v\u00e8nement sanitaire ind\u00e9sirable suspect\u00e9 d\u2019\u00eatre d\u00fb \u00e0 un m\u00e9dicament, un dispositif m\u00e9dical ou un compl\u00e9ment alimentaire commercialis\u00e9 par EFFIK, vous pouvez nous joindre par t\u00e9l\u00e9phone au +41 22 994 39 39 ou par email : pharmacovigilance@effik.ch. EFFIK SARue du March\u00e9 101260 NYONSWITZERLANDt. +41 22 994 39 39f. +41 22 994 39 29info@effik.ch","og_url":"https:\/\/effik.ch\/hcp\/fr\/contact\/","og_site_name":"EFFIK HCP","article_modified_time":"2025-11-11T15:05:39+00:00","twitter_card":"summary_large_image","twitter_misc":{"Dur\u00e9e de lecture estim\u00e9e":"1 minute"},"schema":{"@context":"https:\/\/schema.org","@graph":[{"@type":"WebPage","@id":"https:\/\/effik.ch\/hcp\/fr\/contact\/","url":"https:\/\/effik.ch\/hcp\/fr\/contact\/","name":"Contact et demandes - EFFIK HCP","isPartOf":{"@id":"https:\/\/effik.ch\/hcp\/fr\/#website"},"datePublished":"2024-03-26T16:20:10+00:00","dateModified":"2025-11-11T15:05:39+00:00","breadcrumb":{"@id":"https:\/\/effik.ch\/hcp\/fr\/contact\/#breadcrumb"},"inLanguage":"fr-FR","potentialAction":[{"@type":"ReadAction","target":["https:\/\/effik.ch\/hcp\/fr\/contact\/"]}]},{"@type":"BreadcrumbList","@id":"https:\/\/effik.ch\/hcp\/fr\/contact\/#breadcrumb","itemListElement":[{"@type":"ListItem","position":1,"name":"Home","item":"https:\/\/effik.ch\/hcp\/fr\/"},{"@type":"ListItem","position":2,"name":"Contact et demandes"}]},{"@type":"WebSite","@id":"https:\/\/effik.ch\/hcp\/fr\/#website","url":"https:\/\/effik.ch\/hcp\/fr\/","name":"EFFIK HCP","description":"","potentialAction":[{"@type":"SearchAction","target":{"@type":"EntryPoint","urlTemplate":"https:\/\/effik.ch\/hcp\/fr\/?s={search_term_string}"},"query-input":{"@type":"PropertyValueSpecification","valueRequired":true,"valueName":"search_term_string"}}],"inLanguage":"fr-FR"}]}},"_links":{"self":[{"href":"https:\/\/effik.ch\/hcp\/fr\/wp-json\/wp\/v2\/pages\/940","targetHints":{"allow":["GET"]}}],"collection":[{"href":"https:\/\/effik.ch\/hcp\/fr\/wp-json\/wp\/v2\/pages"}],"about":[{"href":"https:\/\/effik.ch\/hcp\/fr\/wp-json\/wp\/v2\/types\/page"}],"author":[{"embeddable":true,"href":"https:\/\/effik.ch\/hcp\/fr\/wp-json\/wp\/v2\/users\/1"}],"replies":[{"embeddable":true,"href":"https:\/\/effik.ch\/hcp\/fr\/wp-json\/wp\/v2\/comments?post=940"}],"version-history":[{"count":11,"href":"https:\/\/effik.ch\/hcp\/fr\/wp-json\/wp\/v2\/pages\/940\/revisions"}],"predecessor-version":[{"id":2574,"href":"https:\/\/effik.ch\/hcp\/fr\/wp-json\/wp\/v2\/pages\/940\/revisions\/2574"}],"wp:attachment":[{"href":"https:\/\/effik.ch\/hcp\/fr\/wp-json\/wp\/v2\/media?parent=940"}],"curies":[{"name":"wp","href":"https:\/\/api.w.org\/{rel}","templated":true}]}}