{"id":1227,"date":"2024-03-18T07:03:38","date_gmt":"2024-03-18T05:03:38","guid":{"rendered":"https:\/\/effik.ch\/hcp\/?page_id=1227"},"modified":"2025-06-09T16:58:58","modified_gmt":"2025-06-09T14:58:58","slug":"amyotrophe-lateralsklerose","status":"publish","type":"page","link":"https:\/\/effik.ch\/hcp\/neurologie\/amyotrophe-lateralsklerose\/","title":{"rendered":"Amyotrophe Lateralsklerose"},"content":{"rendered":"<div id=\"block_a0ca09f2fb365f45c83c026d04c0f315\" class=\"hero-block alignfull\" style=\"background-image: url(https:\/\/effik.ch\/hcp\/wp-content\/uploads\/sites\/2\/2024\/03\/amyotrophe.jpg)\">\n\t<div class=\"wrap\">\n\t\t\t\t<h1 class=\"entry-title\">Amyotrophe<br \/>\r\nLateralsklerose<\/h1>\n\t\t\t<\/div>\n<\/div>\n\n\n<div id=\"block_b39dc663c3a03721a555d2805857d0ff\" class=\"hero-text-block alignfull\" style=\"\">\n\t<div class=\"wrap\">\n\t\t\t\t\t\t\t<div class=\"hero-text\"><p>Die amyotrophe Lateralsklerose (ALS) ist eine progressive, neurodegenerative Erkrankung, bei welcher die Nervenzellen, die f\u00fcr die Muskel- und Bewegungskontrolle zust\u00e4ndig sind, gesch\u00e4digt werden. Der fortschreitende Muskelschwund und Funktionsverlust f\u00fchrt zu zunehmenden Schwierigkeiten bei der Mobilit\u00e4t, beim Sprechen, Schlucken und Atmen.<\/p>\n<p>Nach Angaben der Schweizerischen ALS-Vereinigung leben heute in der Schweiz zwischen 500 und 700 Menschen mit ALS, und jedes Jahr werden 100 bis 150 neue F\u00e4lle diagnostiziert. Die Lebenserwartung nach der Diagnose betr\u00e4gt drei bis vier Jahre, kann aber in seltenen F\u00e4llen (10%) zehn Jahre \u00fcbersteigen<sup>1<\/sup>. W\u00e4hrend die genaue Ursache der Krankheit noch unbekannt ist, existieren inzwischen mehrere Therapieans\u00e4tze zur Verz\u00f6gerung des Krankheitsverlaufs und der symptomatischen Behandlung.<\/p>\n<p><a href=\"https:\/\/www.als-stiftung.ch\/was-ist-als\/\" target=\"_blank\" rel=\"noopener\">1. https:\/\/www.als-stiftung.ch\/was-ist-als\/<\/a><\/p>\n<\/div>\n\t\t\t<\/div>\n<\/div>\n\n\n<div id=\"block_c88344655bade8a6f3a5d251ad200c19\" class=\"inner-hero-block product-img-vertical-85 alignfull hero-mbl-column\" style=\"background-image: url(https:\/\/effik.ch\/hcp\/wp-content\/uploads\/sites\/2\/2024\/03\/teglutik-bg.svg)\">\n<div class=\"anchor-div\"><\/div>\n\n\t\t\t<div class=\"inner-hero-bg-mbl\" style=\"background-image: url(https:\/\/effik.ch\/hcp\/wp-content\/uploads\/sites\/2\/2024\/03\/teglutik-bg.svg); aspect-ratio:393\/200; min-height:200px;\">\n\t<div class=\"img-container\"><img loading=\"lazy\" decoding=\"async\" width=\"455\" height=\"485\" src=\"https:\/\/effik.ch\/hcp\/wp-content\/uploads\/sites\/2\/2024\/03\/teglutik-1.png\" class=\"attachment-large size-large\" alt=\"\" srcset=\"https:\/\/effik.ch\/hcp\/wp-content\/uploads\/sites\/2\/2024\/03\/teglutik-1.png 455w, https:\/\/effik.ch\/hcp\/wp-content\/uploads\/sites\/2\/2024\/03\/teglutik-1-281x300.png 281w\" sizes=\"auto, (max-width: 455px) 100vw, 455px\" \/><\/div>\n\t\t\t\t\t<\/div>\n\t<div class=\"wrap\" style=\"flex-direction: row-reverse;\">\n\t\t<div class=\"img-container\" style=\"justify-content: flex-end; max-height: 600px; width: calc(100% - px);\"><img loading=\"lazy\" decoding=\"async\" width=\"455\" height=\"485\" src=\"https:\/\/effik.ch\/hcp\/wp-content\/uploads\/sites\/2\/2024\/03\/teglutik-1.png\" class=\"attachment-large size-large\" alt=\"\" srcset=\"https:\/\/effik.ch\/hcp\/wp-content\/uploads\/sites\/2\/2024\/03\/teglutik-1.png 455w, https:\/\/effik.ch\/hcp\/wp-content\/uploads\/sites\/2\/2024\/03\/teglutik-1-281x300.png 281w\" sizes=\"auto, (max-width: 455px) 100vw, 455px\" \/><\/div>\n\t\t\t<div class=\"content-container\" style=\"text-align: left;\">\n\t\t\t\t\t\t<h2 class=\"section-title\">Teglutik<sup>\u00ae<\/sup><\/h2>\n\t\t\t\t\t\t\t\t\t\t\t\t\t<a class=\"blue-button\" style=\"align-self: flex-start;\" href=\"https:\/\/effik.ch\/hcp\/neurologie\/amyotrophe-lateralsklerose\/teglutik\/\" target=\"_self\">Entdecken Sie Teglutik<sup>\u00ae<\/sup><\/a>\n\t\t\t\t\t<\/div>\n\t<\/div>\n<\/div>\n<style>\n\t.inner-hero-block {\n\t\t@media (min-width: 768px) {\n\t\taspect-ratio:  \/ 600; \n\t\tmin-height: 600px;\n\t\t}\n\t}\n<\/style>\n","protected":false},"excerpt":{"rendered":"","protected":false},"author":1,"featured_media":0,"parent":87,"menu_order":0,"comment_status":"closed","ping_status":"closed","template":"","meta":{"_acf_changed":false,"footnotes":""},"class_list":{"2":"type-page","4":"hentry"},"acf":[],"yoast_head":"<!-- This site is optimized with the Yoast SEO plugin v25.1 - https:\/\/yoast.com\/wordpress\/plugins\/seo\/ -->\n<title>Amyotrophe Lateralsklerose - EFFIK HCP<\/title>\n<meta name=\"robots\" content=\"index, follow, max-snippet:-1, max-image-preview:large, max-video-preview:-1\" \/>\n<link rel=\"canonical\" href=\"https:\/\/effik.ch\/hcp\/neurologie\/amyotrophe-lateralsklerose\/\" \/>\n<meta property=\"og:locale\" content=\"de_DE\" \/>\n<meta property=\"og:type\" content=\"article\" \/>\n<meta property=\"og:title\" content=\"Amyotrophe Lateralsklerose - EFFIK HCP\" \/>\n<meta property=\"og:url\" content=\"https:\/\/effik.ch\/hcp\/neurologie\/amyotrophe-lateralsklerose\/\" \/>\n<meta property=\"og:site_name\" content=\"EFFIK HCP\" \/>\n<meta property=\"article:modified_time\" content=\"2025-06-09T14:58:58+00:00\" \/>\n<meta name=\"twitter:card\" content=\"summary_large_image\" \/>\n<script type=\"application\/ld+json\" class=\"yoast-schema-graph\">{\"@context\":\"https:\/\/schema.org\",\"@graph\":[{\"@type\":\"WebPage\",\"@id\":\"https:\/\/effik.ch\/hcp\/neurologie\/amyotrophe-lateralsklerose\/\",\"url\":\"https:\/\/effik.ch\/hcp\/neurologie\/amyotrophe-lateralsklerose\/\",\"name\":\"Amyotrophe Lateralsklerose - EFFIK HCP\",\"isPartOf\":{\"@id\":\"https:\/\/effik.ch\/hcp\/#website\"},\"datePublished\":\"2024-03-18T05:03:38+00:00\",\"dateModified\":\"2025-06-09T14:58:58+00:00\",\"breadcrumb\":{\"@id\":\"https:\/\/effik.ch\/hcp\/neurologie\/amyotrophe-lateralsklerose\/#breadcrumb\"},\"inLanguage\":\"de\",\"potentialAction\":[{\"@type\":\"ReadAction\",\"target\":[\"https:\/\/effik.ch\/hcp\/neurologie\/amyotrophe-lateralsklerose\/\"]}]},{\"@type\":\"BreadcrumbList\",\"@id\":\"https:\/\/effik.ch\/hcp\/neurologie\/amyotrophe-lateralsklerose\/#breadcrumb\",\"itemListElement\":[{\"@type\":\"ListItem\",\"position\":1,\"name\":\"Home\",\"item\":\"https:\/\/effik.ch\/hcp\/\"},{\"@type\":\"ListItem\",\"position\":2,\"name\":\"Amyotrophe Lateralsklerose\"}]},{\"@type\":\"WebSite\",\"@id\":\"https:\/\/effik.ch\/hcp\/#website\",\"url\":\"https:\/\/effik.ch\/hcp\/\",\"name\":\"EFFIK HCP\",\"description\":\"\",\"potentialAction\":[{\"@type\":\"SearchAction\",\"target\":{\"@type\":\"EntryPoint\",\"urlTemplate\":\"https:\/\/effik.ch\/hcp\/?s={search_term_string}\"},\"query-input\":{\"@type\":\"PropertyValueSpecification\",\"valueRequired\":true,\"valueName\":\"search_term_string\"}}],\"inLanguage\":\"de\"}]}<\/script>\n<!-- \/ Yoast SEO plugin. -->","yoast_head_json":{"title":"Amyotrophe Lateralsklerose - EFFIK HCP","robots":{"index":"index","follow":"follow","max-snippet":"max-snippet:-1","max-image-preview":"max-image-preview:large","max-video-preview":"max-video-preview:-1"},"canonical":"https:\/\/effik.ch\/hcp\/neurologie\/amyotrophe-lateralsklerose\/","og_locale":"de_DE","og_type":"article","og_title":"Amyotrophe Lateralsklerose - EFFIK HCP","og_url":"https:\/\/effik.ch\/hcp\/neurologie\/amyotrophe-lateralsklerose\/","og_site_name":"EFFIK HCP","article_modified_time":"2025-06-09T14:58:58+00:00","twitter_card":"summary_large_image","schema":{"@context":"https:\/\/schema.org","@graph":[{"@type":"WebPage","@id":"https:\/\/effik.ch\/hcp\/neurologie\/amyotrophe-lateralsklerose\/","url":"https:\/\/effik.ch\/hcp\/neurologie\/amyotrophe-lateralsklerose\/","name":"Amyotrophe Lateralsklerose - EFFIK HCP","isPartOf":{"@id":"https:\/\/effik.ch\/hcp\/#website"},"datePublished":"2024-03-18T05:03:38+00:00","dateModified":"2025-06-09T14:58:58+00:00","breadcrumb":{"@id":"https:\/\/effik.ch\/hcp\/neurologie\/amyotrophe-lateralsklerose\/#breadcrumb"},"inLanguage":"de","potentialAction":[{"@type":"ReadAction","target":["https:\/\/effik.ch\/hcp\/neurologie\/amyotrophe-lateralsklerose\/"]}]},{"@type":"BreadcrumbList","@id":"https:\/\/effik.ch\/hcp\/neurologie\/amyotrophe-lateralsklerose\/#breadcrumb","itemListElement":[{"@type":"ListItem","position":1,"name":"Home","item":"https:\/\/effik.ch\/hcp\/"},{"@type":"ListItem","position":2,"name":"Amyotrophe Lateralsklerose"}]},{"@type":"WebSite","@id":"https:\/\/effik.ch\/hcp\/#website","url":"https:\/\/effik.ch\/hcp\/","name":"EFFIK HCP","description":"","potentialAction":[{"@type":"SearchAction","target":{"@type":"EntryPoint","urlTemplate":"https:\/\/effik.ch\/hcp\/?s={search_term_string}"},"query-input":{"@type":"PropertyValueSpecification","valueRequired":true,"valueName":"search_term_string"}}],"inLanguage":"de"}]}},"_links":{"self":[{"href":"https:\/\/effik.ch\/hcp\/wp-json\/wp\/v2\/pages\/1227","targetHints":{"allow":["GET"]}}],"collection":[{"href":"https:\/\/effik.ch\/hcp\/wp-json\/wp\/v2\/pages"}],"about":[{"href":"https:\/\/effik.ch\/hcp\/wp-json\/wp\/v2\/types\/page"}],"author":[{"embeddable":true,"href":"https:\/\/effik.ch\/hcp\/wp-json\/wp\/v2\/users\/1"}],"replies":[{"embeddable":true,"href":"https:\/\/effik.ch\/hcp\/wp-json\/wp\/v2\/comments?post=1227"}],"version-history":[{"count":3,"href":"https:\/\/effik.ch\/hcp\/wp-json\/wp\/v2\/pages\/1227\/revisions"}],"predecessor-version":[{"id":2112,"href":"https:\/\/effik.ch\/hcp\/wp-json\/wp\/v2\/pages\/1227\/revisions\/2112"}],"up":[{"embeddable":true,"href":"https:\/\/effik.ch\/hcp\/wp-json\/wp\/v2\/pages\/87"}],"wp:attachment":[{"href":"https:\/\/effik.ch\/hcp\/wp-json\/wp\/v2\/media?parent=1227"}],"curies":[{"name":"wp","href":"https:\/\/api.w.org\/{rel}","templated":true}]}}