{"id":2029,"date":"2025-05-26T11:01:34","date_gmt":"2025-05-26T09:01:34","guid":{"rendered":"https:\/\/effik.ch\/hcp\/gynakologie\/wechseljahre\/blissel\/"},"modified":"2025-11-10T13:35:12","modified_gmt":"2025-11-10T11:35:12","slug":"blissel","status":"publish","type":"page","link":"https:\/\/effik.ch\/hcp\/gynakologie\/wechseljahre\/blissel\/","title":{"rendered":"Blissel"},"content":{"rendered":"<div id=\"block_bf4a20bb7f8eeb11706497381d062f67\" class=\"hero-block alignfull\" style=\"background-image: url(https:\/\/effik.ch\/hcp\/wp-content\/uploads\/sites\/2\/2024\/03\/menopause.jpg)\">\n\t<div class=\"wrap\">\n\t\t\t\t<h1 class=\"entry-title\">Blissel<sup>\u00ae<\/sup><\/h1>\n\t\t\t<\/div>\n<\/div>\n\n\n<div id=\"block_db3bad6c02266326750052a514c26c14\" class=\"secondary-menu-block alignfull\" style=\"\">\n<ul class=\"secondary-menu-container\">\n\t\t\t<li class=\"secondary-menu-item\">\n\t\t\t<a class=\"secondary-menu-item__content\" href=\"#blissel\">Blissel<sup>\u00ae<\/sup><\/a>\n\t\t<\/li>\n\t\t\t\t<li class=\"secondary-menu-item\">\n\t\t\t<a class=\"secondary-menu-item__content\" href=\"#notice\">Packungsbeilage<\/a>\n\t\t<\/li>\n\t\t\t<\/ul>\n\t<\/div>\n\n\n<div id=\"block_fffd3f246a978e1b1eb265ecb175ed43\" class=\"inner-hero-block product-img-vertical-85 spaced-p alignfull hero-mbl-column\" style=\"background-image: url(https:\/\/effik.ch\/hcp\/wp-content\/uploads\/sites\/2\/2025\/05\/Blissel-hero-top-bg.svg)\">\n<div class=\"anchor-div\"><\/div>\n\n\t\t\t<div class=\"inner-hero-bg-mbl\" style=\"background-image: url(https:\/\/effik.ch\/hcp\/wp-content\/uploads\/sites\/2\/2025\/05\/Blissel-hero-top-bg.svg); aspect-ratio:393\/200; min-height:200px;\">\n\t<div class=\"img-container\"><img loading=\"lazy\" decoding=\"async\" width=\"453\" height=\"391\" src=\"https:\/\/effik.ch\/hcp\/wp-content\/uploads\/sites\/2\/2024\/05\/blissel-FR.png\" class=\"attachment-large size-large\" alt=\"\" srcset=\"https:\/\/effik.ch\/hcp\/wp-content\/uploads\/sites\/2\/2024\/05\/blissel-FR.png 453w, https:\/\/effik.ch\/hcp\/wp-content\/uploads\/sites\/2\/2024\/05\/blissel-FR-300x259.png 300w\" sizes=\"auto, (max-width: 453px) 100vw, 453px\" \/><\/div>\n\t\t\t\t\t<\/div>\n\t<div class=\"wrap\" style=\"flex-direction: row-reverse;\">\n\t\t<div class=\"img-container\" style=\"justify-content: flex-end; max-height: 622px; width: calc(100% - 549px);\"><img loading=\"lazy\" decoding=\"async\" width=\"453\" height=\"391\" src=\"https:\/\/effik.ch\/hcp\/wp-content\/uploads\/sites\/2\/2024\/05\/blissel-FR.png\" class=\"attachment-large size-large\" alt=\"\" srcset=\"https:\/\/effik.ch\/hcp\/wp-content\/uploads\/sites\/2\/2024\/05\/blissel-FR.png 453w, https:\/\/effik.ch\/hcp\/wp-content\/uploads\/sites\/2\/2024\/05\/blissel-FR-300x259.png 300w\" sizes=\"auto, (max-width: 453px) 100vw, 453px\" \/><\/div>\n\t\t\t<div class=\"content-container\" style=\"text-align: left;\">\n\t\t\t\t\t\t\t\t\t<div class=\"section-content font-medium\" style=\"max-width: 549px; align-self: flex-start;\"><p><strong>Die Menopause<\/strong>, die letzte Menstruation im Leben einer Frau, <strong>tritt in der Regel um das Alter von 50 Jahren auf und bringt eine Vielzahl von k\u00f6rperlichen und psychologischen<\/strong> Ver\u00e4nderungen mit sich. Diese \u00dcbergangsphase kann f\u00fcr Frauen schwierig sein, <strong>da sie oft mit typischen Symptomen der vulvovaginalen Atrophie (VVA)<\/strong> verbunden ist, wie vaginale Trockenheit, Dyspareunie, Juckreiz und Dysurie. <strong>Etwa jede zweite postmenopausale Frau ist von Symptomen der vulvovaginalen Atrophie betroffen.<sup>1<\/sup><\/strong><\/p>\n<p><b>Blissel<sup>\u00ae<\/sup>, ein ultra-niedrig dosiertes und mukoadh\u00e4sives Estriol-Gel (50 \u00b5g\/g) zur lokalen Anwendung, tr\u00e4gt zur Verbesserung der Lebensqualit\u00e4t w\u00e4hrend der Postmenopause bei, indem es die mit VVA verbundenen Beschwerden lindert und behandelt.<\/b><\/p>\n<p><b>Die einzigartige Formulierung von Blissel<sup>\u00ae<\/sup> erm\u00f6glicht eine Anwendung mit niedriger Dosierung ohne Auslaufen. Es kann in den ersten drei Wochen t\u00e4glich angewendet werden, gefolgt von nur zwei Anwendungen pro Woche. Dies erlaubt eine R\u00fcckkehr zu einem normalen Lebensstil.<\/b><\/p>\n<\/div>\n\t\t\t\t\t\t\t\t<\/div>\n\t<\/div>\n<\/div>\n<style>\n\t.inner-hero-block {\n\t\t@media (min-width: 768px) {\n\t\taspect-ratio: 1440 \/ 622; \n\t\tmin-height: 622px;\n\t\t}\n\t}\n<\/style>\n\n\n<div id=\"blissel\" class=\"featured-text-block\">\n\t<div class=\"wrap\">\t\t<div class=\"featured-box\" style=\"background:#bac1d8; box-shadow:10px 10px 0px 0px rgba(186, 193, 216, 0.50);\"><h2 class=\"featured-title\">3 WICHTIGE VORTEILE VON BLISSEL<sup>\u00ae<\/sup> F\u00dcR IHRE POSTMENOPAUSALEN PATIENTINNEN:<\/h2><div class=\"featured-text\"><ol>\n<li><strong>Klinisch nachgewiesene Wirksamkeit<sup>2<\/sup><\/strong><\/li>\n<li><strong>Sehr niedrige systemische Hormonbelastung<sup>3<\/sup><\/strong><\/li>\n<li><strong>Mukoadhasives Gel, hinterl\u00e4sst keine Flecken oder R\u00fcckst\u00e4nde.<\/strong><\/li>\n<\/ol>\n<\/div><\/div>\t<\/div>\n<\/div>\n\n\n<div id=\"block_26424ced627dba30b6e9a814b8784f2d\" class=\"product-content-2cols-block\" style=\"\">\n\t<div class=\"wrap\">\t\t<div class=\"product-left-content left-width-one-third\">\n\t\t\t\t\t\t\t<p><strong>1.<\/strong> BLISSEL<sup>\u00ae<\/sup> (Estriol 50 \u00b5g\/g) ist eine <strong>effektive<\/strong> Behandlungsmethode durch lokale \u00d6strogen-Wirkung<\/p>\n\t\t\t\t\t<\/div>\n\t\t<div class=\"product-right-content left-width-one-third\">\n\t\t\t<div class=\"h_24_700\">VERBESSERUNG ODER HEILUNG DER SYMPTOME<sup>2<\/sup><\/div>\n<div class=\"right-content-columns\">\n<div class=\"right-content-left-col\"><img loading=\"lazy\" decoding=\"async\" class=\"alignleft size-large wp-image-1534\" src=\"https:\/\/effik.ch\/hcp\/wp-content\/uploads\/sites\/2\/2025\/06\/Blissel24_web_graph_2_DE-1024x665.png\" alt=\"\" width=\"768\" height=\"499\" \/><\/div>\n<div class=\"right-content-right-col label_20_regular\"><strong>73,6 % der Frauen, die Blissel<sup>\u00ae<\/sup> f\u00fcr 12 Wochen erhalten haben, bewerteten die Wirksamkeit der Therapie als gut oder ausgezeichnet.<sup>2<\/sup><\/strong><\/div>\n<\/div>\n<div class=\"right-content-columns\">\n<div class=\"right-content-left-col\"><img loading=\"lazy\" decoding=\"async\" class=\"alignleft size-large wp-image-1541\" src=\"https:\/\/effik.ch\/hcp\/wp-content\/uploads\/sites\/2\/2025\/06\/Blissel24_web_graph_3_DE-1024x468.png\" alt=\"\" width=\"768\" height=\"349\" \/><\/div>\n<div class=\"right-content-right-col label_20_regular\"><strong>\u00dcber 80% der Frauen zeigten eine Verbesserung oder Heilung der wichtigsten Symptome der vaginalen Atrophie nach 3 und 12 Wochen Behandlung mit Blissel<sup>\u00ae<\/sup>.<sup>2<\/sup><\/strong><\/div>\n<\/div>\n<div class=\"right-content-nocolumns\"><img loading=\"lazy\" decoding=\"async\" class=\"alignleft size-large wp-image-1545\" src=\"https:\/\/effik.ch\/hcp\/wp-content\/uploads\/sites\/2\/2025\/06\/Blissel24_web_graph_1_DE-1-1024x874.png\" alt=\"\" width=\"768\" height=\"656\" \/><\/div>\n<div class=\"right-content-nocolumns label_20_regular\"><strong>Blissel<sup>\u00ae<\/sup> zeigt eine signifikante Verbesserung des vaginalen Maturationsindexes und des vaginalen pH-Werts nach 3 und 12 Wochen im Vergleich zum Placebo.<sup>2<\/sup><\/strong><\/div>\n<div class=\"right-content-nocolumns body_14_regular\">VMI (Vaginaler Maturationsindex): \u00d6strogenstatus des vaginalen Epithels und der damit verbundenen genitalen Strukturen. Ein \u00dcberwiegen von Parabasalzellen (weniger reif) zeigt eine niedrige \u00d6strogenkonzentration an, w\u00e4hrend eine h\u00f6here Anzahl von Oberfl\u00e4chenzellen (reifer) auf h\u00f6here Konzentrationen hinweist.<sup>3<\/sup><\/div>\n\t\t<\/div>\n\t\t\t<\/div>\n<\/div>\n\n\n<div id=\"block_5e50cdf0e5d1e5c5eefd25f21684c6e8\" class=\"product-content-2cols-block\" style=\"\">\n\t<div class=\"wrap\">\t\t<div class=\"product-left-content left-width-one-third\">\n\t\t\t\t\t\t\t<p><strong>2. Niedrige systemische Hormonbelastung<\/strong> durch eine optimierte Estrioldosis <br \/>(50 \u00b5g\/g), die 10-fach geringer ist im Vergleich zu herk\u00f6mmlichen Cremes.<\/p>\n\t\t\t\t\t<\/div>\n\t\t<div class=\"product-right-content left-width-one-third\">\n\t\t\t<div class=\"h_24_700\">SEHR GERINGE SYSTEMISCHE HORMONBELASTUNG<sup>2<\/sup><\/div>\n<div class=\"right-content-nocolumns\"><img decoding=\"async\" class=\"alignleft size-large wp-image-1557\" src=\"https:\/\/effik.ch\/hcp\/wp-content\/uploads\/sites\/2\/2025\/06\/Blissel24_web_graph_4_DE-1024x420.png\" alt=\"\" width=\"100%\" height=\"auto\" \/><\/div>\n<div class=\"right-content-nocolumns label_20_regular\">Dank einer ultra-niedrigen Konzentration von Estriol (10-mal niedriger als bei herk\u00f6mmlich verwendeten Cremes) hat Blissel<sup>\u00ae<\/sup> eine reduzierte systemische Hormonbelastung im Vergleich zu einer Referenzcreme gezeigt.<\/div>\n\t\t<\/div>\n\t\t\t<\/div>\n<\/div>\n\n\n<div id=\"block_7e1772648af8d161cacb7ebfe66e2cbe\" class=\"product-content-2cols-block\" style=\"\">\n\t<div class=\"wrap\">\t\t<div class=\"product-left-content left-width-one-third\">\n\t\t\t\t\t\t\t<p><strong>3.<\/strong> Blissel<sup>\u00ae<\/sup> (Estriol 50 \u00b5g\/g), ist ein <strong>einzigartiges, mukoadh\u00e4sives Gel<\/strong>, das den Bed\u00fcrfnissen von Frauen angepasst wurde:<\/p>\n\t\t\t\t\t<\/div>\n\t\t<div class=\"product-right-content left-width-one-third\">\n\t\t\t<div class=\"h_24_700\">HERVORRAGENDE HAFTUNG UND SCHUTZ DER SCHEIDENSCHLEIMHAUT<\/div>\n<div class=\"right-content-nocolumns label_20_regular\">Dank des Polycarbophils haftet Blissel<sup>\u00ae<\/sup> sofort an der Scheldenschleimhaut fliesst nicht heraus und hinterl\u00e4sst keine Flecken.<\/div>\n<div class=\"right-content-nocolumns\"><img decoding=\"async\" class=\"alignleft size-large wp-image-1564\" src=\"https:\/\/effik.ch\/hcp\/wp-content\/uploads\/sites\/2\/2025\/06\/Blissel24_web_graph_5_DE-1024x212.png\" alt=\"\" width=\"100%\" height=\"auto\" \/><\/div>\n<div class=\"right-content-nocolumns\">\n<div class=\"h_24_700 pt36\">FEUCHTIGKEITSSPENDER DER SCHEIDE<\/div>\n<\/div>\n<div class=\"right-content-nocolumns label_20_regular\">Blissel<sup>\u00ae<\/sup> enth\u00e4lt Glycerin, das die Scheidenschleimhaut schnell mit Feuchtigkeit versorgt.<\/div>\n<div class=\"right-content-nocolumns\"><img decoding=\"async\" class=\"alignleft size-large wp-image-1566\" src=\"https:\/\/effik.ch\/hcp\/wp-content\/uploads\/sites\/2\/2025\/06\/Blissel24_web_graph_6_DE-1024x391.png\" alt=\"\" width=\"100%\" height=\"auto\" \/><\/div>\n\t\t<\/div>\n\t\t\t<\/div>\n<\/div>\n\n\n<div id=\"block_501c6c4188624e97913020464f173d90\" class=\"effilevo-block big-packshot\" style=\"\">\n\t<div class=\"wrap\">\n\t\t<div id=\"product\" class=\"product-box-container\"><div class=\"product-box product-box--image-right\"><div class=\"product-box__left\"><h2 class=\"product-title\">Packungsgr\u00f6ssen<\/h2><div class=\"product-composition\"><\/div><\/div><div class=\"product-box__center\"><img loading=\"lazy\" decoding=\"async\" width=\"768\" height=\"419\" src=\"https:\/\/effik.ch\/hcp\/wp-content\/uploads\/sites\/2\/2025\/10\/image010-1024x558.png\" class=\"attachment-large size-large\" alt=\"Packungsgr\u00f6ssen\" srcset=\"https:\/\/effik.ch\/hcp\/wp-content\/uploads\/sites\/2\/2025\/10\/image010-1024x558.png 1024w, https:\/\/effik.ch\/hcp\/wp-content\/uploads\/sites\/2\/2025\/10\/image010-300x164.png 300w, https:\/\/effik.ch\/hcp\/wp-content\/uploads\/sites\/2\/2025\/10\/image010-768x419.png 768w, https:\/\/effik.ch\/hcp\/wp-content\/uploads\/sites\/2\/2025\/10\/image010.png 1532w\" sizes=\"auto, (max-width: 768px) 100vw, 768px\" \/><\/div><div class=\"product-box__right\"><div class=\"product-description\"><p><strong>Tube zu 30g (1 oder 30 Applikatoren)<\/strong><\/p>\n<\/div><\/div><\/div><div class=\"product-info\"><\/div><\/div><div id=\"notice\" class=\"leaflet-container\"><div class=\"leaflet-item\"><div class=\"leaflet-title\">Abgek\u00fcrzte Fachinformation BLISSEL<sup>\u00ae<\/sup> <br\/>(Estriol 50 \u00b5g\/g Gel). <\/div><a class=\"blue-button\" href=\"https:\/\/effik.ch\/hcp\/wp-content\/uploads\/sites\/2\/2025\/06\/RCP_Blissel_DE.pdf\">Hier herunterladen<\/a><\/div><div class=\"disclaimer\"><p>AUSF\u00dcHRLICHE ANGABEN SIND IN DER FACHINFORMATION AUF DER SWISSMEDIC PLATTFORM PUBLIZIERT <strong><a href=\"http:\/\/swissmedicinfo.ch\">WWW.SWISSMEDICINFO.CH<\/a>.<\/strong><\/p>\n<p><strong>Zulassungsinhaberin:<\/strong> EFFIK SA, CH-1260 NYON. Version Januar 2023.<\/p>\n<\/div><\/div><div class=\"references\"><p>1. Mac Bride MB, Rhodes DJ, Shuster LT. Vulvovaginal atrophy. Mayo Clin Proc. 2010 Jan;85(1):87-94.<br \/>\n2. Cano A. et al., The therapeutic effect of a new ultra low concentration estriol gel formulation (0.005% estriol vaginal gel) on symptoms and signs of postmenopausal vaginal atrophy: Results from a pivotal phase III study. Menopause. 2012 Oct;19(10):1130-9.<br \/>\n3.\u00a0 McEndree B. Clinical applications of the Vaginal Maturation Index. Nurse Practitioner. 1999;24(9):48, 51\u20132, 5\u20136<br \/>\n4. Delgado J.L. et al., Pharmacokinetics and preliminary efficacy of two vaginal gel formulations of ultra-low-dose estriol in postmenopausal women, Climacteric. 2015. DOI: 10.3109\/13697137.2015.1098609.<\/p>\n<\/div>\t<\/div>\n<\/div>\n\n\n\n<p><\/p>\n","protected":false},"excerpt":{"rendered":"","protected":false},"author":1,"featured_media":0,"parent":1223,"menu_order":0,"comment_status":"closed","ping_status":"closed","template":"","meta":{"_acf_changed":false,"footnotes":""},"class_list":{"2":"type-page","4":"hentry"},"acf":[],"yoast_head":"<!-- This site is optimized with the Yoast SEO plugin v25.1 - https:\/\/yoast.com\/wordpress\/plugins\/seo\/ -->\n<title>Blissel - EFFIK HCP<\/title>\n<meta name=\"robots\" content=\"index, follow, max-snippet:-1, max-image-preview:large, max-video-preview:-1\" \/>\n<link rel=\"canonical\" href=\"https:\/\/effik.ch\/hcp\/gynakologie\/wechseljahre\/blissel\/\" \/>\n<meta property=\"og:locale\" content=\"de_DE\" \/>\n<meta property=\"og:type\" content=\"article\" \/>\n<meta property=\"og:title\" content=\"Blissel - EFFIK HCP\" \/>\n<meta property=\"og:url\" content=\"https:\/\/effik.ch\/hcp\/gynakologie\/wechseljahre\/blissel\/\" \/>\n<meta property=\"og:site_name\" content=\"EFFIK HCP\" \/>\n<meta property=\"article:modified_time\" content=\"2025-11-10T11:35:12+00:00\" \/>\n<meta name=\"twitter:card\" content=\"summary_large_image\" \/>\n<script type=\"application\/ld+json\" class=\"yoast-schema-graph\">{\"@context\":\"https:\/\/schema.org\",\"@graph\":[{\"@type\":\"WebPage\",\"@id\":\"https:\/\/effik.ch\/hcp\/gynakologie\/wechseljahre\/blissel\/\",\"url\":\"https:\/\/effik.ch\/hcp\/gynakologie\/wechseljahre\/blissel\/\",\"name\":\"Blissel - EFFIK HCP\",\"isPartOf\":{\"@id\":\"https:\/\/effik.ch\/hcp\/#website\"},\"datePublished\":\"2025-05-26T09:01:34+00:00\",\"dateModified\":\"2025-11-10T11:35:12+00:00\",\"breadcrumb\":{\"@id\":\"https:\/\/effik.ch\/hcp\/gynakologie\/wechseljahre\/blissel\/#breadcrumb\"},\"inLanguage\":\"de\",\"potentialAction\":[{\"@type\":\"ReadAction\",\"target\":[\"https:\/\/effik.ch\/hcp\/gynakologie\/wechseljahre\/blissel\/\"]}]},{\"@type\":\"BreadcrumbList\",\"@id\":\"https:\/\/effik.ch\/hcp\/gynakologie\/wechseljahre\/blissel\/#breadcrumb\",\"itemListElement\":[{\"@type\":\"ListItem\",\"position\":1,\"name\":\"Home\",\"item\":\"https:\/\/effik.ch\/hcp\/\"},{\"@type\":\"ListItem\",\"position\":2,\"name\":\"Blissel\"}]},{\"@type\":\"WebSite\",\"@id\":\"https:\/\/effik.ch\/hcp\/#website\",\"url\":\"https:\/\/effik.ch\/hcp\/\",\"name\":\"EFFIK HCP\",\"description\":\"\",\"potentialAction\":[{\"@type\":\"SearchAction\",\"target\":{\"@type\":\"EntryPoint\",\"urlTemplate\":\"https:\/\/effik.ch\/hcp\/?s={search_term_string}\"},\"query-input\":{\"@type\":\"PropertyValueSpecification\",\"valueRequired\":true,\"valueName\":\"search_term_string\"}}],\"inLanguage\":\"de\"}]}<\/script>\n<!-- \/ Yoast SEO plugin. -->","yoast_head_json":{"title":"Blissel - EFFIK HCP","robots":{"index":"index","follow":"follow","max-snippet":"max-snippet:-1","max-image-preview":"max-image-preview:large","max-video-preview":"max-video-preview:-1"},"canonical":"https:\/\/effik.ch\/hcp\/gynakologie\/wechseljahre\/blissel\/","og_locale":"de_DE","og_type":"article","og_title":"Blissel - EFFIK HCP","og_url":"https:\/\/effik.ch\/hcp\/gynakologie\/wechseljahre\/blissel\/","og_site_name":"EFFIK HCP","article_modified_time":"2025-11-10T11:35:12+00:00","twitter_card":"summary_large_image","schema":{"@context":"https:\/\/schema.org","@graph":[{"@type":"WebPage","@id":"https:\/\/effik.ch\/hcp\/gynakologie\/wechseljahre\/blissel\/","url":"https:\/\/effik.ch\/hcp\/gynakologie\/wechseljahre\/blissel\/","name":"Blissel - EFFIK HCP","isPartOf":{"@id":"https:\/\/effik.ch\/hcp\/#website"},"datePublished":"2025-05-26T09:01:34+00:00","dateModified":"2025-11-10T11:35:12+00:00","breadcrumb":{"@id":"https:\/\/effik.ch\/hcp\/gynakologie\/wechseljahre\/blissel\/#breadcrumb"},"inLanguage":"de","potentialAction":[{"@type":"ReadAction","target":["https:\/\/effik.ch\/hcp\/gynakologie\/wechseljahre\/blissel\/"]}]},{"@type":"BreadcrumbList","@id":"https:\/\/effik.ch\/hcp\/gynakologie\/wechseljahre\/blissel\/#breadcrumb","itemListElement":[{"@type":"ListItem","position":1,"name":"Home","item":"https:\/\/effik.ch\/hcp\/"},{"@type":"ListItem","position":2,"name":"Blissel"}]},{"@type":"WebSite","@id":"https:\/\/effik.ch\/hcp\/#website","url":"https:\/\/effik.ch\/hcp\/","name":"EFFIK HCP","description":"","potentialAction":[{"@type":"SearchAction","target":{"@type":"EntryPoint","urlTemplate":"https:\/\/effik.ch\/hcp\/?s={search_term_string}"},"query-input":{"@type":"PropertyValueSpecification","valueRequired":true,"valueName":"search_term_string"}}],"inLanguage":"de"}]}},"_links":{"self":[{"href":"https:\/\/effik.ch\/hcp\/wp-json\/wp\/v2\/pages\/2029","targetHints":{"allow":["GET"]}}],"collection":[{"href":"https:\/\/effik.ch\/hcp\/wp-json\/wp\/v2\/pages"}],"about":[{"href":"https:\/\/effik.ch\/hcp\/wp-json\/wp\/v2\/types\/page"}],"author":[{"embeddable":true,"href":"https:\/\/effik.ch\/hcp\/wp-json\/wp\/v2\/users\/1"}],"replies":[{"embeddable":true,"href":"https:\/\/effik.ch\/hcp\/wp-json\/wp\/v2\/comments?post=2029"}],"version-history":[{"count":17,"href":"https:\/\/effik.ch\/hcp\/wp-json\/wp\/v2\/pages\/2029\/revisions"}],"predecessor-version":[{"id":2502,"href":"https:\/\/effik.ch\/hcp\/wp-json\/wp\/v2\/pages\/2029\/revisions\/2502"}],"up":[{"embeddable":true,"href":"https:\/\/effik.ch\/hcp\/wp-json\/wp\/v2\/pages\/1223"}],"wp:attachment":[{"href":"https:\/\/effik.ch\/hcp\/wp-json\/wp\/v2\/media?parent=2029"}],"curies":[{"name":"wp","href":"https:\/\/api.w.org\/{rel}","templated":true}]}}