{"id":23,"date":"2024-03-14T10:54:18","date_gmt":"2024-03-14T10:54:18","guid":{"rendered":"https:\/\/effik.ch\/hcp\/?page_id=23"},"modified":"2024-06-19T09:35:26","modified_gmt":"2024-06-19T07:35:26","slug":"therapeutische-bereiche","status":"publish","type":"page","link":"https:\/\/effik.ch\/hcp\/therapeutische-bereiche\/","title":{"rendered":"Therapeutische Bereiche"},"content":{"rendered":"<div id=\"block_e339d6fe2a40602afbfa16f20b57bf03\" class=\"hero-block alignfull\" style=\"background-image: url(https:\/\/effik.ch\/hcp\/wp-content\/uploads\/sites\/2\/2024\/03\/therapeutic-areas-hero.jpg)\">\n\t<div class=\"wrap\">\n\t\t\t\t<h1 class=\"entry-title\">Therapeutische Bereiche<\/h1>\n\t\t\t<\/div>\n<\/div>\n\n\n<div id=\"block_de1208cb76d3c2576827ef1273b7c897\" class=\"secondary-menu-block alignfull\" style=\"\">\n<ul class=\"secondary-menu-container\">\n\t\t\t<li class=\"secondary-menu-item\">\n\t\t\t<a class=\"secondary-menu-item__content\" href=\"#gynakologie\">Gyn\u00e4kologie<\/a>\n\t\t<\/li>\n\t\t\t\t<li class=\"secondary-menu-item\">\n\t\t\t<a class=\"secondary-menu-item__content\" href=\"#neurologie\">Neurologie<\/a>\n\t\t<\/li>\n\t\t\t\t<li class=\"secondary-menu-item\">\n\t\t\t<a class=\"secondary-menu-item__content\" href=\"#hamatologie\">H\u00e4matologie\/Kardiologie<\/a>\n\t\t<\/li>\n\t\t\t<\/ul>\n\t<\/div>\n\n\n<div id=\"gynakologie\" class=\"inner-hero-block alignfull hero-mbl-column\" style=\"background-image: url(https:\/\/effik.ch\/hcp\/wp-content\/uploads\/sites\/2\/2024\/03\/Gyn.jpg)\">\n<div class=\"anchor-div\"><\/div>\n\n\t\t\t\t<div class=\"inner-hero-bg-mbl\" style=\"background-image: url(https:\/\/effik.ch\/hcp\/wp-content\/uploads\/sites\/2\/2024\/03\/Gyn.jpg)\">\n\n\t\t\t<img loading=\"lazy\" decoding=\"async\" width=\"97\" height=\"97\" src=\"https:\/\/effik.ch\/hcp\/wp-content\/uploads\/sites\/2\/2024\/03\/Ginecology-icon.svg\" class=\"inner-hero-icon right\" alt=\"\" \/>\t\t\t<\/div>\n\t<div class=\"wrap\" style=\"flex-direction: row;\">\n\t\t<div class=\"content-container\" style=\"text-align: right;\">\n\t\t\t<img loading=\"lazy\" decoding=\"async\" width=\"97\" height=\"97\" src=\"https:\/\/effik.ch\/hcp\/wp-content\/uploads\/sites\/2\/2024\/03\/Ginecology-icon.svg\" class=\"inner-hero-icon right\" alt=\"\" \/>\t\t\t<h2 class=\"section-title\">Gyn\u00e4kologie<\/h2>\n\t\t\t\t\t\t\t\t\t<div class=\"section-content font-medium\" style=\"max-width: 473px; align-self: flex-end;\"><p>Von der Pubert\u00e4t bis hin zu den Wechseljahren: Der weibliche K\u00f6rper ver\u00e4ndert sich mehrmals im Leben einer Frau. Bei EFFIK legen wir grossen Wert darauf, Frauen durch alle Lebensphasen zu begleiten und bieten passende Behandlungsoptionen an \u2013 zur Empf\u00e4ngnisverh\u00fctung und vaginalen Gesundheit, bei Kinderwunsch, in der Schwangerschaft und Stillzeit sowie in den Wechseljahren. Denn: Wir engagieren uns f\u00fcr die Gesundheit der Frauen.<\/p>\n<\/div>\n\t\t\t\t\t\t\t\t\t\t<a class=\"blue-button\" style=\"align-self: flex-end;\" href=\"https:\/\/effik.ch\/hcp\/gynakologie\/\" target=\"_self\">Erfahren Sie mehr<\/a>\n\t\t\t\t\t<\/div>\n\t<\/div>\n<\/div>\n<style>\n\t.inner-hero-block {\n\t\t@media (min-width: 768px) {\n\t\taspect-ratio: 1440 \/ 672; \n\t\tmin-height: 672px;\n\t\t}\n\t}\n<\/style>\n\n\n<div id=\"neurologie\" class=\"inner-hero-block mbl-border-top alignfull hero-mbl-column\" style=\"background-image: url(https:\/\/effik.ch\/hcp\/wp-content\/uploads\/sites\/2\/2024\/03\/Neuro.jpg)\">\n<div class=\"anchor-div\"><\/div>\n\n\t\t\t\t<div class=\"inner-hero-bg-mbl\" style=\"background-image: url(https:\/\/effik.ch\/hcp\/wp-content\/uploads\/sites\/2\/2024\/03\/Neuro.jpg)\">\n\n\t\t\t<img loading=\"lazy\" decoding=\"async\" width=\"100\" height=\"100\" src=\"https:\/\/effik.ch\/hcp\/wp-content\/uploads\/sites\/2\/2024\/03\/neuro-icon.svg\" class=\"inner-hero-icon left\" alt=\"\" \/>\t\t\t<\/div>\n\t<div class=\"wrap\" style=\"flex-direction: row-reverse;\">\n\t\t<div class=\"content-container\" style=\"text-align: left;\">\n\t\t\t<img loading=\"lazy\" decoding=\"async\" width=\"100\" height=\"100\" src=\"https:\/\/effik.ch\/hcp\/wp-content\/uploads\/sites\/2\/2024\/03\/neuro-icon.svg\" class=\"inner-hero-icon left\" alt=\"\" \/>\t\t\t<h2 class=\"section-title\">Neurologie<\/h2>\n\t\t\t\t\t\t\t\t\t<div class=\"section-content font-medium\" style=\"max-width: 430px; align-self: flex-start;\"><p>Die Neurologie besch\u00e4ftigt sich mit dem Verst\u00e4ndnis und der Behandlung von Krankheiten, die mit dem Nervensystem zusammenh\u00e4ngen. Auch wenn es f\u00fcr einige dieser Krankheiten noch keine Heilung gibt, stehen Fach\u00e4rzten in der Neurologie verschiedene Strategien zur Verf\u00fcgung, den Verlauf der Krankheit zu verlangsamen oder die Symptome zu behandeln.<\/p>\n<\/div>\n\t\t\t\t\t\t\t\t\t\t<a class=\"blue-button\" style=\"align-self: flex-start;\" href=\"https:\/\/effik.ch\/hcp\/neurologie\/\" target=\"_self\">Erfahren Sie mehr<\/a>\n\t\t\t\t\t<\/div>\n\t<\/div>\n<\/div>\n<style>\n\t.inner-hero-block {\n\t\t@media (min-width: 768px) {\n\t\taspect-ratio: 1440 \/ 636; \n\t\tmin-height: 636px;\n\t\t}\n\t}\n<\/style>\n\n\n<div id=\"hamatologie\" class=\"inner-hero-block mbl-border-top alignfull hero-mbl-column\" style=\"background-image: url(https:\/\/effik.ch\/hcp\/wp-content\/uploads\/sites\/2\/2024\/03\/Hemat.jpg)\">\n<div class=\"anchor-div\"><\/div>\n\n\t\t\t\t<div class=\"inner-hero-bg-mbl\" style=\"background-image: url(https:\/\/effik.ch\/hcp\/wp-content\/uploads\/sites\/2\/2024\/03\/Hemat.jpg)\">\n\n\t\t\t<img loading=\"lazy\" decoding=\"async\" width=\"101\" height=\"101\" src=\"https:\/\/effik.ch\/hcp\/wp-content\/uploads\/sites\/2\/2024\/03\/hemat-icon.svg\" class=\"inner-hero-icon right\" alt=\"\" \/>\t\t\t<\/div>\n\t<div class=\"wrap\" style=\"flex-direction: row;\">\n\t\t<div class=\"content-container\" style=\"text-align: right;\">\n\t\t\t<img loading=\"lazy\" decoding=\"async\" width=\"101\" height=\"101\" src=\"https:\/\/effik.ch\/hcp\/wp-content\/uploads\/sites\/2\/2024\/03\/hemat-icon.svg\" class=\"inner-hero-icon right\" alt=\"\" \/>\t\t\t<h2 class=\"section-title\">H\u00e4matologie\/<br \/>\r\nKardiologie<\/h2>\n\t\t\t\t\t\t\t\t\t<div class=\"section-content font-medium\" style=\"max-width: 552px; align-self: flex-end;\"><p>Herz-Kreislauf-Erkrankungen sind in der Schweiz die h\u00e4ufigste Todesursache und der dritth\u00e4ufigste Hospitalisierungsgrund. Eine bemerkenswerte Untergruppe dieser Erkrankungen ist die Thrombose. Die rechtzeitige Diagnose und Behandlung von Thrombosen sind entscheidend, um die potenziell lebensbedrohlichen Komplikationen im Zusammenhang mit Herz-Kreislauf-Erkrankungen zu verhindern.<\/p>\n<\/div>\n\t\t\t\t\t\t\t\t\t\t<a class=\"blue-button\" style=\"align-self: flex-end;\" href=\"https:\/\/effik.ch\/hcp\/hamatologieund-kardiologie\/\" target=\"_self\">Erfahren Sie mehr<\/a>\n\t\t\t\t\t<\/div>\n\t<\/div>\n<\/div>\n<style>\n\t.inner-hero-block {\n\t\t@media (min-width: 768px) {\n\t\taspect-ratio: 1440 \/ 676; \n\t\tmin-height: 676px;\n\t\t}\n\t}\n<\/style>\n","protected":false},"excerpt":{"rendered":"","protected":false},"author":1,"featured_media":0,"parent":0,"menu_order":0,"comment_status":"closed","ping_status":"closed","template":"","meta":{"_acf_changed":false,"footnotes":""},"class_list":{"2":"type-page","4":"hentry"},"acf":[],"yoast_head":"<!-- This site is optimized with the Yoast SEO plugin v25.1 - https:\/\/yoast.com\/wordpress\/plugins\/seo\/ -->\n<title>Therapeutische Bereiche - EFFIK HCP<\/title>\n<meta name=\"robots\" content=\"index, follow, max-snippet:-1, max-image-preview:large, max-video-preview:-1\" \/>\n<link rel=\"canonical\" href=\"https:\/\/effik.ch\/hcp\/therapeutische-bereiche\/\" \/>\n<meta property=\"og:locale\" content=\"de_DE\" \/>\n<meta property=\"og:type\" content=\"article\" \/>\n<meta property=\"og:title\" content=\"Therapeutische Bereiche - EFFIK HCP\" \/>\n<meta property=\"og:url\" content=\"https:\/\/effik.ch\/hcp\/therapeutische-bereiche\/\" \/>\n<meta property=\"og:site_name\" content=\"EFFIK HCP\" \/>\n<meta property=\"article:modified_time\" content=\"2024-06-19T07:35:26+00:00\" \/>\n<meta name=\"twitter:card\" content=\"summary_large_image\" \/>\n<script type=\"application\/ld+json\" class=\"yoast-schema-graph\">{\"@context\":\"https:\/\/schema.org\",\"@graph\":[{\"@type\":\"WebPage\",\"@id\":\"https:\/\/effik.ch\/hcp\/therapeutische-bereiche\/\",\"url\":\"https:\/\/effik.ch\/hcp\/therapeutische-bereiche\/\",\"name\":\"Therapeutische Bereiche - EFFIK HCP\",\"isPartOf\":{\"@id\":\"https:\/\/effik.ch\/hcp\/#website\"},\"datePublished\":\"2024-03-14T10:54:18+00:00\",\"dateModified\":\"2024-06-19T07:35:26+00:00\",\"breadcrumb\":{\"@id\":\"https:\/\/effik.ch\/hcp\/therapeutische-bereiche\/#breadcrumb\"},\"inLanguage\":\"de\",\"potentialAction\":[{\"@type\":\"ReadAction\",\"target\":[\"https:\/\/effik.ch\/hcp\/therapeutische-bereiche\/\"]}]},{\"@type\":\"BreadcrumbList\",\"@id\":\"https:\/\/effik.ch\/hcp\/therapeutische-bereiche\/#breadcrumb\",\"itemListElement\":[{\"@type\":\"ListItem\",\"position\":1,\"name\":\"Home\",\"item\":\"https:\/\/effik.ch\/hcp\/\"},{\"@type\":\"ListItem\",\"position\":2,\"name\":\"Therapeutische Bereiche\"}]},{\"@type\":\"WebSite\",\"@id\":\"https:\/\/effik.ch\/hcp\/#website\",\"url\":\"https:\/\/effik.ch\/hcp\/\",\"name\":\"EFFIK HCP\",\"description\":\"\",\"potentialAction\":[{\"@type\":\"SearchAction\",\"target\":{\"@type\":\"EntryPoint\",\"urlTemplate\":\"https:\/\/effik.ch\/hcp\/?s={search_term_string}\"},\"query-input\":{\"@type\":\"PropertyValueSpecification\",\"valueRequired\":true,\"valueName\":\"search_term_string\"}}],\"inLanguage\":\"de\"}]}<\/script>\n<!-- \/ Yoast SEO plugin. -->","yoast_head_json":{"title":"Therapeutische Bereiche - EFFIK HCP","robots":{"index":"index","follow":"follow","max-snippet":"max-snippet:-1","max-image-preview":"max-image-preview:large","max-video-preview":"max-video-preview:-1"},"canonical":"https:\/\/effik.ch\/hcp\/therapeutische-bereiche\/","og_locale":"de_DE","og_type":"article","og_title":"Therapeutische Bereiche - EFFIK HCP","og_url":"https:\/\/effik.ch\/hcp\/therapeutische-bereiche\/","og_site_name":"EFFIK HCP","article_modified_time":"2024-06-19T07:35:26+00:00","twitter_card":"summary_large_image","schema":{"@context":"https:\/\/schema.org","@graph":[{"@type":"WebPage","@id":"https:\/\/effik.ch\/hcp\/therapeutische-bereiche\/","url":"https:\/\/effik.ch\/hcp\/therapeutische-bereiche\/","name":"Therapeutische Bereiche - EFFIK HCP","isPartOf":{"@id":"https:\/\/effik.ch\/hcp\/#website"},"datePublished":"2024-03-14T10:54:18+00:00","dateModified":"2024-06-19T07:35:26+00:00","breadcrumb":{"@id":"https:\/\/effik.ch\/hcp\/therapeutische-bereiche\/#breadcrumb"},"inLanguage":"de","potentialAction":[{"@type":"ReadAction","target":["https:\/\/effik.ch\/hcp\/therapeutische-bereiche\/"]}]},{"@type":"BreadcrumbList","@id":"https:\/\/effik.ch\/hcp\/therapeutische-bereiche\/#breadcrumb","itemListElement":[{"@type":"ListItem","position":1,"name":"Home","item":"https:\/\/effik.ch\/hcp\/"},{"@type":"ListItem","position":2,"name":"Therapeutische Bereiche"}]},{"@type":"WebSite","@id":"https:\/\/effik.ch\/hcp\/#website","url":"https:\/\/effik.ch\/hcp\/","name":"EFFIK HCP","description":"","potentialAction":[{"@type":"SearchAction","target":{"@type":"EntryPoint","urlTemplate":"https:\/\/effik.ch\/hcp\/?s={search_term_string}"},"query-input":{"@type":"PropertyValueSpecification","valueRequired":true,"valueName":"search_term_string"}}],"inLanguage":"de"}]}},"_links":{"self":[{"href":"https:\/\/effik.ch\/hcp\/wp-json\/wp\/v2\/pages\/23","targetHints":{"allow":["GET"]}}],"collection":[{"href":"https:\/\/effik.ch\/hcp\/wp-json\/wp\/v2\/pages"}],"about":[{"href":"https:\/\/effik.ch\/hcp\/wp-json\/wp\/v2\/types\/page"}],"author":[{"embeddable":true,"href":"https:\/\/effik.ch\/hcp\/wp-json\/wp\/v2\/users\/1"}],"replies":[{"embeddable":true,"href":"https:\/\/effik.ch\/hcp\/wp-json\/wp\/v2\/comments?post=23"}],"version-history":[{"count":21,"href":"https:\/\/effik.ch\/hcp\/wp-json\/wp\/v2\/pages\/23\/revisions"}],"predecessor-version":[{"id":1253,"href":"https:\/\/effik.ch\/hcp\/wp-json\/wp\/v2\/pages\/23\/revisions\/1253"}],"wp:attachment":[{"href":"https:\/\/effik.ch\/hcp\/wp-json\/wp\/v2\/media?parent=23"}],"curies":[{"name":"wp","href":"https:\/\/api.w.org\/{rel}","templated":true}]}}