{"id":269,"date":"2024-03-21T06:18:23","date_gmt":"2024-03-21T06:18:23","guid":{"rendered":"https:\/\/effik.ch\/hcp\/?page_id=269"},"modified":"2025-11-10T12:33:49","modified_gmt":"2025-11-10T10:33:49","slug":"geliofil","status":"publish","type":"page","link":"https:\/\/effik.ch\/hcp\/gynakologie\/vaginale-gesundheit\/geliofil\/","title":{"rendered":"Geliofil"},"content":{"rendered":"<div id=\"block_d0aa40ff13e378880b213c834ae01ce8\" class=\"hero-block alignfull\" style=\"background-image: url(https:\/\/effik.ch\/hcp\/wp-content\/uploads\/sites\/2\/2024\/03\/vaginal-health-1.jpg)\">\n\t<div class=\"wrap\">\n\t\t\t\t<h1 class=\"entry-title\">Geliofil<sup>\u00ae<\/sup> Protect<\/h1>\n\t\t\t<\/div>\n<\/div>\n\n\n<div id=\"block_b64b96cd400c1638684f2f2e6485f3c3\" class=\"secondary-menu-block alignfull\" style=\"\">\n<ul class=\"secondary-menu-container\">\n\t\t\t<li class=\"secondary-menu-item\">\n\t\t\t<a class=\"secondary-menu-item__content\" href=\"#geliofil-protect\">Geliofil<sup>\u00ae<\/sup> Protect<\/a>\n\t\t<\/li>\n\t\t\t\t<li class=\"secondary-menu-item\">\n\t\t\t<a class=\"secondary-menu-item__content\" href=\"#packungsbeilage\">Packungsbeilage<\/a>\n\t\t<\/li>\n\t\t\t<\/ul>\n\t<\/div>\n\n\n<div id=\"geliofil-protect\" class=\"inner-hero-block spaced-p padding-36 border-0 mbl-border-0 product-section alignfull hero-mbl-column\" style=\"background-image: url(https:\/\/effik.ch\/hcp\/wp-content\/uploads\/sites\/2\/2024\/03\/geliofil-bg-1.svg)\">\n<div class=\"anchor-div\"><\/div>\n\n\t\t\t<div class=\"inner-hero-bg-mbl\" style=\"background-image: url(https:\/\/effik.ch\/hcp\/wp-content\/uploads\/sites\/2\/2024\/03\/geliofil-bg-1.svg); aspect-ratio:393\/200; min-height:200px;\">\n\t<div class=\"img-container\"><img loading=\"lazy\" decoding=\"async\" width=\"417\" height=\"379\" src=\"https:\/\/effik.ch\/hcp\/wp-content\/uploads\/sites\/2\/2024\/06\/Geliofil.png\" class=\"attachment-large size-large\" alt=\"\" srcset=\"https:\/\/effik.ch\/hcp\/wp-content\/uploads\/sites\/2\/2024\/06\/Geliofil.png 417w, https:\/\/effik.ch\/hcp\/wp-content\/uploads\/sites\/2\/2024\/06\/Geliofil-300x273.png 300w\" sizes=\"auto, (max-width: 417px) 100vw, 417px\" \/><\/div>\n\t\t\t\t\t<\/div>\n\t<div class=\"wrap\" style=\"flex-direction: row-reverse;\">\n\t\t<div class=\"img-container\" style=\"justify-content: flex-end; max-height: 350px; width: calc(100% - 460px);\"><img loading=\"lazy\" decoding=\"async\" width=\"417\" height=\"379\" src=\"https:\/\/effik.ch\/hcp\/wp-content\/uploads\/sites\/2\/2024\/06\/Geliofil.png\" class=\"attachment-large size-large\" alt=\"\" srcset=\"https:\/\/effik.ch\/hcp\/wp-content\/uploads\/sites\/2\/2024\/06\/Geliofil.png 417w, https:\/\/effik.ch\/hcp\/wp-content\/uploads\/sites\/2\/2024\/06\/Geliofil-300x273.png 300w\" sizes=\"auto, (max-width: 417px) 100vw, 417px\" \/><\/div>\n\t\t\t<div class=\"content-container\" style=\"text-align: left;\">\n\t\t\t\t\t\t\t\t\t<div class=\"section-content font-small\" style=\"max-width: 460px; align-self: flex-start;\"><p><strong>Geliofil<sup>\u00ae<\/sup> Protect<\/strong> stellt das nat\u00fcrliche pH-Gleichgewicht in der Vagina wieder her und bewahrt es.<\/p>\n<\/div>\n\t\t\t\t\t\t\t\t<\/div>\n\t<\/div>\n<\/div>\n<style>\n\t.inner-hero-block {\n\t\t@media (min-width: 768px) {\n\t\taspect-ratio:  \/ 350; \n\t\tmin-height: 350px;\n\t\t}\n\t}\n<\/style>\n\n\n<div id=\"block_25189ccc713215a5db1b8cf1a6e54fba\" class=\"hero-text-block body_16_regular border-wrapped mbl-wrapped-0 alignfull\" style=\"\">\n\t<div class=\"wrap\">\n\t\t\t\t\t\t\t<div class=\"hero-text\"><p><strong>Geliofil<sup>\u00ae<\/sup> Protect<\/strong> ist ein Vaginalgel mit Glykogen und Milchs\u00e4ure.<\/p>\n<p><strong>Geliofil<sup>\u00ae<\/sup> Protect<\/strong> erzeugt eine filmbildende Barriere \u00fcber der Vaginalschleimhaut, diese Barriere haftet und bildet eine Schutzschicht. Es wirkt, indem es die Anhaftung von sch\u00e4dlichen Bakterien und Mikroorganismen an der Schleimhaut begrenzt und ein ung\u00fcnstiges Vaginalmilieu f\u00fcr sie schafft.<\/p>\n<p><strong>Geliofil<sup>\u00ae<\/sup> Protect<\/strong> enth\u00e4lt <strong>Milchs\u00e4ure<\/strong>, die wirksam den Geruch neutralisiert und den physiologischen pH-Wert der Vagina wiederherstellt. Wenn der pH-Wert normal ist und die N\u00e4hrstoffe ausreichend sind, wachsen die sch\u00fctzenden Milchs\u00e4urebakterien, und das nat\u00fcrliche vaginale Gleichgewicht wird wiederhergestellt, wodurch <strong>anormaler Ausfl\u00aduss und Beschwerden gelindert<\/strong> und das <strong>Auftreten von unangenehmen Ger\u00fcchen vermieden werden<\/strong>.<\/p>\n<\/div>\n\t\t\t<\/div>\n<\/div>\n\n\n<div id=\"block_8065f31c6fdf50fd67bf6f9741d3fae5\" class=\"product-content-block alignfull\" style=\"\">\n\t<div class=\"wrap\">\n\t\t<div class=\"product-left-content\">\n\t\t\t\t\t\t<h2 class=\"plc-title\">Wann Geliofil<sup>\u00ae<\/sup> Protect verwenden ?<\/h2>\n\t\t\t\t\t\t\t\t<\/div>\n\t\t<div class=\"product-right-content\">\n\t\t\t<p><strong>Geliofil<sup>\u00ae<\/sup> Protect<\/strong> neutralisiert schlechten Geruch, stellt den normalen Ausfl\u00aduss wieder her, lindert vaginale Beschwerden und stellt die Vaginalfl\u00adora im Zusammenhang mit vaginalen St\u00f6rungen wieder her, zu denen u.a. die bakterielle Vaginose geh\u00f6ren w\u00fcrde.<\/p>\n<p><strong>Geliofil<sup>\u00ae<\/sup> Protect<\/strong> wird auch zur Wiederherstellung des nat\u00fcrlichen pH-Wertes der Vagina verwendet.<\/p>\n\t\t<\/div>\n\t<\/div>\n<\/div>\n\n\n<div id=\"anwendung\" class=\"product-content-block alignfull\" style=\"\">\n\t<div class=\"wrap\">\n\t\t<div class=\"product-left-content\">\n\t\t\t\t\t\t<h2 class=\"plc-title\">Wie wird Geliofil<sup>\u00ae<\/sup> Protect angewendet ?<\/h2>\n\t\t\t\t\t\t\t\t<\/div>\n\t\t<div class=\"product-right-content\">\n\t\t\t<p><strong>Geliofil<sup>\u00ae<\/sup> Protect<\/strong> ist ein Gel zur intravaginalen Verabreichung. Jede Tube mit Applikator entspricht dabei einer Einzeldosis.<\/p>\n<p><strong>Zur Behandlung <\/strong>sollte 1 Applikator pro Tag w\u00e4hrend 7 Tagen vor dem Schlafengehen verwendet werden.<\/p>\n<p><strong>Zur Erhaltung kann Geliofil\u00ae Protect <\/strong>angewendet werden, wenn ein Wiederauftreten der Symptome festgestellt wird, um den normalen pH-Wert und die Vaginalflora wiederherzustellen. In diesem Fall sollte die Behandlung wiederholt werden, indem 7 Tage lang t\u00e4glich 1 Applikator verwendet wird.<\/p>\n<p><strong>Geliofil<sup>\u00ae<\/sup> Protect kann w\u00e4hrend der Schwangerschaft eingesetzt werden.<\/strong><\/p>\n<p><strong>Packung<\/strong>:<br \/>\n7 Einmaldosen (5ml)<\/p>\n\t\t<\/div>\n\t<\/div>\n<\/div>\n\n\n<div id=\"packungsbeilage\" class=\"product-content-block alignfull\" style=\"\">\n\t<div class=\"wrap\">\n\t\t<div class=\"product-left-content\">\n\t\t\t\t\t\t<h2 class=\"plc-title\">Geliofil<sup>\u00ae<\/sup> Protect ist sicher in der Anwendung<\/h2>\n\t\t\t\t\t\t\t\t<\/div>\n\t\t<div class=\"product-right-content\">\n\t\t\t<p><strong>Geliofil<sup>\u00ae<\/sup> Protect<\/strong> kann bei anhaltenden Pilzinfektionen (z. B. Candidose) oder durch Risse in der Vaginalschleimhaut stechend wirken. Dieses Gef\u00fchl verschwindet schnell.<\/p>\n<p><a href=\"https:\/\/effik.ch\/hcp\/wp-content\/uploads\/sites\/2\/2025\/05\/Geliofil_Protect_Leaflet.pdf\" target=\"_blank\" rel=\"noopener\"><strong>Hier k\u00f6nnen Sie die Packungsbeilage herunterladen (Medizinprodukt: Klasse IIa)<\/strong><\/a><\/p>\n\t\t<\/div>\n\t<\/div>\n<\/div>\n\n\n\n<div style=\"height:80px\" aria-hidden=\"true\" class=\"wp-block-spacer\"><\/div>\n","protected":false},"excerpt":{"rendered":"","protected":false},"author":1,"featured_media":0,"parent":185,"menu_order":3,"comment_status":"closed","ping_status":"closed","template":"","meta":{"_acf_changed":false,"footnotes":""},"class_list":{"2":"type-page","4":"hentry"},"acf":[],"yoast_head":"<!-- This site is optimized with the Yoast SEO plugin v25.1 - https:\/\/yoast.com\/wordpress\/plugins\/seo\/ -->\n<title>Geliofil - EFFIK HCP<\/title>\n<meta name=\"robots\" content=\"index, follow, max-snippet:-1, max-image-preview:large, max-video-preview:-1\" \/>\n<link rel=\"canonical\" href=\"https:\/\/effik.ch\/hcp\/gynakologie\/vaginale-gesundheit\/geliofil\/\" \/>\n<meta property=\"og:locale\" content=\"de_DE\" \/>\n<meta property=\"og:type\" content=\"article\" \/>\n<meta property=\"og:title\" content=\"Geliofil - EFFIK HCP\" \/>\n<meta property=\"og:url\" content=\"https:\/\/effik.ch\/hcp\/gynakologie\/vaginale-gesundheit\/geliofil\/\" \/>\n<meta property=\"og:site_name\" content=\"EFFIK HCP\" \/>\n<meta property=\"article:modified_time\" content=\"2025-11-10T10:33:49+00:00\" \/>\n<meta name=\"twitter:card\" content=\"summary_large_image\" \/>\n<script type=\"application\/ld+json\" class=\"yoast-schema-graph\">{\"@context\":\"https:\/\/schema.org\",\"@graph\":[{\"@type\":\"WebPage\",\"@id\":\"https:\/\/effik.ch\/hcp\/gynakologie\/vaginale-gesundheit\/geliofil\/\",\"url\":\"https:\/\/effik.ch\/hcp\/gynakologie\/vaginale-gesundheit\/geliofil\/\",\"name\":\"Geliofil - EFFIK HCP\",\"isPartOf\":{\"@id\":\"https:\/\/effik.ch\/hcp\/#website\"},\"datePublished\":\"2024-03-21T06:18:23+00:00\",\"dateModified\":\"2025-11-10T10:33:49+00:00\",\"breadcrumb\":{\"@id\":\"https:\/\/effik.ch\/hcp\/gynakologie\/vaginale-gesundheit\/geliofil\/#breadcrumb\"},\"inLanguage\":\"de\",\"potentialAction\":[{\"@type\":\"ReadAction\",\"target\":[\"https:\/\/effik.ch\/hcp\/gynakologie\/vaginale-gesundheit\/geliofil\/\"]}]},{\"@type\":\"BreadcrumbList\",\"@id\":\"https:\/\/effik.ch\/hcp\/gynakologie\/vaginale-gesundheit\/geliofil\/#breadcrumb\",\"itemListElement\":[{\"@type\":\"ListItem\",\"position\":1,\"name\":\"Home\",\"item\":\"https:\/\/effik.ch\/hcp\/\"},{\"@type\":\"ListItem\",\"position\":2,\"name\":\"Gyn\u00e4kologie\",\"item\":\"https:\/\/effik.ch\/hcp\/gynakologie\/\"},{\"@type\":\"ListItem\",\"position\":3,\"name\":\"Vaginale Gesundheit\",\"item\":\"https:\/\/effik.ch\/hcp\/gynakologie\/vaginale-gesundheit\/\"},{\"@type\":\"ListItem\",\"position\":4,\"name\":\"Geliofil\"}]},{\"@type\":\"WebSite\",\"@id\":\"https:\/\/effik.ch\/hcp\/#website\",\"url\":\"https:\/\/effik.ch\/hcp\/\",\"name\":\"EFFIK HCP\",\"description\":\"\",\"potentialAction\":[{\"@type\":\"SearchAction\",\"target\":{\"@type\":\"EntryPoint\",\"urlTemplate\":\"https:\/\/effik.ch\/hcp\/?s={search_term_string}\"},\"query-input\":{\"@type\":\"PropertyValueSpecification\",\"valueRequired\":true,\"valueName\":\"search_term_string\"}}],\"inLanguage\":\"de\"}]}<\/script>\n<!-- \/ Yoast SEO plugin. -->","yoast_head_json":{"title":"Geliofil - EFFIK HCP","robots":{"index":"index","follow":"follow","max-snippet":"max-snippet:-1","max-image-preview":"max-image-preview:large","max-video-preview":"max-video-preview:-1"},"canonical":"https:\/\/effik.ch\/hcp\/gynakologie\/vaginale-gesundheit\/geliofil\/","og_locale":"de_DE","og_type":"article","og_title":"Geliofil - EFFIK HCP","og_url":"https:\/\/effik.ch\/hcp\/gynakologie\/vaginale-gesundheit\/geliofil\/","og_site_name":"EFFIK HCP","article_modified_time":"2025-11-10T10:33:49+00:00","twitter_card":"summary_large_image","schema":{"@context":"https:\/\/schema.org","@graph":[{"@type":"WebPage","@id":"https:\/\/effik.ch\/hcp\/gynakologie\/vaginale-gesundheit\/geliofil\/","url":"https:\/\/effik.ch\/hcp\/gynakologie\/vaginale-gesundheit\/geliofil\/","name":"Geliofil - EFFIK HCP","isPartOf":{"@id":"https:\/\/effik.ch\/hcp\/#website"},"datePublished":"2024-03-21T06:18:23+00:00","dateModified":"2025-11-10T10:33:49+00:00","breadcrumb":{"@id":"https:\/\/effik.ch\/hcp\/gynakologie\/vaginale-gesundheit\/geliofil\/#breadcrumb"},"inLanguage":"de","potentialAction":[{"@type":"ReadAction","target":["https:\/\/effik.ch\/hcp\/gynakologie\/vaginale-gesundheit\/geliofil\/"]}]},{"@type":"BreadcrumbList","@id":"https:\/\/effik.ch\/hcp\/gynakologie\/vaginale-gesundheit\/geliofil\/#breadcrumb","itemListElement":[{"@type":"ListItem","position":1,"name":"Home","item":"https:\/\/effik.ch\/hcp\/"},{"@type":"ListItem","position":2,"name":"Gyn\u00e4kologie","item":"https:\/\/effik.ch\/hcp\/gynakologie\/"},{"@type":"ListItem","position":3,"name":"Vaginale Gesundheit","item":"https:\/\/effik.ch\/hcp\/gynakologie\/vaginale-gesundheit\/"},{"@type":"ListItem","position":4,"name":"Geliofil"}]},{"@type":"WebSite","@id":"https:\/\/effik.ch\/hcp\/#website","url":"https:\/\/effik.ch\/hcp\/","name":"EFFIK HCP","description":"","potentialAction":[{"@type":"SearchAction","target":{"@type":"EntryPoint","urlTemplate":"https:\/\/effik.ch\/hcp\/?s={search_term_string}"},"query-input":{"@type":"PropertyValueSpecification","valueRequired":true,"valueName":"search_term_string"}}],"inLanguage":"de"}]}},"_links":{"self":[{"href":"https:\/\/effik.ch\/hcp\/wp-json\/wp\/v2\/pages\/269","targetHints":{"allow":["GET"]}}],"collection":[{"href":"https:\/\/effik.ch\/hcp\/wp-json\/wp\/v2\/pages"}],"about":[{"href":"https:\/\/effik.ch\/hcp\/wp-json\/wp\/v2\/types\/page"}],"author":[{"embeddable":true,"href":"https:\/\/effik.ch\/hcp\/wp-json\/wp\/v2\/users\/1"}],"replies":[{"embeddable":true,"href":"https:\/\/effik.ch\/hcp\/wp-json\/wp\/v2\/comments?post=269"}],"version-history":[{"count":27,"href":"https:\/\/effik.ch\/hcp\/wp-json\/wp\/v2\/pages\/269\/revisions"}],"predecessor-version":[{"id":2491,"href":"https:\/\/effik.ch\/hcp\/wp-json\/wp\/v2\/pages\/269\/revisions\/2491"}],"up":[{"embeddable":true,"href":"https:\/\/effik.ch\/hcp\/wp-json\/wp\/v2\/pages\/185"}],"wp:attachment":[{"href":"https:\/\/effik.ch\/hcp\/wp-json\/wp\/v2\/media?parent=269"}],"curies":[{"name":"wp","href":"https:\/\/api.w.org\/{rel}","templated":true}]}}