{"id":371,"date":"2024-03-21T09:37:52","date_gmt":"2024-03-21T09:37:52","guid":{"rendered":"https:\/\/effik.ch\/hcp\/?page_id=371"},"modified":"2024-06-06T11:45:17","modified_gmt":"2024-06-06T09:45:17","slug":"datenschutzerklarungund-cookie-richtlinie","status":"publish","type":"page","link":"https:\/\/effik.ch\/hcp\/datenschutzerklarungund-cookie-richtlinie\/","title":{"rendered":"Datenschutzerkl\u00e4rung und Cookie-Richtlinie"},"content":{"rendered":"<div id=\"block_6976becfb9d9d0d54d423bc0a5d3d5ce\" class=\"hero-block alignfull\" style=\"background-image: url(https:\/\/effik.ch\/hcp\/wp-content\/uploads\/sites\/2\/2024\/03\/uber-uns.jpg)\">\n\t<div class=\"wrap\">\n\t\t\t\t<h1 class=\"entry-title\">Datenschutzerkl\u00e4rung <br \/>\r\nund Cookie-Richtlinie<\/h1>\n\t\t\t<\/div>\n<\/div>\n\n\n<div id=\"block_9b2b7e30bdd60e29091b45faf2156d96\" class=\"hero-text-block body_16_regular\" style=\"\">\n\t<div class=\"wrap\">\n\t\t\t\t\t\t\t<div class=\"hero-text\"><h2><strong>Datenschutzerkl\u00e4rung der Effik SA<\/strong><\/h2>\n<p><strong>1. Geltungsbereich und Verantwortlicher<\/strong><\/p>\n<p>Diese Datenschutzerkl\u00e4rung gibt Auskunft dar\u00fcber, wie und zu welchen Zwecken die EFFIK SA (nachfolgend &#8222;wir&#8220; oder &#8222;EFFIK&#8220;) Ihre Personendaten (nachfolgend &#8222;Sie&#8220; oder &#8222;Nutzer&#8220;) bearbeitet. Als &#8222;Personendaten&#8220; gelten alle Angaben und Informationen, die sich auf eine bestimmte oder bestimmbare nat\u00fcrliche Person beziehen.<\/p>\n<p>Name und Anschrift des f\u00fcr die Bearbeitung Verantwortlichen sind wie folgt:<\/p>\n<p>EFFIK SA<br \/>\nRue du March\u00e9 10<br \/>\n1260 Nyon<br \/>\nTelefon: +41 22 994 39 39<br \/>\nE-Mail: info@effik.ch<\/p>\n<p>Wenden Sie sich bitte bei Fragen und Anliegen zum Thema Datenschutz an unsere obige Adresse.<\/p>\n<p><strong>2. Datenkategorien und Bearbeitungszwecke<\/strong><\/p>\n<p><strong>2.1 Datenherkunft und Datenkategorien<\/strong><\/p>\n<p>Wir bearbeiten in erster Linie die Personendaten, die wir im Rahmen unserer Gesch\u00e4ftst\u00e4tigkeit von unseren Kunden, Interessenten, Webseitenbesuchern, Lieferanten und anderen Gesch\u00e4ftspartnern erhalten oder erheben. Daneben k\u00f6nnen wir auch Personendaten bearbeiten, die wir aus \u00f6ffentlich zug\u00e4nglichen Quellen gewonnen haben (z.B. Webseiten oder \u00f6ffentliche Register wie das Handelsregister etc.). Schliesslich kann es auch sein, dass wir Ihre Personendaten von Familienmitgliedern von Ihnen, von Gesch\u00e4ftspartnern von uns, von Amtsstellen und Beh\u00f6rden oder von anderen Dritten erhalten haben.<\/p>\n<p>Die von uns bearbeiteten Personendaten umfassen, je nach Fall, insbesondere Personalien und Kontaktdaten (z.B. Vorname, Nachname, Adresse, Geschlecht, Geburtsdatum, Telefonnummer und E-Mail-Adresse), Lieferadresse, Bewerbungsunterlagen (z.B. Lebenslauf, Motivationsschreiben, Zertifikate, Zeugnisse etc.), Gesundheitsdaten, namentlich im Zusammenhang mit Mitteilungen \u00fcber Nebenwirkungen oder andere Aspekte der Pharmakovigilanz sowie bei medizinischen Anfragen, Finanzinformationen zu Zahlungszwecken (z.B. Bankkontoangaben), Angaben \u00fcber die Nutzung unserer Webseiten (z.B. IP-Adresse) sowie Informationen jeder Art aus Korrespondenz, Kontakten und Interaktionen mit uns.<\/p>\n<p><strong>2.2 Bearbeitungszwecke und Rechtsgrundlagen<\/strong><\/p>\n<p>Wir bearbeiten Ihre Personendaten in erster Linie f\u00fcr jene Bearbeitungszwecke, die im Zusammenhang mit unserer Gesch\u00e4ftst\u00e4tigkeit und der Erbringung unserer Dienstleistungen erforderlich sind. Dabei bearbeiten wir Ihre Personendaten insbesondere f\u00fcr folgende Zwecke:<\/p>\n<p>um mit Ihnen zu kommunizieren, insbesondere um Ihnen Auskunft geben oder Ihre Anliegen<br \/>\nbearbeiten zu k\u00f6nnen;<\/p>\n<ul>\n<li>um Ihnen unsere Dienstleistungen und Produkte zur Verf\u00fcgung zu stellen und diese zu verbessern;<\/li>\n<li>um Veranstaltungen durchf\u00fchren zu k\u00f6nnen;<\/li>\n<li>um Ihnen unseren Newsletter zuzustellen;<\/li>\n<li>Ihre anonymisierten personenbezogenen Daten im Zusammenhang mit Nebenwirkungen oder anderen Aspekten der Pharmakovigilanz sowie Produktebeanstandungen werden ausschliesslich zu diesen Zwecken bearbeitet, namentlich um Ihre Information oder Produktbeanstandung zu beurteilen, einzuordnen und zu bewerten, um entsprechende Anfragen nachzuverfolgen und um die Daten zu Referenzzwecken in einer Datenbank f\u00fcr Pharmakovigilanz und Produktbeanstandungen zu speichern;<\/li>\n<li>Ihre personenbezogenen Daten im Zusammenhang mit medizinischen Anfragen werden von uns verwendet, um die Anfrage zu beantworten und weiterzuverfolgen. Die betreffenden Informationen k\u00f6nnen zu Referenzzwecken auch in einer medizinischen Informationsdatenbank gespeichert werden;<\/li>\n<li>um die Gesch\u00e4ftsbeziehung mit Ihnen zu unterhalten und zu verwalten (z.B. Rechnungsstellung);<\/li>\n<li>zur Analyse unserer Dienstleistungen (z.B. Kundenzufriedenheit, Marktanteile etc.);<\/li>\n<li>\u00a0um Sie \u00fcber neuere Entwicklungen zu informieren oder Ihnen andere Informationen oder Werbung zu unseren Dienstleistungen und Produkten zukommen zu lassen;<\/li>\n<li>um unsere Webseiten zu unterhalten, bereitzustellen und zu verbessern, einschliesslich deren \u00dcberwachung sowie die Auswertung der Nutzung unserer Webseite durch Sie sowie damit verbundener Marketingzwecke;<\/li>\n<li>\u00a0um eine von Ihnen an uns gerichtete Bewerbung f\u00fcr eine Anstellung bei uns zu bearbeiten;<\/li>\n<li>um Ihre Anfrage nach Mustern und andere Unterlagen zu erf\u00fcllen;<\/li>\n<li>zur Geltendmachung rechtlicher Anspr\u00fcche und Verteidigung in Zusammenhang mit rechtlichen Streitigkeiten sowie beh\u00f6rdlichen Verfahren;<\/li>\n<li>um unseren gesetzlichen Pflichten im In- und Ausland nachzukommen.<\/li>\n<\/ul>\n<p>Wir bearbeiten Ihre Personendaten zu den oben genannten Zwecken, je nach Situation, insbesondere gest\u00fctzt auf die folgenden Rechtsgrundlagen:<\/p>\n<ul>\n<li>Ihre vorherige, klar ausgedr\u00fcckte Einwilligung: Ihre Einwilligung gilt als ausgedr\u00fcckt, wenn Sie die betreffende Verarbeitung akzeptieren oder ablehnen.<\/li>\n<li>F\u00fcr EFFIK geltende gesetzliche Verpflichtungen: Da EFFIK ein pharmazeutisches Unternehmen ist, unterliegt es den Verpflichtungen der Pharmakovigilanz, Materiovigilanz, Nutrivigilanz oder Kosmetovigilanz und muss daher die Nebenwirkungen der auf den Markt gebrachten Produkte \u00fcberwachen, was die Erfassung und Speicherung personenbezogener Daten zwingend erforderlich machen kann.<\/li>\n<li>Ein berechtigtes Interesse von EFFIK im Sinne der geltenden Rechtsvorschriften zum Schutz personenbezogener Daten. Es ist festgelegt, dass in diesem Fall Ihre Interessen und Grundrechte bei der Bestimmung des rechtm\u00e4ssigen Charakters der Verarbeitung ebenfalls ber\u00fccksichtigt werden.<\/li>\n<li>Erf\u00fcllung eines Vertrags: Die Verarbeitung Ihrer personenbezogenen Daten ist f\u00fcr die Erf\u00fcllung eines Vertrags mit Ihnen erforderlich;<\/li>\n<\/ul>\n<p>&nbsp;<\/p>\n<p><strong>2.3 Beim Besuch unserer Webseiten<\/strong><\/p>\n<p>Um unsere Webseiten zu besuchen, m\u00fcssen Sie keine Personendaten offenlegen. Der Server erfasst jedoch mit jedem Aufruf eine Reihe von Benutzerinformationen, welche vor\u00fcbergehend in den Logfiles des Servers gespeichert werden. Die erfassten Informationen beinhalten unter anderem die IP-Adresse, das Datum und die Uhrzeit des Zugriffs, die Zeitzonendifferenz zur GMT-Zeitzone, den Namen und die URL der abgerufenen Datei, die Webseite, von der aus der Zugriff erfolgt, den verwendeten Browser sowie das verwendete Betriebssystem.<\/p>\n<p>Bei der Nutzung dieser allgemeinen Informationen findet keine Zuordnung zu einer bestimmten Person statt. Die Erfassung dieser Informationen bzw. Daten ist technisch erforderlich, um Ihnen unsere Webseiten anzuzeigen und dessen Stabilit\u00e4t und Sicherheit zu gew\u00e4hrleisten. Diese Informationen werden zudem erhoben, um die Webseiten zu verbessern und ihre Nutzung zu analysieren. Rechtsgrundlage der vor\u00fcbergehenden Speicherung der Informationen und der Logfiles bildet unser berechtigtes Interesse, Ihnen unsere Webseiten in ausreichender Qualit\u00e4t anbieten und diese kontinuierlich verbessern zu k\u00f6nnen (weitere Erl\u00e4uterungen siehe 2.8 Cookies).<\/p>\n<p><strong>2.4 Kontaktformular<\/strong><\/p>\n<p>Sie k\u00f6nnen \u00fcber das auf unserer Webseite zur Verf\u00fcgung gestellte Kontaktformular mit uns in Kontakt treten z. B. wenn Sie eine Frage zu einem unserer Produkte haben oder sich bewerben m\u00f6chten. Pflichtangabe zur Nutzung des Kontaktformulars ist die Eingabe Ihres Namens, Ihrer Postadresse, Ihrer E-Mail-Adresse, Ihrer Telefonnummer sowie der Betreff. Die von Ihnen an uns \u00fcbermittelten Personendaten werden von uns gespeichert und f\u00fcr die Erledigung Ihrer Anfrage bearbeitet. Rechtsgrundlage f\u00fcr diese Personendatenbearbeitung bildet Ihre Einwilligung sowie unser berechtigtes Interesse, Ihre Anfrage zu bearbeiten.<\/p>\n<p><strong>2.5 Kontaktaufnahme per E-Mail und Telefon<\/strong><\/p>\n<p>Sie k\u00f6nnen \u00fcber die auf unseren Webseiten angegebenen E-Mail-Adressen und Telefonnummern mit uns elektronisch oder telefonisch in Kontakt treten. In diesem Fall werden die von Ihnen an uns \u00fcbermittelten Personendaten von uns gespeichert und f\u00fcr die Erledigung Ihrer Anfrage bearbeitet. Rechtsgrundlage f\u00fcr diese Personendatenbearbeitung bildet Ihre Einwilligung sowie unser berechtigtes Interesse, Ihre Anfrage zu bearbeiten.<\/p>\n<p><strong>2.6 Bewerbungen<\/strong><\/p>\n<p>Sie k\u00f6nnen per Post oder \u00fcber die auf unserer Webseite angegebene E-Mail-Adresse Ihre Bewerbung f\u00fcr eine Stelle bei uns einreichen. Die Bewerbungsunterlagen und s\u00e4mtliche damit an uns bekanntgegebenen Personendaten werden streng vertraulich behandelt, keinem Dritten bekanntgegeben und nur zum Zweck der Bearbeitung Ihrer Bewerbung f\u00fcr eine Anstellung bei uns bearbeitet. Ohne Ihre gegenteilige Zustimmung wird Ihr Bewerbungsdossier nach dem Abschluss des Bewerbungsverfahrens entweder an Sie zur\u00fcckgesendet oder gel\u00f6scht\/vernichtet, soweit es nicht einer gesetzlichen Aufbewahrungspflicht unterliegt. Rechtsgrundlagen f\u00fcr die Bearbeitung Ihrer Daten bilden Ihre Einwilligung, die Erf\u00fcllung des Vertrages mit Ihnen und unsere berechtigten Interessen.<\/p>\n<p><strong>2.7 Cookies<\/strong><\/p>\n<p><strong>2.7.1 Technisch notwendige Cookies<\/strong><\/p>\n<p>Der Zweck der Verwendung von Cookies ist zum einen, die Nutzung unserer Webseite f\u00fcr die Nutzer zu erm\u00f6glichen und zu vereinfachen. Einige Funktionen unserer Webseite k\u00f6nnen ohne den Einsatz von Cookies (sog. technisch notwendige Cookies) nicht angeboten werden. Sie k\u00f6nnen technisch notwendige Cookies zwar in Ihrem Browser blockieren, einige Teile unserer Webseite k\u00f6nnen dann aber nicht mehr funktionieren.<\/p>\n<p><strong>2.7.2 Technisch nicht notwendige Cookies<\/strong><\/p>\n<p>Zum andern verwenden wir Cookies aber auch f\u00fcr die Analyse des Nutzerverhaltens auf unserer Webseite, namentlich zur Reichweitenmessung, sowie schliesslich auch zu Marketingzwecken. Die analytischen Cookies erm\u00f6glichen es uns, Besucherverhalten und Traffic-Quellen zu analysieren, damit wir die Leistung unserer Webseite messen und das Nutzererlebnis verbessern k\u00f6nnen. Sie helfen uns, zu erkennen, wie beliebt welche Seiten sind und zeigen an, wie sich Besucher auf unserer Webseite bewegen.<\/p>\n<p>Marketing Cookies erm\u00f6glichen es, Ihnen Werbung zu liefern, die f\u00fcr Sie relevant ist. Diese Cookies k\u00f6nnen sich daran erinnern, dass Sie unsere Webseite besucht haben und diese Informationen an andere Unternehmen, einschliesslich anderer Werbetreibender, weitergeben.<\/p>\n<p>Wir verwenden konkret folgende Analyse- und Marketing-Cookies:<\/p>\n<ul>\n<li>Google Tag Manager<\/li>\n<\/ul>\n<p>Sie k\u00f6nnen der Verwendung von Cookies widersprechen, etwa (i) durch die Wahl der entsprechenden Einstellungen in Ihrem Browser, (ii) durch das Verwenden entsprechender Cookie-Blocker Software (z.B. ghostery etc.) oder (iii) indem Sie betreffend Cookies von Google etwa das unter dem folgenden Link verf\u00fcgbare Browser-Plugin herunterladen und installieren: <a href=\"https:\/\/tools.google.com\/dlpage\/gaoptout?hl=de\" target=\"_blank\" rel=\"noopener\">https:\/\/tools.google.com\/dlpage\/gaoptout?hl=de<\/a><\/p>\n<p><strong>3. Bekanntgabe von Personendaten an Empf\u00e4nger und ins Ausland<\/strong><\/p>\n<p>Wir geben Ihre Personendaten gegebenenfalls an Empf\u00e4nger weiter, die wir mit der Erbringung von Dienstleistungen beauftragen (sog. Auftragsbearbeiter). Zu diesen Auftragsbearbeitern z\u00e4hlen Webseitenhoster, IT-Applikationsanbieter sowie weitere IT-Dienstleister. Diese Beauftragte d\u00fcrfen Ihre Personendaten ausschliesslich f\u00fcr die gleichen Bearbeitungszwecke bearbeiten, wie wir Sie Ihnen gegen\u00fcber in dieser Datenschutzerkl\u00e4rung mitgeteilt haben. Zudem k\u00f6nnen wir Ihre Personendaten auch an Gruppengesellschaften des Italfarmaco-Konzerns bekanntgeben und sie von diesen zu den oben dargelegten Zwecken verarbeiten lassen (2.2 Zweck der Verarbeitung und Rechtsgrundlagen).<\/p>\n<p>Wir k\u00f6nnen Ihre Personendaten, die Sie uns zur Verf\u00fcgung stellen, an Gesch\u00e4ftspartner oder an Dienstleister von uns weitergeben, sofern dies erforderlich ist, (i) um Ihre Informationen zur Pharmakovigilanz oder Produktbeanstandungen zu bearbeiten, (ii) um unsere Datenbanken f\u00fcr Pharmakovigilanz und Produktbeanstandungen zu pflegen sowie (iii) um den Vorgaben der Pharmakovigilanz-Gesetzgebung nachzukommen. Wir sind ausserdem verpflichtet, den Gesundheitsbeh\u00f6rden weltweit bestimmte, hinsichtlich Pharmakovigilanz und Produkten relevante Informationen weiterzugeben, wobei auch anonymisierte Personendaten von Ihnen (wie unter Ziff. 2.1 beschrieben) bekanntgegeben werden k\u00f6nnen. Ihre vorherige Zustimmung ist in diesem Fall nicht erforderlich.<\/p>\n<p>Ihre Personendaten k\u00f6nnen im Zusammenhang mit diesen Bekanntgaben an Dritte insbesondere in die Mitgliedstaaten der Europ\u00e4ischen Union, EFTA, England und in die USA \u00fcbermittelt werden.<\/p>\n<p><strong>4. Ihre Rechte<\/strong><\/p>\n<p>Sie haben im Rahmen des auf Sie anwendbaren Datenschutzrechts und soweit darin vorgesehen das Recht auf Auskunft, Berichtigung, L\u00f6schung, das Recht auf Einschr\u00e4nkung der Datenbearbeitung und sonst dem Widerspruch gegen unsere Datenbearbeitungen sowie auf Herausgabe gewisser Personendaten zwecks \u00dcbertragung an eine andere Stelle (sog. Datenportabilit\u00e4t). Bitte beachten Sie aber, dass wir uns vorbehalten, unsererseits die gesetzlich vorgesehenen Einschr\u00e4nkungen geltend zu machen, etwa wenn wir zur Aufbewahrung oder Bearbeitung gewisser Daten verpflichtet sind, daran ein \u00fcberwiegendes Interesse haben (soweit wir uns darauf berufen d\u00fcrfen) oder sie f\u00fcr die Geltendmachung von Anspr\u00fcchen ben\u00f6tigen. Falls f\u00fcr Sie Kosten anfallen, werden wir Sie vorab informieren. Daher k\u00f6nnen einige Ihrer Daten, wenn sie insbesondere f\u00fcr Gesundheitszwecke erhoben wurden, w\u00e4hrend der gesetzlichen Aufbewahrungsfrist nicht gel\u00f6scht oder eingeschr\u00e4nkt werden.<\/p>\n<p>Sofern eine Datenbearbeitung auf Ihrer Einwilligung basiert, k\u00f6nnen Sie diese nach der Erteilung Ihrer Einwilligung jederzeit mit Wirkung f\u00fcr die Zukunft widerrufen. Die Rechtm\u00e4ssigkeit der aufgrund der Einwilligung bis zum Widerruf erfolgten Verarbeitung wird dadurch aber nicht ber\u00fchrt. EFFIK wird sich nach besten Kr\u00e4ften bem\u00fchen, Ihre Anfrage so schnell wie m\u00f6glich zu bearbeiten.<\/p>\n<p>Die Aus\u00fcbung solcher Rechte setzt in der Regel voraus, dass Sie Ihre Identit\u00e4t eindeutig nachweisen (z.B. durch eine Ausweiskopie, wo Ihre Identit\u00e4t sonst nicht klar ist bzw. verifiziert werden kann). Zur Geltendmachung Ihrer Rechte k\u00f6nnen Sie uns unter der in Ziff. 1 dieser Datenschutzerkl\u00e4rung angegebenen Adresse kontaktieren.<\/p>\n<p>Jede betroffene Person hat \u00fcberdies das Recht, ihre Anspr\u00fcche gerichtlich durchzusetzen oder bei der zust\u00e4ndigen Datenschutzbeh\u00f6rde eine Beschwerde einzureichen. Die zust\u00e4ndige Datenschutzbeh\u00f6rde der Schweiz ist der Eidgen\u00f6ssische Datenschutz- und \u00d6ffentlichkeitsbeauftragte (<a href=\"http:\/\/www.edoeb.admin.ch\" target=\"_blank\" rel=\"noopener\">http:\/\/www.edoeb.admin.ch<\/a>).<\/p>\n<p><strong>5. Datensicherheit<\/strong><\/p>\n<p>Wir treffen technische und organisatorische Massnahmen zum Schutz Ihrer Personendaten vor unberechtigtem Zugriff, Missbrauch, Verlust und Zerst\u00f6rung. Insbesondere setzen wir Firewalls ein, verf\u00fcgen \u00fcber Berechtigungskonzepte, f\u00fchren regelm\u00e4ssige Schulungen durch und haben weitere Schutzvorkehrungen umgesetzt, um einen m\u00f6glichst l\u00fcckenlosen Schutz der Personendaten sicherzustellen.<\/p>\n<p><strong>6. Fragen zur Datenbearbeitung<\/strong><\/p>\n<p>Sollten Sie noch weitergehende Fragen zur Bearbeitung Ihrer Personendaten haben oder einer Datenbearbeitung durch uns widersprechen wollen, bitten wir Sie, sich \u00fcber unsere Kontaktangaben gem\u00e4ss Ziff. 1 dieser Datenschutzerkl\u00e4rung an uns zu wenden.<\/p>\n<p><strong>7. Anpassungen dieser Datenschutzerkl\u00e4rung<\/strong><\/p>\n<p>Wir behalten uns ausdr\u00fccklich das Recht vor, die vorliegende Datenschutzerkl\u00e4rung jederzeit zu \u00e4ndern. Werden derartige Anpassungen vorgenommen, ver\u00f6ffentlichen wir umgehend die angepasste Datenschutzerkl\u00e4rung auf unserer Webseite. G\u00fcltig ist jeweils die auf unserer Webseite publizierte Datenschutzerkl\u00e4rung.<\/p>\n<p><strong>8. Aufbewahrung der Daten<\/strong><\/p>\n<p>Wir speichern Ihre Daten an sicheren Standorten, die der Vertraulichkeit der Daten angemessen sind, entweder bei EFFIK oder bei Unternehmen der Italfarmaco-Gruppe, die sich in der Europ\u00e4ischen Union befinden.<\/p>\n<p>Wir speichern Ihre Daten nicht \u00fcber die gesetzlich vorgeschriebenen Fristen hinaus oder, wenn es keine spezifischen Regelungen f\u00fcr bestimmte Zwecke gibt, nicht l\u00e4nger als unbedingt notwendig, um die oben unter 2.2 beschriebenen Zwecke zu erf\u00fcllen. Nach Ablauf dieser Frist l\u00f6schen wir die Daten sowie alle Spuren des Zugriffs auf die gespeicherten Daten.<\/p>\n<\/div>\n\t\t\t<\/div>\n<\/div>\n","protected":false},"excerpt":{"rendered":"","protected":false},"author":1,"featured_media":0,"parent":0,"menu_order":0,"comment_status":"closed","ping_status":"closed","template":"","meta":{"_acf_changed":false,"footnotes":""},"class_list":{"2":"type-page","4":"hentry"},"acf":[],"yoast_head":"<!-- This site is optimized with the Yoast SEO plugin v25.1 - https:\/\/yoast.com\/wordpress\/plugins\/seo\/ -->\n<title>Datenschutzerkl\u00e4rung und Cookie-Richtlinie - EFFIK HCP<\/title>\n<meta name=\"robots\" content=\"index, follow, max-snippet:-1, max-image-preview:large, max-video-preview:-1\" \/>\n<link rel=\"canonical\" href=\"https:\/\/effik.ch\/hcp\/datenschutzerklarungund-cookie-richtlinie\/\" \/>\n<meta property=\"og:locale\" content=\"de_DE\" \/>\n<meta property=\"og:type\" content=\"article\" \/>\n<meta property=\"og:title\" content=\"Datenschutzerkl\u00e4rung und Cookie-Richtlinie - EFFIK HCP\" \/>\n<meta property=\"og:url\" content=\"https:\/\/effik.ch\/hcp\/datenschutzerklarungund-cookie-richtlinie\/\" \/>\n<meta property=\"og:site_name\" content=\"EFFIK HCP\" \/>\n<meta property=\"article:modified_time\" content=\"2024-06-06T09:45:17+00:00\" \/>\n<meta name=\"twitter:card\" content=\"summary_large_image\" \/>\n<script type=\"application\/ld+json\" class=\"yoast-schema-graph\">{\"@context\":\"https:\/\/schema.org\",\"@graph\":[{\"@type\":\"WebPage\",\"@id\":\"https:\/\/effik.ch\/hcp\/datenschutzerklarungund-cookie-richtlinie\/\",\"url\":\"https:\/\/effik.ch\/hcp\/datenschutzerklarungund-cookie-richtlinie\/\",\"name\":\"Datenschutzerkl\u00e4rung und Cookie-Richtlinie - EFFIK HCP\",\"isPartOf\":{\"@id\":\"https:\/\/effik.ch\/hcp\/#website\"},\"datePublished\":\"2024-03-21T09:37:52+00:00\",\"dateModified\":\"2024-06-06T09:45:17+00:00\",\"breadcrumb\":{\"@id\":\"https:\/\/effik.ch\/hcp\/datenschutzerklarungund-cookie-richtlinie\/#breadcrumb\"},\"inLanguage\":\"de\",\"potentialAction\":[{\"@type\":\"ReadAction\",\"target\":[\"https:\/\/effik.ch\/hcp\/datenschutzerklarungund-cookie-richtlinie\/\"]}]},{\"@type\":\"BreadcrumbList\",\"@id\":\"https:\/\/effik.ch\/hcp\/datenschutzerklarungund-cookie-richtlinie\/#breadcrumb\",\"itemListElement\":[{\"@type\":\"ListItem\",\"position\":1,\"name\":\"Home\",\"item\":\"https:\/\/effik.ch\/hcp\/\"},{\"@type\":\"ListItem\",\"position\":2,\"name\":\"Datenschutzerkl\u00e4rung und Cookie-Richtlinie\"}]},{\"@type\":\"WebSite\",\"@id\":\"https:\/\/effik.ch\/hcp\/#website\",\"url\":\"https:\/\/effik.ch\/hcp\/\",\"name\":\"EFFIK HCP\",\"description\":\"\",\"potentialAction\":[{\"@type\":\"SearchAction\",\"target\":{\"@type\":\"EntryPoint\",\"urlTemplate\":\"https:\/\/effik.ch\/hcp\/?s={search_term_string}\"},\"query-input\":{\"@type\":\"PropertyValueSpecification\",\"valueRequired\":true,\"valueName\":\"search_term_string\"}}],\"inLanguage\":\"de\"}]}<\/script>\n<!-- \/ Yoast SEO plugin. -->","yoast_head_json":{"title":"Datenschutzerkl\u00e4rung und Cookie-Richtlinie - EFFIK HCP","robots":{"index":"index","follow":"follow","max-snippet":"max-snippet:-1","max-image-preview":"max-image-preview:large","max-video-preview":"max-video-preview:-1"},"canonical":"https:\/\/effik.ch\/hcp\/datenschutzerklarungund-cookie-richtlinie\/","og_locale":"de_DE","og_type":"article","og_title":"Datenschutzerkl\u00e4rung und Cookie-Richtlinie - EFFIK HCP","og_url":"https:\/\/effik.ch\/hcp\/datenschutzerklarungund-cookie-richtlinie\/","og_site_name":"EFFIK HCP","article_modified_time":"2024-06-06T09:45:17+00:00","twitter_card":"summary_large_image","schema":{"@context":"https:\/\/schema.org","@graph":[{"@type":"WebPage","@id":"https:\/\/effik.ch\/hcp\/datenschutzerklarungund-cookie-richtlinie\/","url":"https:\/\/effik.ch\/hcp\/datenschutzerklarungund-cookie-richtlinie\/","name":"Datenschutzerkl\u00e4rung und Cookie-Richtlinie - EFFIK HCP","isPartOf":{"@id":"https:\/\/effik.ch\/hcp\/#website"},"datePublished":"2024-03-21T09:37:52+00:00","dateModified":"2024-06-06T09:45:17+00:00","breadcrumb":{"@id":"https:\/\/effik.ch\/hcp\/datenschutzerklarungund-cookie-richtlinie\/#breadcrumb"},"inLanguage":"de","potentialAction":[{"@type":"ReadAction","target":["https:\/\/effik.ch\/hcp\/datenschutzerklarungund-cookie-richtlinie\/"]}]},{"@type":"BreadcrumbList","@id":"https:\/\/effik.ch\/hcp\/datenschutzerklarungund-cookie-richtlinie\/#breadcrumb","itemListElement":[{"@type":"ListItem","position":1,"name":"Home","item":"https:\/\/effik.ch\/hcp\/"},{"@type":"ListItem","position":2,"name":"Datenschutzerkl\u00e4rung und Cookie-Richtlinie"}]},{"@type":"WebSite","@id":"https:\/\/effik.ch\/hcp\/#website","url":"https:\/\/effik.ch\/hcp\/","name":"EFFIK HCP","description":"","potentialAction":[{"@type":"SearchAction","target":{"@type":"EntryPoint","urlTemplate":"https:\/\/effik.ch\/hcp\/?s={search_term_string}"},"query-input":{"@type":"PropertyValueSpecification","valueRequired":true,"valueName":"search_term_string"}}],"inLanguage":"de"}]}},"_links":{"self":[{"href":"https:\/\/effik.ch\/hcp\/wp-json\/wp\/v2\/pages\/371","targetHints":{"allow":["GET"]}}],"collection":[{"href":"https:\/\/effik.ch\/hcp\/wp-json\/wp\/v2\/pages"}],"about":[{"href":"https:\/\/effik.ch\/hcp\/wp-json\/wp\/v2\/types\/page"}],"author":[{"embeddable":true,"href":"https:\/\/effik.ch\/hcp\/wp-json\/wp\/v2\/users\/1"}],"replies":[{"embeddable":true,"href":"https:\/\/effik.ch\/hcp\/wp-json\/wp\/v2\/comments?post=371"}],"version-history":[{"count":15,"href":"https:\/\/effik.ch\/hcp\/wp-json\/wp\/v2\/pages\/371\/revisions"}],"predecessor-version":[{"id":1108,"href":"https:\/\/effik.ch\/hcp\/wp-json\/wp\/v2\/pages\/371\/revisions\/1108"}],"wp:attachment":[{"href":"https:\/\/effik.ch\/hcp\/wp-json\/wp\/v2\/media?parent=371"}],"curies":[{"name":"wp","href":"https:\/\/api.w.org\/{rel}","templated":true}]}}