{"id":93,"date":"2024-03-14T19:13:11","date_gmt":"2024-03-14T19:13:11","guid":{"rendered":"https:\/\/effik.ch\/hcp\/?page_id=93"},"modified":"2025-06-09T17:24:06","modified_gmt":"2025-06-09T15:24:06","slug":"hamatologieund-kardiologie","status":"publish","type":"page","link":"https:\/\/effik.ch\/hcp\/hamatologieund-kardiologie\/","title":{"rendered":"H\u00e4matologieund Kardiologie"},"content":{"rendered":"<div id=\"block_049b07ccfebe97b02b962a95e16f2a4c\" class=\"hero-block alignfull\" style=\"background-image: url(https:\/\/effik.ch\/hcp\/wp-content\/uploads\/sites\/2\/2024\/03\/hema-hero-bg.jpg)\">\n\t<div class=\"wrap\">\n\t\t<img loading=\"lazy\" decoding=\"async\" width=\"101\" height=\"101\" src=\"https:\/\/effik.ch\/hcp\/wp-content\/uploads\/sites\/2\/2024\/03\/hemat-icon.svg\" class=\"hero-icon \" alt=\"\" \/>\t\t<h1 class=\"entry-title\">H\u00e4matologie<br \/>\r\nund Kardiologie<\/h1>\n\t\t\t<\/div>\n<\/div>\n\n\n<div id=\"block_537ccacb27465ba022277eb660e01b99\" class=\"hero-text-block mbl-border-0 alignfull\" style=\"\">\n\t<div class=\"wrap\">\n\t\t\t\t\t\t\t<div class=\"hero-text\"><p>Herz-Kreislauf-Erkrankungen sind in der Schweiz die h\u00e4ufigste Todesursache und der dritth\u00e4ufigste Hospitalisierungsgrund<sup>1<\/sup>. Sie umfassen eine Reihe von Erkrankungen, die das Herz und die Blutgef\u00e4sse betreffen, darunter Herzinfarkte und Schlaganf\u00e4lle. Eine bemerkenswerte Untergruppe dieser Erkrankungen ist die Thrombose, bei der es zur Bildung von Blutgerinnseln in den Blutgef\u00e4ssen kommt.<\/p>\n<p>Die rechtzeitige Diagnose und Behandlung von Thrombosen sind entscheidend, um die potenziell lebensbedrohlichen Komplikationen im Zusammenhang mit Herz-Kreislauf-Erkrankungen zu verhindern.<\/p>\n<p><a href=\"https:\/\/www.bfs.admin.ch\/bfs\/de\/home\/statistiken\/gesundheit\/gesundheitszustand\/krankheiten\/herz-kreislauf-erkrankungen.html\">1.https:\/\/www.bfs.admin.ch\/bfs\/de\/home\/statistiken\/gesundheit\/gesundheitszustand\/krankheiten\/herz-kreislauf-erkrankungen.html<\/a><\/p>\n<\/div>\n\t\t\t<\/div>\n<\/div>\n\n\n<div id=\"block_ff810968f6d9398b002c6b68049ec751\" class=\"inner-hero-block mbl-big-bg-left alignfull hero-mbl-column\" style=\"background-image: url(https:\/\/effik.ch\/hcp\/wp-content\/uploads\/sites\/2\/2024\/05\/hema-section-new1.jpg)\">\n<div class=\"anchor-div\"><\/div>\n\n\t\t\t\t<div class=\"inner-hero-bg-mbl\" style=\"background-image: url(https:\/\/effik.ch\/hcp\/wp-content\/uploads\/sites\/2\/2024\/05\/hema-section-new1.jpg)\">\n\n\t\t\t\t\t\t<\/div>\n\t<div class=\"wrap\" style=\"flex-direction: row;\">\n\t\t<div class=\"content-container\" style=\"text-align: right;\">\n\t\t\t\t\t\t<h2 class=\"section-title\">Thromboseprophylaxe<br \/>\r\nund -therapie<\/h2>\n\t\t\t\t\t\t\t\t\t<div class=\"section-content font-medium\" style=\"max-width: 473px; align-self: flex-end;\"><p>Thrombosen zeichnet sich durch die Bildung von Gerinnseln in Blutgef\u00e4ssen aus, die den normalen Blutfluss behindern und zu lebensgef\u00e4hrlichen Komplikationen f\u00fchren k\u00f6nnen.<\/p>\n<\/div>\n\t\t\t\t\t\t\t\t\t\t<a class=\"blue-button\" style=\"align-self: flex-end;\" href=\"https:\/\/effik.ch\/hcp\/hamatologieund-kardiologie\/thromboseprophylaxe-und-therapie\/\" target=\"_self\">Erfahren Sie mehr<\/a>\n\t\t\t\t\t<\/div>\n\t<\/div>\n<\/div>\n<style>\n\t.inner-hero-block {\n\t\t@media (min-width: 768px) {\n\t\taspect-ratio: 1440 \/ 499; \n\t\tmin-height: 499px;\n\t\t}\n\t}\n<\/style>\n","protected":false},"excerpt":{"rendered":"","protected":false},"author":1,"featured_media":0,"parent":0,"menu_order":0,"comment_status":"closed","ping_status":"closed","template":"","meta":{"_acf_changed":false,"footnotes":""},"class_list":{"2":"type-page","4":"hentry"},"acf":[],"yoast_head":"<!-- This site is optimized with the Yoast SEO plugin v25.1 - https:\/\/yoast.com\/wordpress\/plugins\/seo\/ -->\n<title>H\u00e4matologieund Kardiologie - EFFIK HCP<\/title>\n<meta name=\"robots\" content=\"index, follow, max-snippet:-1, max-image-preview:large, max-video-preview:-1\" \/>\n<link rel=\"canonical\" href=\"https:\/\/effik.ch\/hcp\/hamatologieund-kardiologie\/\" \/>\n<meta property=\"og:locale\" content=\"de_DE\" \/>\n<meta property=\"og:type\" content=\"article\" \/>\n<meta property=\"og:title\" content=\"H\u00e4matologieund Kardiologie - EFFIK HCP\" \/>\n<meta property=\"og:url\" content=\"https:\/\/effik.ch\/hcp\/hamatologieund-kardiologie\/\" \/>\n<meta property=\"og:site_name\" content=\"EFFIK HCP\" \/>\n<meta property=\"article:modified_time\" content=\"2025-06-09T15:24:06+00:00\" \/>\n<meta name=\"twitter:card\" content=\"summary_large_image\" \/>\n<script type=\"application\/ld+json\" class=\"yoast-schema-graph\">{\"@context\":\"https:\/\/schema.org\",\"@graph\":[{\"@type\":\"WebPage\",\"@id\":\"https:\/\/effik.ch\/hcp\/hamatologieund-kardiologie\/\",\"url\":\"https:\/\/effik.ch\/hcp\/hamatologieund-kardiologie\/\",\"name\":\"H\u00e4matologieund Kardiologie - EFFIK HCP\",\"isPartOf\":{\"@id\":\"https:\/\/effik.ch\/hcp\/#website\"},\"datePublished\":\"2024-03-14T19:13:11+00:00\",\"dateModified\":\"2025-06-09T15:24:06+00:00\",\"breadcrumb\":{\"@id\":\"https:\/\/effik.ch\/hcp\/hamatologieund-kardiologie\/#breadcrumb\"},\"inLanguage\":\"de\",\"potentialAction\":[{\"@type\":\"ReadAction\",\"target\":[\"https:\/\/effik.ch\/hcp\/hamatologieund-kardiologie\/\"]}]},{\"@type\":\"BreadcrumbList\",\"@id\":\"https:\/\/effik.ch\/hcp\/hamatologieund-kardiologie\/#breadcrumb\",\"itemListElement\":[{\"@type\":\"ListItem\",\"position\":1,\"name\":\"Home\",\"item\":\"https:\/\/effik.ch\/hcp\/\"},{\"@type\":\"ListItem\",\"position\":2,\"name\":\"H\u00e4matologieund Kardiologie\"}]},{\"@type\":\"WebSite\",\"@id\":\"https:\/\/effik.ch\/hcp\/#website\",\"url\":\"https:\/\/effik.ch\/hcp\/\",\"name\":\"EFFIK HCP\",\"description\":\"\",\"potentialAction\":[{\"@type\":\"SearchAction\",\"target\":{\"@type\":\"EntryPoint\",\"urlTemplate\":\"https:\/\/effik.ch\/hcp\/?s={search_term_string}\"},\"query-input\":{\"@type\":\"PropertyValueSpecification\",\"valueRequired\":true,\"valueName\":\"search_term_string\"}}],\"inLanguage\":\"de\"}]}<\/script>\n<!-- \/ Yoast SEO plugin. -->","yoast_head_json":{"title":"H\u00e4matologieund Kardiologie - EFFIK HCP","robots":{"index":"index","follow":"follow","max-snippet":"max-snippet:-1","max-image-preview":"max-image-preview:large","max-video-preview":"max-video-preview:-1"},"canonical":"https:\/\/effik.ch\/hcp\/hamatologieund-kardiologie\/","og_locale":"de_DE","og_type":"article","og_title":"H\u00e4matologieund Kardiologie - EFFIK HCP","og_url":"https:\/\/effik.ch\/hcp\/hamatologieund-kardiologie\/","og_site_name":"EFFIK HCP","article_modified_time":"2025-06-09T15:24:06+00:00","twitter_card":"summary_large_image","schema":{"@context":"https:\/\/schema.org","@graph":[{"@type":"WebPage","@id":"https:\/\/effik.ch\/hcp\/hamatologieund-kardiologie\/","url":"https:\/\/effik.ch\/hcp\/hamatologieund-kardiologie\/","name":"H\u00e4matologieund Kardiologie - EFFIK HCP","isPartOf":{"@id":"https:\/\/effik.ch\/hcp\/#website"},"datePublished":"2024-03-14T19:13:11+00:00","dateModified":"2025-06-09T15:24:06+00:00","breadcrumb":{"@id":"https:\/\/effik.ch\/hcp\/hamatologieund-kardiologie\/#breadcrumb"},"inLanguage":"de","potentialAction":[{"@type":"ReadAction","target":["https:\/\/effik.ch\/hcp\/hamatologieund-kardiologie\/"]}]},{"@type":"BreadcrumbList","@id":"https:\/\/effik.ch\/hcp\/hamatologieund-kardiologie\/#breadcrumb","itemListElement":[{"@type":"ListItem","position":1,"name":"Home","item":"https:\/\/effik.ch\/hcp\/"},{"@type":"ListItem","position":2,"name":"H\u00e4matologieund Kardiologie"}]},{"@type":"WebSite","@id":"https:\/\/effik.ch\/hcp\/#website","url":"https:\/\/effik.ch\/hcp\/","name":"EFFIK HCP","description":"","potentialAction":[{"@type":"SearchAction","target":{"@type":"EntryPoint","urlTemplate":"https:\/\/effik.ch\/hcp\/?s={search_term_string}"},"query-input":{"@type":"PropertyValueSpecification","valueRequired":true,"valueName":"search_term_string"}}],"inLanguage":"de"}]}},"_links":{"self":[{"href":"https:\/\/effik.ch\/hcp\/wp-json\/wp\/v2\/pages\/93","targetHints":{"allow":["GET"]}}],"collection":[{"href":"https:\/\/effik.ch\/hcp\/wp-json\/wp\/v2\/pages"}],"about":[{"href":"https:\/\/effik.ch\/hcp\/wp-json\/wp\/v2\/types\/page"}],"author":[{"embeddable":true,"href":"https:\/\/effik.ch\/hcp\/wp-json\/wp\/v2\/users\/1"}],"replies":[{"embeddable":true,"href":"https:\/\/effik.ch\/hcp\/wp-json\/wp\/v2\/comments?post=93"}],"version-history":[{"count":10,"href":"https:\/\/effik.ch\/hcp\/wp-json\/wp\/v2\/pages\/93\/revisions"}],"predecessor-version":[{"id":2116,"href":"https:\/\/effik.ch\/hcp\/wp-json\/wp\/v2\/pages\/93\/revisions\/2116"}],"wp:attachment":[{"href":"https:\/\/effik.ch\/hcp\/wp-json\/wp\/v2\/media?parent=93"}],"curies":[{"name":"wp","href":"https:\/\/api.w.org\/{rel}","templated":true}]}}